{"id":1371,"date":"2025-12-22T16:16:54","date_gmt":"2025-12-22T16:16:54","guid":{"rendered":"https:\/\/espacemenager2000.fr\/?post_type=product&#038;p=1371"},"modified":"2026-05-10T20:42:32","modified_gmt":"2026-05-10T20:42:32","slug":"velo-dentrainement-intelligent-wahoo-kickr-bike","status":"publish","type":"product","link":"https:\/\/espacemenager2000.fr\/en\/product\/velo-dentrainement-intelligent-wahoo-kickr-bike\/","title":{"rendered":"V\u00e9lo d&#8217;entra\u00eenement intelligent Wahoo KICKR Bike"},"content":{"rendered":"<h2>V\u00e9lo d&#8217;entra\u00eenement Wahoo KICKR Bike<\/h2>\n<div class=\"wrap flex\">\n<div>Le nouveau<strong> v\u00e9lo intelligent KICKR Bike ou V\u00e9lo d&#8217;entra\u00eenement Wahoo KICKR Bike <\/strong>offre des innovations sans pr\u00e9c\u00e9dent telles que le changement de vitesse en c\u00f4te int\u00e9gr\u00e9, des vitesses personnalisables et un changement de vitesse simul\u00e9 pour cr\u00e9er l&#8217;exp\u00e9rience de cyclisme et d&#8217;entra\u00eenement en salle la plus puissante, la plus personnalis\u00e9e et la plus r\u00e9aliste qui soit.<\/div>\n<\/div>\n<div><\/div>\n<div>\n<h3>Caract\u00e9ristiques V\u00e9lo d&#8217;entra\u00eenement intelligent Wahoo KICKR Bike<\/h3>\n<div class=\"contenido\">\n<div><\/div>\n<div>Le nouveau<strong>\u00a0v\u00e9lo intelligent KICKR Bike\u00a0<\/strong>offre des innovations sans pr\u00e9c\u00e9dent telles que le changement de vitesse en c\u00f4te int\u00e9gr\u00e9, des vitesses personnalisables et un changement de vitesse simul\u00e9 pour cr\u00e9er l&#8217;exp\u00e9rience de cyclisme et d&#8217;entra\u00eenement en salle la plus puissante, la plus personnalis\u00e9e et la plus r\u00e9aliste qui soit.<\/div>\n<div><\/div>\n<div>\n<p>Le\u00a0<strong>KICKR Bike<\/strong>\u00a0associe la l\u00e9gendaire sensation de p\u00e9dalage de\u00a0<strong>KICKR\u00a0<\/strong>\u00e0 des innovations de pointe telles que la simulation de pente int\u00e9gr\u00e9e pour cr\u00e9er un roller qui estompe la fronti\u00e8re entre le virtuel et le r\u00e9el.<\/p>\n<\/div>\n<div><\/div>\n<div><img fetchpriority=\"high\" decoding=\"async\" class=\"lazy-content img-fluid\" src=\"https:\/\/www.fitnessdigital.fr\/images\/productos\/detalles\/wahoo\/wahoo-kickr-bike-01.jpg\" alt=\"\" width=\"415\" height=\"440\" \/><\/div>\n<div><\/div>\n<h4><strong>Points cl\u00e9s<\/strong><\/h4>\n<div><strong>Une sensation unique<\/strong><br \/>\nLe\u00a0<strong>v\u00e9lo KICKR\u00a0<\/strong>combine la r\u00e9sistance int\u00e9gr\u00e9e de\u00a0<strong>KICKR\u00a0<\/strong>et la technologie de simulation de pente pour reproduire la position du corps et la sensation de p\u00e9dalage en plein air, y compris la simulation de descente, qui vous permet de maintenir votre vitesse dans les descentes virtuelles.<\/div>\n<div><strong>Changement de vitesse r\u00e9aliste<\/strong><br \/>\nChangement de vitesse virtuel et personnalisable \u00e0 la pointe de l&#8217;industrie. Cette technologie vous permet de r\u00e9gler le m\u00eame rapport de vitesse que sur votre\u00a0<strong>v\u00e9lo\u00a0<\/strong>d&#8217;ext\u00e9rieur et de reproduire les rapports de vitesse des principaux fabricants pour cr\u00e9er une exp\u00e9rience de p\u00e9dalage personnalis\u00e9e.<\/div>\n<div><strong>Une v\u00e9ritable capacit\u00e9 de r\u00e9glage<\/strong><br \/>\nLe syst\u00e8me d&#8217;ajustement vous permet de r\u00e9gler facilement les dimensions du cadre, le d\u00e9gagement et la port\u00e9e afin d&#8217;optimiser votre confort et vos performances sur le\u00a0<strong>v\u00e9lo<\/strong>.<\/div>\n<div><\/div>\n<div><img decoding=\"async\" class=\"lazy-content img-fluid\" src=\"https:\/\/www.fitnessdigital.fr\/images\/productos\/detalles\/wahoo\/wahoo-kickr-bike-02.jpg\" alt=\"\" width=\"415\" height=\"440\" \/><\/div>\n<div><\/div>\n<h4><strong>Avantages<\/strong><\/h4>\n<div><strong>Commodit\u00e9<\/strong><br \/>\nSi vous manquez de temps ou s&#8217;il fait mauvais dehors, un\u00a0<strong>v\u00e9lo intelligent<\/strong>\u00a0vous permet de p\u00e9daler quelles que soient l&#8217;heure ou les conditions m\u00e9t\u00e9orologiques.<\/div>\n<div><\/div>\n<div><strong>Contr\u00f4le<\/strong><br \/>\nLa connectivit\u00e9 et la r\u00e9sistance contr\u00f4l\u00e9e d&#8217;un<strong>\u00a0v\u00e9lo intelligent\u00a0<\/strong>d&#8217;int\u00e9rieur vous permettent de contr\u00f4ler votre cyclisme au maximum. Vous avez le choix entre plusieurs modes, plateformes et appareils pour contr\u00f4ler vos entra\u00eenements et atteindre vos objectifs.<\/div>\n<div><\/div>\n<div><strong>Communaut\u00e9<\/strong><br \/>\nEntrez en contact avec des athl\u00e8tes du monde entier partageant les m\u00eames id\u00e9es et favorisez la connexion, le soutien mutuel et la comp\u00e9tition pour rester inspir\u00e9 et motiv\u00e9.<\/div>\n<div><\/div>\n<h4><strong>Caract\u00e9ristiques<\/strong><\/h4>\n<h5><strong>Sensation de conduite r\u00e9aliste<\/strong><\/h5>\n<div>\n<ul>\n<li>Le\u00a0<strong>v\u00e9lo intelligent KICKR Bike<\/strong>\u00a0combine les technologies l\u00e9gendaires de simulation de pente et de r\u00e9sistance de\u00a0<strong>KICKR\u00a0<\/strong>pour reproduire la sensation de p\u00e9dalage en plein air, comme la simulation de descente qui vous permet de maintenir votre vitesse dans les descentes virtuelles.<\/li>\n<\/ul>\n<\/div>\n<h5><strong>Changements physiques de pente en temps r\u00e9el<\/strong><\/h5>\n<div>\n<ul>\n<li>Gr\u00e2ce \u00e0 l&#8217;inclinaison int\u00e9gr\u00e9e, ce\u00a0<strong>v\u00e9lo\u00a0<\/strong>d&#8217;int\u00e9rieur intelligent simule les changements de pente en temps r\u00e9el en modifiant non seulement la r\u00e9sistance, mais aussi en levant et en abaissant physiquement le\u00a0<strong>v\u00e9lo\u00a0<\/strong>pour recr\u00e9er des mont\u00e9es jusqu&#8217;\u00e0 20 % et des descentes jusqu&#8217;\u00e0 -15 %.<\/li>\n<\/ul>\n<\/div>\n<h5><strong>R\u00e9glage en cinq points<\/strong><\/h5>\n<div>\n<ul>\n<li>Modifiez les r\u00e9glages de votre\u00a0<strong>v\u00e9lo intelligent\u00a0<\/strong>pour recr\u00e9er la g\u00e9om\u00e9trie de votre\u00a0<strong>v\u00e9lo\u00a0<\/strong>d&#8217;ext\u00e9rieur en 5 points: hauteur du guidon, d\u00e9gagement du guidon, d\u00e9gagement de la selle, hauteur de la selle et hauteur du cadre.<\/li>\n<\/ul>\n<\/div>\n<div><strong>Changement de vitesse virtuel programmable<\/strong><\/div>\n<div>\n<ul>\n<li>Personnalisez les commandes de changement de vitesse de\u00a0<strong>KICKR Bike<\/strong>\u00a0pour qu&#8217;elles s&#8217;adaptent aux s\u00e9lecteurs de vitesse des principaux fabricants: SRAM, Shimano et Campagnolo.<\/li>\n<\/ul>\n<\/div>\n<h5><strong>Changement de vitesse programmable<\/strong><\/h5>\n<div>\n<ul>\n<li>Reproduisez votre\u00a0<strong>v\u00e9lo\u00a0<\/strong>d&#8217;ext\u00e9rieur en s\u00e9lectionnant le nombre de vitesses et le nombre de dents de la cassette.<\/li>\n<\/ul>\n<\/div>\n<h5><strong>Une connectivit\u00e9 sans faille<\/strong><\/h5>\n<div>\n<ul>\n<li>Avec une connexion WiFi 2,4 GHz robuste, jusqu&#8217;\u00e0 3 connexions Bluetooth, un port de connexion directe et une compatibilit\u00e9 ANT+\/ANT+FE-C, le\u00a0<strong>v\u00e9lo intelligent KICKR Bike\u00a0<\/strong>se connecte \u00e0 la plupart des appareils et des applications pour vous donner un contr\u00f4le maximal de vos donn\u00e9es d&#8217;entra\u00eenement et de cyclisme.<\/li>\n<\/ul>\n<\/div>\n<div><strong>Entra\u00eenez-vous sans limites avec Wahoo X<\/strong><\/div>\n<div>\n<ul>\n<li>Tous les\u00a0<strong>v\u00e9los intelligents\u00a0<\/strong>et rollers\u00a0<strong>Wahoo\u00a0<\/strong>incluent une version d&#8217;essai de\u00a0<strong>Wahoo X\u00a0<\/strong>avec acc\u00e8s \u00e0 SYSTM, une collection compl\u00e8te d&#8217;entra\u00eenements structur\u00e9s et de plans d&#8217;entra\u00eenement adapt\u00e9s \u00e0 vos objectifs de fitness.<\/li>\n<\/ul>\n<p><img decoding=\"async\" class=\"lazy-content img-fluid\" src=\"https:\/\/www.fitnessdigital.fr\/images\/productos\/detalles\/wahoo\/wahoo-kickr-bike-03.jpg\" alt=\"\" width=\"520\" height=\"315\" \/><\/p>\n<\/div>\n<h4><strong>Sp\u00e9cifications<\/strong><\/h4>\n<div>\n<ul>\n<li><strong>Puissance de sortie maximale:\u00a0<\/strong>2500 Watts<strong><br \/>\n<\/strong><\/li>\n<li><strong>Pente maximale simul\u00e9e:\u00a0<\/strong>20%<strong><br \/>\n<\/strong><\/li>\n<li><strong>Pente minimale simul\u00e9e:\u00a0<\/strong>-15%<strong><br \/>\n<\/strong><\/li>\n<li><strong>Poids du produit:\u00a0<\/strong>42 kg<strong><br \/>\n<\/strong><\/li>\n<li><strong>Pignon d&#8217;entra\u00eenement:\u00a0<\/strong>Entra\u00eenement par courroie<strong><br \/>\n<\/strong><\/li>\n<li><strong>Type de r\u00e9sistance:\u00a0<\/strong>\u00e9lectromagn\u00e9tique et moteur am\u00e9lior\u00e9<strong><br \/>\n<\/strong><\/li>\n<li><strong>Pr\u00e9cision de la puissance:\u00a0<\/strong>+\/- 1<strong><br \/>\n<\/strong><\/li>\n<li><strong>Connectivit\u00e9:\u00a0<\/strong>ANT+, ANT+ FE-C, WiFi, Bluetooth, Direct Connect<strong><br \/>\n<\/strong><\/li>\n<li><strong>Longueur de la manivelle:\u00a0<\/strong>165, 167.5, 170, 172.5 et 175<strong><br \/>\n<\/strong><\/li>\n<li><strong>Taille de l&#8217;utilisateur:\u00a0<\/strong>152-193cm<strong><br \/>\n<\/strong><\/li>\n<li><strong>Poids maximum de l&#8217;utilisateur:\u00a0<\/strong>113 kg<\/li>\n<\/ul>\n<\/div>\n<h4><strong>Connectivit\u00e9<\/strong><\/h4>\n<div><strong>Itin\u00e9raires virtuels<\/strong><br \/>\nVous avez le choix. Kickr bike se connecte \u00e0 toutes les principales plateformes de visites virtuelles du march\u00e9, telles que Zwift, Fulgaz, Rouvy et Kinomap. Vous pouvez \u00eatre un avatar ou visualiser des images r\u00e9elles.<\/div>\n<div><\/div>\n<div><strong>Entra\u00eenements programm\u00e9s<\/strong><br \/>\nLa pr\u00e9cision est au rendez-vous. Rendez vos s\u00e9ances d&#8217;entra\u00eenement plus exigeantes en watts, avec des plateformes d&#8217;entra\u00eenement sp\u00e9cialis\u00e9es, telles que Sufferfest et Trainerroad plus exigeantes en watts, avec des plateformes d&#8217;entra\u00eenement sp\u00e9cialis\u00e9es.<\/div>\n<div><\/div>\n<h4><strong>Entra\u00eenements interactifs avec Zwift et Kinomap<\/strong><\/h4>\n<div><strong>App de Kinomap<\/strong><\/div>\n<div><\/div>\n<div>\n<ul>\n<li>Entra\u00eenez-vous dans le monde entier gr\u00e2ce \u00e0 des milliers de vid\u00e9os disponibles.<\/li>\n<li>Entra\u00eenements structur\u00e9s, y compris l&#8217;entra\u00eenement par intervalles et le coaching.<\/li>\n<li>Partagez vos r\u00e9sultats avec la communaut\u00e9 kinomap.<\/li>\n<li>D\u00e9fiez vos amis avec le mode multijoueur de kinomap.<\/li>\n<\/ul>\n<\/div>\n<div><\/div>\n<div><strong>App de Zwift<\/strong><\/div>\n<div><\/div>\n<ul>\n<li>\n<div>Motivateur de type jeu vid\u00e9o.<\/div>\n<\/li>\n<li>\n<div>Plus de 1000 entra\u00eenements s\u00e9lectionn\u00e9s par les entra\u00eeneurs.<\/div>\n<\/li>\n<li>\n<div>Courses de groupe, comp\u00e9titions et courses.<\/div>\n<\/li>\n<li>\n<div>Connectivit\u00e9 et communaut\u00e9 mondiales.<\/div>\n<\/li>\n<\/ul>\n<\/div>\n<\/div>\n<div><\/div>\n<div><\/div>","protected":false},"excerpt":{"rendered":"<div class=\"product attribute overview\">\n<div class=\"value\">\n<div class=\"elementor-widget elementor-element elementor-element-cenezrn elementor-widget-text-editor\" data-element_type=\"text-editor\">\n<div class=\"elementor-widget-container\">\n<div class=\"elementor-text-editor rte-content\">\n<div>Le nouveau<strong>\u00a0v\u00e9lo intelligent KICKR Bike\u00a0<\/strong>offre des innovations sans pr\u00e9c\u00e9dent telles que le changement de vitesse en c\u00f4te int\u00e9gr\u00e9, des vitesses personnalisables et un changement de vitesse simul\u00e9 pour cr\u00e9er l&#8217;exp\u00e9rience de cyclisme et d&#8217;entra\u00eenement en salle la plus puissante, la plus personnalis\u00e9e et la plus r\u00e9aliste qui soit.<\/div>\n<\/div>\n<\/div>\n<\/div>\n<div class=\"elementor-widget elementor-element elementor-element-ki1x5cr elementor-widget-text-editor\" data-element_type=\"text-editor\">\n<div class=\"elementor-widget-container\">\n<div class=\"elementor-text-editor rte-content\"><a class=\"zReHs\" href=\"https:\/\/hemvelos.com\/produit\/velo-dinterieur-wahoo-fitness-kickr-bike-shift\/\" data-ved=\"2ahUKEwj2oNmc04KOAxXTUUEAHe9kDrYQFnoECB0QAQ\"><br \/>\n<\/a><\/p>\n<div class=\"notranslate ESMNde HGLrXd ojE3Fb\">\n<div class=\"q0vns\">\n<div class=\"eqA2re UnOTSe Vwoesf\" aria-hidden=\"true\"><\/div>\n<\/div>\n<\/div>\n<\/div>\n<\/div>\n<\/div>\n<\/div>\n<\/div>","protected":false},"featured_media":1372,"comment_status":"open","ping_status":"closed","template":"","meta":[],"product_brand":[66],"product_cat":[17,18,60,19],"product_tag":[61,47],"class_list":{"0":"post-1371","1":"product","2":"type-product","3":"status-publish","4":"has-post-thumbnail","6":"product_brand-wahoo-fitness","7":"product_cat-bons-plans","8":"product_cat-promotions","9":"product_cat-smart-bikes","10":"product_cat-training-fitness","11":"product_tag-smart-bikes","12":"product_tag-velo-dappartement","14":"first","15":"instock","16":"featured","17":"shipping-taxable","18":"purchasable","19":"product-type-simple"},"yoast_head":"<!-- This site is optimized with the Yoast SEO plugin v27.6 - https:\/\/yoast.com\/product\/yoast-seo-wordpress\/ -->\n<title>V\u00e9lo d&#039;entra\u00eenement Wahoo KICKR Bike - Promotion - Vente d&#039;\u00c9lectrom\u00e9nager Neuf et Garanti \u00e0 Paris<\/title>\n<meta name=\"description\" content=\"V\u00e9lo d&#039;entra\u00eenement Wahoo KICKR Bike - offre des innovations sans pr\u00e9c\u00e9dent telles que le changement de vitesse en c\u00f4te int\u00e9gr\u00e9, des vitesses personnalisables\" \/>\n<meta name=\"robots\" content=\"index, follow, max-snippet:-1, max-image-preview:large, max-video-preview:-1\" \/>\n<link rel=\"canonical\" href=\"https:\/\/espacemenager2000.fr\/en\/product\/velo-dentrainement-intelligent-wahoo-kickr-bike\/\" \/>\n<meta property=\"og:locale\" content=\"en_US\" \/>\n<meta property=\"og:type\" content=\"article\" \/>\n<meta property=\"og:title\" content=\"V\u00e9lo d&#039;entra\u00eenement Wahoo KICKR Bike - Promotion - Vente d&#039;\u00c9lectrom\u00e9nager Neuf et Garanti \u00e0 Paris\" \/>\n<meta property=\"og:description\" content=\"V\u00e9lo d&#039;entra\u00eenement Wahoo KICKR Bike - offre des innovations sans pr\u00e9c\u00e9dent telles que le changement de vitesse en c\u00f4te int\u00e9gr\u00e9, des vitesses personnalisables\" \/>\n<meta property=\"og:url\" content=\"https:\/\/espacemenager2000.fr\/en\/product\/velo-dentrainement-intelligent-wahoo-kickr-bike\/\" \/>\n<meta property=\"og:site_name\" content=\"Vente d&#039;\u00c9lectrom\u00e9nager Neuf et Garanti \u00e0 Paris\" \/>\n<meta property=\"article:publisher\" content=\"https:\/\/www.facebook.com\/p\/Espace-menager-2000-100068469618146\/\" \/>\n<meta property=\"article:modified_time\" content=\"2026-05-10T20:42:32+00:00\" \/>\n<meta property=\"og:image\" content=\"https:\/\/espacemenager2000.fr\/wp-content\/uploads\/2026\/05\/Velo-dentrainement-Wahoo-KICKR-Bike-.jpg\" \/>\n\t<meta property=\"og:image:width\" content=\"800\" \/>\n\t<meta property=\"og:image:height\" content=\"800\" \/>\n\t<meta property=\"og:image:type\" content=\"image\/jpeg\" \/>\n<meta name=\"twitter:card\" content=\"summary_large_image\" \/>\n<meta name=\"twitter:label1\" content=\"Est. reading time\" \/>\n\t<meta name=\"twitter:data1\" content=\"6 minutes\" \/>\n<script type=\"application\/ld+json\" class=\"yoast-schema-graph\">{\"@context\":\"https:\\\/\\\/schema.org\",\"@graph\":[{\"@type\":\"WebPage\",\"@id\":\"https:\\\/\\\/espacemenager2000.fr\\\/produit\\\/velo-dentrainement-intelligent-wahoo-kickr-bike\\\/\",\"url\":\"https:\\\/\\\/espacemenager2000.fr\\\/produit\\\/velo-dentrainement-intelligent-wahoo-kickr-bike\\\/\",\"name\":\"V\u00e9lo d'entra\u00eenement Wahoo KICKR Bike - Promotion - Vente d&#039;\u00c9lectrom\u00e9nager Neuf et Garanti \u00e0 Paris\",\"isPartOf\":{\"@id\":\"https:\\\/\\\/espacemenager2000.fr\\\/#website\"},\"primaryImageOfPage\":{\"@id\":\"https:\\\/\\\/espacemenager2000.fr\\\/produit\\\/velo-dentrainement-intelligent-wahoo-kickr-bike\\\/#primaryimage\"},\"image\":{\"@id\":\"https:\\\/\\\/espacemenager2000.fr\\\/produit\\\/velo-dentrainement-intelligent-wahoo-kickr-bike\\\/#primaryimage\"},\"thumbnailUrl\":\"https:\\\/\\\/espacemenager2000.fr\\\/wp-content\\\/uploads\\\/2026\\\/05\\\/Velo-dentrainement-Wahoo-KICKR-Bike-.jpg\",\"datePublished\":\"2025-12-22T16:16:54+00:00\",\"dateModified\":\"2026-05-10T20:42:32+00:00\",\"description\":\"V\u00e9lo d'entra\u00eenement Wahoo KICKR Bike - offre des innovations sans pr\u00e9c\u00e9dent telles que le changement de vitesse en c\u00f4te int\u00e9gr\u00e9, des vitesses personnalisables\",\"breadcrumb\":{\"@id\":\"https:\\\/\\\/espacemenager2000.fr\\\/produit\\\/velo-dentrainement-intelligent-wahoo-kickr-bike\\\/#breadcrumb\"},\"inLanguage\":\"en-US\",\"potentialAction\":[{\"@type\":\"ReadAction\",\"target\":[\"https:\\\/\\\/espacemenager2000.fr\\\/produit\\\/velo-dentrainement-intelligent-wahoo-kickr-bike\\\/\"]}]},{\"@type\":\"ImageObject\",\"inLanguage\":\"en-US\",\"@id\":\"https:\\\/\\\/espacemenager2000.fr\\\/produit\\\/velo-dentrainement-intelligent-wahoo-kickr-bike\\\/#primaryimage\",\"url\":\"https:\\\/\\\/espacemenager2000.fr\\\/wp-content\\\/uploads\\\/2026\\\/05\\\/Velo-dentrainement-Wahoo-KICKR-Bike-.jpg\",\"contentUrl\":\"https:\\\/\\\/espacemenager2000.fr\\\/wp-content\\\/uploads\\\/2026\\\/05\\\/Velo-dentrainement-Wahoo-KICKR-Bike-.jpg\",\"width\":800,\"height\":800},{\"@type\":\"BreadcrumbList\",\"@id\":\"https:\\\/\\\/espacemenager2000.fr\\\/produit\\\/velo-dentrainement-intelligent-wahoo-kickr-bike\\\/#breadcrumb\",\"itemListElement\":[{\"@type\":\"ListItem\",\"position\":1,\"name\":\"Accueil\",\"item\":\"https:\\\/\\\/espacemenager2000.fr\\\/\"},{\"@type\":\"ListItem\",\"position\":2,\"name\":\"Boutique\",\"item\":\"https:\\\/\\\/espacemenager2000.fr\\\/boutique\\\/\"},{\"@type\":\"ListItem\",\"position\":3,\"name\":\"V\u00e9lo d&#8217;entra\u00eenement intelligent Wahoo KICKR Bike\"}]},{\"@type\":\"WebSite\",\"@id\":\"https:\\\/\\\/espacemenager2000.fr\\\/#website\",\"url\":\"https:\\\/\\\/espacemenager2000.fr\\\/\",\"name\":\"Espace Menager 2000\",\"description\":\"Expert en \u00e9lectrom\u00e9nager depuis 2001, Espace M\u00e9nager 2000 vous propose une large gamme de produits : lave-linge, r\u00e9frig\u00e9rateurs, \u00e9lectronique et fitness. Profitez de notre savoir-faire en vente, r\u00e9paration et d\u00e9pannage. Livraison rapide dans toute la zone Euro. Qualit\u00e9 et service garantis.\",\"publisher\":{\"@id\":\"https:\\\/\\\/espacemenager2000.fr\\\/#organization\"},\"potentialAction\":[{\"@type\":\"SearchAction\",\"target\":{\"@type\":\"EntryPoint\",\"urlTemplate\":\"https:\\\/\\\/espacemenager2000.fr\\\/?s={search_term_string}\"},\"query-input\":{\"@type\":\"PropertyValueSpecification\",\"valueRequired\":true,\"valueName\":\"search_term_string\"}}],\"inLanguage\":\"en-US\"},{\"@type\":\"Organization\",\"@id\":\"https:\\\/\\\/espacemenager2000.fr\\\/#organization\",\"name\":\"Espace Menager 2000\",\"url\":\"https:\\\/\\\/espacemenager2000.fr\\\/\",\"logo\":{\"@type\":\"ImageObject\",\"inLanguage\":\"en-US\",\"@id\":\"https:\\\/\\\/espacemenager2000.fr\\\/#\\\/schema\\\/logo\\\/image\\\/\",\"url\":\"https:\\\/\\\/espacemenager2000.fr\\\/wp-content\\\/uploads\\\/2026\\\/05\\\/Fav-Em2000.png\",\"contentUrl\":\"https:\\\/\\\/espacemenager2000.fr\\\/wp-content\\\/uploads\\\/2026\\\/05\\\/Fav-Em2000.png\",\"width\":369,\"height\":369,\"caption\":\"Espace Menager 2000\"},\"image\":{\"@id\":\"https:\\\/\\\/espacemenager2000.fr\\\/#\\\/schema\\\/logo\\\/image\\\/\"},\"sameAs\":[\"https:\\\/\\\/www.facebook.com\\\/p\\\/Espace-menager-2000-100068469618146\\\/\"]}]}<\/script>\n<!-- \/ Yoast SEO plugin. -->","yoast_head_json":{"title":"V\u00e9lo d'entra\u00eenement Wahoo KICKR Bike - Promotion - Vente d&#039;\u00c9lectrom\u00e9nager Neuf et Garanti \u00e0 Paris","description":"V\u00e9lo d'entra\u00eenement Wahoo KICKR Bike - offre des innovations sans pr\u00e9c\u00e9dent telles que le changement de vitesse en c\u00f4te int\u00e9gr\u00e9, des vitesses personnalisables","robots":{"index":"index","follow":"follow","max-snippet":"max-snippet:-1","max-image-preview":"max-image-preview:large","max-video-preview":"max-video-preview:-1"},"canonical":"https:\/\/espacemenager2000.fr\/en\/product\/velo-dentrainement-intelligent-wahoo-kickr-bike\/","og_locale":"en_US","og_type":"article","og_title":"V\u00e9lo d'entra\u00eenement Wahoo KICKR Bike - Promotion - Vente d&#039;\u00c9lectrom\u00e9nager Neuf et Garanti \u00e0 Paris","og_description":"V\u00e9lo d'entra\u00eenement Wahoo KICKR Bike - offre des innovations sans pr\u00e9c\u00e9dent telles que le changement de vitesse en c\u00f4te int\u00e9gr\u00e9, des vitesses personnalisables","og_url":"https:\/\/espacemenager2000.fr\/en\/product\/velo-dentrainement-intelligent-wahoo-kickr-bike\/","og_site_name":"Vente d&#039;\u00c9lectrom\u00e9nager Neuf et Garanti \u00e0 Paris","article_publisher":"https:\/\/www.facebook.com\/p\/Espace-menager-2000-100068469618146\/","article_modified_time":"2026-05-10T20:42:32+00:00","og_image":[{"width":800,"height":800,"url":"https:\/\/espacemenager2000.fr\/wp-content\/uploads\/2026\/05\/Velo-dentrainement-Wahoo-KICKR-Bike-.jpg","type":"image\/jpeg"}],"twitter_card":"summary_large_image","twitter_misc":{"Est. reading time":"6 minutes"},"schema":{"@context":"https:\/\/schema.org","@graph":[{"@type":"WebPage","@id":"https:\/\/espacemenager2000.fr\/produit\/velo-dentrainement-intelligent-wahoo-kickr-bike\/","url":"https:\/\/espacemenager2000.fr\/produit\/velo-dentrainement-intelligent-wahoo-kickr-bike\/","name":"V\u00e9lo d'entra\u00eenement Wahoo KICKR Bike - Promotion - Vente d&#039;\u00c9lectrom\u00e9nager Neuf et Garanti \u00e0 Paris","isPartOf":{"@id":"https:\/\/espacemenager2000.fr\/#website"},"primaryImageOfPage":{"@id":"https:\/\/espacemenager2000.fr\/produit\/velo-dentrainement-intelligent-wahoo-kickr-bike\/#primaryimage"},"image":{"@id":"https:\/\/espacemenager2000.fr\/produit\/velo-dentrainement-intelligent-wahoo-kickr-bike\/#primaryimage"},"thumbnailUrl":"https:\/\/espacemenager2000.fr\/wp-content\/uploads\/2026\/05\/Velo-dentrainement-Wahoo-KICKR-Bike-.jpg","datePublished":"2025-12-22T16:16:54+00:00","dateModified":"2026-05-10T20:42:32+00:00","description":"V\u00e9lo d'entra\u00eenement Wahoo KICKR Bike - offre des innovations sans pr\u00e9c\u00e9dent telles que le changement de vitesse en c\u00f4te int\u00e9gr\u00e9, des vitesses personnalisables","breadcrumb":{"@id":"https:\/\/espacemenager2000.fr\/produit\/velo-dentrainement-intelligent-wahoo-kickr-bike\/#breadcrumb"},"inLanguage":"en-US","potentialAction":[{"@type":"ReadAction","target":["https:\/\/espacemenager2000.fr\/produit\/velo-dentrainement-intelligent-wahoo-kickr-bike\/"]}]},{"@type":"ImageObject","inLanguage":"en-US","@id":"https:\/\/espacemenager2000.fr\/produit\/velo-dentrainement-intelligent-wahoo-kickr-bike\/#primaryimage","url":"https:\/\/espacemenager2000.fr\/wp-content\/uploads\/2026\/05\/Velo-dentrainement-Wahoo-KICKR-Bike-.jpg","contentUrl":"https:\/\/espacemenager2000.fr\/wp-content\/uploads\/2026\/05\/Velo-dentrainement-Wahoo-KICKR-Bike-.jpg","width":800,"height":800},{"@type":"BreadcrumbList","@id":"https:\/\/espacemenager2000.fr\/produit\/velo-dentrainement-intelligent-wahoo-kickr-bike\/#breadcrumb","itemListElement":[{"@type":"ListItem","position":1,"name":"Accueil","item":"https:\/\/espacemenager2000.fr\/"},{"@type":"ListItem","position":2,"name":"Boutique","item":"https:\/\/espacemenager2000.fr\/boutique\/"},{"@type":"ListItem","position":3,"name":"V\u00e9lo d&#8217;entra\u00eenement intelligent Wahoo KICKR Bike"}]},{"@type":"WebSite","@id":"https:\/\/espacemenager2000.fr\/#website","url":"https:\/\/espacemenager2000.fr\/","name":"Espace Menager 2000","description":"Expert en \u00e9lectrom\u00e9nager depuis 2001, Espace M\u00e9nager 2000 vous propose une large gamme de produits : lave-linge, r\u00e9frig\u00e9rateurs, \u00e9lectronique et fitness. Profitez de notre savoir-faire en vente, r\u00e9paration et d\u00e9pannage. Livraison rapide dans toute la zone Euro. Qualit\u00e9 et service garantis.","publisher":{"@id":"https:\/\/espacemenager2000.fr\/#organization"},"potentialAction":[{"@type":"SearchAction","target":{"@type":"EntryPoint","urlTemplate":"https:\/\/espacemenager2000.fr\/?s={search_term_string}"},"query-input":{"@type":"PropertyValueSpecification","valueRequired":true,"valueName":"search_term_string"}}],"inLanguage":"en-US"},{"@type":"Organization","@id":"https:\/\/espacemenager2000.fr\/#organization","name":"Espace Menager 2000","url":"https:\/\/espacemenager2000.fr\/","logo":{"@type":"ImageObject","inLanguage":"en-US","@id":"https:\/\/espacemenager2000.fr\/#\/schema\/logo\/image\/","url":"https:\/\/espacemenager2000.fr\/wp-content\/uploads\/2026\/05\/Fav-Em2000.png","contentUrl":"https:\/\/espacemenager2000.fr\/wp-content\/uploads\/2026\/05\/Fav-Em2000.png","width":369,"height":369,"caption":"Espace Menager 2000"},"image":{"@id":"https:\/\/espacemenager2000.fr\/#\/schema\/logo\/image\/"},"sameAs":["https:\/\/www.facebook.com\/p\/Espace-menager-2000-100068469618146\/"]}]}},"_links":{"self":[{"href":"https:\/\/espacemenager2000.fr\/en\/wp-json\/wp\/v2\/product\/1371","targetHints":{"allow":["GET"]}}],"collection":[{"href":"https:\/\/espacemenager2000.fr\/en\/wp-json\/wp\/v2\/product"}],"about":[{"href":"https:\/\/espacemenager2000.fr\/en\/wp-json\/wp\/v2\/types\/product"}],"replies":[{"embeddable":true,"href":"https:\/\/espacemenager2000.fr\/en\/wp-json\/wp\/v2\/comments?post=1371"}],"wp:featuredmedia":[{"embeddable":true,"href":"https:\/\/espacemenager2000.fr\/en\/wp-json\/wp\/v2\/media\/1372"}],"wp:attachment":[{"href":"https:\/\/espacemenager2000.fr\/en\/wp-json\/wp\/v2\/media?parent=1371"}],"wp:term":[{"taxonomy":"product_brand","embeddable":true,"href":"https:\/\/espacemenager2000.fr\/en\/wp-json\/wp\/v2\/product_brand?post=1371"},{"taxonomy":"product_cat","embeddable":true,"href":"https:\/\/espacemenager2000.fr\/en\/wp-json\/wp\/v2\/product_cat?post=1371"},{"taxonomy":"product_tag","embeddable":true,"href":"https:\/\/espacemenager2000.fr\/en\/wp-json\/wp\/v2\/product_tag?post=1371"}],"curies":[{"name":"wp","href":"https:\/\/api.w.org\/{rel}","templated":true}]}}