{"id":13700,"date":"2026-05-10T20:49:24","date_gmt":"2026-05-10T20:49:24","guid":{"rendered":"https:\/\/espacemenager2000.fr\/?post_type=product&#038;p=13700"},"modified":"2026-05-10T20:49:30","modified_gmt":"2026-05-10T20:49:30","slug":"velo-dappartement-bh-artic","status":"publish","type":"product","link":"https:\/\/espacemenager2000.fr\/en\/product\/velo-dappartement-bh-artic\/","title":{"rendered":"V\u00e9lo d&#8217;appartement BH Artic"},"content":{"rendered":"<h2>V\u00e9lo d&#8217;appartement BH Artic<\/h2>\n<div><strong>V\u00e9lo d&#8217;appartement BH Artic <\/strong>\u00e0 utilisation r\u00e9guli\u00e8re avec cadre ouvert pour un acc\u00e8s confortable. Selle et guidon r\u00e9glables pour tous les usagers. Le r\u00e9glage manuel de l\u2019intensit\u00e9 et la facilit\u00e9 de son utilisation font de lui le v\u00e9lo parfait pour les d\u00e9butants.<\/div>\n<div><\/div>\n<div>\n<h3>Caract\u00e9ristiques V\u00e9lo d&#8217;appartement BH Artic<\/h3>\n<div class=\"contenido\">\n<div>\n<div><strong>V\u00e9lo d\u2019appartement\u00a0<\/strong>\u00e0 utilisation r\u00e9guli\u00e8re avec cadre ouvert pour un acc\u00e8s confortable. Selle et guidon r\u00e9glables pour tous les usagers. Le r\u00e9glage manuel de l\u2019intensit\u00e9 et la facilit\u00e9 de son utilisation font de lui le v\u00e9lo parfait pour les d\u00e9butants.<\/div>\n<div><\/div>\n<h4><strong>Points cl\u00e9s<\/strong><\/h4>\n<div>\n<div><strong>Mesure de l&#8217;impulsion de contact<\/strong><\/div>\n<div>Mesure du pouls par contact sur le guidon.<\/div>\n<div>\n<p><img decoding=\"async\" class=\"lazy-content img-fluid\" src=\"https:\/\/www.fitnessdigital.fr\/images\/productos\/detalles\/bh\/bh-h673-1.jpg\" alt=\"bh-h673-1\" \/><\/p>\n<\/div>\n<div><strong>\u00a0<\/strong><\/div>\n<div><strong>Selle XXL<\/strong><\/div>\n<div>Confortable et adaptable \u00e0 tout utilisateur.<\/div>\n<div>\n<p><img decoding=\"async\" class=\"lazy-content img-fluid\" src=\"https:\/\/www.fitnessdigital.fr\/images\/productos\/detalles\/bh\/bh-h673-2.jpg\" alt=\"bh-h673-2\" \/><\/p>\n<\/div>\n<div><strong>\u00a0<\/strong><\/div>\n<div><strong>R\u00e9sistance manuelle<\/strong><\/div>\n<div>R\u00e9glage manuel jusqu&#8217;\u00e0 8 niveaux.<\/div>\n<div>\n<p><img decoding=\"async\" class=\"lazy-content img-fluid\" src=\"https:\/\/www.fitnessdigital.fr\/images\/productos\/detalles\/bh\/bh-h673-3.jpg\" alt=\"bh-h673-3\" \/><\/p>\n<\/div>\n<div><strong>\u00a0<\/strong><\/div>\n<div><strong>Cadre ouvert<\/strong><\/div>\n<div>Acc\u00e8s facile \u00e0 la machine pour tout utilisateur.<\/div>\n<div><\/div>\n<div>\n<p><img decoding=\"async\" class=\"lazy-content img-fluid\" src=\"https:\/\/www.fitnessdigital.fr\/images\/productos\/detalles\/bh\/bh-h673-4.jpg\" alt=\"bh-h673-4\" \/><\/p>\n<\/div>\n<\/div>\n<div><\/div>\n<div><\/div>\n<\/div>\n<div><\/div>\n<div><\/div>\n<div>\n<div class=\"wrap\">\n<div class=\"col-5-8 tb-col-5-8 center-block txt-center\">\n<div class=\"video-item\">\n<div class=\"video-container iframe-container text-center no-panoramic\">\n<div class=\"youtube-player\" data-id=\"https:\/\/www.youtube.com\/embed\/hdoJEGK7--4?rel=0&amp;autoplay=1&amp;wmode=opaque\">\n<div class=\"youtube-thumb\">\n<p><img decoding=\"async\" class=\"lazy-content img-fluid\" src=\"https:\/\/i1.ytimg.com\/vi\/hdoJEGK7--4\/hqdefault.jpg\" alt=\"https:\/\/i1.ytimg.com\/vi\/hdoJEGK7--4\/hqdefault.jpg\" \/><\/p>\n<div class=\"play-button\"><\/div>\n<\/div>\n<\/div>\n<\/div>\n<\/div>\n<\/div>\n<\/div>\n<\/div>\n<div>\n<h5><strong>Moniteur<\/strong><\/h5>\n<ul>\n<li>Affichage : lcd<\/li>\n<li>Niveaux d&#8217;intensit\u00e9 : 8<\/li>\n<li>Prise en charge des smartphones\/tablettes : Oui<\/li>\n<\/ul>\n<\/div>\n<div>\n<h5><strong>Sp\u00e9cifications<\/strong><\/h5>\n<div>\n<ul>\n<li>Fr\u00e9quence d&#8217;utilisation : r\u00e9guli\u00e8re<\/li>\n<li>Poids maximum de l&#8217;utilisateur : 90Kg<\/li>\n<li>Syst\u00e8me de freinage : magn\u00e9tique<\/li>\n<li>Volant d&#8217;inertie (Kg) : 8<\/li>\n<li>Mesure de l&#8217;impulsion de contact : Oui<\/li>\n<li>Type de selle XXL<\/li>\n<li>R\u00e9glage de la selle : Horizontal et vertical<\/li>\n<li>R\u00e9glage du guidon : Rotation<\/li>\n<li>Porte-bouteilles &#8211;<\/li>\n<li>Roues de transport : Oui<\/li>\n<li>Cadre ouvert \/ acc\u00e8s facile : Oui<\/li>\n<li>Soutien lombaire &#8211; Oui<\/li>\n<li>Dossier respirant &#8211; Oui<\/li>\n<li>Courroie de p\u00e9dale<\/li>\n<li>P\u00e9dale renforc\u00e9e &#8211; Auto-g\u00e9n\u00e9ratrice<\/li>\n<li>Auto-g\u00e9n\u00e9rateur &#8211; Auto-g\u00e9n\u00e9rateur<\/li>\n<li>Longueur (cm) : 103<\/li>\n<li>Largeur (cm) : 54<\/li>\n<li>Hauteur (cm) : 128<\/li>\n<li>Poids : 30Kg<\/li>\n<\/ul>\n<\/div>\n<\/div>\n<div>\n<div>\n<div><img decoding=\"async\" class=\"lazy-content img-fluid\" src=\"https:\/\/www.fitnessdigital.fr\/images\/productos\/detalles\/grafico-estatica.gif\" alt=\"\" \/><\/div>\n<\/div>\n<\/div>\n<\/div>\n<\/div>","protected":false},"excerpt":{"rendered":"<div class=\"product attribute overview\">\n<div class=\"value\"><strong>V\u00e9lo d&#8217;appartement BH Artic <\/strong>\u00e0 utilisation r\u00e9guli\u00e8re avec cadre ouvert pour un acc\u00e8s confortable. Selle et guidon r\u00e9glables pour tous les usagers. Le r\u00e9glage manuel de l\u2019intensit\u00e9 et la facilit\u00e9 de son utilisation font de lui le v\u00e9lo parfait pour les d\u00e9butants.<\/div>\n<\/div>","protected":false},"featured_media":13717,"comment_status":"open","ping_status":"closed","template":"","meta":[],"product_brand":[16],"product_cat":[17,18,19,42],"product_tag":[47,46],"class_list":{"0":"post-13700","1":"product","2":"type-product","3":"status-publish","4":"has-post-thumbnail","6":"product_brand-bh","7":"product_cat-bons-plans","8":"product_cat-promotions","9":"product_cat-training-fitness","10":"product_cat-velos-dappartement","11":"product_tag-velo-dappartement","12":"product_tag-velo-dappartement-bh","14":"first","15":"instock","16":"shipping-taxable","17":"purchasable","18":"product-type-simple"},"yoast_head":"<!-- This site is optimized with the Yoast SEO plugin v27.6 - https:\/\/yoast.com\/product\/yoast-seo-wordpress\/ -->\n<title>V\u00e9lo d&#039;appartement BH Artic - Promotion - Vente d&#039;\u00c9lectrom\u00e9nager Neuf et Garanti \u00e0 Paris<\/title>\n<meta name=\"description\" content=\"V\u00e9lo d&#039;appartement BH Artic - Selle et guidon r\u00e9glables pour tous les usagers. Le r\u00e9glage manuel de l\u2019intensit\u00e9 et la facilit\u00e9 de son utilisation font de lui le v\u00e9lo parfait pour les d\u00e9butants.\" \/>\n<meta name=\"robots\" content=\"index, follow, max-snippet:-1, max-image-preview:large, max-video-preview:-1\" \/>\n<link rel=\"canonical\" href=\"https:\/\/espacemenager2000.fr\/en\/product\/velo-dappartement-bh-artic\/\" \/>\n<meta property=\"og:locale\" content=\"en_US\" \/>\n<meta property=\"og:type\" content=\"article\" \/>\n<meta property=\"og:title\" content=\"V\u00e9lo d&#039;appartement BH Artic - Promotion - Vente d&#039;\u00c9lectrom\u00e9nager Neuf et Garanti \u00e0 Paris\" \/>\n<meta property=\"og:description\" content=\"V\u00e9lo d&#039;appartement BH Artic - Selle et guidon r\u00e9glables pour tous les usagers. Le r\u00e9glage manuel de l\u2019intensit\u00e9 et la facilit\u00e9 de son utilisation font de lui le v\u00e9lo parfait pour les d\u00e9butants.\" \/>\n<meta property=\"og:url\" content=\"https:\/\/espacemenager2000.fr\/en\/product\/velo-dappartement-bh-artic\/\" \/>\n<meta property=\"og:site_name\" content=\"Vente d&#039;\u00c9lectrom\u00e9nager Neuf et Garanti \u00e0 Paris\" \/>\n<meta property=\"article:publisher\" content=\"https:\/\/www.facebook.com\/p\/Espace-menager-2000-100068469618146\/\" \/>\n<meta property=\"article:modified_time\" content=\"2026-05-10T20:49:30+00:00\" \/>\n<meta property=\"og:image\" content=\"https:\/\/espacemenager2000.fr\/wp-content\/uploads\/2026\/05\/Velo-dappartement-BH-Artic-.jpg\" \/>\n\t<meta property=\"og:image:width\" content=\"800\" \/>\n\t<meta property=\"og:image:height\" content=\"800\" \/>\n\t<meta property=\"og:image:type\" content=\"image\/jpeg\" \/>\n<meta name=\"twitter:card\" content=\"summary_large_image\" \/>\n<meta name=\"twitter:label1\" content=\"Est. reading time\" \/>\n\t<meta name=\"twitter:data1\" content=\"4 minutes\" \/>\n<script type=\"application\/ld+json\" class=\"yoast-schema-graph\">{\"@context\":\"https:\\\/\\\/schema.org\",\"@graph\":[{\"@type\":\"WebPage\",\"@id\":\"https:\\\/\\\/espacemenager2000.fr\\\/produit\\\/velo-dappartement-bh-artic\\\/\",\"url\":\"https:\\\/\\\/espacemenager2000.fr\\\/produit\\\/velo-dappartement-bh-artic\\\/\",\"name\":\"V\u00e9lo d'appartement BH Artic - Promotion - Vente d&#039;\u00c9lectrom\u00e9nager Neuf et Garanti \u00e0 Paris\",\"isPartOf\":{\"@id\":\"https:\\\/\\\/espacemenager2000.fr\\\/#website\"},\"primaryImageOfPage\":{\"@id\":\"https:\\\/\\\/espacemenager2000.fr\\\/produit\\\/velo-dappartement-bh-artic\\\/#primaryimage\"},\"image\":{\"@id\":\"https:\\\/\\\/espacemenager2000.fr\\\/produit\\\/velo-dappartement-bh-artic\\\/#primaryimage\"},\"thumbnailUrl\":\"https:\\\/\\\/espacemenager2000.fr\\\/wp-content\\\/uploads\\\/2026\\\/05\\\/Velo-dappartement-BH-Artic-.jpg\",\"datePublished\":\"2026-05-10T20:49:24+00:00\",\"dateModified\":\"2026-05-10T20:49:30+00:00\",\"description\":\"V\u00e9lo d'appartement BH Artic - Selle et guidon r\u00e9glables pour tous les usagers. Le r\u00e9glage manuel de l\u2019intensit\u00e9 et la facilit\u00e9 de son utilisation font de lui le v\u00e9lo parfait pour les d\u00e9butants.\",\"breadcrumb\":{\"@id\":\"https:\\\/\\\/espacemenager2000.fr\\\/produit\\\/velo-dappartement-bh-artic\\\/#breadcrumb\"},\"inLanguage\":\"en-US\",\"potentialAction\":[{\"@type\":\"ReadAction\",\"target\":[\"https:\\\/\\\/espacemenager2000.fr\\\/produit\\\/velo-dappartement-bh-artic\\\/\"]}]},{\"@type\":\"ImageObject\",\"inLanguage\":\"en-US\",\"@id\":\"https:\\\/\\\/espacemenager2000.fr\\\/produit\\\/velo-dappartement-bh-artic\\\/#primaryimage\",\"url\":\"https:\\\/\\\/espacemenager2000.fr\\\/wp-content\\\/uploads\\\/2026\\\/05\\\/Velo-dappartement-BH-Artic-.jpg\",\"contentUrl\":\"https:\\\/\\\/espacemenager2000.fr\\\/wp-content\\\/uploads\\\/2026\\\/05\\\/Velo-dappartement-BH-Artic-.jpg\",\"width\":800,\"height\":800},{\"@type\":\"BreadcrumbList\",\"@id\":\"https:\\\/\\\/espacemenager2000.fr\\\/produit\\\/velo-dappartement-bh-artic\\\/#breadcrumb\",\"itemListElement\":[{\"@type\":\"ListItem\",\"position\":1,\"name\":\"Accueil\",\"item\":\"https:\\\/\\\/espacemenager2000.fr\\\/\"},{\"@type\":\"ListItem\",\"position\":2,\"name\":\"Boutique\",\"item\":\"https:\\\/\\\/espacemenager2000.fr\\\/boutique\\\/\"},{\"@type\":\"ListItem\",\"position\":3,\"name\":\"V\u00e9lo d&#8217;appartement BH Artic\"}]},{\"@type\":\"WebSite\",\"@id\":\"https:\\\/\\\/espacemenager2000.fr\\\/#website\",\"url\":\"https:\\\/\\\/espacemenager2000.fr\\\/\",\"name\":\"Espace Menager 2000\",\"description\":\"Expert en \u00e9lectrom\u00e9nager depuis 2001, Espace M\u00e9nager 2000 vous propose une large gamme de produits : lave-linge, r\u00e9frig\u00e9rateurs, \u00e9lectronique et fitness. Profitez de notre savoir-faire en vente, r\u00e9paration et d\u00e9pannage. Livraison rapide dans toute la zone Euro. Qualit\u00e9 et service garantis.\",\"publisher\":{\"@id\":\"https:\\\/\\\/espacemenager2000.fr\\\/#organization\"},\"potentialAction\":[{\"@type\":\"SearchAction\",\"target\":{\"@type\":\"EntryPoint\",\"urlTemplate\":\"https:\\\/\\\/espacemenager2000.fr\\\/?s={search_term_string}\"},\"query-input\":{\"@type\":\"PropertyValueSpecification\",\"valueRequired\":true,\"valueName\":\"search_term_string\"}}],\"inLanguage\":\"en-US\"},{\"@type\":\"Organization\",\"@id\":\"https:\\\/\\\/espacemenager2000.fr\\\/#organization\",\"name\":\"Espace Menager 2000\",\"url\":\"https:\\\/\\\/espacemenager2000.fr\\\/\",\"logo\":{\"@type\":\"ImageObject\",\"inLanguage\":\"en-US\",\"@id\":\"https:\\\/\\\/espacemenager2000.fr\\\/#\\\/schema\\\/logo\\\/image\\\/\",\"url\":\"https:\\\/\\\/espacemenager2000.fr\\\/wp-content\\\/uploads\\\/2026\\\/05\\\/Fav-Em2000.png\",\"contentUrl\":\"https:\\\/\\\/espacemenager2000.fr\\\/wp-content\\\/uploads\\\/2026\\\/05\\\/Fav-Em2000.png\",\"width\":369,\"height\":369,\"caption\":\"Espace Menager 2000\"},\"image\":{\"@id\":\"https:\\\/\\\/espacemenager2000.fr\\\/#\\\/schema\\\/logo\\\/image\\\/\"},\"sameAs\":[\"https:\\\/\\\/www.facebook.com\\\/p\\\/Espace-menager-2000-100068469618146\\\/\"]}]}<\/script>\n<!-- \/ Yoast SEO plugin. -->","yoast_head_json":{"title":"V\u00e9lo d'appartement BH Artic - Promotion - Vente d&#039;\u00c9lectrom\u00e9nager Neuf et Garanti \u00e0 Paris","description":"V\u00e9lo d'appartement BH Artic - Selle et guidon r\u00e9glables pour tous les usagers. Le r\u00e9glage manuel de l\u2019intensit\u00e9 et la facilit\u00e9 de son utilisation font de lui le v\u00e9lo parfait pour les d\u00e9butants.","robots":{"index":"index","follow":"follow","max-snippet":"max-snippet:-1","max-image-preview":"max-image-preview:large","max-video-preview":"max-video-preview:-1"},"canonical":"https:\/\/espacemenager2000.fr\/en\/product\/velo-dappartement-bh-artic\/","og_locale":"en_US","og_type":"article","og_title":"V\u00e9lo d'appartement BH Artic - Promotion - Vente d&#039;\u00c9lectrom\u00e9nager Neuf et Garanti \u00e0 Paris","og_description":"V\u00e9lo d'appartement BH Artic - Selle et guidon r\u00e9glables pour tous les usagers. Le r\u00e9glage manuel de l\u2019intensit\u00e9 et la facilit\u00e9 de son utilisation font de lui le v\u00e9lo parfait pour les d\u00e9butants.","og_url":"https:\/\/espacemenager2000.fr\/en\/product\/velo-dappartement-bh-artic\/","og_site_name":"Vente d&#039;\u00c9lectrom\u00e9nager Neuf et Garanti \u00e0 Paris","article_publisher":"https:\/\/www.facebook.com\/p\/Espace-menager-2000-100068469618146\/","article_modified_time":"2026-05-10T20:49:30+00:00","og_image":[{"width":800,"height":800,"url":"https:\/\/espacemenager2000.fr\/wp-content\/uploads\/2026\/05\/Velo-dappartement-BH-Artic-.jpg","type":"image\/jpeg"}],"twitter_card":"summary_large_image","twitter_misc":{"Est. reading time":"4 minutes"},"schema":{"@context":"https:\/\/schema.org","@graph":[{"@type":"WebPage","@id":"https:\/\/espacemenager2000.fr\/produit\/velo-dappartement-bh-artic\/","url":"https:\/\/espacemenager2000.fr\/produit\/velo-dappartement-bh-artic\/","name":"V\u00e9lo d'appartement BH Artic - Promotion - Vente d&#039;\u00c9lectrom\u00e9nager Neuf et Garanti \u00e0 Paris","isPartOf":{"@id":"https:\/\/espacemenager2000.fr\/#website"},"primaryImageOfPage":{"@id":"https:\/\/espacemenager2000.fr\/produit\/velo-dappartement-bh-artic\/#primaryimage"},"image":{"@id":"https:\/\/espacemenager2000.fr\/produit\/velo-dappartement-bh-artic\/#primaryimage"},"thumbnailUrl":"https:\/\/espacemenager2000.fr\/wp-content\/uploads\/2026\/05\/Velo-dappartement-BH-Artic-.jpg","datePublished":"2026-05-10T20:49:24+00:00","dateModified":"2026-05-10T20:49:30+00:00","description":"V\u00e9lo d'appartement BH Artic - Selle et guidon r\u00e9glables pour tous les usagers. Le r\u00e9glage manuel de l\u2019intensit\u00e9 et la facilit\u00e9 de son utilisation font de lui le v\u00e9lo parfait pour les d\u00e9butants.","breadcrumb":{"@id":"https:\/\/espacemenager2000.fr\/produit\/velo-dappartement-bh-artic\/#breadcrumb"},"inLanguage":"en-US","potentialAction":[{"@type":"ReadAction","target":["https:\/\/espacemenager2000.fr\/produit\/velo-dappartement-bh-artic\/"]}]},{"@type":"ImageObject","inLanguage":"en-US","@id":"https:\/\/espacemenager2000.fr\/produit\/velo-dappartement-bh-artic\/#primaryimage","url":"https:\/\/espacemenager2000.fr\/wp-content\/uploads\/2026\/05\/Velo-dappartement-BH-Artic-.jpg","contentUrl":"https:\/\/espacemenager2000.fr\/wp-content\/uploads\/2026\/05\/Velo-dappartement-BH-Artic-.jpg","width":800,"height":800},{"@type":"BreadcrumbList","@id":"https:\/\/espacemenager2000.fr\/produit\/velo-dappartement-bh-artic\/#breadcrumb","itemListElement":[{"@type":"ListItem","position":1,"name":"Accueil","item":"https:\/\/espacemenager2000.fr\/"},{"@type":"ListItem","position":2,"name":"Boutique","item":"https:\/\/espacemenager2000.fr\/boutique\/"},{"@type":"ListItem","position":3,"name":"V\u00e9lo d&#8217;appartement BH Artic"}]},{"@type":"WebSite","@id":"https:\/\/espacemenager2000.fr\/#website","url":"https:\/\/espacemenager2000.fr\/","name":"Espace Menager 2000","description":"Expert en \u00e9lectrom\u00e9nager depuis 2001, Espace M\u00e9nager 2000 vous propose une large gamme de produits : lave-linge, r\u00e9frig\u00e9rateurs, \u00e9lectronique et fitness. Profitez de notre savoir-faire en vente, r\u00e9paration et d\u00e9pannage. Livraison rapide dans toute la zone Euro. Qualit\u00e9 et service garantis.","publisher":{"@id":"https:\/\/espacemenager2000.fr\/#organization"},"potentialAction":[{"@type":"SearchAction","target":{"@type":"EntryPoint","urlTemplate":"https:\/\/espacemenager2000.fr\/?s={search_term_string}"},"query-input":{"@type":"PropertyValueSpecification","valueRequired":true,"valueName":"search_term_string"}}],"inLanguage":"en-US"},{"@type":"Organization","@id":"https:\/\/espacemenager2000.fr\/#organization","name":"Espace Menager 2000","url":"https:\/\/espacemenager2000.fr\/","logo":{"@type":"ImageObject","inLanguage":"en-US","@id":"https:\/\/espacemenager2000.fr\/#\/schema\/logo\/image\/","url":"https:\/\/espacemenager2000.fr\/wp-content\/uploads\/2026\/05\/Fav-Em2000.png","contentUrl":"https:\/\/espacemenager2000.fr\/wp-content\/uploads\/2026\/05\/Fav-Em2000.png","width":369,"height":369,"caption":"Espace Menager 2000"},"image":{"@id":"https:\/\/espacemenager2000.fr\/#\/schema\/logo\/image\/"},"sameAs":["https:\/\/www.facebook.com\/p\/Espace-menager-2000-100068469618146\/"]}]}},"_links":{"self":[{"href":"https:\/\/espacemenager2000.fr\/en\/wp-json\/wp\/v2\/product\/13700","targetHints":{"allow":["GET"]}}],"collection":[{"href":"https:\/\/espacemenager2000.fr\/en\/wp-json\/wp\/v2\/product"}],"about":[{"href":"https:\/\/espacemenager2000.fr\/en\/wp-json\/wp\/v2\/types\/product"}],"replies":[{"embeddable":true,"href":"https:\/\/espacemenager2000.fr\/en\/wp-json\/wp\/v2\/comments?post=13700"}],"wp:featuredmedia":[{"embeddable":true,"href":"https:\/\/espacemenager2000.fr\/en\/wp-json\/wp\/v2\/media\/13717"}],"wp:attachment":[{"href":"https:\/\/espacemenager2000.fr\/en\/wp-json\/wp\/v2\/media?parent=13700"}],"wp:term":[{"taxonomy":"product_brand","embeddable":true,"href":"https:\/\/espacemenager2000.fr\/en\/wp-json\/wp\/v2\/product_brand?post=13700"},{"taxonomy":"product_cat","embeddable":true,"href":"https:\/\/espacemenager2000.fr\/en\/wp-json\/wp\/v2\/product_cat?post=13700"},{"taxonomy":"product_tag","embeddable":true,"href":"https:\/\/espacemenager2000.fr\/en\/wp-json\/wp\/v2\/product_tag?post=13700"}],"curies":[{"name":"wp","href":"https:\/\/api.w.org\/{rel}","templated":true}]}}