{"id":1369,"date":"2025-12-22T16:16:54","date_gmt":"2025-12-22T16:16:54","guid":{"rendered":"https:\/\/espacemenager2000.fr\/?post_type=product&#038;p=1369"},"modified":"2026-05-10T20:42:32","modified_gmt":"2026-05-10T20:42:32","slug":"velo-smart-bike-ion-fitness-tourmalet-alpine","status":"publish","type":"product","link":"https:\/\/espacemenager2000.fr\/en\/product\/velo-smart-bike-ion-fitness-tourmalet-alpine\/","title":{"rendered":"V\u00e9lo Smart Bike ION Fitness Tourmalet Alpine"},"content":{"rendered":"<h2>V\u00e9lo Smart Bike ION Fitness Tourmalet Alpine<\/h2>\n<div>Le V\u00e9lo Smart Bike ION Fitness Tourmalet Alpine dispose de 16 niveaux d&#8217;inclinaison et de -8 niveaux de d\u00e9clin, ce qui lui permet de recr\u00e9er de mani\u00e8re r\u00e9aliste la sensation du cyclisme en simulant des mont\u00e9es et des descentes, offrant ainsi une exp\u00e9rience de p\u00e9dalage authentique.<\/div>\n<div><\/div>\n<div>\n<h3 style=\"font-weight: 400;\">Caract\u00e9ristiques V\u00e9lo Smart Bike ION Fitness Tourmalet Alpine<\/h3>\n<h4><b><strong>Points cl\u00e9s<\/strong><\/b><\/h4>\n<p><b><strong>Inclinaison<\/strong><\/b><br \/>\nLe Tourmalet Alpine dispose de 16 niveaux d&#8217;inclinaison et de -8 niveaux de d\u00e9clin, ce qui lui permet de recr\u00e9er de mani\u00e8re r\u00e9aliste la sensation du cyclisme en simulant des mont\u00e9es et des descentes, offrant ainsi une exp\u00e9rience de p\u00e9dalage authentique.<\/p>\n<p><b><strong>Bluetooth ftms<\/strong><\/b><br \/>\nFaites passer votre entra\u00eenement au niveau sup\u00e9rieur avec Zwift, Kinomap et TrainerRoad. Vous pouvez contr\u00f4ler votre v\u00e9lo \u00e0 partir des applications.<\/p>\n<p><b><strong>Mesure des watts<\/strong><\/b><br \/>\nLe Tourmalet Alpine dispose d&#8217;un syst\u00e8me de mesure des watts pour contr\u00f4ler l&#8217;exercice, avec une puissance maximale de 500 watts.<\/p>\n<p><b><strong>Leviers de guidon<\/strong><\/b><br \/>\nPermet de modifier le niveau de r\u00e9sistance et l&#8217;inclinaison du Tourmalet Alpine sans bouger les mains du guidon.<\/p>\n<h4><b><strong>Programmes<\/strong><\/b><\/h4>\n<ul>\n<li><b><strong>Programmes pr\u00e9r\u00e9gl\u00e9s (Prg)<\/strong><\/b>: 4<\/li>\n<li><b><strong>Niveaux d&#8217;intensit\u00e9:<\/strong><\/b>\u00a032<\/li>\n<li><b><strong>Indicateurs:\u00a0<\/strong><\/b>calories, distance totale, pouls, temps, watts, vitesse\/r\u00e9gime<\/li>\n<\/ul>\n<h5><b><strong>Ecran<\/strong><\/b><\/h5>\n<ul>\n<li><b><strong>Ecran LCD r\u00e9tro-\u00e9clair\u00e9 bleu:<\/strong><\/b>\u00a0Ecran LCD r\u00e9tro-\u00e9clair\u00e9 tricolore<\/li>\n<li><b><strong>Support universel pour smartphones et\/ou tablettes<\/strong><\/b>: Oui<\/li>\n<li><b><strong>T\u00e9l\u00e9m\u00e9trie du pouls:\u00a0<\/strong><\/b>Oui, ceinture thoracique en option<\/li>\n<li><b><strong>Pouls Bluetooth:<\/strong><\/b>\u00a0Oui, ceinture thoracique en option<\/li>\n<li><b><strong>iConcept<\/strong><\/b>: Oui<\/li>\n<\/ul>\n<h5><b><strong>Caract\u00e9ristiques techniques<\/strong><\/b><\/h5>\n<ul>\n<li><b><strong>Fr\u00e9quence d&#8217;utilisation:<\/strong><\/b>\u00a0r\u00e9guli\u00e8re<\/li>\n<li><b><strong>Poids maximum de l&#8217;utilisateur:\u00a0<\/strong><\/b>110Kg<\/li>\n<li><b><strong>Roue d&#8217;inertie:<\/strong><\/b>\u00a0eq. 16Kg<\/li>\n<li><b><strong>Syst\u00e8me de freinage:<\/strong><\/b>\u00a0magn\u00e9tique<\/li>\n<li><b><strong>Transmission<\/strong><\/b>: Courroie Poly-V<\/li>\n<li><b><strong>Couvercle de volant:<\/strong><\/b>\u00a0Oui<\/li>\n<li><b><strong>Guidon<\/strong><\/b>: Route<\/li>\n<li><b><strong>R\u00e9glage du guidon:<\/strong><\/b>\u00a0Horizontal et vertical<\/li>\n<li><b><strong>R\u00e9glage de la selle:<\/strong><\/b>\u00a0Horizontal et vertical<\/li>\n<li><b><strong>P\u00e9dales<\/strong><\/b>: Repose-pieds<\/li>\n<li><b><strong>Longueur<\/strong><\/b>: 140cm<\/li>\n<li><b><strong>Largeur<\/strong><\/b>: 50cm<\/li>\n<li><b><strong>Hauteur<\/strong><\/b>: 122 cm<\/li>\n<li><b><strong>Poids<\/strong><\/b>: 32Kg<\/li>\n<\/ul>\n<h5><b><strong>Entra\u00eenements interactifs avec la technologie \u00a0i.Concept 3.0 FTMS<\/strong><\/b><\/h5>\n<p>Vous souhaitez d\u00e9fier d&#8217;autres utilisateurs ou vous mesurer \u00e0 vos amis ? Parcourir les rues de grandes villes comme New York, Rome ou Paris, tout en vous entra\u00eenant pour votre prochain marathon ? Et&#8230; regarder des vid\u00e9os, consulter les actualit\u00e9s ou vos r\u00e9seaux sociaux ? \u00a0Gardez la forme et br\u00fblez des calories d&#8217;une mani\u00e8re beaucoup plus amusante avec toutes ces applications sp\u00e9cialement con\u00e7ues pour un entra\u00eenement interactif. Int\u00e9grez les derni\u00e8res technologies \u00e0 votre entra\u00eenement!<\/p>\n<p>i.Concept 3.0 FTMS Votre machine est d\u00e9sormais compatible avec encore plus d&#8217;applications d&#8217;entra\u00eenement ! De Zwift ou\u00a0<a href=\"https:\/\/www.fitnessdigital.com\/suscripcion-a-kinomap\/p\/10015486\/\"><b><strong>Kinomap\u00a0<\/strong><\/b><\/a>hasta\u00a0<b><strong>The Sufferfest<\/strong><\/b>\u00a0y \u00a1muchas m\u00e1s!.\u00a0 Cette technologie, d\u00e9sormais appel\u00e9e i.Concept 3.0, vous permettra de connecter plus facilement votre application pr\u00e9f\u00e9r\u00e9e \u00e0 votre appareil de fitness. Qu&#8217;attendez-vous pour la tester ?<\/p>\n<h4><b><strong>Entra\u00eenements interactifs avec Zwift et Kinomap<\/strong><\/b><\/h4>\n<h5><b><strong>App de Kinomap<\/strong><\/b><\/h5>\n<ul>\n<li>Entra\u00eenez-vous dans le monde entier gr\u00e2ce \u00e0 des milliers de vid\u00e9os disponibles.<\/li>\n<li>Entra\u00eenements structur\u00e9s, y compris l&#8217;entra\u00eenement par intervalles et le coaching.<\/li>\n<li>Partagez vos r\u00e9sultats avec la communaut\u00e9 kinomap.<\/li>\n<li>D\u00e9fiez vos amis avec le mode multijoueur de kinomap.<\/li>\n<\/ul>\n<h5><b><strong>App de Zwift<\/strong><\/b><\/h5>\n<ul>\n<li>Motivateur de type jeu vid\u00e9o.<\/li>\n<li>Plus de 1000 entra\u00eenements s\u00e9lectionn\u00e9s par les entra\u00eeneurs.<\/li>\n<li>Courses de groupe, comp\u00e9titions et courses.<\/li>\n<li>Connectivit\u00e9 et communaut\u00e9 mondiales.<\/li>\n<\/ul>\n<\/div>","protected":false},"excerpt":{"rendered":"<div class=\"product attribute overview\">\n<div class=\"value\">\n<div class=\"elementor-widget elementor-element elementor-element-cenezrn elementor-widget-text-editor\" data-element_type=\"text-editor\">\n<div class=\"elementor-widget-container\">\n<div class=\"elementor-text-editor rte-content\">\n<div>Le Tourmalet Alpine dispose de 16 niveaux d&#8217;inclinaison et de -8 niveaux de d\u00e9clin, ce qui lui permet de recr\u00e9er de mani\u00e8re r\u00e9aliste la sensation du cyclisme en simulant des mont\u00e9es et des descentes, offrant ainsi une exp\u00e9rience de p\u00e9dalage authentique.<\/div>\n<\/div>\n<\/div>\n<\/div>\n<div class=\"elementor-widget elementor-element elementor-element-ki1x5cr elementor-widget-text-editor\" data-element_type=\"text-editor\">\n<div class=\"elementor-widget-container\">\n<div class=\"elementor-text-editor rte-content\"><\/div>\n<\/div>\n<\/div>\n<\/div>\n<\/div>","protected":false},"featured_media":1370,"comment_status":"open","ping_status":"closed","template":"","meta":[],"product_brand":[48],"product_cat":[17,18,60,19],"product_tag":[61,47],"class_list":{"0":"post-1369","1":"product","2":"type-product","3":"status-publish","4":"has-post-thumbnail","6":"product_brand-ion-fitness","7":"product_cat-bons-plans","8":"product_cat-promotions","9":"product_cat-smart-bikes","10":"product_cat-training-fitness","11":"product_tag-smart-bikes","12":"product_tag-velo-dappartement","14":"first","15":"instock","16":"shipping-taxable","17":"purchasable","18":"product-type-simple"},"yoast_head":"<!-- This site is optimized with the Yoast SEO plugin v27.6 - https:\/\/yoast.com\/product\/yoast-seo-wordpress\/ -->\n<title>V\u00e9lo Smart Bike ION Fitness Tourmalet Alpine - Promotion - Vente d&#039;\u00c9lectrom\u00e9nager Neuf et Garanti \u00e0 Paris<\/title>\n<meta name=\"description\" content=\"V\u00e9lo Smart Bike ION Fitness Tourmalet Alpine - dispose de 16 niveaux d&#039;inclinaison et de -8 niveaux de d\u00e9clin, ce qui lui permet de recr\u00e9er de mani\u00e8re r\u00e9aliste la sensation du cyclisme en simulant des mont\u00e9es et des descentes, offrant ainsi une exp\u00e9rience de p\u00e9dalage authentique.\" \/>\n<meta name=\"robots\" content=\"index, follow, max-snippet:-1, max-image-preview:large, max-video-preview:-1\" \/>\n<link rel=\"canonical\" href=\"https:\/\/espacemenager2000.fr\/en\/product\/velo-smart-bike-ion-fitness-tourmalet-alpine\/\" \/>\n<meta property=\"og:locale\" content=\"en_US\" \/>\n<meta property=\"og:type\" content=\"article\" \/>\n<meta property=\"og:title\" content=\"V\u00e9lo Smart Bike ION Fitness Tourmalet Alpine - Promotion - Vente d&#039;\u00c9lectrom\u00e9nager Neuf et Garanti \u00e0 Paris\" \/>\n<meta property=\"og:description\" content=\"V\u00e9lo Smart Bike ION Fitness Tourmalet Alpine - dispose de 16 niveaux d&#039;inclinaison et de -8 niveaux de d\u00e9clin, ce qui lui permet de recr\u00e9er de mani\u00e8re r\u00e9aliste la sensation du cyclisme en simulant des mont\u00e9es et des descentes, offrant ainsi une exp\u00e9rience de p\u00e9dalage authentique.\" \/>\n<meta property=\"og:url\" content=\"https:\/\/espacemenager2000.fr\/en\/product\/velo-smart-bike-ion-fitness-tourmalet-alpine\/\" \/>\n<meta property=\"og:site_name\" content=\"Vente d&#039;\u00c9lectrom\u00e9nager Neuf et Garanti \u00e0 Paris\" \/>\n<meta property=\"article:publisher\" content=\"https:\/\/www.facebook.com\/p\/Espace-menager-2000-100068469618146\/\" \/>\n<meta property=\"article:modified_time\" content=\"2026-05-10T20:42:32+00:00\" \/>\n<meta property=\"og:image\" content=\"https:\/\/espacemenager2000.fr\/wp-content\/uploads\/2026\/05\/Velo-Smart-Bike-ION-Fitness-Tourmalet-Alpine-.jpg\" \/>\n\t<meta property=\"og:image:width\" content=\"800\" \/>\n\t<meta property=\"og:image:height\" content=\"800\" \/>\n\t<meta property=\"og:image:type\" content=\"image\/jpeg\" \/>\n<meta name=\"twitter:card\" content=\"summary_large_image\" \/>\n<meta name=\"twitter:label1\" content=\"Est. reading time\" \/>\n\t<meta name=\"twitter:data1\" content=\"3 minutes\" \/>\n<script type=\"application\/ld+json\" class=\"yoast-schema-graph\">{\"@context\":\"https:\\\/\\\/schema.org\",\"@graph\":[{\"@type\":\"WebPage\",\"@id\":\"https:\\\/\\\/espacemenager2000.fr\\\/produit\\\/velo-smart-bike-ion-fitness-tourmalet-alpine\\\/\",\"url\":\"https:\\\/\\\/espacemenager2000.fr\\\/produit\\\/velo-smart-bike-ion-fitness-tourmalet-alpine\\\/\",\"name\":\"V\u00e9lo Smart Bike ION Fitness Tourmalet Alpine - Promotion - Vente d&#039;\u00c9lectrom\u00e9nager Neuf et Garanti \u00e0 Paris\",\"isPartOf\":{\"@id\":\"https:\\\/\\\/espacemenager2000.fr\\\/#website\"},\"primaryImageOfPage\":{\"@id\":\"https:\\\/\\\/espacemenager2000.fr\\\/produit\\\/velo-smart-bike-ion-fitness-tourmalet-alpine\\\/#primaryimage\"},\"image\":{\"@id\":\"https:\\\/\\\/espacemenager2000.fr\\\/produit\\\/velo-smart-bike-ion-fitness-tourmalet-alpine\\\/#primaryimage\"},\"thumbnailUrl\":\"https:\\\/\\\/espacemenager2000.fr\\\/wp-content\\\/uploads\\\/2026\\\/05\\\/Velo-Smart-Bike-ION-Fitness-Tourmalet-Alpine-.jpg\",\"datePublished\":\"2025-12-22T16:16:54+00:00\",\"dateModified\":\"2026-05-10T20:42:32+00:00\",\"description\":\"V\u00e9lo Smart Bike ION Fitness Tourmalet Alpine - dispose de 16 niveaux d'inclinaison et de -8 niveaux de d\u00e9clin, ce qui lui permet de recr\u00e9er de mani\u00e8re r\u00e9aliste la sensation du cyclisme en simulant des mont\u00e9es et des descentes, offrant ainsi une exp\u00e9rience de p\u00e9dalage authentique.\",\"breadcrumb\":{\"@id\":\"https:\\\/\\\/espacemenager2000.fr\\\/produit\\\/velo-smart-bike-ion-fitness-tourmalet-alpine\\\/#breadcrumb\"},\"inLanguage\":\"en-US\",\"potentialAction\":[{\"@type\":\"ReadAction\",\"target\":[\"https:\\\/\\\/espacemenager2000.fr\\\/produit\\\/velo-smart-bike-ion-fitness-tourmalet-alpine\\\/\"]}]},{\"@type\":\"ImageObject\",\"inLanguage\":\"en-US\",\"@id\":\"https:\\\/\\\/espacemenager2000.fr\\\/produit\\\/velo-smart-bike-ion-fitness-tourmalet-alpine\\\/#primaryimage\",\"url\":\"https:\\\/\\\/espacemenager2000.fr\\\/wp-content\\\/uploads\\\/2026\\\/05\\\/Velo-Smart-Bike-ION-Fitness-Tourmalet-Alpine-.jpg\",\"contentUrl\":\"https:\\\/\\\/espacemenager2000.fr\\\/wp-content\\\/uploads\\\/2026\\\/05\\\/Velo-Smart-Bike-ION-Fitness-Tourmalet-Alpine-.jpg\",\"width\":800,\"height\":800},{\"@type\":\"BreadcrumbList\",\"@id\":\"https:\\\/\\\/espacemenager2000.fr\\\/produit\\\/velo-smart-bike-ion-fitness-tourmalet-alpine\\\/#breadcrumb\",\"itemListElement\":[{\"@type\":\"ListItem\",\"position\":1,\"name\":\"Accueil\",\"item\":\"https:\\\/\\\/espacemenager2000.fr\\\/\"},{\"@type\":\"ListItem\",\"position\":2,\"name\":\"Boutique\",\"item\":\"https:\\\/\\\/espacemenager2000.fr\\\/boutique\\\/\"},{\"@type\":\"ListItem\",\"position\":3,\"name\":\"V\u00e9lo Smart Bike ION Fitness Tourmalet Alpine\"}]},{\"@type\":\"WebSite\",\"@id\":\"https:\\\/\\\/espacemenager2000.fr\\\/#website\",\"url\":\"https:\\\/\\\/espacemenager2000.fr\\\/\",\"name\":\"Espace Menager 2000\",\"description\":\"Expert en \u00e9lectrom\u00e9nager depuis 2001, Espace M\u00e9nager 2000 vous propose une large gamme de produits : lave-linge, r\u00e9frig\u00e9rateurs, \u00e9lectronique et fitness. Profitez de notre savoir-faire en vente, r\u00e9paration et d\u00e9pannage. Livraison rapide dans toute la zone Euro. Qualit\u00e9 et service garantis.\",\"publisher\":{\"@id\":\"https:\\\/\\\/espacemenager2000.fr\\\/#organization\"},\"potentialAction\":[{\"@type\":\"SearchAction\",\"target\":{\"@type\":\"EntryPoint\",\"urlTemplate\":\"https:\\\/\\\/espacemenager2000.fr\\\/?s={search_term_string}\"},\"query-input\":{\"@type\":\"PropertyValueSpecification\",\"valueRequired\":true,\"valueName\":\"search_term_string\"}}],\"inLanguage\":\"en-US\"},{\"@type\":\"Organization\",\"@id\":\"https:\\\/\\\/espacemenager2000.fr\\\/#organization\",\"name\":\"Espace Menager 2000\",\"url\":\"https:\\\/\\\/espacemenager2000.fr\\\/\",\"logo\":{\"@type\":\"ImageObject\",\"inLanguage\":\"en-US\",\"@id\":\"https:\\\/\\\/espacemenager2000.fr\\\/#\\\/schema\\\/logo\\\/image\\\/\",\"url\":\"https:\\\/\\\/espacemenager2000.fr\\\/wp-content\\\/uploads\\\/2026\\\/05\\\/Fav-Em2000.png\",\"contentUrl\":\"https:\\\/\\\/espacemenager2000.fr\\\/wp-content\\\/uploads\\\/2026\\\/05\\\/Fav-Em2000.png\",\"width\":369,\"height\":369,\"caption\":\"Espace Menager 2000\"},\"image\":{\"@id\":\"https:\\\/\\\/espacemenager2000.fr\\\/#\\\/schema\\\/logo\\\/image\\\/\"},\"sameAs\":[\"https:\\\/\\\/www.facebook.com\\\/p\\\/Espace-menager-2000-100068469618146\\\/\"]}]}<\/script>\n<!-- \/ Yoast SEO plugin. -->","yoast_head_json":{"title":"V\u00e9lo Smart Bike ION Fitness Tourmalet Alpine - Promotion - Vente d&#039;\u00c9lectrom\u00e9nager Neuf et Garanti \u00e0 Paris","description":"V\u00e9lo Smart Bike ION Fitness Tourmalet Alpine - dispose de 16 niveaux d'inclinaison et de -8 niveaux de d\u00e9clin, ce qui lui permet de recr\u00e9er de mani\u00e8re r\u00e9aliste la sensation du cyclisme en simulant des mont\u00e9es et des descentes, offrant ainsi une exp\u00e9rience de p\u00e9dalage authentique.","robots":{"index":"index","follow":"follow","max-snippet":"max-snippet:-1","max-image-preview":"max-image-preview:large","max-video-preview":"max-video-preview:-1"},"canonical":"https:\/\/espacemenager2000.fr\/en\/product\/velo-smart-bike-ion-fitness-tourmalet-alpine\/","og_locale":"en_US","og_type":"article","og_title":"V\u00e9lo Smart Bike ION Fitness Tourmalet Alpine - Promotion - Vente d&#039;\u00c9lectrom\u00e9nager Neuf et Garanti \u00e0 Paris","og_description":"V\u00e9lo Smart Bike ION Fitness Tourmalet Alpine - dispose de 16 niveaux d'inclinaison et de -8 niveaux de d\u00e9clin, ce qui lui permet de recr\u00e9er de mani\u00e8re r\u00e9aliste la sensation du cyclisme en simulant des mont\u00e9es et des descentes, offrant ainsi une exp\u00e9rience de p\u00e9dalage authentique.","og_url":"https:\/\/espacemenager2000.fr\/en\/product\/velo-smart-bike-ion-fitness-tourmalet-alpine\/","og_site_name":"Vente d&#039;\u00c9lectrom\u00e9nager Neuf et Garanti \u00e0 Paris","article_publisher":"https:\/\/www.facebook.com\/p\/Espace-menager-2000-100068469618146\/","article_modified_time":"2026-05-10T20:42:32+00:00","og_image":[{"width":800,"height":800,"url":"https:\/\/espacemenager2000.fr\/wp-content\/uploads\/2026\/05\/Velo-Smart-Bike-ION-Fitness-Tourmalet-Alpine-.jpg","type":"image\/jpeg"}],"twitter_card":"summary_large_image","twitter_misc":{"Est. reading time":"3 minutes"},"schema":{"@context":"https:\/\/schema.org","@graph":[{"@type":"WebPage","@id":"https:\/\/espacemenager2000.fr\/produit\/velo-smart-bike-ion-fitness-tourmalet-alpine\/","url":"https:\/\/espacemenager2000.fr\/produit\/velo-smart-bike-ion-fitness-tourmalet-alpine\/","name":"V\u00e9lo Smart Bike ION Fitness Tourmalet Alpine - Promotion - Vente d&#039;\u00c9lectrom\u00e9nager Neuf et Garanti \u00e0 Paris","isPartOf":{"@id":"https:\/\/espacemenager2000.fr\/#website"},"primaryImageOfPage":{"@id":"https:\/\/espacemenager2000.fr\/produit\/velo-smart-bike-ion-fitness-tourmalet-alpine\/#primaryimage"},"image":{"@id":"https:\/\/espacemenager2000.fr\/produit\/velo-smart-bike-ion-fitness-tourmalet-alpine\/#primaryimage"},"thumbnailUrl":"https:\/\/espacemenager2000.fr\/wp-content\/uploads\/2026\/05\/Velo-Smart-Bike-ION-Fitness-Tourmalet-Alpine-.jpg","datePublished":"2025-12-22T16:16:54+00:00","dateModified":"2026-05-10T20:42:32+00:00","description":"V\u00e9lo Smart Bike ION Fitness Tourmalet Alpine - dispose de 16 niveaux d'inclinaison et de -8 niveaux de d\u00e9clin, ce qui lui permet de recr\u00e9er de mani\u00e8re r\u00e9aliste la sensation du cyclisme en simulant des mont\u00e9es et des descentes, offrant ainsi une exp\u00e9rience de p\u00e9dalage authentique.","breadcrumb":{"@id":"https:\/\/espacemenager2000.fr\/produit\/velo-smart-bike-ion-fitness-tourmalet-alpine\/#breadcrumb"},"inLanguage":"en-US","potentialAction":[{"@type":"ReadAction","target":["https:\/\/espacemenager2000.fr\/produit\/velo-smart-bike-ion-fitness-tourmalet-alpine\/"]}]},{"@type":"ImageObject","inLanguage":"en-US","@id":"https:\/\/espacemenager2000.fr\/produit\/velo-smart-bike-ion-fitness-tourmalet-alpine\/#primaryimage","url":"https:\/\/espacemenager2000.fr\/wp-content\/uploads\/2026\/05\/Velo-Smart-Bike-ION-Fitness-Tourmalet-Alpine-.jpg","contentUrl":"https:\/\/espacemenager2000.fr\/wp-content\/uploads\/2026\/05\/Velo-Smart-Bike-ION-Fitness-Tourmalet-Alpine-.jpg","width":800,"height":800},{"@type":"BreadcrumbList","@id":"https:\/\/espacemenager2000.fr\/produit\/velo-smart-bike-ion-fitness-tourmalet-alpine\/#breadcrumb","itemListElement":[{"@type":"ListItem","position":1,"name":"Accueil","item":"https:\/\/espacemenager2000.fr\/"},{"@type":"ListItem","position":2,"name":"Boutique","item":"https:\/\/espacemenager2000.fr\/boutique\/"},{"@type":"ListItem","position":3,"name":"V\u00e9lo Smart Bike ION Fitness Tourmalet Alpine"}]},{"@type":"WebSite","@id":"https:\/\/espacemenager2000.fr\/#website","url":"https:\/\/espacemenager2000.fr\/","name":"Espace Menager 2000","description":"Expert en \u00e9lectrom\u00e9nager depuis 2001, Espace M\u00e9nager 2000 vous propose une large gamme de produits : lave-linge, r\u00e9frig\u00e9rateurs, \u00e9lectronique et fitness. Profitez de notre savoir-faire en vente, r\u00e9paration et d\u00e9pannage. Livraison rapide dans toute la zone Euro. Qualit\u00e9 et service garantis.","publisher":{"@id":"https:\/\/espacemenager2000.fr\/#organization"},"potentialAction":[{"@type":"SearchAction","target":{"@type":"EntryPoint","urlTemplate":"https:\/\/espacemenager2000.fr\/?s={search_term_string}"},"query-input":{"@type":"PropertyValueSpecification","valueRequired":true,"valueName":"search_term_string"}}],"inLanguage":"en-US"},{"@type":"Organization","@id":"https:\/\/espacemenager2000.fr\/#organization","name":"Espace Menager 2000","url":"https:\/\/espacemenager2000.fr\/","logo":{"@type":"ImageObject","inLanguage":"en-US","@id":"https:\/\/espacemenager2000.fr\/#\/schema\/logo\/image\/","url":"https:\/\/espacemenager2000.fr\/wp-content\/uploads\/2026\/05\/Fav-Em2000.png","contentUrl":"https:\/\/espacemenager2000.fr\/wp-content\/uploads\/2026\/05\/Fav-Em2000.png","width":369,"height":369,"caption":"Espace Menager 2000"},"image":{"@id":"https:\/\/espacemenager2000.fr\/#\/schema\/logo\/image\/"},"sameAs":["https:\/\/www.facebook.com\/p\/Espace-menager-2000-100068469618146\/"]}]}},"_links":{"self":[{"href":"https:\/\/espacemenager2000.fr\/en\/wp-json\/wp\/v2\/product\/1369","targetHints":{"allow":["GET"]}}],"collection":[{"href":"https:\/\/espacemenager2000.fr\/en\/wp-json\/wp\/v2\/product"}],"about":[{"href":"https:\/\/espacemenager2000.fr\/en\/wp-json\/wp\/v2\/types\/product"}],"replies":[{"embeddable":true,"href":"https:\/\/espacemenager2000.fr\/en\/wp-json\/wp\/v2\/comments?post=1369"}],"wp:featuredmedia":[{"embeddable":true,"href":"https:\/\/espacemenager2000.fr\/en\/wp-json\/wp\/v2\/media\/1370"}],"wp:attachment":[{"href":"https:\/\/espacemenager2000.fr\/en\/wp-json\/wp\/v2\/media?parent=1369"}],"wp:term":[{"taxonomy":"product_brand","embeddable":true,"href":"https:\/\/espacemenager2000.fr\/en\/wp-json\/wp\/v2\/product_brand?post=1369"},{"taxonomy":"product_cat","embeddable":true,"href":"https:\/\/espacemenager2000.fr\/en\/wp-json\/wp\/v2\/product_cat?post=1369"},{"taxonomy":"product_tag","embeddable":true,"href":"https:\/\/espacemenager2000.fr\/en\/wp-json\/wp\/v2\/product_tag?post=1369"}],"curies":[{"name":"wp","href":"https:\/\/api.w.org\/{rel}","templated":true}]}}