{"id":13649,"date":"2026-05-10T20:49:10","date_gmt":"2026-05-10T20:49:10","guid":{"rendered":"https:\/\/espacemenager2000.fr\/?post_type=product&#038;p=13649"},"modified":"2026-05-10T20:49:24","modified_gmt":"2026-05-10T20:49:24","slug":"tapis-de-course-reebok-fr20z-floatride","status":"publish","type":"product","link":"https:\/\/espacemenager2000.fr\/en\/product\/tapis-de-course-reebok-fr20z-floatride\/","title":{"rendered":"Tapis de Course Reebok FR20z Floatride"},"content":{"rendered":"<h2>Tapis de Course Reebok FR20z Floatride<\/h2>\n<div><strong>Le FR20z Floatride ou Tapis de Course Reebok FR20z Floatride<\/strong>\u00a0est dot\u00e9 de la derni\u00e8re technologie de tapis roulant pour faire avancer l&#8217;exp\u00e9rience de course \u00e0 domicile. Con\u00e7u enti\u00e8rement autour du coureur \u00e0 domicile, le FR20z prend la solidit\u00e9 et la fiabilit\u00e9 que vous attendez d&#8217;un tapis roulant commercial \u00e0 usage intensif et reconditionne ces m\u00eames caract\u00e9ristiques et avantages dans un<strong>\u00a0design \u00e9l\u00e9gant et minimaliste, sp\u00e9cialement con\u00e7u pour compl\u00e9ter n&#8217;importe quel environnement domestique.<\/strong><\/div>\n<div><\/div>\n<div>\n<h3 style=\"font-weight: 400;\">Caract\u00e9ristiques Tapis de Course Reebok FR20z Floatride<\/h3>\n<p><b><strong>Le FR20z Floatride<\/strong><\/b>\u00a0est dot\u00e9 de la derni\u00e8re technologie de tapis roulant pour faire avancer l&#8217;exp\u00e9rience de course \u00e0 domicile. Con\u00e7u enti\u00e8rement autour du coureur \u00e0 domicile, le FR20z prend la solidit\u00e9 et la fiabilit\u00e9 que vous attendez d&#8217;un tapis roulant commercial \u00e0 usage intensif et reconditionne ces m\u00eames caract\u00e9ristiques et avantages dans un<b><strong>\u00a0design \u00e9l\u00e9gant et minimaliste, sp\u00e9cialement con\u00e7u pour compl\u00e9ter n&#8217;importe quel environnement domestique.<\/strong><\/b><\/p>\n<p><b><strong>Au c\u0153ur du FR20z<\/strong><\/b>\u00a0se trouve le dernier moteur \u00e9co-cin\u00e9tique de\u00a0<b><strong>Reebok<\/strong><\/b>, fournissant une puissance impressionnante \u00e0 partir d&#8217;une unit\u00e9 d&#8217;alimentation compacte, silencieuse et \u00e9conome en \u00e9nergie. Log\u00e9 efficacement sous le capot moteur \u00e9l\u00e9gant, le moteur \u00e9co-cin\u00e9tique atteint une puissance maximale de 2,25 CV, propulsant sans effort le coureur \u00e0 des vitesses allant jusqu&#8217;\u00e0\u00a0<b><strong>18 km\/h (11,2 mph).<\/strong><\/b>\u00a0La course n&#8217;est pas seulement une question de vitesse, c&#8217;est pourquoi l&#8217;endurance du moteur a \u00e9t\u00e9 rigoureusement test\u00e9e pour garantir une fiabilit\u00e9 maximale tout au long de sa dur\u00e9e de vie.<\/p>\n<p><b><strong>S&#8217;inspirant de la chaussure de course prim\u00e9e Floatride, la plate-forme de course FR20z int\u00e8gre Floatride +<\/strong><\/b>, la derni\u00e8re innovation en mati\u00e8re de technologie d&#8217;amorti pour tapis de course. Des zones d&#8217;amorti strat\u00e9giquement plac\u00e9es le long du pont aident \u00e0 r\u00e9duire les contraintes d&#8217;impact sur les articulations et \u00e0 absorber efficacement l&#8217;\u00e9nergie pour offrir une exp\u00e9rience d&#8217;amorti dynamis\u00e9e pour une conduite ultra-douce.<\/p>\n<p>Le coureur a le contr\u00f4le total de son exp\u00e9rience, avec<b><strong>\u00a015 niveaux d&#8217;inclinaison de puissance sur simple pression d&#8217;un bouton et 24 programmes de fitness motivants parmi lesquels choisir.<\/strong><\/b>\u00a0Cela peut \u00eatre encore am\u00e9lior\u00e9 en cr\u00e9ant des entra\u00eenements personnels et en synchronisant le FR20z avec Zwift, une exp\u00e9rience de course en ligne immersive construite autour d&#8217;une communaut\u00e9 mondiale de coureurs connect\u00e9s. Ils peuvent \u00e9galement suivre le rythme et rester motiv\u00e9s en diffusant leurs morceaux de musique pr\u00e9f\u00e9r\u00e9s \u00e0 partir des haut-parleurs surround int\u00e9gr\u00e9s ou en regardant les derni\u00e8res \u00e9missions de t\u00e9l\u00e9vision et les derniers films \u00e0 l&#8217;aide de la station d&#8217;accueil multim\u00e9dia pour appareil intelligent.<\/p>\n<p>\u00c9galement compatible avec Kinomap, le FR20z vous aide \u00e0 pousser encore plus loin vos entra\u00eenements \u00e0 domicile. Avec une multitude de d\u00e9fis et de vid\u00e9os anim\u00e9es sc\u00e9niques \u00e0 votre disposition,<b><strong>\u00a0l&#8217;application Kinomap vous aide \u00e0 personnaliser et \u00e0 suivre vos entra\u00eenements depuis votre t\u00e9l\u00e9phone, ou m\u00eame \u00e0 rivaliser avec vos amis en mode multijoueur.<\/strong><\/b><\/p>\n<p>Les progr\u00e8s sont suivis via la\u00a0<b><strong>console LED<\/strong><\/b>\u00a0mince avec un \u00e9ventail de mesures de r\u00e9troaction en direct, notamment la<b><strong>\u00a0vitesse, la distance, le temps, les calories, la fr\u00e9quence cardiaque et plus encore.<\/strong><\/b><\/p>\n<h3><b><strong>Points cl\u00e9s<\/strong><\/b><\/h3>\n<p><b><strong>Sp\u00e9cifications de l&#8217;ordinateur<\/strong><\/b><\/p>\n<p>24 programmes, 3 utilisateurs et graisse corporelle<\/p>\n<p><b><strong>R\u00e9tro-\u00e9clairage Lcd<\/strong><\/b><\/p>\n<p>LED blanche<\/p>\n<h4><b><strong>Programmes\u00a0<\/strong><\/b><b><strong>\u00a0(32)<\/strong><\/b><\/h4>\n<ul>\n<li>Heure cible<\/li>\n<li>Distance cible<\/li>\n<li>Calories cibles<\/li>\n<li>24 programmes pr\u00e9d\u00e9finis<\/li>\n<li>3 programmes d\u00e9finis par l&#8217;utilisateur<\/li>\n<li>Manuel<\/li>\n<li>Graisse<\/li>\n<\/ul>\n<h4><b><strong>Caract\u00e9ristiques<\/strong><\/b><\/h4>\n<ul>\n<li>Syst\u00e8me de suspension<\/li>\n<li>Touches de vitesse rapide<\/li>\n<li>Touches d&#8217;inclinaison rapide<\/li>\n<li>Capteur d&#8217;impulsion manuel<\/li>\n<li>Roues de transport<\/li>\n<li>R\u00e9glage du niveau du sol<\/li>\n<li>Dongle Bluetooth<\/li>\n<li>Station d&#8217;accueil pour iPad<\/li>\n<li>USB &#8211; Chargement<\/li>\n<li>APPLICATION (connexion BT)<\/li>\n<li>Haut-parleur Bluetooth<\/li>\n<li>Musique Bluetooth<\/li>\n<\/ul>\n<h4><b><strong>Fonctions<\/strong><\/b><\/h4>\n<ul>\n<li>Vitesse<\/li>\n<li>Temps<\/li>\n<li>Distance<\/li>\n<li>calories<\/li>\n<li>Inclinaison<\/li>\n<li>Fr\u00e9quence cardiaque<\/li>\n<li>Graisse corporelle<\/li>\n<\/ul>\n<h4><b><strong>Caract\u00e9ristiques<\/strong><\/b><\/h4>\n<ul>\n<li>Moteur \u00e9co-cin\u00e9tique puissant, silencieux et \u00e9co\u00e9nerg\u00e9tique de 2,25 CV<\/li>\n<li>Plage de vitesse de 1 \u00e0 18 km\/h (0,6 \u00e0 11,2 mph)<\/li>\n<li>Technologie d&#8217;amorti Floatride+ pour une course ultra-douce<\/li>\n<li>15 niveaux d&#8217;inclinaison de puissance pour adapter l&#8217;intensit\u00e9<\/li>\n<li>Touches de vitesse et d&#8217;inclinaison rapides situ\u00e9es sur les repose-mains<\/li>\n<li>24 pr\u00e9r\u00e9glages de motivation + 3 programmes d\u00e9finis par l&#8217;utilisateur<\/li>\n<li>3 modes cibles comprenant la distance, le temps et les calories<\/li>\n<li>Compatible avec Kinomap &#8211; ex\u00e9cutez des itin\u00e9raires du monde r\u00e9el, d\u00e9fiez vos amis et analysez les entra\u00eenements<\/li>\n<li>\u00c9cran LED \u00e0 r\u00e9ponse tactile avec fonction de pivot r\u00e9glable et lunette illumin\u00e9e<\/li>\n<li>Les mesures de r\u00e9troaction en direct incluent la vitesse, le temps, la distance, les calories, le pouls, la fr\u00e9quence cardiaque et la graisse corporelle<\/li>\n<li>Capteurs de pouls manuels situ\u00e9s sur les repose-mains<\/li>\n<li>Syst\u00e8me de haut-parleurs Bluetooth \u00e0 son surround int\u00e9gr\u00e9<\/li>\n<li>Station d&#8217;accueil multim\u00e9dia adapt\u00e9e \u00e0 tous les principaux t\u00e9l\u00e9phones intelligents et tablettes<\/li>\n<\/ul>\n<h4><b><strong>Sp\u00e9cifications<\/strong><\/b><\/h4>\n<ul>\n<li><b><strong>Zone de course spacieuse<\/strong><\/b>\u00a0: 140 cm (L) x 46 cm (L)<\/li>\n<li>Qualit\u00e9 de construction solide avec un max. poids utilisateur de 120 kg<\/li>\n<li>Le pont de course fixe cr\u00e9e une plate-forme plus solide et plus stable<\/li>\n<li>Configuration simple en 15 minutes avec des instructions de montage faciles \u00e0 suivre et tous les outils inclus<\/li>\n<li><b><strong>Dimensions d&#8217;installation<\/strong><\/b>\u00a0: 177 cm (L) x 69 cm (L) x 115 cm (H)<\/li>\n<li>Les roues de transport int\u00e9gr\u00e9es facilitent le d\u00e9placement une fois l&#8217;installation termin\u00e9e<\/li>\n<li>Espace de rangement pratique pour les petits objets situ\u00e9 derri\u00e8re la console<\/li>\n<li>R\u00e9glage du niveau du sol pour assurer une mise \u00e0 la terre solide<b><strong><br \/>\n<\/strong><\/b><\/li>\n<li><b><strong>Charge maximale<\/strong><\/b>: 120 kg \/ 264.55 lbs.<\/li>\n<li><b><strong>Poids\u00a0<\/strong><\/b>: 72 kg<\/li>\n<\/ul>\n<h4><b><strong>Apps<\/strong><\/b><\/h4>\n<h5><b><strong>Compatible Zwift<\/strong><\/b><\/h5>\n<p>Ce tapis de course est compatible avec Zwift, une exp\u00e9rience de course en ligne immersive construite autour d&#8217;une communaut\u00e9 mondiale de coureurs connect\u00e9s. Avec les Floatrides activ\u00e9s par Zwift vous permettant d&#8217;effectuer plus de 1000 entra\u00eenements organis\u00e9s par des entra\u00eeneurs de course d&#8217;\u00e9lite, vous pouvez travailler pour devenir le coureur que vous voulez devenir.<\/p>\n<h5><b><strong>Compatible Kinomap<\/strong><\/b><\/h5>\n<p>Ce tapis de course est compatible avec Kinomap*, ce qui vous permet de pousser encore plus loin vos entra\u00eenements \u00e0 domicile.\u00a0 Avec une multitude de d\u00e9fis et de fonctionnalit\u00e9s bonus, Kinomap vous permet de parcourir des itin\u00e9raires du monde r\u00e9el, de d\u00e9fier vos amis et d&#8217;analyser les entra\u00eenements.<\/p>\n<p>(*Abonnement Kinomap requis)<\/p>\n<p><b>Comment assembler votre Tapis de Course Reebok FR20z Floatride [\u00c9TAPE PAR \u00c9TAPE]<\/b><\/p>\n<p><b><strong>Application Reebok Console<\/strong><\/b><\/p>\n<p><b><strong>D\u00e9couvrez l&#8217;application Reebok Console : le partenaire id\u00e9al pour votre tapis de course, votre v\u00e9lo, votre cross trainer ou votre rameur<\/strong><\/b><\/p>\n<ul>\n<li>Portez votre entra\u00eenement vers de nouveaux sommets gr\u00e2ce \u00e0 une application intuitive qui insuffle une nouvelle vie \u00e0 vos s\u00e9ances. Connectez-vous \u00e0 des applications d&#8217;entra\u00eenement populaires telles que Zwift, Kinomap et Peloton pour apporter de l&#8217;enthousiasme et de la diversit\u00e9 \u00e0 chaque s\u00e9ance d&#8217;entra\u00eenement, ce qui vous permet de rejoindre des classes interactives et de d\u00e9couvrir des environnements d&#8217;entra\u00eenement plus immersifs.<\/li>\n<li>D\u00e9couvrez une s\u00e9lection vari\u00e9e de programmes de fitness pr\u00eats \u00e0 l&#8217;emploi, con\u00e7us exclusivement pour les machines cardio Reebok. Lancez-vous des d\u00e9fis et surveillez votre d\u00e9veloppement gr\u00e2ce \u00e0 des rapports de performance d\u00e9taill\u00e9s, suivez l&#8217;\u00e9volution de votre parcours et obtenez des informations pr\u00e9cieuses sur votre entra\u00eenement. De plus, vous pouvez partager directement les \u00e9tapes de votre entra\u00eenement sur vos plateformes de m\u00e9dias sociaux pour c\u00e9l\u00e9brer chaque r\u00e9ussite.<\/li>\n<li>Utilisez sans effort l&#8217;application sur votre smartphone ou votre tablette \u00e0 travers notre gamme cardio, en documentant chaque s\u00e9ance d&#8217;entra\u00eenement au fur et \u00e0 mesure que vous progressez vers vos objectifs de remise en forme. En outre, vous pouvez synchroniser vos donn\u00e9es d&#8217;entra\u00eenement avec des applications externes de suivi de la sant\u00e9 et de la condition physique, ce qui vous permet de continuer \u00e0 utiliser vos outils pr\u00e9f\u00e9r\u00e9s tout en pr\u00e9servant la s\u00e9curit\u00e9 et la confidentialit\u00e9 des donn\u00e9es gr\u00e2ce au cryptage TLS.<\/li>\n<\/ul>\n<\/div>\n","protected":false},"excerpt":{"rendered":"<div class=\"product attribute overview\">\n<div class=\"value\">\n<div><strong>Le FR20z Floatride<\/strong>\u00a0est dot\u00e9 de la derni\u00e8re technologie de tapis roulant pour faire avancer l&#8217;exp\u00e9rience de course \u00e0 domicile. Con\u00e7u enti\u00e8rement autour du coureur \u00e0 domicile, le FR20z prend la solidit\u00e9 et la fiabilit\u00e9 que vous attendez d&#8217;un tapis roulant commercial \u00e0 usage intensif et reconditionne ces m\u00eames caract\u00e9ristiques et avantages dans un<strong>\u00a0design \u00e9l\u00e9gant et minimaliste, sp\u00e9cialement con\u00e7u pour compl\u00e9ter n&#8217;importe quel environnement domestique.<\/strong><\/div>\n<\/div>\n<\/div>","protected":false},"featured_media":13683,"comment_status":"open","ping_status":"closed","template":"","meta":[],"product_brand":[36],"product_cat":[17,18,20,19],"product_tag":[22,23],"class_list":{"0":"post-13649","1":"product","2":"type-product","3":"status-publish","4":"has-post-thumbnail","6":"product_brand-reebok","7":"product_cat-bons-plans","8":"product_cat-promotions","9":"product_cat-tapis-de-course","10":"product_cat-training-fitness","11":"product_tag-tapis-de-course","12":"product_tag-tapis-de-course-bh","14":"first","15":"instock","16":"sale","17":"shipping-taxable","18":"purchasable","19":"product-type-variable"},"yoast_head":"<!-- This site is optimized with the Yoast SEO plugin v27.6 - https:\/\/yoast.com\/product\/yoast-seo-wordpress\/ -->\n<title>Tapis de Course Reebok FR20z Floatride - Promotion - Vente d&#039;\u00c9lectrom\u00e9nager Neuf et Garanti \u00e0 Paris<\/title>\n<meta name=\"description\" content=\"Tapis de Course Reebok FR20z Floatride - Zone de course spacieuse : 140 cm (L) x 46 cm (L) - Charge maximale: 120 kg \/ 264.55 lbs. - Poids : 72 kg\" \/>\n<meta name=\"robots\" content=\"index, follow, max-snippet:-1, max-image-preview:large, max-video-preview:-1\" \/>\n<link rel=\"canonical\" href=\"https:\/\/espacemenager2000.fr\/en\/product\/tapis-de-course-reebok-fr20z-floatride\/\" \/>\n<meta property=\"og:locale\" content=\"en_US\" \/>\n<meta property=\"og:type\" content=\"article\" \/>\n<meta property=\"og:title\" content=\"Tapis de Course Reebok FR20z Floatride - Promotion - Vente d&#039;\u00c9lectrom\u00e9nager Neuf et Garanti \u00e0 Paris\" \/>\n<meta property=\"og:description\" content=\"Tapis de Course Reebok FR20z Floatride - Zone de course spacieuse : 140 cm (L) x 46 cm (L) - Charge maximale: 120 kg \/ 264.55 lbs. - Poids : 72 kg\" \/>\n<meta property=\"og:url\" content=\"https:\/\/espacemenager2000.fr\/en\/product\/tapis-de-course-reebok-fr20z-floatride\/\" \/>\n<meta property=\"og:site_name\" content=\"Vente d&#039;\u00c9lectrom\u00e9nager Neuf et Garanti \u00e0 Paris\" \/>\n<meta property=\"article:publisher\" content=\"https:\/\/www.facebook.com\/p\/Espace-menager-2000-100068469618146\/\" \/>\n<meta property=\"article:modified_time\" content=\"2026-05-10T20:49:24+00:00\" \/>\n<meta property=\"og:image\" content=\"https:\/\/espacemenager2000.fr\/wp-content\/uploads\/2026\/05\/Tapis-de-Course-Reebok-FR30z-Floatride-.jpg\" \/>\n\t<meta property=\"og:image:width\" content=\"800\" \/>\n\t<meta property=\"og:image:height\" content=\"800\" \/>\n\t<meta property=\"og:image:type\" content=\"image\/jpeg\" \/>\n<meta name=\"twitter:card\" content=\"summary_large_image\" \/>\n<meta name=\"twitter:label1\" content=\"Est. reading time\" \/>\n\t<meta name=\"twitter:data1\" content=\"7 minutes\" \/>\n<script type=\"application\/ld+json\" class=\"yoast-schema-graph\">{\"@context\":\"https:\\\/\\\/schema.org\",\"@graph\":[{\"@type\":\"WebPage\",\"@id\":\"https:\\\/\\\/espacemenager2000.fr\\\/produit\\\/tapis-de-course-reebok-fr20z-floatride\\\/\",\"url\":\"https:\\\/\\\/espacemenager2000.fr\\\/produit\\\/tapis-de-course-reebok-fr20z-floatride\\\/\",\"name\":\"Tapis de Course Reebok FR20z Floatride - Promotion - Vente d&#039;\u00c9lectrom\u00e9nager Neuf et Garanti \u00e0 Paris\",\"isPartOf\":{\"@id\":\"https:\\\/\\\/espacemenager2000.fr\\\/#website\"},\"primaryImageOfPage\":{\"@id\":\"https:\\\/\\\/espacemenager2000.fr\\\/produit\\\/tapis-de-course-reebok-fr20z-floatride\\\/#primaryimage\"},\"image\":{\"@id\":\"https:\\\/\\\/espacemenager2000.fr\\\/produit\\\/tapis-de-course-reebok-fr20z-floatride\\\/#primaryimage\"},\"thumbnailUrl\":\"https:\\\/\\\/espacemenager2000.fr\\\/wp-content\\\/uploads\\\/2026\\\/05\\\/Tapis-de-Course-Reebok-FR30z-Floatride-.jpg\",\"datePublished\":\"2026-05-10T20:49:10+00:00\",\"dateModified\":\"2026-05-10T20:49:24+00:00\",\"description\":\"Tapis de Course Reebok FR20z Floatride - Zone de course spacieuse : 140 cm (L) x 46 cm (L) - Charge maximale: 120 kg \\\/ 264.55 lbs. - Poids : 72 kg\",\"breadcrumb\":{\"@id\":\"https:\\\/\\\/espacemenager2000.fr\\\/produit\\\/tapis-de-course-reebok-fr20z-floatride\\\/#breadcrumb\"},\"inLanguage\":\"en-US\",\"potentialAction\":[{\"@type\":\"ReadAction\",\"target\":[\"https:\\\/\\\/espacemenager2000.fr\\\/produit\\\/tapis-de-course-reebok-fr20z-floatride\\\/\"]}]},{\"@type\":\"ImageObject\",\"inLanguage\":\"en-US\",\"@id\":\"https:\\\/\\\/espacemenager2000.fr\\\/produit\\\/tapis-de-course-reebok-fr20z-floatride\\\/#primaryimage\",\"url\":\"https:\\\/\\\/espacemenager2000.fr\\\/wp-content\\\/uploads\\\/2026\\\/05\\\/Tapis-de-Course-Reebok-FR30z-Floatride-.jpg\",\"contentUrl\":\"https:\\\/\\\/espacemenager2000.fr\\\/wp-content\\\/uploads\\\/2026\\\/05\\\/Tapis-de-Course-Reebok-FR30z-Floatride-.jpg\",\"width\":800,\"height\":800},{\"@type\":\"BreadcrumbList\",\"@id\":\"https:\\\/\\\/espacemenager2000.fr\\\/produit\\\/tapis-de-course-reebok-fr20z-floatride\\\/#breadcrumb\",\"itemListElement\":[{\"@type\":\"ListItem\",\"position\":1,\"name\":\"Accueil\",\"item\":\"https:\\\/\\\/espacemenager2000.fr\\\/\"},{\"@type\":\"ListItem\",\"position\":2,\"name\":\"Boutique\",\"item\":\"https:\\\/\\\/espacemenager2000.fr\\\/boutique\\\/\"},{\"@type\":\"ListItem\",\"position\":3,\"name\":\"Tapis de Course Reebok FR20z Floatride\"}]},{\"@type\":\"WebSite\",\"@id\":\"https:\\\/\\\/espacemenager2000.fr\\\/#website\",\"url\":\"https:\\\/\\\/espacemenager2000.fr\\\/\",\"name\":\"Espace Menager 2000\",\"description\":\"Expert en \u00e9lectrom\u00e9nager depuis 2001, Espace M\u00e9nager 2000 vous propose une large gamme de produits : lave-linge, r\u00e9frig\u00e9rateurs, \u00e9lectronique et fitness. Profitez de notre savoir-faire en vente, r\u00e9paration et d\u00e9pannage. Livraison rapide dans toute la zone Euro. Qualit\u00e9 et service garantis.\",\"publisher\":{\"@id\":\"https:\\\/\\\/espacemenager2000.fr\\\/#organization\"},\"potentialAction\":[{\"@type\":\"SearchAction\",\"target\":{\"@type\":\"EntryPoint\",\"urlTemplate\":\"https:\\\/\\\/espacemenager2000.fr\\\/?s={search_term_string}\"},\"query-input\":{\"@type\":\"PropertyValueSpecification\",\"valueRequired\":true,\"valueName\":\"search_term_string\"}}],\"inLanguage\":\"en-US\"},{\"@type\":\"Organization\",\"@id\":\"https:\\\/\\\/espacemenager2000.fr\\\/#organization\",\"name\":\"Espace Menager 2000\",\"url\":\"https:\\\/\\\/espacemenager2000.fr\\\/\",\"logo\":{\"@type\":\"ImageObject\",\"inLanguage\":\"en-US\",\"@id\":\"https:\\\/\\\/espacemenager2000.fr\\\/#\\\/schema\\\/logo\\\/image\\\/\",\"url\":\"https:\\\/\\\/espacemenager2000.fr\\\/wp-content\\\/uploads\\\/2026\\\/05\\\/Fav-Em2000.png\",\"contentUrl\":\"https:\\\/\\\/espacemenager2000.fr\\\/wp-content\\\/uploads\\\/2026\\\/05\\\/Fav-Em2000.png\",\"width\":369,\"height\":369,\"caption\":\"Espace Menager 2000\"},\"image\":{\"@id\":\"https:\\\/\\\/espacemenager2000.fr\\\/#\\\/schema\\\/logo\\\/image\\\/\"},\"sameAs\":[\"https:\\\/\\\/www.facebook.com\\\/p\\\/Espace-menager-2000-100068469618146\\\/\"]}]}<\/script>\n<!-- \/ Yoast SEO plugin. -->","yoast_head_json":{"title":"Tapis de Course Reebok FR20z Floatride - Promotion - Vente d&#039;\u00c9lectrom\u00e9nager Neuf et Garanti \u00e0 Paris","description":"Tapis de Course Reebok FR20z Floatride - Zone de course spacieuse : 140 cm (L) x 46 cm (L) - Charge maximale: 120 kg \/ 264.55 lbs. - Poids : 72 kg","robots":{"index":"index","follow":"follow","max-snippet":"max-snippet:-1","max-image-preview":"max-image-preview:large","max-video-preview":"max-video-preview:-1"},"canonical":"https:\/\/espacemenager2000.fr\/en\/product\/tapis-de-course-reebok-fr20z-floatride\/","og_locale":"en_US","og_type":"article","og_title":"Tapis de Course Reebok FR20z Floatride - Promotion - Vente d&#039;\u00c9lectrom\u00e9nager Neuf et Garanti \u00e0 Paris","og_description":"Tapis de Course Reebok FR20z Floatride - Zone de course spacieuse : 140 cm (L) x 46 cm (L) - Charge maximale: 120 kg \/ 264.55 lbs. - Poids : 72 kg","og_url":"https:\/\/espacemenager2000.fr\/en\/product\/tapis-de-course-reebok-fr20z-floatride\/","og_site_name":"Vente d&#039;\u00c9lectrom\u00e9nager Neuf et Garanti \u00e0 Paris","article_publisher":"https:\/\/www.facebook.com\/p\/Espace-menager-2000-100068469618146\/","article_modified_time":"2026-05-10T20:49:24+00:00","og_image":[{"width":800,"height":800,"url":"https:\/\/espacemenager2000.fr\/wp-content\/uploads\/2026\/05\/Tapis-de-Course-Reebok-FR30z-Floatride-.jpg","type":"image\/jpeg"}],"twitter_card":"summary_large_image","twitter_misc":{"Est. reading time":"7 minutes"},"schema":{"@context":"https:\/\/schema.org","@graph":[{"@type":"WebPage","@id":"https:\/\/espacemenager2000.fr\/produit\/tapis-de-course-reebok-fr20z-floatride\/","url":"https:\/\/espacemenager2000.fr\/produit\/tapis-de-course-reebok-fr20z-floatride\/","name":"Tapis de Course Reebok FR20z Floatride - Promotion - Vente d&#039;\u00c9lectrom\u00e9nager Neuf et Garanti \u00e0 Paris","isPartOf":{"@id":"https:\/\/espacemenager2000.fr\/#website"},"primaryImageOfPage":{"@id":"https:\/\/espacemenager2000.fr\/produit\/tapis-de-course-reebok-fr20z-floatride\/#primaryimage"},"image":{"@id":"https:\/\/espacemenager2000.fr\/produit\/tapis-de-course-reebok-fr20z-floatride\/#primaryimage"},"thumbnailUrl":"https:\/\/espacemenager2000.fr\/wp-content\/uploads\/2026\/05\/Tapis-de-Course-Reebok-FR30z-Floatride-.jpg","datePublished":"2026-05-10T20:49:10+00:00","dateModified":"2026-05-10T20:49:24+00:00","description":"Tapis de Course Reebok FR20z Floatride - Zone de course spacieuse : 140 cm (L) x 46 cm (L) - Charge maximale: 120 kg \/ 264.55 lbs. - Poids : 72 kg","breadcrumb":{"@id":"https:\/\/espacemenager2000.fr\/produit\/tapis-de-course-reebok-fr20z-floatride\/#breadcrumb"},"inLanguage":"en-US","potentialAction":[{"@type":"ReadAction","target":["https:\/\/espacemenager2000.fr\/produit\/tapis-de-course-reebok-fr20z-floatride\/"]}]},{"@type":"ImageObject","inLanguage":"en-US","@id":"https:\/\/espacemenager2000.fr\/produit\/tapis-de-course-reebok-fr20z-floatride\/#primaryimage","url":"https:\/\/espacemenager2000.fr\/wp-content\/uploads\/2026\/05\/Tapis-de-Course-Reebok-FR30z-Floatride-.jpg","contentUrl":"https:\/\/espacemenager2000.fr\/wp-content\/uploads\/2026\/05\/Tapis-de-Course-Reebok-FR30z-Floatride-.jpg","width":800,"height":800},{"@type":"BreadcrumbList","@id":"https:\/\/espacemenager2000.fr\/produit\/tapis-de-course-reebok-fr20z-floatride\/#breadcrumb","itemListElement":[{"@type":"ListItem","position":1,"name":"Accueil","item":"https:\/\/espacemenager2000.fr\/"},{"@type":"ListItem","position":2,"name":"Boutique","item":"https:\/\/espacemenager2000.fr\/boutique\/"},{"@type":"ListItem","position":3,"name":"Tapis de Course Reebok FR20z Floatride"}]},{"@type":"WebSite","@id":"https:\/\/espacemenager2000.fr\/#website","url":"https:\/\/espacemenager2000.fr\/","name":"Espace Menager 2000","description":"Expert en \u00e9lectrom\u00e9nager depuis 2001, Espace M\u00e9nager 2000 vous propose une large gamme de produits : lave-linge, r\u00e9frig\u00e9rateurs, \u00e9lectronique et fitness. Profitez de notre savoir-faire en vente, r\u00e9paration et d\u00e9pannage. Livraison rapide dans toute la zone Euro. Qualit\u00e9 et service garantis.","publisher":{"@id":"https:\/\/espacemenager2000.fr\/#organization"},"potentialAction":[{"@type":"SearchAction","target":{"@type":"EntryPoint","urlTemplate":"https:\/\/espacemenager2000.fr\/?s={search_term_string}"},"query-input":{"@type":"PropertyValueSpecification","valueRequired":true,"valueName":"search_term_string"}}],"inLanguage":"en-US"},{"@type":"Organization","@id":"https:\/\/espacemenager2000.fr\/#organization","name":"Espace Menager 2000","url":"https:\/\/espacemenager2000.fr\/","logo":{"@type":"ImageObject","inLanguage":"en-US","@id":"https:\/\/espacemenager2000.fr\/#\/schema\/logo\/image\/","url":"https:\/\/espacemenager2000.fr\/wp-content\/uploads\/2026\/05\/Fav-Em2000.png","contentUrl":"https:\/\/espacemenager2000.fr\/wp-content\/uploads\/2026\/05\/Fav-Em2000.png","width":369,"height":369,"caption":"Espace Menager 2000"},"image":{"@id":"https:\/\/espacemenager2000.fr\/#\/schema\/logo\/image\/"},"sameAs":["https:\/\/www.facebook.com\/p\/Espace-menager-2000-100068469618146\/"]}]}},"_links":{"self":[{"href":"https:\/\/espacemenager2000.fr\/en\/wp-json\/wp\/v2\/product\/13649","targetHints":{"allow":["GET"]}}],"collection":[{"href":"https:\/\/espacemenager2000.fr\/en\/wp-json\/wp\/v2\/product"}],"about":[{"href":"https:\/\/espacemenager2000.fr\/en\/wp-json\/wp\/v2\/types\/product"}],"replies":[{"embeddable":true,"href":"https:\/\/espacemenager2000.fr\/en\/wp-json\/wp\/v2\/comments?post=13649"}],"wp:featuredmedia":[{"embeddable":true,"href":"https:\/\/espacemenager2000.fr\/en\/wp-json\/wp\/v2\/media\/13683"}],"wp:attachment":[{"href":"https:\/\/espacemenager2000.fr\/en\/wp-json\/wp\/v2\/media?parent=13649"}],"wp:term":[{"taxonomy":"product_brand","embeddable":true,"href":"https:\/\/espacemenager2000.fr\/en\/wp-json\/wp\/v2\/product_brand?post=13649"},{"taxonomy":"product_cat","embeddable":true,"href":"https:\/\/espacemenager2000.fr\/en\/wp-json\/wp\/v2\/product_cat?post=13649"},{"taxonomy":"product_tag","embeddable":true,"href":"https:\/\/espacemenager2000.fr\/en\/wp-json\/wp\/v2\/product_tag?post=13649"}],"curies":[{"name":"wp","href":"https:\/\/api.w.org\/{rel}","templated":true}]}}