{"id":13647,"date":"2026-05-10T20:49:10","date_gmt":"2026-05-10T20:49:10","guid":{"rendered":"https:\/\/espacemenager2000.fr\/?post_type=product&#038;p=13647"},"modified":"2026-05-10T20:49:23","modified_gmt":"2026-05-10T20:49:23","slug":"tapis-de-course-reebok-jet-100-z","status":"publish","type":"product","link":"https:\/\/espacemenager2000.fr\/en\/product\/tapis-de-course-reebok-jet-100-z\/","title":{"rendered":"Tapis de course Reebok Jet 100 Z"},"content":{"rendered":"<h2>Tapis de course Reebok Jet 100 Z<\/h2>\n<div><strong>Le tapis de course Reebok Jet 100 Z\u00a0<\/strong>est id\u00e9al pour les s\u00e9ances d&#8217;entra\u00eenement cardio \u00e0 domicile gr\u00e2ce \u00e0 son moteur 2.0 Hp, qui offre des vitesses de 1 \u00e0 18 km\/h (0,6 \u00e0 11 mph) \u00e0 12 niveaux d&#8217;inclinaison \u00e9lectroniques. Con\u00e7u avec la technologie d&#8217;amortissement Air Motion,\u00a0<strong>le Jet 100 Z<\/strong>\u00a0r\u00e9agit \u00e0 chaque pas, en transf\u00e9rant de l&#8217;air entre les coussins d&#8217;amortissement pour fournir un soutien l\u00e0 o\u00f9 c&#8217;est le plus n\u00e9cessaire. En cr\u00e9ant une plateforme plus stable et plus tol\u00e9rante, la technologie Air Motion apporte confort et performance \u00e0 vos courses.<\/div>\n<div><\/div>\n<div>\n<h3 style=\"font-weight: 400;\">Caract\u00e9ristiques Tapis de course Reebok Jet 100 Z<\/h3>\n<p><b><strong>Le tapis de course Reebok Jet 100 Z\u00a0<\/strong><\/b>est id\u00e9al pour les s\u00e9ances d&#8217;entra\u00eenement cardio \u00e0 domicile gr\u00e2ce \u00e0 son moteur 2.0 Hp, qui offre des vitesses de 1 \u00e0 18 km\/h (0,6 \u00e0 11 mph) \u00e0 12 niveaux d&#8217;inclinaison \u00e9lectroniques. Con\u00e7u avec la technologie d&#8217;amortissement Air Motion,\u00a0<b><strong>le Jet 100 Z<\/strong><\/b>\u00a0r\u00e9agit \u00e0 chaque pas, en transf\u00e9rant de l&#8217;air entre les coussins d&#8217;amortissement pour fournir un soutien l\u00e0 o\u00f9 c&#8217;est le plus n\u00e9cessaire. En cr\u00e9ant une plateforme plus stable et plus tol\u00e9rante, la technologie Air Motion apporte confort et performance \u00e0 vos courses.<\/p>\n<h3><b><strong>Les points forts<\/strong><\/b><\/h3>\n<p>Les applications Kinomap et Zwift vous offrent des entra\u00eenements interactifs \u00e0 appr\u00e9cier pendant que vous vous entra\u00eenez.<\/p>\n<p>Une grande surface de course de 130x43cm dot\u00e9e de la technologie Air Motion, id\u00e9ale pour r\u00e9duire le stress li\u00e9 aux impacts.<\/p>\n<p>12 niveaux d&#8217;inclinaison \u00e9lectroniques vous permettent de personnaliser l&#8217;intensit\u00e9 de vos courses, et une vitesse maximale de 18 km\/h.<\/p>\n<p>Avec 24 programmes de fitness pr\u00e9install\u00e9s, un r\u00e9glage personnalis\u00e9 pour que vous puissiez concevoir le v\u00f4tre et 3 programmes cibles.<\/p>\n<h3 style=\"font-weight: 600;\"><b><strong>Sp\u00e9cifications Reebok Jet 100 Z<\/strong><\/b><\/h3>\n<p><b><strong>Le moteur compact de 2,0 HP offre des performances \u00e9lev\u00e9es pour alimenter vos courses<\/strong><\/b><\/p>\n<p>La technologie d&#8217;amorti Air Motion adoucit la frappe du pied et aide \u00e0 r\u00e9duire la tension d&#8217;impact. Le r\u00e9glage du niveau du sol assure une mise \u00e0 la terre solide et une plate-forme de course stable.<\/p>\n<p><b><strong>La plage de vitesse de 1 \u00e0 18 km\/h (0,6 \u00e0 11 mph) vous permet de passer d&#8217;un petit jogging \u00e0 un sprint rapide<\/strong><\/b><\/p>\n<p>12 niveaux d&#8217;inclinaison \u00e9lectronique vous permettent d&#8217;adapter l&#8217;intensit\u00e9 de vos courses.<\/p>\n<h5><b><strong>La r\u00e9troaction de la console<\/strong><\/b><\/h5>\n<p>Comprend la vitesse, le temps, la distance, les calories, le pouls, le niveau d&#8217;inclinaison et les pas.<\/p>\n<p><b><strong>24 programmes de fitness pr\u00e9d\u00e9finis, plus un r\u00e9glage personnalis\u00e9 et un objectif de temps, de distance et de calories<\/strong><\/b><\/p>\n<p>L&#8217;\u00e9cran LED \u00e0 5 affichages affiche toutes les donn\u00e9es d&#8217;entra\u00eenement dont vous avez besoin pour vous aider \u00e0 progresser<\/p>\n<h5><b><strong>Les roues de transport<\/strong><\/b><\/h5>\n<p>Permettent de d\u00e9placer facilement le tapis roulant dans votre maison comme vous le souhaitez.<\/p>\n<h5><b><strong>Console et Programmes<\/strong><\/b><\/h5>\n<p><b><strong>Moniteur LCD r\u00e9tro-\u00e9clair\u00e9<\/strong><\/b><br \/>\nLe moniteur est dot\u00e9 de cinq voyants lumineux blancs.<\/p>\n<p><b><strong>Grande vari\u00e9t\u00e9 de programmes<\/strong><\/b><br \/>\nD\u00e9marrage rapide, temps cible, distance cible, calories cibles, 24 programmes pr\u00e9d\u00e9finis, graisse corporelle, manuel.<\/p>\n<p><b><strong>Grande vari\u00e9t\u00e9 de fonctions<\/strong><\/b><br \/>\nVitesse, temps, distance, calories, inclinaison, fr\u00e9quence cardiaque, graisse corporelle.<\/p>\n<h4><strong><b>Autres avantages<\/b><\/strong><\/h4>\n<table>\n<tbody>\n<tr>\n<td>Syst\u00e8me de suspension<\/td>\n<td>\u2714\ufe0f<\/td>\n<\/tr>\n<tr>\n<td>Touches rapides<\/td>\n<td>\u2714\ufe0f<\/td>\n<\/tr>\n<tr>\n<td>Touches d&#8217;inclinaison rapide<\/td>\n<td>\u2714\ufe0f<\/td>\n<\/tr>\n<tr>\n<td>Capteur de pouls manuel<\/td>\n<td>\u2714\ufe0f<\/td>\n<\/tr>\n<tr>\n<td>Haut-parleurs<\/td>\n<td>\u2714\ufe0f<\/td>\n<\/tr>\n<tr>\n<td>Ventilateur<\/td>\n<td>\u2714\ufe0f<\/td>\n<\/tr>\n<tr>\n<td>Porte-bouteille<\/td>\n<td>\u2714\ufe0f<\/td>\n<\/tr>\n<tr>\n<td>Roues de transport<\/td>\n<td>\u2714\ufe0f<\/td>\n<\/tr>\n<tr>\n<td>Pliable<\/td>\n<td>\u2714\ufe0f<\/td>\n<\/tr>\n<tr>\n<td>Bluetooth<\/td>\n<td>\u2714\ufe0f<\/td>\n<\/tr>\n<\/tbody>\n<\/table>\n<p>&nbsp;<\/p>\n<h3 style=\"font-weight: 600;\"><b><strong>Dimensions et poids\u00a0<\/strong><\/b><b><strong>Reebok Jet 100 Z<\/strong><\/b><\/h3>\n<table>\n<tbody>\n<tr>\n<td>Longueur<\/td>\n<td>160cm<\/td>\n<\/tr>\n<tr>\n<td>Largeur<\/td>\n<td>73.8cm<\/td>\n<\/tr>\n<tr>\n<td>Hauteur<\/td>\n<td>131.6cm<\/td>\n<\/tr>\n<tr>\n<td>Dimensions de pliage<\/td>\n<td>98cm x 73cm x 143.5cm<\/td>\n<\/tr>\n<tr>\n<td>Poids maximal de l&#8217;utilisateur<\/td>\n<td>110kg<\/td>\n<\/tr>\n<tr>\n<td>Surface de course<\/td>\n<td>130x43cm<\/td>\n<\/tr>\n<tr>\n<td>Dimensions dans la bo\u00eete<\/td>\n<td>213&#215;88.5x37cm<\/td>\n<\/tr>\n<tr>\n<td>Poids net dans la bo\u00eete<\/td>\n<td>65kg<\/td>\n<\/tr>\n<tr>\n<td>Poids brut dans la bo\u00eete<\/td>\n<td>71kg<\/td>\n<\/tr>\n<\/tbody>\n<\/table>\n<h4><b><strong>Entra\u00eenements interactifs avec Zwift et Kinomap<\/strong><\/b><\/h4>\n<h5><b><strong>App de Kinomap<\/strong><\/b><\/h5>\n<ul>\n<li>Entra\u00eenez-vous dans le monde entier gr\u00e2ce \u00e0 des milliers de vid\u00e9os disponibles.<\/li>\n<li>Entra\u00eenements structur\u00e9s, y compris l&#8217;entra\u00eenement par intervalles et le coaching.<\/li>\n<li>Partagez vos r\u00e9sultats avec la communaut\u00e9 kinomap.<\/li>\n<li>D\u00e9fiez vos amis avec le mode multijoueur de kinomap.<\/li>\n<\/ul>\n<h5><b><strong>App de Zwift<\/strong><\/b><\/h5>\n<ul>\n<li>Motivateur de type jeu vid\u00e9o.<\/li>\n<li>Plus de 1000 entra\u00eenements s\u00e9lectionn\u00e9s par les entra\u00eeneurs.<\/li>\n<li>Courses de groupe, comp\u00e9titions et courses.<\/li>\n<li>Connectivit\u00e9 et communaut\u00e9 mondiales.<\/li>\n<\/ul>\n<p><b><strong>Application Reebok Console<\/strong><\/b><\/p>\n<p><b><strong>D\u00e9couvrez l&#8217;application Reebok Console : le partenaire id\u00e9al pour votre tapis de course, votre v\u00e9lo, votre cross trainer ou votre rameur<\/strong><\/b><\/p>\n<p>&nbsp;<\/p>\n<ul>\n<li>Portez votre entra\u00eenement vers de nouveaux sommets gr\u00e2ce \u00e0 une application intuitive qui insuffle une nouvelle vie \u00e0 vos s\u00e9ances. Connectez-vous \u00e0 des applications d&#8217;entra\u00eenement populaires telles que Zwift, Kinomap et Peloton pour apporter de l&#8217;enthousiasme et de la diversit\u00e9 \u00e0 chaque s\u00e9ance d&#8217;entra\u00eenement, ce qui vous permet de rejoindre des classes interactives et de d\u00e9couvrir des environnements d&#8217;entra\u00eenement plus immersifs.<\/li>\n<li>D\u00e9couvrez une s\u00e9lection vari\u00e9e de programmes de fitness pr\u00eats \u00e0 l&#8217;emploi, con\u00e7us exclusivement pour les machines cardio Reebok. Lancez-vous des d\u00e9fis et surveillez votre d\u00e9veloppement gr\u00e2ce \u00e0 des rapports de performance d\u00e9taill\u00e9s, suivez l&#8217;\u00e9volution de votre parcours et obtenez des informations pr\u00e9cieuses sur votre entra\u00eenement. De plus, vous pouvez partager directement les \u00e9tapes de votre entra\u00eenement sur vos plateformes de m\u00e9dias sociaux pour c\u00e9l\u00e9brer chaque r\u00e9ussite.<\/li>\n<li>Utilisez sans effort l&#8217;application sur votre smartphone ou votre tablette \u00e0 travers notre gamme cardio, en documentant chaque s\u00e9ance d&#8217;entra\u00eenement au fur et \u00e0 mesure que vous progressez vers vos objectifs de remise en forme. En outre, vous pouvez synchroniser vos donn\u00e9es d&#8217;entra\u00eenement avec des applications externes de suivi de la sant\u00e9 et de la condition physique, ce qui vous permet de continuer \u00e0 utiliser vos outils pr\u00e9f\u00e9r\u00e9s tout en pr\u00e9servant la s\u00e9curit\u00e9 et la confidentialit\u00e9 des donn\u00e9es gr\u00e2ce au cryptage TLS.<\/li>\n<\/ul>\n<\/div>","protected":false},"excerpt":{"rendered":"<div class=\"product attribute overview\">\n<div class=\"value\">\n<div><strong>Le tapis de course Reebok Jet 100 Z\u00a0<\/strong>est id\u00e9al pour les s\u00e9ances d&#8217;entra\u00eenement cardio \u00e0 domicile gr\u00e2ce \u00e0 son moteur 2.0 Hp, qui offre des vitesses de 1 \u00e0 18 km\/h (0,6 \u00e0 11 mph) \u00e0 12 niveaux d&#8217;inclinaison \u00e9lectroniques. Con\u00e7u avec la technologie d&#8217;amortissement Air Motion,\u00a0<strong>le Jet 100 Z<\/strong>\u00a0r\u00e9agit \u00e0 chaque pas, en transf\u00e9rant de l&#8217;air entre les coussins d&#8217;amortissement pour fournir un soutien l\u00e0 o\u00f9 c&#8217;est le plus n\u00e9cessaire. En cr\u00e9ant une plateforme plus stable et plus tol\u00e9rante, la technologie Air Motion apporte confort et performance \u00e0 vos courses.<\/div>\n<\/div>\n<\/div>","protected":false},"featured_media":13688,"comment_status":"open","ping_status":"closed","template":"","meta":[],"product_brand":[36],"product_cat":[17,18,20,19],"product_tag":[22,23],"class_list":{"0":"post-13647","1":"product","2":"type-product","3":"status-publish","4":"has-post-thumbnail","6":"product_brand-reebok","7":"product_cat-bons-plans","8":"product_cat-promotions","9":"product_cat-tapis-de-course","10":"product_cat-training-fitness","11":"product_tag-tapis-de-course","12":"product_tag-tapis-de-course-bh","14":"first","15":"instock","16":"sale","17":"featured","18":"shipping-taxable","19":"purchasable","20":"product-type-simple"},"yoast_head":"<!-- This site is optimized with the Yoast SEO plugin v27.6 - https:\/\/yoast.com\/product\/yoast-seo-wordpress\/ -->\n<title>Tapis de course Reebok Jet 100 Z - Promotion - Vente d&#039;\u00c9lectrom\u00e9nager Neuf et Garanti \u00e0 Paris<\/title>\n<meta name=\"description\" content=\"Tapis de course Reebok Jet 100 Z - Dimensions de pliage 98cm x 73cm x 143.5cm - Poids maximal de l&#039;utilisateur 110kg - Surface de course 130x43cm\" \/>\n<meta name=\"robots\" content=\"index, follow, max-snippet:-1, max-image-preview:large, max-video-preview:-1\" \/>\n<link rel=\"canonical\" href=\"https:\/\/espacemenager2000.fr\/en\/product\/tapis-de-course-reebok-jet-100-z\/\" \/>\n<meta property=\"og:locale\" content=\"en_US\" \/>\n<meta property=\"og:type\" content=\"article\" \/>\n<meta property=\"og:title\" content=\"Tapis de course Reebok Jet 100 Z - Promotion - Vente d&#039;\u00c9lectrom\u00e9nager Neuf et Garanti \u00e0 Paris\" \/>\n<meta property=\"og:description\" content=\"Tapis de course Reebok Jet 100 Z - Dimensions de pliage 98cm x 73cm x 143.5cm - Poids maximal de l&#039;utilisateur 110kg - Surface de course 130x43cm\" \/>\n<meta property=\"og:url\" content=\"https:\/\/espacemenager2000.fr\/en\/product\/tapis-de-course-reebok-jet-100-z\/\" \/>\n<meta property=\"og:site_name\" content=\"Vente d&#039;\u00c9lectrom\u00e9nager Neuf et Garanti \u00e0 Paris\" \/>\n<meta property=\"article:publisher\" content=\"https:\/\/www.facebook.com\/p\/Espace-menager-2000-100068469618146\/\" \/>\n<meta property=\"article:modified_time\" content=\"2026-05-10T20:49:23+00:00\" \/>\n<meta property=\"og:image\" content=\"https:\/\/espacemenager2000.fr\/wp-content\/uploads\/2026\/05\/Tapis-de-course-Reebok-Jet-100-Z-.jpg\" \/>\n\t<meta property=\"og:image:width\" content=\"800\" \/>\n\t<meta property=\"og:image:height\" content=\"800\" \/>\n\t<meta property=\"og:image:type\" content=\"image\/jpeg\" \/>\n<meta name=\"twitter:card\" content=\"summary_large_image\" \/>\n<meta name=\"twitter:label1\" content=\"Est. reading time\" \/>\n\t<meta name=\"twitter:data1\" content=\"8 minutes\" \/>\n<script type=\"application\/ld+json\" class=\"yoast-schema-graph\">{\"@context\":\"https:\\\/\\\/schema.org\",\"@graph\":[{\"@type\":\"WebPage\",\"@id\":\"https:\\\/\\\/espacemenager2000.fr\\\/produit\\\/tapis-de-course-reebok-jet-100-z\\\/\",\"url\":\"https:\\\/\\\/espacemenager2000.fr\\\/produit\\\/tapis-de-course-reebok-jet-100-z\\\/\",\"name\":\"Tapis de course Reebok Jet 100 Z - Promotion - Vente d&#039;\u00c9lectrom\u00e9nager Neuf et Garanti \u00e0 Paris\",\"isPartOf\":{\"@id\":\"https:\\\/\\\/espacemenager2000.fr\\\/#website\"},\"primaryImageOfPage\":{\"@id\":\"https:\\\/\\\/espacemenager2000.fr\\\/produit\\\/tapis-de-course-reebok-jet-100-z\\\/#primaryimage\"},\"image\":{\"@id\":\"https:\\\/\\\/espacemenager2000.fr\\\/produit\\\/tapis-de-course-reebok-jet-100-z\\\/#primaryimage\"},\"thumbnailUrl\":\"https:\\\/\\\/espacemenager2000.fr\\\/wp-content\\\/uploads\\\/2026\\\/05\\\/Tapis-de-course-Reebok-Jet-100-Z-.jpg\",\"datePublished\":\"2026-05-10T20:49:10+00:00\",\"dateModified\":\"2026-05-10T20:49:23+00:00\",\"description\":\"Tapis de course Reebok Jet 100 Z - Dimensions de pliage 98cm x 73cm x 143.5cm - Poids maximal de l'utilisateur 110kg - Surface de course 130x43cm\",\"breadcrumb\":{\"@id\":\"https:\\\/\\\/espacemenager2000.fr\\\/produit\\\/tapis-de-course-reebok-jet-100-z\\\/#breadcrumb\"},\"inLanguage\":\"en-US\",\"potentialAction\":[{\"@type\":\"ReadAction\",\"target\":[\"https:\\\/\\\/espacemenager2000.fr\\\/produit\\\/tapis-de-course-reebok-jet-100-z\\\/\"]}]},{\"@type\":\"ImageObject\",\"inLanguage\":\"en-US\",\"@id\":\"https:\\\/\\\/espacemenager2000.fr\\\/produit\\\/tapis-de-course-reebok-jet-100-z\\\/#primaryimage\",\"url\":\"https:\\\/\\\/espacemenager2000.fr\\\/wp-content\\\/uploads\\\/2026\\\/05\\\/Tapis-de-course-Reebok-Jet-100-Z-.jpg\",\"contentUrl\":\"https:\\\/\\\/espacemenager2000.fr\\\/wp-content\\\/uploads\\\/2026\\\/05\\\/Tapis-de-course-Reebok-Jet-100-Z-.jpg\",\"width\":800,\"height\":800},{\"@type\":\"BreadcrumbList\",\"@id\":\"https:\\\/\\\/espacemenager2000.fr\\\/produit\\\/tapis-de-course-reebok-jet-100-z\\\/#breadcrumb\",\"itemListElement\":[{\"@type\":\"ListItem\",\"position\":1,\"name\":\"Accueil\",\"item\":\"https:\\\/\\\/espacemenager2000.fr\\\/\"},{\"@type\":\"ListItem\",\"position\":2,\"name\":\"Boutique\",\"item\":\"https:\\\/\\\/espacemenager2000.fr\\\/boutique\\\/\"},{\"@type\":\"ListItem\",\"position\":3,\"name\":\"Tapis de course Reebok Jet 100 Z\"}]},{\"@type\":\"WebSite\",\"@id\":\"https:\\\/\\\/espacemenager2000.fr\\\/#website\",\"url\":\"https:\\\/\\\/espacemenager2000.fr\\\/\",\"name\":\"Espace Menager 2000\",\"description\":\"Expert en \u00e9lectrom\u00e9nager depuis 2001, Espace M\u00e9nager 2000 vous propose une large gamme de produits : lave-linge, r\u00e9frig\u00e9rateurs, \u00e9lectronique et fitness. Profitez de notre savoir-faire en vente, r\u00e9paration et d\u00e9pannage. Livraison rapide dans toute la zone Euro. Qualit\u00e9 et service garantis.\",\"publisher\":{\"@id\":\"https:\\\/\\\/espacemenager2000.fr\\\/#organization\"},\"potentialAction\":[{\"@type\":\"SearchAction\",\"target\":{\"@type\":\"EntryPoint\",\"urlTemplate\":\"https:\\\/\\\/espacemenager2000.fr\\\/?s={search_term_string}\"},\"query-input\":{\"@type\":\"PropertyValueSpecification\",\"valueRequired\":true,\"valueName\":\"search_term_string\"}}],\"inLanguage\":\"en-US\"},{\"@type\":\"Organization\",\"@id\":\"https:\\\/\\\/espacemenager2000.fr\\\/#organization\",\"name\":\"Espace Menager 2000\",\"url\":\"https:\\\/\\\/espacemenager2000.fr\\\/\",\"logo\":{\"@type\":\"ImageObject\",\"inLanguage\":\"en-US\",\"@id\":\"https:\\\/\\\/espacemenager2000.fr\\\/#\\\/schema\\\/logo\\\/image\\\/\",\"url\":\"https:\\\/\\\/espacemenager2000.fr\\\/wp-content\\\/uploads\\\/2026\\\/05\\\/Fav-Em2000.png\",\"contentUrl\":\"https:\\\/\\\/espacemenager2000.fr\\\/wp-content\\\/uploads\\\/2026\\\/05\\\/Fav-Em2000.png\",\"width\":369,\"height\":369,\"caption\":\"Espace Menager 2000\"},\"image\":{\"@id\":\"https:\\\/\\\/espacemenager2000.fr\\\/#\\\/schema\\\/logo\\\/image\\\/\"},\"sameAs\":[\"https:\\\/\\\/www.facebook.com\\\/p\\\/Espace-menager-2000-100068469618146\\\/\"]}]}<\/script>\n<!-- \/ Yoast SEO plugin. -->","yoast_head_json":{"title":"Tapis de course Reebok Jet 100 Z - Promotion - Vente d&#039;\u00c9lectrom\u00e9nager Neuf et Garanti \u00e0 Paris","description":"Tapis de course Reebok Jet 100 Z - Dimensions de pliage 98cm x 73cm x 143.5cm - Poids maximal de l'utilisateur 110kg - Surface de course 130x43cm","robots":{"index":"index","follow":"follow","max-snippet":"max-snippet:-1","max-image-preview":"max-image-preview:large","max-video-preview":"max-video-preview:-1"},"canonical":"https:\/\/espacemenager2000.fr\/en\/product\/tapis-de-course-reebok-jet-100-z\/","og_locale":"en_US","og_type":"article","og_title":"Tapis de course Reebok Jet 100 Z - Promotion - Vente d&#039;\u00c9lectrom\u00e9nager Neuf et Garanti \u00e0 Paris","og_description":"Tapis de course Reebok Jet 100 Z - Dimensions de pliage 98cm x 73cm x 143.5cm - Poids maximal de l'utilisateur 110kg - Surface de course 130x43cm","og_url":"https:\/\/espacemenager2000.fr\/en\/product\/tapis-de-course-reebok-jet-100-z\/","og_site_name":"Vente d&#039;\u00c9lectrom\u00e9nager Neuf et Garanti \u00e0 Paris","article_publisher":"https:\/\/www.facebook.com\/p\/Espace-menager-2000-100068469618146\/","article_modified_time":"2026-05-10T20:49:23+00:00","og_image":[{"width":800,"height":800,"url":"https:\/\/espacemenager2000.fr\/wp-content\/uploads\/2026\/05\/Tapis-de-course-Reebok-Jet-100-Z-.jpg","type":"image\/jpeg"}],"twitter_card":"summary_large_image","twitter_misc":{"Est. reading time":"8 minutes"},"schema":{"@context":"https:\/\/schema.org","@graph":[{"@type":"WebPage","@id":"https:\/\/espacemenager2000.fr\/produit\/tapis-de-course-reebok-jet-100-z\/","url":"https:\/\/espacemenager2000.fr\/produit\/tapis-de-course-reebok-jet-100-z\/","name":"Tapis de course Reebok Jet 100 Z - Promotion - Vente d&#039;\u00c9lectrom\u00e9nager Neuf et Garanti \u00e0 Paris","isPartOf":{"@id":"https:\/\/espacemenager2000.fr\/#website"},"primaryImageOfPage":{"@id":"https:\/\/espacemenager2000.fr\/produit\/tapis-de-course-reebok-jet-100-z\/#primaryimage"},"image":{"@id":"https:\/\/espacemenager2000.fr\/produit\/tapis-de-course-reebok-jet-100-z\/#primaryimage"},"thumbnailUrl":"https:\/\/espacemenager2000.fr\/wp-content\/uploads\/2026\/05\/Tapis-de-course-Reebok-Jet-100-Z-.jpg","datePublished":"2026-05-10T20:49:10+00:00","dateModified":"2026-05-10T20:49:23+00:00","description":"Tapis de course Reebok Jet 100 Z - Dimensions de pliage 98cm x 73cm x 143.5cm - Poids maximal de l'utilisateur 110kg - Surface de course 130x43cm","breadcrumb":{"@id":"https:\/\/espacemenager2000.fr\/produit\/tapis-de-course-reebok-jet-100-z\/#breadcrumb"},"inLanguage":"en-US","potentialAction":[{"@type":"ReadAction","target":["https:\/\/espacemenager2000.fr\/produit\/tapis-de-course-reebok-jet-100-z\/"]}]},{"@type":"ImageObject","inLanguage":"en-US","@id":"https:\/\/espacemenager2000.fr\/produit\/tapis-de-course-reebok-jet-100-z\/#primaryimage","url":"https:\/\/espacemenager2000.fr\/wp-content\/uploads\/2026\/05\/Tapis-de-course-Reebok-Jet-100-Z-.jpg","contentUrl":"https:\/\/espacemenager2000.fr\/wp-content\/uploads\/2026\/05\/Tapis-de-course-Reebok-Jet-100-Z-.jpg","width":800,"height":800},{"@type":"BreadcrumbList","@id":"https:\/\/espacemenager2000.fr\/produit\/tapis-de-course-reebok-jet-100-z\/#breadcrumb","itemListElement":[{"@type":"ListItem","position":1,"name":"Accueil","item":"https:\/\/espacemenager2000.fr\/"},{"@type":"ListItem","position":2,"name":"Boutique","item":"https:\/\/espacemenager2000.fr\/boutique\/"},{"@type":"ListItem","position":3,"name":"Tapis de course Reebok Jet 100 Z"}]},{"@type":"WebSite","@id":"https:\/\/espacemenager2000.fr\/#website","url":"https:\/\/espacemenager2000.fr\/","name":"Espace Menager 2000","description":"Expert en \u00e9lectrom\u00e9nager depuis 2001, Espace M\u00e9nager 2000 vous propose une large gamme de produits : lave-linge, r\u00e9frig\u00e9rateurs, \u00e9lectronique et fitness. Profitez de notre savoir-faire en vente, r\u00e9paration et d\u00e9pannage. Livraison rapide dans toute la zone Euro. Qualit\u00e9 et service garantis.","publisher":{"@id":"https:\/\/espacemenager2000.fr\/#organization"},"potentialAction":[{"@type":"SearchAction","target":{"@type":"EntryPoint","urlTemplate":"https:\/\/espacemenager2000.fr\/?s={search_term_string}"},"query-input":{"@type":"PropertyValueSpecification","valueRequired":true,"valueName":"search_term_string"}}],"inLanguage":"en-US"},{"@type":"Organization","@id":"https:\/\/espacemenager2000.fr\/#organization","name":"Espace Menager 2000","url":"https:\/\/espacemenager2000.fr\/","logo":{"@type":"ImageObject","inLanguage":"en-US","@id":"https:\/\/espacemenager2000.fr\/#\/schema\/logo\/image\/","url":"https:\/\/espacemenager2000.fr\/wp-content\/uploads\/2026\/05\/Fav-Em2000.png","contentUrl":"https:\/\/espacemenager2000.fr\/wp-content\/uploads\/2026\/05\/Fav-Em2000.png","width":369,"height":369,"caption":"Espace Menager 2000"},"image":{"@id":"https:\/\/espacemenager2000.fr\/#\/schema\/logo\/image\/"},"sameAs":["https:\/\/www.facebook.com\/p\/Espace-menager-2000-100068469618146\/"]}]}},"_links":{"self":[{"href":"https:\/\/espacemenager2000.fr\/en\/wp-json\/wp\/v2\/product\/13647","targetHints":{"allow":["GET"]}}],"collection":[{"href":"https:\/\/espacemenager2000.fr\/en\/wp-json\/wp\/v2\/product"}],"about":[{"href":"https:\/\/espacemenager2000.fr\/en\/wp-json\/wp\/v2\/types\/product"}],"replies":[{"embeddable":true,"href":"https:\/\/espacemenager2000.fr\/en\/wp-json\/wp\/v2\/comments?post=13647"}],"wp:featuredmedia":[{"embeddable":true,"href":"https:\/\/espacemenager2000.fr\/en\/wp-json\/wp\/v2\/media\/13688"}],"wp:attachment":[{"href":"https:\/\/espacemenager2000.fr\/en\/wp-json\/wp\/v2\/media?parent=13647"}],"wp:term":[{"taxonomy":"product_brand","embeddable":true,"href":"https:\/\/espacemenager2000.fr\/en\/wp-json\/wp\/v2\/product_brand?post=13647"},{"taxonomy":"product_cat","embeddable":true,"href":"https:\/\/espacemenager2000.fr\/en\/wp-json\/wp\/v2\/product_cat?post=13647"},{"taxonomy":"product_tag","embeddable":true,"href":"https:\/\/espacemenager2000.fr\/en\/wp-json\/wp\/v2\/product_tag?post=13647"}],"curies":[{"name":"wp","href":"https:\/\/api.w.org\/{rel}","templated":true}]}}