{"id":13644,"date":"2026-05-10T20:49:10","date_gmt":"2026-05-10T20:49:10","guid":{"rendered":"https:\/\/espacemenager2000.fr\/?post_type=product&#038;p=13644"},"modified":"2026-05-10T20:49:24","modified_gmt":"2026-05-10T20:49:24","slug":"tapis-de-course-reebok-i-run-4-0","status":"publish","type":"product","link":"https:\/\/espacemenager2000.fr\/en\/product\/tapis-de-course-reebok-i-run-4-0\/","title":{"rendered":"Tapis de Course Reebok i-Run 4.0"},"content":{"rendered":"<h2>Tapis de Course Reebok i-Run 4.0<\/h2>\n<div>Le Tapis de Course Reebok i-Run 4.0 ou <strong>Reebok i-Run 4.0<\/strong>\u00a0pr\u00e9sente un m\u00e9canisme innovateur de pliage complet avec le moniteur et les poign\u00e9s align\u00e9es avec la plateforme de roulement. Le tapis est d\u00e9j\u00e0 mont\u00e9 \u00e0 100%, ce qui veut dire que le montage n&#8217;est pas du tout compliqu\u00e9. Il suffit tout simplement de le d\u00e9baller, le d\u00e9plier et c&#8217;est tout!<\/div>\n<div><\/div>\n<div>\n<h3 style=\"font-weight: 400;\">Caract\u00e9ristiques Tapis de Course Reebok i-Run 4.0<\/h3>\n<p>Le\u00a0<b><strong>Reebok i-Run 4.0\u00a0<\/strong><\/b>est un tapis de course ultracompact, ad\u00e9quat \u00e0 n&#8217;importe quelle pi\u00e8ce de votre maison.<\/p>\n<p>Le\u00a0<b><strong>Reebok i-Run 4.0<\/strong><\/b>\u00a0pr\u00e9sente un m\u00e9canisme innovateur de pliage complet avec le moniteur et les poign\u00e9s align\u00e9es avec la plateforme de roulement. Le tapis est d\u00e9j\u00e0 mont\u00e9 \u00e0 100%, ce qui veut dire que le montage n&#8217;est pas du tout compliqu\u00e9. Il suffit tout simplement de le d\u00e9baller, le d\u00e9plier et c&#8217;est tout!<\/p>\n<h4>D\u00e9tails<\/h4>\n<p>Le <b><strong>i-Run 4.0<\/strong><\/b>\u00a0accomplit les conditions requises. Il se plit \u00e0 100% sous forme compacte afin de le ranger \u00e0 n&#8217;importe quel endroit du foyer. En plus, il est facile d&#8217;utilisation et de manier gr\u00e2ce \u00e0 sa taille et \u00e0 son poids.<\/p>\n<p>Entra\u00eenez vous confortablement avec le syst\u00e8me d&#8217;amortissement qui amortit chaque coup de pied. Cet amortissement d&#8217;\u00e9lastom\u00e8re offre une sensation de ressort pour minimiser la pression sur les articulations, ce qui est un point id\u00e9al pour faire de l&#8217;exercice \u00e0 la maison.<\/p>\n<p><b><strong>Reebok i-Run 4<\/strong><\/b>\u00a0offre 12 programmes d&#8217;entra\u00eenement, 3 profiles d&#8217;utilisateurs et un controleur de graisse corporelle. Maintenez les capteurs de pouls situ\u00e9s aux poign\u00e9es du tapis de courses pour avoir une lecture de la fr\u00e9quence cardiage.<\/p>\n<p>Ajoutez \u00e0 ces caract\u00e9ristiques un moteur de 2.0HP, une vitesse maximale 16kph et deux niveaux d&#8217;inclinaison manuel et vous avez tout ce que vous avez besoin pour faire un entra\u00eenement vari\u00e9, stimulant et efficace.<\/p>\n<h5><b><strong>Caract\u00e9ristiques<\/strong><\/b><\/h5>\n<p>&nbsp;<\/p>\n<ul>\n<li><b><strong>Moteur<\/strong><\/b>: 3.0 HP<\/li>\n<li><b><strong>Programmes:<\/strong><\/b>\u00a012 programmes pr\u00e9\u00e9tablis<\/li>\n<li><b><strong>Vitesse max:<\/strong><\/b>\u00a016 km\/h<\/li>\n<li><b><strong>Inclinaison\u00a0<\/strong><\/b>4%<\/li>\n<li><b><strong>Amortissement pour r\u00e9duire l&#8217;impact<\/strong><\/b><\/li>\n<li><b><strong>Moniteur<\/strong><\/b>: \u00e9cran LCD<\/li>\n<li><b><strong>Roulettes de transport:<\/strong><\/b>\u00a0oui<\/li>\n<li><b><strong>Pliable:<\/strong><\/b> oui<\/li>\n<\/ul>\n<h5><b><strong>Dimensions et poids<\/strong><\/b><\/h5>\n<p>&nbsp;<\/p>\n<ul>\n<li><b><strong>Dimenions d\u00e9pli\u00e9:<\/strong><\/b>\u00a0Longueur 156 x largeur 75 x hauteur 133 cm<\/li>\n<li><b><strong>Dimensions pli\u00e9:<\/strong><\/b>\u00a0Longueur 153 x largeur 75 x hauteur 31.5 cm<\/li>\n<li><b><strong>Largeur du tapis:<\/strong><\/b>\u00a046cm<\/li>\n<li><b><strong>Poids maximum de l&#8217;utilisateur:<\/strong><\/b>\u00a0120 kg<\/li>\n<\/ul>\n<\/div>","protected":false},"excerpt":{"rendered":"<div class=\"product attribute overview\">\n<div class=\"value\">\n<div>Le\u00a0<strong>Reebok i-Run 4.0<\/strong>\u00a0pr\u00e9sente un m\u00e9canisme innovateur de pliage complet avec le moniteur et les poign\u00e9s align\u00e9es avec la plateforme de roulement. Le tapis est d\u00e9j\u00e0 mont\u00e9 \u00e0 100%, ce qui veut dire que le montage n&#8217;est pas du tout compliqu\u00e9. Il suffit tout simplement de le d\u00e9baller, le d\u00e9plier et c&#8217;est tout!<\/div>\n<\/div>\n<\/div>","protected":false},"featured_media":13673,"comment_status":"open","ping_status":"closed","template":"","meta":[],"product_brand":[36],"product_cat":[17,18,20,19],"product_tag":[22,23],"class_list":{"0":"post-13644","1":"product","2":"type-product","3":"status-publish","4":"has-post-thumbnail","6":"product_brand-reebok","7":"product_cat-bons-plans","8":"product_cat-promotions","9":"product_cat-tapis-de-course","10":"product_cat-training-fitness","11":"product_tag-tapis-de-course","12":"product_tag-tapis-de-course-bh","14":"first","15":"instock","16":"sale","17":"shipping-taxable","18":"purchasable","19":"product-type-variable"},"yoast_head":"<!-- This site is optimized with the Yoast SEO plugin v27.6 - https:\/\/yoast.com\/product\/yoast-seo-wordpress\/ -->\n<title>Tapis de Course Reebok i-Run 4.0 - Promotion - Vente d&#039;\u00c9lectrom\u00e9nager Neuf et Garanti \u00e0 Paris<\/title>\n<meta name=\"description\" content=\"Tapis de Course Reebok i-Run 4.0 - Dimenions d\u00e9pli\u00e9:\u00a0Longueur 156 x largeur 75 x hauteur 133cm - Dimensions pli\u00e9:\u00a0Longueur 153 x largeur 75 x hauteur 31.5cm\" \/>\n<meta name=\"robots\" content=\"index, follow, max-snippet:-1, max-image-preview:large, max-video-preview:-1\" \/>\n<link rel=\"canonical\" href=\"https:\/\/espacemenager2000.fr\/en\/product\/tapis-de-course-reebok-i-run-4-0\/\" \/>\n<meta property=\"og:locale\" content=\"en_US\" \/>\n<meta property=\"og:type\" content=\"article\" \/>\n<meta property=\"og:title\" content=\"Tapis de Course Reebok i-Run 4.0 - Promotion - Vente d&#039;\u00c9lectrom\u00e9nager Neuf et Garanti \u00e0 Paris\" \/>\n<meta property=\"og:description\" content=\"Tapis de Course Reebok i-Run 4.0 - Dimenions d\u00e9pli\u00e9:\u00a0Longueur 156 x largeur 75 x hauteur 133cm - Dimensions pli\u00e9:\u00a0Longueur 153 x largeur 75 x hauteur 31.5cm\" \/>\n<meta property=\"og:url\" content=\"https:\/\/espacemenager2000.fr\/en\/product\/tapis-de-course-reebok-i-run-4-0\/\" \/>\n<meta property=\"og:site_name\" content=\"Vente d&#039;\u00c9lectrom\u00e9nager Neuf et Garanti \u00e0 Paris\" \/>\n<meta property=\"article:publisher\" content=\"https:\/\/www.facebook.com\/p\/Espace-menager-2000-100068469618146\/\" \/>\n<meta property=\"article:modified_time\" content=\"2026-05-10T20:49:24+00:00\" \/>\n<meta property=\"og:image\" content=\"https:\/\/espacemenager2000.fr\/wp-content\/uploads\/2026\/05\/Tapis-de-Course-Reebok-i-Run-4.0-.jpg\" \/>\n\t<meta property=\"og:image:width\" content=\"800\" \/>\n\t<meta property=\"og:image:height\" content=\"801\" \/>\n\t<meta property=\"og:image:type\" content=\"image\/jpeg\" \/>\n<meta name=\"twitter:card\" content=\"summary_large_image\" \/>\n<meta name=\"twitter:label1\" content=\"Est. reading time\" \/>\n\t<meta name=\"twitter:data1\" content=\"3 minutes\" \/>\n<script type=\"application\/ld+json\" class=\"yoast-schema-graph\">{\"@context\":\"https:\\\/\\\/schema.org\",\"@graph\":[{\"@type\":\"WebPage\",\"@id\":\"https:\\\/\\\/espacemenager2000.fr\\\/produit\\\/tapis-de-course-reebok-i-run-4-0\\\/\",\"url\":\"https:\\\/\\\/espacemenager2000.fr\\\/produit\\\/tapis-de-course-reebok-i-run-4-0\\\/\",\"name\":\"Tapis de Course Reebok i-Run 4.0 - Promotion - Vente d&#039;\u00c9lectrom\u00e9nager Neuf et Garanti \u00e0 Paris\",\"isPartOf\":{\"@id\":\"https:\\\/\\\/espacemenager2000.fr\\\/#website\"},\"primaryImageOfPage\":{\"@id\":\"https:\\\/\\\/espacemenager2000.fr\\\/produit\\\/tapis-de-course-reebok-i-run-4-0\\\/#primaryimage\"},\"image\":{\"@id\":\"https:\\\/\\\/espacemenager2000.fr\\\/produit\\\/tapis-de-course-reebok-i-run-4-0\\\/#primaryimage\"},\"thumbnailUrl\":\"https:\\\/\\\/espacemenager2000.fr\\\/wp-content\\\/uploads\\\/2026\\\/05\\\/Tapis-de-Course-Reebok-i-Run-4.0-.jpg\",\"datePublished\":\"2026-05-10T20:49:10+00:00\",\"dateModified\":\"2026-05-10T20:49:24+00:00\",\"description\":\"Tapis de Course Reebok i-Run 4.0 - Dimenions d\u00e9pli\u00e9:\u00a0Longueur 156 x largeur 75 x hauteur 133cm - Dimensions pli\u00e9:\u00a0Longueur 153 x largeur 75 x hauteur 31.5cm\",\"breadcrumb\":{\"@id\":\"https:\\\/\\\/espacemenager2000.fr\\\/produit\\\/tapis-de-course-reebok-i-run-4-0\\\/#breadcrumb\"},\"inLanguage\":\"en-US\",\"potentialAction\":[{\"@type\":\"ReadAction\",\"target\":[\"https:\\\/\\\/espacemenager2000.fr\\\/produit\\\/tapis-de-course-reebok-i-run-4-0\\\/\"]}]},{\"@type\":\"ImageObject\",\"inLanguage\":\"en-US\",\"@id\":\"https:\\\/\\\/espacemenager2000.fr\\\/produit\\\/tapis-de-course-reebok-i-run-4-0\\\/#primaryimage\",\"url\":\"https:\\\/\\\/espacemenager2000.fr\\\/wp-content\\\/uploads\\\/2026\\\/05\\\/Tapis-de-Course-Reebok-i-Run-4.0-.jpg\",\"contentUrl\":\"https:\\\/\\\/espacemenager2000.fr\\\/wp-content\\\/uploads\\\/2026\\\/05\\\/Tapis-de-Course-Reebok-i-Run-4.0-.jpg\",\"width\":800,\"height\":801},{\"@type\":\"BreadcrumbList\",\"@id\":\"https:\\\/\\\/espacemenager2000.fr\\\/produit\\\/tapis-de-course-reebok-i-run-4-0\\\/#breadcrumb\",\"itemListElement\":[{\"@type\":\"ListItem\",\"position\":1,\"name\":\"Accueil\",\"item\":\"https:\\\/\\\/espacemenager2000.fr\\\/\"},{\"@type\":\"ListItem\",\"position\":2,\"name\":\"Boutique\",\"item\":\"https:\\\/\\\/espacemenager2000.fr\\\/boutique\\\/\"},{\"@type\":\"ListItem\",\"position\":3,\"name\":\"Tapis de Course Reebok i-Run 4.0\"}]},{\"@type\":\"WebSite\",\"@id\":\"https:\\\/\\\/espacemenager2000.fr\\\/#website\",\"url\":\"https:\\\/\\\/espacemenager2000.fr\\\/\",\"name\":\"Espace Menager 2000\",\"description\":\"Expert en \u00e9lectrom\u00e9nager depuis 2001, Espace M\u00e9nager 2000 vous propose une large gamme de produits : lave-linge, r\u00e9frig\u00e9rateurs, \u00e9lectronique et fitness. Profitez de notre savoir-faire en vente, r\u00e9paration et d\u00e9pannage. Livraison rapide dans toute la zone Euro. Qualit\u00e9 et service garantis.\",\"publisher\":{\"@id\":\"https:\\\/\\\/espacemenager2000.fr\\\/#organization\"},\"potentialAction\":[{\"@type\":\"SearchAction\",\"target\":{\"@type\":\"EntryPoint\",\"urlTemplate\":\"https:\\\/\\\/espacemenager2000.fr\\\/?s={search_term_string}\"},\"query-input\":{\"@type\":\"PropertyValueSpecification\",\"valueRequired\":true,\"valueName\":\"search_term_string\"}}],\"inLanguage\":\"en-US\"},{\"@type\":\"Organization\",\"@id\":\"https:\\\/\\\/espacemenager2000.fr\\\/#organization\",\"name\":\"Espace Menager 2000\",\"url\":\"https:\\\/\\\/espacemenager2000.fr\\\/\",\"logo\":{\"@type\":\"ImageObject\",\"inLanguage\":\"en-US\",\"@id\":\"https:\\\/\\\/espacemenager2000.fr\\\/#\\\/schema\\\/logo\\\/image\\\/\",\"url\":\"https:\\\/\\\/espacemenager2000.fr\\\/wp-content\\\/uploads\\\/2026\\\/05\\\/Fav-Em2000.png\",\"contentUrl\":\"https:\\\/\\\/espacemenager2000.fr\\\/wp-content\\\/uploads\\\/2026\\\/05\\\/Fav-Em2000.png\",\"width\":369,\"height\":369,\"caption\":\"Espace Menager 2000\"},\"image\":{\"@id\":\"https:\\\/\\\/espacemenager2000.fr\\\/#\\\/schema\\\/logo\\\/image\\\/\"},\"sameAs\":[\"https:\\\/\\\/www.facebook.com\\\/p\\\/Espace-menager-2000-100068469618146\\\/\"]}]}<\/script>\n<!-- \/ Yoast SEO plugin. -->","yoast_head_json":{"title":"Tapis de Course Reebok i-Run 4.0 - Promotion - Vente d&#039;\u00c9lectrom\u00e9nager Neuf et Garanti \u00e0 Paris","description":"Tapis de Course Reebok i-Run 4.0 - Dimenions d\u00e9pli\u00e9:\u00a0Longueur 156 x largeur 75 x hauteur 133cm - Dimensions pli\u00e9:\u00a0Longueur 153 x largeur 75 x hauteur 31.5cm","robots":{"index":"index","follow":"follow","max-snippet":"max-snippet:-1","max-image-preview":"max-image-preview:large","max-video-preview":"max-video-preview:-1"},"canonical":"https:\/\/espacemenager2000.fr\/en\/product\/tapis-de-course-reebok-i-run-4-0\/","og_locale":"en_US","og_type":"article","og_title":"Tapis de Course Reebok i-Run 4.0 - Promotion - Vente d&#039;\u00c9lectrom\u00e9nager Neuf et Garanti \u00e0 Paris","og_description":"Tapis de Course Reebok i-Run 4.0 - Dimenions d\u00e9pli\u00e9:\u00a0Longueur 156 x largeur 75 x hauteur 133cm - Dimensions pli\u00e9:\u00a0Longueur 153 x largeur 75 x hauteur 31.5cm","og_url":"https:\/\/espacemenager2000.fr\/en\/product\/tapis-de-course-reebok-i-run-4-0\/","og_site_name":"Vente d&#039;\u00c9lectrom\u00e9nager Neuf et Garanti \u00e0 Paris","article_publisher":"https:\/\/www.facebook.com\/p\/Espace-menager-2000-100068469618146\/","article_modified_time":"2026-05-10T20:49:24+00:00","og_image":[{"width":800,"height":801,"url":"https:\/\/espacemenager2000.fr\/wp-content\/uploads\/2026\/05\/Tapis-de-Course-Reebok-i-Run-4.0-.jpg","type":"image\/jpeg"}],"twitter_card":"summary_large_image","twitter_misc":{"Est. reading time":"3 minutes"},"schema":{"@context":"https:\/\/schema.org","@graph":[{"@type":"WebPage","@id":"https:\/\/espacemenager2000.fr\/produit\/tapis-de-course-reebok-i-run-4-0\/","url":"https:\/\/espacemenager2000.fr\/produit\/tapis-de-course-reebok-i-run-4-0\/","name":"Tapis de Course Reebok i-Run 4.0 - Promotion - Vente d&#039;\u00c9lectrom\u00e9nager Neuf et Garanti \u00e0 Paris","isPartOf":{"@id":"https:\/\/espacemenager2000.fr\/#website"},"primaryImageOfPage":{"@id":"https:\/\/espacemenager2000.fr\/produit\/tapis-de-course-reebok-i-run-4-0\/#primaryimage"},"image":{"@id":"https:\/\/espacemenager2000.fr\/produit\/tapis-de-course-reebok-i-run-4-0\/#primaryimage"},"thumbnailUrl":"https:\/\/espacemenager2000.fr\/wp-content\/uploads\/2026\/05\/Tapis-de-Course-Reebok-i-Run-4.0-.jpg","datePublished":"2026-05-10T20:49:10+00:00","dateModified":"2026-05-10T20:49:24+00:00","description":"Tapis de Course Reebok i-Run 4.0 - Dimenions d\u00e9pli\u00e9:\u00a0Longueur 156 x largeur 75 x hauteur 133cm - Dimensions pli\u00e9:\u00a0Longueur 153 x largeur 75 x hauteur 31.5cm","breadcrumb":{"@id":"https:\/\/espacemenager2000.fr\/produit\/tapis-de-course-reebok-i-run-4-0\/#breadcrumb"},"inLanguage":"en-US","potentialAction":[{"@type":"ReadAction","target":["https:\/\/espacemenager2000.fr\/produit\/tapis-de-course-reebok-i-run-4-0\/"]}]},{"@type":"ImageObject","inLanguage":"en-US","@id":"https:\/\/espacemenager2000.fr\/produit\/tapis-de-course-reebok-i-run-4-0\/#primaryimage","url":"https:\/\/espacemenager2000.fr\/wp-content\/uploads\/2026\/05\/Tapis-de-Course-Reebok-i-Run-4.0-.jpg","contentUrl":"https:\/\/espacemenager2000.fr\/wp-content\/uploads\/2026\/05\/Tapis-de-Course-Reebok-i-Run-4.0-.jpg","width":800,"height":801},{"@type":"BreadcrumbList","@id":"https:\/\/espacemenager2000.fr\/produit\/tapis-de-course-reebok-i-run-4-0\/#breadcrumb","itemListElement":[{"@type":"ListItem","position":1,"name":"Accueil","item":"https:\/\/espacemenager2000.fr\/"},{"@type":"ListItem","position":2,"name":"Boutique","item":"https:\/\/espacemenager2000.fr\/boutique\/"},{"@type":"ListItem","position":3,"name":"Tapis de Course Reebok i-Run 4.0"}]},{"@type":"WebSite","@id":"https:\/\/espacemenager2000.fr\/#website","url":"https:\/\/espacemenager2000.fr\/","name":"Espace Menager 2000","description":"Expert en \u00e9lectrom\u00e9nager depuis 2001, Espace M\u00e9nager 2000 vous propose une large gamme de produits : lave-linge, r\u00e9frig\u00e9rateurs, \u00e9lectronique et fitness. Profitez de notre savoir-faire en vente, r\u00e9paration et d\u00e9pannage. Livraison rapide dans toute la zone Euro. Qualit\u00e9 et service garantis.","publisher":{"@id":"https:\/\/espacemenager2000.fr\/#organization"},"potentialAction":[{"@type":"SearchAction","target":{"@type":"EntryPoint","urlTemplate":"https:\/\/espacemenager2000.fr\/?s={search_term_string}"},"query-input":{"@type":"PropertyValueSpecification","valueRequired":true,"valueName":"search_term_string"}}],"inLanguage":"en-US"},{"@type":"Organization","@id":"https:\/\/espacemenager2000.fr\/#organization","name":"Espace Menager 2000","url":"https:\/\/espacemenager2000.fr\/","logo":{"@type":"ImageObject","inLanguage":"en-US","@id":"https:\/\/espacemenager2000.fr\/#\/schema\/logo\/image\/","url":"https:\/\/espacemenager2000.fr\/wp-content\/uploads\/2026\/05\/Fav-Em2000.png","contentUrl":"https:\/\/espacemenager2000.fr\/wp-content\/uploads\/2026\/05\/Fav-Em2000.png","width":369,"height":369,"caption":"Espace Menager 2000"},"image":{"@id":"https:\/\/espacemenager2000.fr\/#\/schema\/logo\/image\/"},"sameAs":["https:\/\/www.facebook.com\/p\/Espace-menager-2000-100068469618146\/"]}]}},"_links":{"self":[{"href":"https:\/\/espacemenager2000.fr\/en\/wp-json\/wp\/v2\/product\/13644","targetHints":{"allow":["GET"]}}],"collection":[{"href":"https:\/\/espacemenager2000.fr\/en\/wp-json\/wp\/v2\/product"}],"about":[{"href":"https:\/\/espacemenager2000.fr\/en\/wp-json\/wp\/v2\/types\/product"}],"replies":[{"embeddable":true,"href":"https:\/\/espacemenager2000.fr\/en\/wp-json\/wp\/v2\/comments?post=13644"}],"wp:featuredmedia":[{"embeddable":true,"href":"https:\/\/espacemenager2000.fr\/en\/wp-json\/wp\/v2\/media\/13673"}],"wp:attachment":[{"href":"https:\/\/espacemenager2000.fr\/en\/wp-json\/wp\/v2\/media?parent=13644"}],"wp:term":[{"taxonomy":"product_brand","embeddable":true,"href":"https:\/\/espacemenager2000.fr\/en\/wp-json\/wp\/v2\/product_brand?post=13644"},{"taxonomy":"product_cat","embeddable":true,"href":"https:\/\/espacemenager2000.fr\/en\/wp-json\/wp\/v2\/product_cat?post=13644"},{"taxonomy":"product_tag","embeddable":true,"href":"https:\/\/espacemenager2000.fr\/en\/wp-json\/wp\/v2\/product_tag?post=13644"}],"curies":[{"name":"wp","href":"https:\/\/api.w.org\/{rel}","templated":true}]}}