{"id":13615,"date":"2026-05-10T20:49:01","date_gmt":"2026-05-10T20:49:01","guid":{"rendered":"https:\/\/espacemenager2000.fr\/?post_type=product&#038;p=13615"},"modified":"2026-05-10T20:49:07","modified_gmt":"2026-05-10T20:49:07","slug":"tapis-de-course-bodytone-evot4","status":"publish","type":"product","link":"https:\/\/espacemenager2000.fr\/en\/product\/tapis-de-course-bodytone-evot4\/","title":{"rendered":"Tapis de course Bodytone EVOT4"},"content":{"rendered":"<h3>Tapis de course Bodytone EVOT4<\/h3>\n<p>Le Tapis de course Bodytone EVOT4 appartient \u00e0 la ligne TEAM, une ligne de produits id\u00e9ale pour les h\u00f4tels, les quartiers ou les spas qui souhaitent promouvoir le sport.<\/p>\n<h3>Caract\u00e9ristiques Tapis de course Bodytone EVOT4<\/h3>\n<div class=\"inner entradilla\">\n<h4 class=\"title-level2\">Pour quel public est destin\u00e9 cet appareil semi-professionnel?<\/h4>\n<ul class=\"lista-bloques\">\n<li>Pour les\u00a0<strong>particuliers les plus exigeants<\/strong>\u00a0qui ont besoin d\u2019appareils de cardio ou de musculation qui offrent de grandes prestations.<\/li>\n<li>Pour les petites salles de sport en\u00a0<strong>entreprises, communaut\u00e9s de voisins, h\u00f4tels, centres de physioth\u00e9rapie et r\u00e9habilitation, EPAH, Communes, clubs sportifs, forces de l\u2019arm\u00e9e, la police et les pompiers<\/strong>. Ces appareils sont sp\u00e9cialement con\u00e7us en mati\u00e8re de\u00a0<strong>qualit\u00e9, garantie et prix<\/strong>\u00a0pour les besoins r\u00e9els de ce secteur. Si vous voulez plus d\u2019informations, visitez notre section sp\u00e9cifique\u00a0professionnelle.<\/li>\n<\/ul>\n<p><img fetchpriority=\"high\" decoding=\"async\" class=\"alignnone wp-image-21743 size-medium\" src=\"https:\/\/rodeosport.fr\/wp-content\/uploads\/2025\/05\/Tapis-de-course-Bodytone-EVOT4-4-300x281.webp\" alt=\"Bodytone EVOT4\" width=\"300\" height=\"281\" \/><\/p>\n<\/div>\n<div class=\"contenido\">\n<div><strong>Caract\u00e9ristiques Tapis de course Bodytone EVOT4<\/strong><\/div>\n<div><\/div>\n<div><strong>LIGNE TEAM\u00a0<\/strong><br \/>\nL&#8217;EVOT4 appartient \u00e0 la ligne TEAM, une ligne de produits id\u00e9ale pour les h\u00f4tels, les quartiers ou les spas qui souhaitent promouvoir le sport.<\/div>\n<div><\/div>\n<div><strong>Moteur Tapis de course Bodytone EVOT4<\/strong><br \/>\nSon moteur AC Professional de 4 CV, puissant et tr\u00e8s silencieux, a une puissance de pointe allant jusqu&#8217;\u00e0 5 CV, ce qui lui permet d&#8217;atteindre 20 km\/h.<\/div>\n<\/div>\n<div><\/div>\n<div><strong>Console<\/strong><br \/>\nSes 4 fen\u00eatres LED \u00e0 lumi\u00e8re blanche permettent de suivre la mesure du temps, de la vitesse, de l&#8217;inclinaison, de la distance, des pas, des calories et du pouls. Elle int\u00e8gre plusieurs programmes pr\u00e9r\u00e9gl\u00e9s et des panneaux de boutons pour modifier vos s\u00e9ances d&#8217;entra\u00eenement en tout confort.<br \/>\nPratique.<br \/>\nIl est \u00e9galement compatible avec les t\u00e9l\u00e9phones portables et les tablettes et dispose d&#8217;une connexion Bluetooth pour connecter les appareils et relier les applications.<\/div>\n<div><\/div>\n<div><strong>Tapis de course Bodytone EVOT4<\/strong><br \/>\nSa largeur de 55 cm en fait une activit\u00e9 confortable et efficace, en particulier pour les entra\u00eenements de haute intensit\u00e9 et de longue dur\u00e9e.<\/div>\n<div><\/div>\n<div>\n<div><strong>Amortissement<\/strong><br \/>\nIncorpore la technologie REACT\u00ae et un double amortisseur con\u00e7u pour g\u00e9n\u00e9rer une foul\u00e9e plus confortable et r\u00e9duire l&#8217;impact sur les articulations.<\/div>\n<div><\/div>\n<div><strong>Inclinaison<\/strong><br \/>\nIl dispose d&#8217;un syst\u00e8me d&#8217;inclinaison de 0 % \u00e0 15 %, id\u00e9al pour fa\u00e7onner vos s\u00e9ances \u00e0 votre guise ou pour une exp\u00e9rience immersive \u00e0 l&#8217;aide de simulateurs tels que Zwift, Kinomap ou MyBodytone.<\/div>\n<div><\/div>\n<div><\/div>\n<div><strong>Sp\u00e9cifications Tapis de course Bodytone EVOT4<\/strong><\/div>\n<div><\/div>\n<ul>\n<li><strong>Connectivit\u00e9 et multim\u00e9dia:<\/strong>\u00a0bluetooth, mp3<\/li>\n<li><strong>Roues de nivellement:<\/strong>\u00a0oui. le produit est \u00e9quip\u00e9 de roues de nivellement pour faciliter l&#8217;ajustement de la machine au sol.<\/li>\n<li><strong>Interactivit\u00e9<\/strong>\u00a0et envoi de donn\u00e9es : seulement capable d&#8217;envoyer des donn\u00e9es.<\/li>\n<li><strong>Poids brut<\/strong>: 173 kg<\/li>\n<li><strong>Poids net<\/strong>: 141 kg<\/li>\n<li><strong>Dimensions de la bo\u00eete<\/strong>: 107x141x26cm<\/li>\n<li><strong>Couleur<\/strong>: noir<\/li>\n<li><strong>Domaine<\/strong>\u00a0<strong>d&#8217;utilisation<\/strong>: int\u00e9rieur<\/li>\n<li><strong>Poids<\/strong>: 141 kg<\/li>\n<li><strong>Intensit\u00e9<\/strong>: am\u00e9lioration<\/li>\n<li><strong>Nombre d&#8217;heures d&#8217;utilisation:<\/strong>\u00a030h\/semaine<\/li>\n<li><strong>Transmission<\/strong>: syst\u00e8me de transmission par courroie poly-v<\/li>\n<li><strong>Modes d&#8217;exercice<\/strong>: 8 programmes pr\u00e9d\u00e9finis : marche, jogging, colline, al\u00e9atoire, perte de poids, cardio, course et sprint.<\/li>\n<li><strong>Lecture de la fr\u00e9quence cardiaque<\/strong>: capteurs de fr\u00e9quence cardiaque inclus sur le guidon.<\/li>\n<li><strong>Commodit\u00e9s et extras<\/strong>: porte-bouteille et support pour t\u00e9l\u00e9phone portable ou tablette pour une s\u00e9ance d&#8217;entra\u00eenement plus agr\u00e9able.<\/li>\n<li><strong>Fonctions de la console<\/strong>: vitesse, temps, inclinaison, distance, pas, calories, fr\u00e9quence cardiaque<\/li>\n<li><strong>Roues de transport<\/strong>: roues de transport, pour faciliter le transport ou le nettoyage de l&#8217;appareil.<\/li>\n<li><strong>Conception<\/strong>: \u00e9tude de la biom\u00e9canique et de l&#8217;ergonomie sous la supervision de professionnels et d&#8217;athl\u00e8tes associ\u00e9s. Apr\u00e8s une longue p\u00e9riode de conception ; depuis l&#8217;esquisse, la recherche en ing\u00e9nierie, la production de prototypes, les tests par des athl\u00e8tes professionnels, nos produits sont lanc\u00e9s sur le march\u00e9.<\/li>\n<li><strong>Dimensions assembl\u00e9es<\/strong>: 203 x 91 x 153 cm<\/li>\n<li><strong>Zone de travail<\/strong>: corps entier<\/li>\n<li><strong>Bases<\/strong>\u00a0de\u00a0<strong>la base<\/strong>: 2 niveleurs de hauteur pour faciliter la stabilit\u00e9 \u00e0 l&#8217;arri\u00e8re.<\/li>\n<li><strong>Syst\u00e8me<\/strong>\u00a0de\u00a0<strong>s\u00e9curit\u00e9<\/strong>: Oui, au moyen d&#8217;une pince avec un cordon rouge, qui peut \u00eatre attach\u00e9e aux v\u00eatements. En cas de n\u00e9cessit\u00e9 d&#8217;arr\u00eat, cette pince, \u00e9tant attach\u00e9e aux v\u00eatements, active l&#8217;arr\u00eat d&#8217;urgence.<\/li>\n<li><strong>Dimensions<\/strong>: 203 x 91 x 153 cm<\/li>\n<li><strong>Programmes<\/strong>: 8 programmes pr\u00e9d\u00e9finis : marche, jogging, colline, al\u00e9atoire, perte de poids, cardio, course, sprint.<\/li>\n<li><strong>Moteur<\/strong>: moteur puissant d&#8217;une puissance approximative de 4,0 hp ac.<\/li>\n<li><strong>Exigences \u00e9lectriques<\/strong>: 200 &#8211; 240v et 20 \/ 15 amp\u00e8res<\/li>\n<li><strong>Amortissement<\/strong>: technologie d&#8217;amortissement react\u00ae : s&#8217;adapte \u00e0 chaque type de foul\u00e9e<\/li>\n<li><strong>Inclinaison<\/strong>: oui, de 0 \u00e0 15%.<\/li>\n<li><strong>Vitesse<\/strong>: vitesse maximale d&#8217;environ 20 km\/h<\/li>\n<li><strong>Surface de course<\/strong>: surface de course xxl 145\u00d755 cm<\/li>\n<\/ul>\n<\/div>\n<div><\/div>","protected":false},"excerpt":{"rendered":"<div class=\"product attribute overview\">\n<div class=\"value\">L&#8217;EVOT4 appartient \u00e0 la ligne TEAM, une ligne de produits id\u00e9ale pour les h\u00f4tels, les quartiers ou les spas qui souhaitent promouvoir le sport.<\/div>\n<\/div>","protected":false},"featured_media":13629,"comment_status":"open","ping_status":"closed","template":"","meta":[],"product_brand":[24],"product_cat":[17,18,20,19],"product_tag":[22,23],"class_list":{"0":"post-13615","1":"product","2":"type-product","3":"status-publish","4":"has-post-thumbnail","6":"product_brand-bodytone","7":"product_cat-bons-plans","8":"product_cat-promotions","9":"product_cat-tapis-de-course","10":"product_cat-training-fitness","11":"product_tag-tapis-de-course","12":"product_tag-tapis-de-course-bh","14":"first","15":"instock","16":"sale","17":"shipping-taxable","18":"purchasable","19":"product-type-simple"},"yoast_head":"<!-- This site is optimized with the Yoast SEO plugin v27.6 - https:\/\/yoast.com\/product\/yoast-seo-wordpress\/ -->\n<title>Tapis de course Bodytone EVOT4 - Vente d&#039;\u00c9lectrom\u00e9nager Neuf et Garanti \u00e0 Paris<\/title>\n<meta name=\"description\" content=\"Tapis de course Bodytone EVOT4 - Pour les\u00a0particuliers les plus exigeants\u00a0qui ont besoin d\u2019appareils de cardio ou de musculation qui offrent de grandes prestations\" \/>\n<meta name=\"robots\" content=\"index, follow, max-snippet:-1, max-image-preview:large, max-video-preview:-1\" \/>\n<link rel=\"canonical\" href=\"https:\/\/espacemenager2000.fr\/en\/product\/tapis-de-course-bodytone-evot4\/\" \/>\n<meta property=\"og:locale\" content=\"en_US\" \/>\n<meta property=\"og:type\" content=\"article\" \/>\n<meta property=\"og:title\" content=\"Tapis de course Bodytone EVOT4 - Vente d&#039;\u00c9lectrom\u00e9nager Neuf et Garanti \u00e0 Paris\" \/>\n<meta property=\"og:description\" content=\"Tapis de course Bodytone EVOT4 - Pour les\u00a0particuliers les plus exigeants\u00a0qui ont besoin d\u2019appareils de cardio ou de musculation qui offrent de grandes prestations\" \/>\n<meta property=\"og:url\" content=\"https:\/\/espacemenager2000.fr\/en\/product\/tapis-de-course-bodytone-evot4\/\" \/>\n<meta property=\"og:site_name\" content=\"Vente d&#039;\u00c9lectrom\u00e9nager Neuf et Garanti \u00e0 Paris\" \/>\n<meta property=\"article:publisher\" content=\"https:\/\/www.facebook.com\/p\/Espace-menager-2000-100068469618146\/\" \/>\n<meta property=\"article:modified_time\" content=\"2026-05-10T20:49:07+00:00\" \/>\n<meta property=\"og:image\" content=\"https:\/\/espacemenager2000.fr\/wp-content\/uploads\/2026\/05\/Tapis-de-course-Bodytone-EVOT4-.jpg\" \/>\n\t<meta property=\"og:image:width\" content=\"800\" \/>\n\t<meta property=\"og:image:height\" content=\"800\" \/>\n\t<meta property=\"og:image:type\" content=\"image\/jpeg\" \/>\n<meta name=\"twitter:card\" content=\"summary_large_image\" \/>\n<meta name=\"twitter:label1\" content=\"Est. reading time\" \/>\n\t<meta name=\"twitter:data1\" content=\"6 minutes\" \/>\n<script type=\"application\/ld+json\" class=\"yoast-schema-graph\">{\"@context\":\"https:\\\/\\\/schema.org\",\"@graph\":[{\"@type\":\"WebPage\",\"@id\":\"https:\\\/\\\/espacemenager2000.fr\\\/produit\\\/tapis-de-course-bodytone-evot4\\\/\",\"url\":\"https:\\\/\\\/espacemenager2000.fr\\\/produit\\\/tapis-de-course-bodytone-evot4\\\/\",\"name\":\"Tapis de course Bodytone EVOT4 - Vente d&#039;\u00c9lectrom\u00e9nager Neuf et Garanti \u00e0 Paris\",\"isPartOf\":{\"@id\":\"https:\\\/\\\/espacemenager2000.fr\\\/#website\"},\"primaryImageOfPage\":{\"@id\":\"https:\\\/\\\/espacemenager2000.fr\\\/produit\\\/tapis-de-course-bodytone-evot4\\\/#primaryimage\"},\"image\":{\"@id\":\"https:\\\/\\\/espacemenager2000.fr\\\/produit\\\/tapis-de-course-bodytone-evot4\\\/#primaryimage\"},\"thumbnailUrl\":\"https:\\\/\\\/espacemenager2000.fr\\\/wp-content\\\/uploads\\\/2026\\\/05\\\/Tapis-de-course-Bodytone-EVOT4-.jpg\",\"datePublished\":\"2026-05-10T20:49:01+00:00\",\"dateModified\":\"2026-05-10T20:49:07+00:00\",\"description\":\"Tapis de course Bodytone EVOT4 - Pour les\u00a0particuliers les plus exigeants\u00a0qui ont besoin d\u2019appareils de cardio ou de musculation qui offrent de grandes prestations\",\"breadcrumb\":{\"@id\":\"https:\\\/\\\/espacemenager2000.fr\\\/produit\\\/tapis-de-course-bodytone-evot4\\\/#breadcrumb\"},\"inLanguage\":\"en-US\",\"potentialAction\":[{\"@type\":\"ReadAction\",\"target\":[\"https:\\\/\\\/espacemenager2000.fr\\\/produit\\\/tapis-de-course-bodytone-evot4\\\/\"]}]},{\"@type\":\"ImageObject\",\"inLanguage\":\"en-US\",\"@id\":\"https:\\\/\\\/espacemenager2000.fr\\\/produit\\\/tapis-de-course-bodytone-evot4\\\/#primaryimage\",\"url\":\"https:\\\/\\\/espacemenager2000.fr\\\/wp-content\\\/uploads\\\/2026\\\/05\\\/Tapis-de-course-Bodytone-EVOT4-.jpg\",\"contentUrl\":\"https:\\\/\\\/espacemenager2000.fr\\\/wp-content\\\/uploads\\\/2026\\\/05\\\/Tapis-de-course-Bodytone-EVOT4-.jpg\",\"width\":800,\"height\":800},{\"@type\":\"BreadcrumbList\",\"@id\":\"https:\\\/\\\/espacemenager2000.fr\\\/produit\\\/tapis-de-course-bodytone-evot4\\\/#breadcrumb\",\"itemListElement\":[{\"@type\":\"ListItem\",\"position\":1,\"name\":\"Accueil\",\"item\":\"https:\\\/\\\/espacemenager2000.fr\\\/\"},{\"@type\":\"ListItem\",\"position\":2,\"name\":\"Boutique\",\"item\":\"https:\\\/\\\/espacemenager2000.fr\\\/boutique\\\/\"},{\"@type\":\"ListItem\",\"position\":3,\"name\":\"Tapis de course Bodytone EVOT4\"}]},{\"@type\":\"WebSite\",\"@id\":\"https:\\\/\\\/espacemenager2000.fr\\\/#website\",\"url\":\"https:\\\/\\\/espacemenager2000.fr\\\/\",\"name\":\"Espace Menager 2000\",\"description\":\"Expert en \u00e9lectrom\u00e9nager depuis 2001, Espace M\u00e9nager 2000 vous propose une large gamme de produits : lave-linge, r\u00e9frig\u00e9rateurs, \u00e9lectronique et fitness. Profitez de notre savoir-faire en vente, r\u00e9paration et d\u00e9pannage. Livraison rapide dans toute la zone Euro. Qualit\u00e9 et service garantis.\",\"publisher\":{\"@id\":\"https:\\\/\\\/espacemenager2000.fr\\\/#organization\"},\"potentialAction\":[{\"@type\":\"SearchAction\",\"target\":{\"@type\":\"EntryPoint\",\"urlTemplate\":\"https:\\\/\\\/espacemenager2000.fr\\\/?s={search_term_string}\"},\"query-input\":{\"@type\":\"PropertyValueSpecification\",\"valueRequired\":true,\"valueName\":\"search_term_string\"}}],\"inLanguage\":\"en-US\"},{\"@type\":\"Organization\",\"@id\":\"https:\\\/\\\/espacemenager2000.fr\\\/#organization\",\"name\":\"Espace Menager 2000\",\"url\":\"https:\\\/\\\/espacemenager2000.fr\\\/\",\"logo\":{\"@type\":\"ImageObject\",\"inLanguage\":\"en-US\",\"@id\":\"https:\\\/\\\/espacemenager2000.fr\\\/#\\\/schema\\\/logo\\\/image\\\/\",\"url\":\"https:\\\/\\\/espacemenager2000.fr\\\/wp-content\\\/uploads\\\/2026\\\/05\\\/Fav-Em2000.png\",\"contentUrl\":\"https:\\\/\\\/espacemenager2000.fr\\\/wp-content\\\/uploads\\\/2026\\\/05\\\/Fav-Em2000.png\",\"width\":369,\"height\":369,\"caption\":\"Espace Menager 2000\"},\"image\":{\"@id\":\"https:\\\/\\\/espacemenager2000.fr\\\/#\\\/schema\\\/logo\\\/image\\\/\"},\"sameAs\":[\"https:\\\/\\\/www.facebook.com\\\/p\\\/Espace-menager-2000-100068469618146\\\/\"]}]}<\/script>\n<!-- \/ Yoast SEO plugin. -->","yoast_head_json":{"title":"Tapis de course Bodytone EVOT4 - Vente d&#039;\u00c9lectrom\u00e9nager Neuf et Garanti \u00e0 Paris","description":"Tapis de course Bodytone EVOT4 - Pour les\u00a0particuliers les plus exigeants\u00a0qui ont besoin d\u2019appareils de cardio ou de musculation qui offrent de grandes prestations","robots":{"index":"index","follow":"follow","max-snippet":"max-snippet:-1","max-image-preview":"max-image-preview:large","max-video-preview":"max-video-preview:-1"},"canonical":"https:\/\/espacemenager2000.fr\/en\/product\/tapis-de-course-bodytone-evot4\/","og_locale":"en_US","og_type":"article","og_title":"Tapis de course Bodytone EVOT4 - Vente d&#039;\u00c9lectrom\u00e9nager Neuf et Garanti \u00e0 Paris","og_description":"Tapis de course Bodytone EVOT4 - Pour les\u00a0particuliers les plus exigeants\u00a0qui ont besoin d\u2019appareils de cardio ou de musculation qui offrent de grandes prestations","og_url":"https:\/\/espacemenager2000.fr\/en\/product\/tapis-de-course-bodytone-evot4\/","og_site_name":"Vente d&#039;\u00c9lectrom\u00e9nager Neuf et Garanti \u00e0 Paris","article_publisher":"https:\/\/www.facebook.com\/p\/Espace-menager-2000-100068469618146\/","article_modified_time":"2026-05-10T20:49:07+00:00","og_image":[{"width":800,"height":800,"url":"https:\/\/espacemenager2000.fr\/wp-content\/uploads\/2026\/05\/Tapis-de-course-Bodytone-EVOT4-.jpg","type":"image\/jpeg"}],"twitter_card":"summary_large_image","twitter_misc":{"Est. reading time":"6 minutes"},"schema":{"@context":"https:\/\/schema.org","@graph":[{"@type":"WebPage","@id":"https:\/\/espacemenager2000.fr\/produit\/tapis-de-course-bodytone-evot4\/","url":"https:\/\/espacemenager2000.fr\/produit\/tapis-de-course-bodytone-evot4\/","name":"Tapis de course Bodytone EVOT4 - Vente d&#039;\u00c9lectrom\u00e9nager Neuf et Garanti \u00e0 Paris","isPartOf":{"@id":"https:\/\/espacemenager2000.fr\/#website"},"primaryImageOfPage":{"@id":"https:\/\/espacemenager2000.fr\/produit\/tapis-de-course-bodytone-evot4\/#primaryimage"},"image":{"@id":"https:\/\/espacemenager2000.fr\/produit\/tapis-de-course-bodytone-evot4\/#primaryimage"},"thumbnailUrl":"https:\/\/espacemenager2000.fr\/wp-content\/uploads\/2026\/05\/Tapis-de-course-Bodytone-EVOT4-.jpg","datePublished":"2026-05-10T20:49:01+00:00","dateModified":"2026-05-10T20:49:07+00:00","description":"Tapis de course Bodytone EVOT4 - Pour les\u00a0particuliers les plus exigeants\u00a0qui ont besoin d\u2019appareils de cardio ou de musculation qui offrent de grandes prestations","breadcrumb":{"@id":"https:\/\/espacemenager2000.fr\/produit\/tapis-de-course-bodytone-evot4\/#breadcrumb"},"inLanguage":"en-US","potentialAction":[{"@type":"ReadAction","target":["https:\/\/espacemenager2000.fr\/produit\/tapis-de-course-bodytone-evot4\/"]}]},{"@type":"ImageObject","inLanguage":"en-US","@id":"https:\/\/espacemenager2000.fr\/produit\/tapis-de-course-bodytone-evot4\/#primaryimage","url":"https:\/\/espacemenager2000.fr\/wp-content\/uploads\/2026\/05\/Tapis-de-course-Bodytone-EVOT4-.jpg","contentUrl":"https:\/\/espacemenager2000.fr\/wp-content\/uploads\/2026\/05\/Tapis-de-course-Bodytone-EVOT4-.jpg","width":800,"height":800},{"@type":"BreadcrumbList","@id":"https:\/\/espacemenager2000.fr\/produit\/tapis-de-course-bodytone-evot4\/#breadcrumb","itemListElement":[{"@type":"ListItem","position":1,"name":"Accueil","item":"https:\/\/espacemenager2000.fr\/"},{"@type":"ListItem","position":2,"name":"Boutique","item":"https:\/\/espacemenager2000.fr\/boutique\/"},{"@type":"ListItem","position":3,"name":"Tapis de course Bodytone EVOT4"}]},{"@type":"WebSite","@id":"https:\/\/espacemenager2000.fr\/#website","url":"https:\/\/espacemenager2000.fr\/","name":"Espace Menager 2000","description":"Expert en \u00e9lectrom\u00e9nager depuis 2001, Espace M\u00e9nager 2000 vous propose une large gamme de produits : lave-linge, r\u00e9frig\u00e9rateurs, \u00e9lectronique et fitness. Profitez de notre savoir-faire en vente, r\u00e9paration et d\u00e9pannage. Livraison rapide dans toute la zone Euro. Qualit\u00e9 et service garantis.","publisher":{"@id":"https:\/\/espacemenager2000.fr\/#organization"},"potentialAction":[{"@type":"SearchAction","target":{"@type":"EntryPoint","urlTemplate":"https:\/\/espacemenager2000.fr\/?s={search_term_string}"},"query-input":{"@type":"PropertyValueSpecification","valueRequired":true,"valueName":"search_term_string"}}],"inLanguage":"en-US"},{"@type":"Organization","@id":"https:\/\/espacemenager2000.fr\/#organization","name":"Espace Menager 2000","url":"https:\/\/espacemenager2000.fr\/","logo":{"@type":"ImageObject","inLanguage":"en-US","@id":"https:\/\/espacemenager2000.fr\/#\/schema\/logo\/image\/","url":"https:\/\/espacemenager2000.fr\/wp-content\/uploads\/2026\/05\/Fav-Em2000.png","contentUrl":"https:\/\/espacemenager2000.fr\/wp-content\/uploads\/2026\/05\/Fav-Em2000.png","width":369,"height":369,"caption":"Espace Menager 2000"},"image":{"@id":"https:\/\/espacemenager2000.fr\/#\/schema\/logo\/image\/"},"sameAs":["https:\/\/www.facebook.com\/p\/Espace-menager-2000-100068469618146\/"]}]}},"_links":{"self":[{"href":"https:\/\/espacemenager2000.fr\/en\/wp-json\/wp\/v2\/product\/13615","targetHints":{"allow":["GET"]}}],"collection":[{"href":"https:\/\/espacemenager2000.fr\/en\/wp-json\/wp\/v2\/product"}],"about":[{"href":"https:\/\/espacemenager2000.fr\/en\/wp-json\/wp\/v2\/types\/product"}],"replies":[{"embeddable":true,"href":"https:\/\/espacemenager2000.fr\/en\/wp-json\/wp\/v2\/comments?post=13615"}],"wp:featuredmedia":[{"embeddable":true,"href":"https:\/\/espacemenager2000.fr\/en\/wp-json\/wp\/v2\/media\/13629"}],"wp:attachment":[{"href":"https:\/\/espacemenager2000.fr\/en\/wp-json\/wp\/v2\/media?parent=13615"}],"wp:term":[{"taxonomy":"product_brand","embeddable":true,"href":"https:\/\/espacemenager2000.fr\/en\/wp-json\/wp\/v2\/product_brand?post=13615"},{"taxonomy":"product_cat","embeddable":true,"href":"https:\/\/espacemenager2000.fr\/en\/wp-json\/wp\/v2\/product_cat?post=13615"},{"taxonomy":"product_tag","embeddable":true,"href":"https:\/\/espacemenager2000.fr\/en\/wp-json\/wp\/v2\/product_tag?post=13615"}],"curies":[{"name":"wp","href":"https:\/\/api.w.org\/{rel}","templated":true}]}}