{"id":13614,"date":"2026-05-10T20:49:01","date_gmt":"2026-05-10T20:49:01","guid":{"rendered":"https:\/\/espacemenager2000.fr\/?post_type=product&#038;p=13614"},"modified":"2026-05-10T20:49:05","modified_gmt":"2026-05-10T20:49:05","slug":"tapis-de-course-adidas-t-19i-bluetooth","status":"publish","type":"product","link":"https:\/\/espacemenager2000.fr\/en\/product\/tapis-de-course-adidas-t-19i-bluetooth\/","title":{"rendered":"Tapis de Course Adidas T-19i + Bluetooth"},"content":{"rendered":"<h3>Tapis de Course Adidas T-19i + Bluetooth<\/h3>\n<div><strong>L&#8217;adidas T-19i ou Tapis de Course Adidas T-19i + Bluetooth est \u00e9quip\u00e9 d&#8217;un moteur de 2,25 CV qui peut atteindre une vitesse de 11,2 mph.<\/strong>\u00a0L&#8217;intensit\u00e9 de votre course peut \u00eatre renforc\u00e9e par les 15 niveaux d&#8217;inclinaison \u00e9lectronique pour vous donner un d\u00e9fi encore plus grand. La technologie unique d&#8217;amortissement NRG int\u00e9gr\u00e9e \u00e0 la plate-forme de course a \u00e9t\u00e9 con\u00e7ue pour amortir la zone d&#8217;impact de votre pied et aider \u00e0 r\u00e9duire la tension sur les articulations sensibles.<\/div>\n<div><\/div>\n<div>\n<h3>Caract\u00e9ristiques Tapis de Course Adidas T-19i + Bluetooth<\/h3>\n<div class=\"contenido\">\n<div><strong><span class=\"titulo-bloque\">Produit Exclusif de fitnessdigital!<\/span><\/strong><\/div>\n<div>\n<div><\/div>\n<div><strong>L&#8217;adidas T-19i est \u00e9quip\u00e9 d&#8217;un moteur de 2,25 CV qui peut atteindre une vitesse de 11,2 mph.<\/strong>\u00a0L&#8217;intensit\u00e9 de votre course peut \u00eatre renforc\u00e9e par les 15 niveaux d&#8217;inclinaison \u00e9lectronique pour vous donner un d\u00e9fi encore plus grand. La technologie unique d&#8217;amortissement NRG int\u00e9gr\u00e9e \u00e0 la plate-forme de course a \u00e9t\u00e9 con\u00e7ue pour amortir la zone d&#8217;impact de votre pied et aider \u00e0 r\u00e9duire la tension sur les articulations sensibles.<\/div>\n<div><strong>Avec ses 24 programmes de remise en forme pr\u00e9d\u00e9finis, ses 3 s\u00e9ances d&#8217;entra\u00eenement personnalis\u00e9es et ses 3 r\u00e9glages d&#8217;objectifs,<\/strong>\u00a0le T-19i offre une grande vari\u00e9t\u00e9 de d\u00e9fis pour vous aider \u00e0 progresser et \u00e0 rester motiv\u00e9. L&#8217;\u00e9cran LED \u00e0 6 affichages fournit toutes les donn\u00e9es de performance en direct dont vous avez besoin, notamment la vitesse, le temps, la distance, les calories, le pouls et l&#8217;inclinaison.<\/div>\n<\/div>\n<\/div>\n<\/div>\n<div><\/div>\n<div><img fetchpriority=\"high\" decoding=\"async\" class=\"alignnone size-medium wp-image-21714\" src=\"https:\/\/rodeosport.fr\/wp-content\/uploads\/2025\/05\/Tapis-de-Course-Adidas-T-19i-Bluetooth--300x300.jpg\" alt=\"Tapis de Course Adidas T-19i + Bluetooth\" width=\"300\" height=\"300\" \/><\/div>\n<div>\n<div class=\"contenido\">\n<div>\n<div><\/div>\n<\/div>\n<\/div>\n<\/div>\n<div>\n<div>Compatible avec Zwift, vous \u00eates en mesure de cr\u00e9er une exp\u00e9rience de course en ligne plus immersive, construite autour d&#8217;une communaut\u00e9 mondiale de coureurs connect\u00e9s.\u00a0<strong>L&#8217;application, qui se synchronise \u00e9galement avec Kinomap, propose toute une s\u00e9rie de d\u00e9fis et de vid\u00e9os de mouvements panoramiques, ce qui vous permet de personnaliser et de suivre vos s\u00e9ances d&#8217;entra\u00eenement depuis votre t\u00e9l\u00e9phone, voire de vous mesurer \u00e0 vos amis en mode multijoueur.<\/strong><\/div>\n<\/div>\n<div><\/div>\n<div>\n<div>Un support pour tablette et smartphone, situ\u00e9 au-dessus de la console principale, offre un angle de vue optimal pour tout contenu que vous souhaitez lire sur votre appareil pendant que vous courez.\u00a0<strong>Vous pouvez \u00e9galement connecter votre appareil via Bluetooth au syst\u00e8me de haut-parleurs du tapis de course pour vous immerger totalement dans vos morceaux de musique, films et \u00e9missions de t\u00e9l\u00e9vision pr\u00e9f\u00e9r\u00e9s.<\/strong><\/div>\n<\/div>\n<div><\/div>\n<div>\n<div><\/div>\n<div>Les autres caract\u00e9ristiques comprennent\u00a0<strong>des capteurs de pouls, un ventilateur r\u00e9glable, un porte-bouteille d&#8217;eau et un m\u00e9canisme de pliage\u00a0<\/strong>souple qui permet de replier la plate-forme du tapis de course lorsqu&#8217;elle n&#8217;est pas utilis\u00e9e afin de gagner de la place.<\/div>\n<\/div>\n<div><\/div>\n<div><strong>Caract\u00e9ristiques Tapis de Course Adidas T-19i + Bluetooth<\/strong><\/div>\n<div>\n<ul class=\"bullets\">\n<li>La plage de vitesse de 1 \u00e0 18 km\/h (0,6 \u00e0 11,2 mph) vous permet de passer d&#8217;une marche douce \u00e0 un sprint rapide.<\/li>\n<li>15 niveaux d&#8217;inclinaison \u00e9lectronique vous permettent d&#8217;ajuster l&#8217;\u00e9l\u00e9vation et d&#8217;augmenter le d\u00e9fi.<\/li>\n<li>L&#8217;\u00e9cran LED \u00e0 6 affichages vous fournit toutes les mesures de performance en direct dont vous avez besoin pour progresser.<\/li>\n<li>Un moteur de 2,25 cv alimente le tapis de course pour une excellente exp\u00e9rience de course.<\/li>\n<li>Le ventilateur r\u00e9glable vous aide \u00e0 rester au frais pendant l&#8217;exercice et imite la course en plein air.<\/li>\n<li>Le support r\u00e9glable pour smartphone et tablette offre un angle de vue optimal.<\/li>\n<li>Les roues de transport int\u00e9gr\u00e9es permettent de d\u00e9placer facilement le tapis de course dans votre maison.<\/li>\n<li>La console affiche la vitesse, le temps, la distance, les calories, le pouls et l&#8217;inclinaison.<\/li>\n<li>Les programmes de remise en forme comprennent 24 programmes pr\u00e9d\u00e9finis, 3 entra\u00eenements personnalis\u00e9s et 3 objectifs.<\/li>\n<li>Les r\u00e9glages du niveau du sol vous garantissent une plate-forme de course solide, stable et s\u00fbre.<\/li>\n<li>Les capteurs de pouls int\u00e9gr\u00e9s vous permettent de v\u00e9rifier rapidement votre pouls pendant vos d\u00e9placements.<\/li>\n<li>La technologie d&#8217;amortissement NRG adoucit l&#8217;impact et aide \u00e0 r\u00e9duire la tension sur les articulations sensibles.<\/li>\n<li>Dimensions d&#8217;installation : (L) 180 x (l) 81 x (h) 147 cm (L) 70,7&#8243; x (l) 31,9&#8243; x (h) 57,8&#8243;.<\/li>\n<li>Le m\u00e9canisme de pliage \u00e0 chute douce vous permet de replier la plate-forme de course lorsqu&#8217;elle n&#8217;est pas utilis\u00e9e afin de gagner de la place.<\/li>\n<li>Qualit\u00e9 de fabrication solide et fiable avec un poids maximal de l&#8217;utilisateur de 120 kg (264 lb).<\/li>\n<li>La surface de course spacieuse de 140 x 46 cm (55,1&#8243; x 18,1&#8243;) convient aux coureurs de toutes tailles.<\/li>\n<li>Les haut-parleurs Bluetooth se connectent \u00e0 votre appareil pour vous permettre de vous plonger dans vos listes de lecture d&#8217;entra\u00eenement.<\/li>\n<li>Le porte-bouteille d&#8217;eau vous permet de vous hydrater facilement pendant votre entra\u00eenement.<\/li>\n<li><strong>Compatible avec Zwift:<\/strong>\u00a0une exp\u00e9rience de course immersive qui vous met en relation avec des coureurs du monde entier.<\/li>\n<li><strong>Compatible avec Kinomap\u00a0<\/strong>: suivez des itin\u00e9raires r\u00e9els, d\u00e9fiez vos amis et analysez vos entra\u00eenements.<\/li>\n<\/ul>\n<\/div>\n<div><strong>Sp\u00e9cifications Tapis de Course Adidas T-19i + Bluetooth<\/strong><\/div>\n<div><\/div>\n<div>\n<div>\n<ul>\n<li>\u00a05 fen\u00eatres LED et 1 matrice<\/li>\n<li><strong>R\u00e9tro-\u00e9clairage LCD\u00a0<\/strong>: LED blanche<\/li>\n<\/ul>\n<\/div>\n<div><strong>Programmes\u00a0<\/strong>(32)\u00a0 \u00a0 Tapis de Course Adidas T-19i + Bluetooth<\/div>\n<div>\n<ul>\n<li>D\u00e9marrage rapide<\/li>\n<li>Temps cible<\/li>\n<li>Distance cible<\/li>\n<li>Calories cibles<\/li>\n<li>24 programmes pr\u00e9\u00e9tablis<\/li>\n<li>Graisse corporelle<\/li>\n<li>3 programmes d\u00e9finis par l&#8217;utilisateur<\/li>\n<\/ul>\n<\/div>\n<div><strong>Caract\u00e9ristiques<\/strong>\u00a0(14) \u00a0 Tapis de Course Adidas T-19i + Bluetooth<\/div>\n<\/div>\n<div>\n<div>\n<ul>\n<li>Syst\u00e8me de suspension<\/li>\n<li>Cl\u00e9s de vitesse rapide<\/li>\n<li>Touches d&#8217;inclinaison rapide<\/li>\n<li>Capteur de pouls de la main<\/li>\n<li>Ventilateur<\/li>\n<li>Porte-bouteille d&#8217;eau<\/li>\n<li>Roues de transport<\/li>\n<li>R\u00e9glage du niveau du sol<\/li>\n<li>Pliable<\/li>\n<li>Dongle Bluetooth<\/li>\n<li>APP (connexion BT)<\/li>\n<li>Haut-parleur Bluetooth<\/li>\n<li>Musique Bluetooth<\/li>\n<\/ul>\n<\/div>\n<div><strong>Fonctions\u00a0<\/strong>(8)\u00a0 \u00a0 Tapis de Course Adidas T-19i + Bluetooth<\/div>\n<\/div>\n<div>\n<ul>\n<li>Vitesse<\/li>\n<li>Temps<\/li>\n<li>Distance<\/li>\n<li>Calories<\/li>\n<li>Pouls<\/li>\n<li>Inclinaison<\/li>\n<li>Fr\u00e9quence cardiaque<\/li>\n<li>Fr\u00e9quence cardiaque cible<\/li>\n<\/ul>\n<p><strong>Apps Tapis de Course Adidas T-19i + Bluetooth<\/strong><\/p>\n<div>\n<div>\n<div><strong>Kinomap Tapis de Course Adidas T-19i + Bluetooth<\/strong><\/div>\n<div><\/div>\n<div>Naviguez dans le monde entier gr\u00e2ce \u00e0 l&#8217;int\u00e9gration de Kinomap*. Kinomap vous permet de vous entra\u00eener en int\u00e9rieur sur votre tapis de course, en ajustant automatiquement le niveau d&#8217;inclinaison pour correspondre \u00e0 l&#8217;itin\u00e9raire ext\u00e9rieur que vous avez choisi<\/div>\n<div><\/div>\n<div><em>* Abonnement Kinomap requis<\/em><\/div>\n<div>\n<ul>\n<li>Entra\u00eenez-vous dans le monde entier avec des milliers de vid\u00e9os disponibles<\/li>\n<li>Entra\u00eenements structur\u00e9s incluant le coaching et l&#8217;entra\u00eenement par intervalles<\/li>\n<li>Partagez vos r\u00e9sultats avec la communaut\u00e9 kinomap.<\/li>\n<li>D\u00e9fiez vos amis avec le mode multijoueur de Kinomap<\/li>\n<\/ul>\n<\/div>\n<div><strong>Zwift Tapis de Course Adidas T-19i + Bluetooth<\/strong><\/div>\n<div><\/div>\n<div>Les tapis de course avec Bluetooth sont compatibles avec Zwift, une exp\u00e9rience de course en ligne immersive construite autour d&#8217;une communaut\u00e9 mondiale de coureurs connect\u00e9s.<\/div>\n<div>\n<ul>\n<li>Un style de jeu vid\u00e9o motivant<\/li>\n<li>Plus de 1000 s\u00e9ances d&#8217;entra\u00eenement s\u00e9lectionn\u00e9es par des entra\u00eeneurs<\/li>\n<li>Courses de groupe, comp\u00e9titions et courses<\/li>\n<li>Connectivit\u00e9 et communaut\u00e9 mondiales<\/li>\n<\/ul>\n<\/div>\n<\/div>\n<\/div>\n<div><strong>Adidas Console+ App<\/strong><\/div>\n<div><\/div>\n<\/div>\n<div>\n<div><strong>D\u00e9couvrez adidas Console+, le compagnon ultime pour vos entra\u00eenements cardio<\/strong><\/div>\n<div><\/div>\n<div>\n<ul>\n<li>Am\u00e9liorez votre entra\u00eenement gr\u00e2ce \u00e0 une application facile \u00e0 utiliser qui apporte vari\u00e9t\u00e9 et dynamisme \u00e0 vos s\u00e9ances. Acc\u00e9dez \u00e0 des applications populaires comme Zwift, Peloton et Kinomap pour participer \u00e0 des cours interactifs et plonger dans des environnements d&#8217;entra\u00eenement ludiques.<\/li>\n<li>D\u00e9couvrez une large s\u00e9lection de programmes d&#8217;entra\u00eenement pr\u00e9\u00e9tablis sp\u00e9cialement con\u00e7us pour les tapis de course, v\u00e9los et elliptiques adidas. Am\u00e9liorez vos performances en analysant vos donn\u00e9es avec des rapports d\u00e9taill\u00e9s, en suivant votre progression au fil du temps et en obtenant des informations pr\u00e9cieuses sur votre \u00e9volution. Vous pouvez m\u00eame c\u00e9l\u00e9brer vos r\u00e9ussites en partageant vos exploits directement sur vos r\u00e9seaux sociaux.<\/li>\n<li>Utilisez l&#8217;application sur votre t\u00e9l\u00e9phone ou tablette avec toute la gamme cardio adidas et gardez un historique d\u00e9taill\u00e9 de vos entra\u00eenements tout au long de votre progression vers vos objectifs de fitness. De plus, vous pouvez synchroniser vos donn\u00e9es avec des applications tierces et plateformes de sant\u00e9 s\u00e9lectionn\u00e9es, vous permettant d\u2019int\u00e9grer vos outils de fitness pr\u00e9f\u00e9r\u00e9s en toute s\u00e9curit\u00e9, gr\u00e2ce au chiffrement TLS qui garantit la protection et la confidentialit\u00e9 de vos informations.<\/li>\n<\/ul>\n<\/div>\n<\/div>\n<div><\/div>","protected":false},"excerpt":{"rendered":"<div class=\"product attribute overview\">\n<div class=\"value\">\n<div><strong>L&#8217;adidas T-19i est \u00e9quip\u00e9 d&#8217;un moteur de 2,25 CV qui peut atteindre une vitesse de 11,2 mph.<\/strong>\u00a0L&#8217;intensit\u00e9 de votre course peut \u00eatre renforc\u00e9e par les 15 niveaux d&#8217;inclinaison \u00e9lectronique pour vous donner un d\u00e9fi encore plus grand. La technologie unique d&#8217;amortissement NRG int\u00e9gr\u00e9e \u00e0 la plate-forme de course a \u00e9t\u00e9 con\u00e7ue pour amortir la zone d&#8217;impact de votre pied et aider \u00e0 r\u00e9duire la tension sur les articulations sensibles.<\/div>\n<\/div>\n<\/div>","protected":false},"featured_media":13620,"comment_status":"open","ping_status":"closed","template":"","meta":[],"product_brand":[21],"product_cat":[17,18,20,19],"product_tag":[22,23],"class_list":{"0":"post-13614","1":"product","2":"type-product","3":"status-publish","4":"has-post-thumbnail","6":"product_brand-adidas","7":"product_cat-bons-plans","8":"product_cat-promotions","9":"product_cat-tapis-de-course","10":"product_cat-training-fitness","11":"product_tag-tapis-de-course","12":"product_tag-tapis-de-course-bh","14":"first","15":"instock","16":"sale","17":"shipping-taxable","18":"purchasable","19":"product-type-simple"},"yoast_head":"<!-- This site is optimized with the Yoast SEO plugin v27.6 - https:\/\/yoast.com\/product\/yoast-seo-wordpress\/ -->\n<title>Tapis de Course Adidas T-19i + Bluetooth - Promotion - Vente d&#039;\u00c9lectrom\u00e9nager Neuf et Garanti \u00e0 Paris<\/title>\n<meta name=\"description\" content=\"Tapis de Course Adidas T-19i + Bluetooth - L&#039;intensit\u00e9 de votre course peut \u00eatre renforc\u00e9e par les 15 niveaux d&#039;inclinaison \u00e9lectronique pour vous donner un d\u00e9fi encore plus grand\" \/>\n<meta name=\"robots\" content=\"index, follow, max-snippet:-1, max-image-preview:large, max-video-preview:-1\" \/>\n<link rel=\"canonical\" href=\"https:\/\/espacemenager2000.fr\/en\/product\/tapis-de-course-adidas-t-19i-bluetooth\/\" \/>\n<meta property=\"og:locale\" content=\"en_US\" \/>\n<meta property=\"og:type\" content=\"article\" \/>\n<meta property=\"og:title\" content=\"Tapis de Course Adidas T-19i + Bluetooth - Promotion - Vente d&#039;\u00c9lectrom\u00e9nager Neuf et Garanti \u00e0 Paris\" \/>\n<meta property=\"og:description\" content=\"Tapis de Course Adidas T-19i + Bluetooth - L&#039;intensit\u00e9 de votre course peut \u00eatre renforc\u00e9e par les 15 niveaux d&#039;inclinaison \u00e9lectronique pour vous donner un d\u00e9fi encore plus grand\" \/>\n<meta property=\"og:url\" content=\"https:\/\/espacemenager2000.fr\/en\/product\/tapis-de-course-adidas-t-19i-bluetooth\/\" \/>\n<meta property=\"og:site_name\" content=\"Vente d&#039;\u00c9lectrom\u00e9nager Neuf et Garanti \u00e0 Paris\" \/>\n<meta property=\"article:publisher\" content=\"https:\/\/www.facebook.com\/p\/Espace-menager-2000-100068469618146\/\" \/>\n<meta property=\"article:modified_time\" content=\"2026-05-10T20:49:05+00:00\" \/>\n<meta property=\"og:image\" content=\"https:\/\/espacemenager2000.fr\/wp-content\/uploads\/2026\/05\/Tapis-de-Course-Adidas-T-19i-Bluetooth-.jpg\" \/>\n\t<meta property=\"og:image:width\" content=\"800\" \/>\n\t<meta property=\"og:image:height\" content=\"800\" \/>\n\t<meta property=\"og:image:type\" content=\"image\/jpeg\" \/>\n<meta name=\"twitter:card\" content=\"summary_large_image\" \/>\n<meta name=\"twitter:label1\" content=\"Est. reading time\" \/>\n\t<meta name=\"twitter:data1\" content=\"9 minutes\" \/>\n<script type=\"application\/ld+json\" class=\"yoast-schema-graph\">{\"@context\":\"https:\\\/\\\/schema.org\",\"@graph\":[{\"@type\":\"WebPage\",\"@id\":\"https:\\\/\\\/espacemenager2000.fr\\\/produit\\\/tapis-de-course-adidas-t-19i-bluetooth\\\/\",\"url\":\"https:\\\/\\\/espacemenager2000.fr\\\/produit\\\/tapis-de-course-adidas-t-19i-bluetooth\\\/\",\"name\":\"Tapis de Course Adidas T-19i + Bluetooth - Promotion - Vente d&#039;\u00c9lectrom\u00e9nager Neuf et Garanti \u00e0 Paris\",\"isPartOf\":{\"@id\":\"https:\\\/\\\/espacemenager2000.fr\\\/#website\"},\"primaryImageOfPage\":{\"@id\":\"https:\\\/\\\/espacemenager2000.fr\\\/produit\\\/tapis-de-course-adidas-t-19i-bluetooth\\\/#primaryimage\"},\"image\":{\"@id\":\"https:\\\/\\\/espacemenager2000.fr\\\/produit\\\/tapis-de-course-adidas-t-19i-bluetooth\\\/#primaryimage\"},\"thumbnailUrl\":\"https:\\\/\\\/espacemenager2000.fr\\\/wp-content\\\/uploads\\\/2026\\\/05\\\/Tapis-de-Course-Adidas-T-19i-Bluetooth-.jpg\",\"datePublished\":\"2026-05-10T20:49:01+00:00\",\"dateModified\":\"2026-05-10T20:49:05+00:00\",\"description\":\"Tapis de Course Adidas T-19i + Bluetooth - L'intensit\u00e9 de votre course peut \u00eatre renforc\u00e9e par les 15 niveaux d'inclinaison \u00e9lectronique pour vous donner un d\u00e9fi encore plus grand\",\"breadcrumb\":{\"@id\":\"https:\\\/\\\/espacemenager2000.fr\\\/produit\\\/tapis-de-course-adidas-t-19i-bluetooth\\\/#breadcrumb\"},\"inLanguage\":\"en-US\",\"potentialAction\":[{\"@type\":\"ReadAction\",\"target\":[\"https:\\\/\\\/espacemenager2000.fr\\\/produit\\\/tapis-de-course-adidas-t-19i-bluetooth\\\/\"]}]},{\"@type\":\"ImageObject\",\"inLanguage\":\"en-US\",\"@id\":\"https:\\\/\\\/espacemenager2000.fr\\\/produit\\\/tapis-de-course-adidas-t-19i-bluetooth\\\/#primaryimage\",\"url\":\"https:\\\/\\\/espacemenager2000.fr\\\/wp-content\\\/uploads\\\/2026\\\/05\\\/Tapis-de-Course-Adidas-T-19i-Bluetooth-.jpg\",\"contentUrl\":\"https:\\\/\\\/espacemenager2000.fr\\\/wp-content\\\/uploads\\\/2026\\\/05\\\/Tapis-de-Course-Adidas-T-19i-Bluetooth-.jpg\",\"width\":800,\"height\":800},{\"@type\":\"BreadcrumbList\",\"@id\":\"https:\\\/\\\/espacemenager2000.fr\\\/produit\\\/tapis-de-course-adidas-t-19i-bluetooth\\\/#breadcrumb\",\"itemListElement\":[{\"@type\":\"ListItem\",\"position\":1,\"name\":\"Accueil\",\"item\":\"https:\\\/\\\/espacemenager2000.fr\\\/\"},{\"@type\":\"ListItem\",\"position\":2,\"name\":\"Boutique\",\"item\":\"https:\\\/\\\/espacemenager2000.fr\\\/boutique\\\/\"},{\"@type\":\"ListItem\",\"position\":3,\"name\":\"Tapis de Course Adidas T-19i + Bluetooth\"}]},{\"@type\":\"WebSite\",\"@id\":\"https:\\\/\\\/espacemenager2000.fr\\\/#website\",\"url\":\"https:\\\/\\\/espacemenager2000.fr\\\/\",\"name\":\"Espace Menager 2000\",\"description\":\"Expert en \u00e9lectrom\u00e9nager depuis 2001, Espace M\u00e9nager 2000 vous propose une large gamme de produits : lave-linge, r\u00e9frig\u00e9rateurs, \u00e9lectronique et fitness. Profitez de notre savoir-faire en vente, r\u00e9paration et d\u00e9pannage. Livraison rapide dans toute la zone Euro. Qualit\u00e9 et service garantis.\",\"publisher\":{\"@id\":\"https:\\\/\\\/espacemenager2000.fr\\\/#organization\"},\"potentialAction\":[{\"@type\":\"SearchAction\",\"target\":{\"@type\":\"EntryPoint\",\"urlTemplate\":\"https:\\\/\\\/espacemenager2000.fr\\\/?s={search_term_string}\"},\"query-input\":{\"@type\":\"PropertyValueSpecification\",\"valueRequired\":true,\"valueName\":\"search_term_string\"}}],\"inLanguage\":\"en-US\"},{\"@type\":\"Organization\",\"@id\":\"https:\\\/\\\/espacemenager2000.fr\\\/#organization\",\"name\":\"Espace Menager 2000\",\"url\":\"https:\\\/\\\/espacemenager2000.fr\\\/\",\"logo\":{\"@type\":\"ImageObject\",\"inLanguage\":\"en-US\",\"@id\":\"https:\\\/\\\/espacemenager2000.fr\\\/#\\\/schema\\\/logo\\\/image\\\/\",\"url\":\"https:\\\/\\\/espacemenager2000.fr\\\/wp-content\\\/uploads\\\/2026\\\/05\\\/Fav-Em2000.png\",\"contentUrl\":\"https:\\\/\\\/espacemenager2000.fr\\\/wp-content\\\/uploads\\\/2026\\\/05\\\/Fav-Em2000.png\",\"width\":369,\"height\":369,\"caption\":\"Espace Menager 2000\"},\"image\":{\"@id\":\"https:\\\/\\\/espacemenager2000.fr\\\/#\\\/schema\\\/logo\\\/image\\\/\"},\"sameAs\":[\"https:\\\/\\\/www.facebook.com\\\/p\\\/Espace-menager-2000-100068469618146\\\/\"]}]}<\/script>\n<!-- \/ Yoast SEO plugin. -->","yoast_head_json":{"title":"Tapis de Course Adidas T-19i + Bluetooth - Promotion - Vente d&#039;\u00c9lectrom\u00e9nager Neuf et Garanti \u00e0 Paris","description":"Tapis de Course Adidas T-19i + Bluetooth - L'intensit\u00e9 de votre course peut \u00eatre renforc\u00e9e par les 15 niveaux d'inclinaison \u00e9lectronique pour vous donner un d\u00e9fi encore plus grand","robots":{"index":"index","follow":"follow","max-snippet":"max-snippet:-1","max-image-preview":"max-image-preview:large","max-video-preview":"max-video-preview:-1"},"canonical":"https:\/\/espacemenager2000.fr\/en\/product\/tapis-de-course-adidas-t-19i-bluetooth\/","og_locale":"en_US","og_type":"article","og_title":"Tapis de Course Adidas T-19i + Bluetooth - Promotion - Vente d&#039;\u00c9lectrom\u00e9nager Neuf et Garanti \u00e0 Paris","og_description":"Tapis de Course Adidas T-19i + Bluetooth - L'intensit\u00e9 de votre course peut \u00eatre renforc\u00e9e par les 15 niveaux d'inclinaison \u00e9lectronique pour vous donner un d\u00e9fi encore plus grand","og_url":"https:\/\/espacemenager2000.fr\/en\/product\/tapis-de-course-adidas-t-19i-bluetooth\/","og_site_name":"Vente d&#039;\u00c9lectrom\u00e9nager Neuf et Garanti \u00e0 Paris","article_publisher":"https:\/\/www.facebook.com\/p\/Espace-menager-2000-100068469618146\/","article_modified_time":"2026-05-10T20:49:05+00:00","og_image":[{"width":800,"height":800,"url":"https:\/\/espacemenager2000.fr\/wp-content\/uploads\/2026\/05\/Tapis-de-Course-Adidas-T-19i-Bluetooth-.jpg","type":"image\/jpeg"}],"twitter_card":"summary_large_image","twitter_misc":{"Est. reading time":"9 minutes"},"schema":{"@context":"https:\/\/schema.org","@graph":[{"@type":"WebPage","@id":"https:\/\/espacemenager2000.fr\/produit\/tapis-de-course-adidas-t-19i-bluetooth\/","url":"https:\/\/espacemenager2000.fr\/produit\/tapis-de-course-adidas-t-19i-bluetooth\/","name":"Tapis de Course Adidas T-19i + Bluetooth - Promotion - Vente d&#039;\u00c9lectrom\u00e9nager Neuf et Garanti \u00e0 Paris","isPartOf":{"@id":"https:\/\/espacemenager2000.fr\/#website"},"primaryImageOfPage":{"@id":"https:\/\/espacemenager2000.fr\/produit\/tapis-de-course-adidas-t-19i-bluetooth\/#primaryimage"},"image":{"@id":"https:\/\/espacemenager2000.fr\/produit\/tapis-de-course-adidas-t-19i-bluetooth\/#primaryimage"},"thumbnailUrl":"https:\/\/espacemenager2000.fr\/wp-content\/uploads\/2026\/05\/Tapis-de-Course-Adidas-T-19i-Bluetooth-.jpg","datePublished":"2026-05-10T20:49:01+00:00","dateModified":"2026-05-10T20:49:05+00:00","description":"Tapis de Course Adidas T-19i + Bluetooth - L'intensit\u00e9 de votre course peut \u00eatre renforc\u00e9e par les 15 niveaux d'inclinaison \u00e9lectronique pour vous donner un d\u00e9fi encore plus grand","breadcrumb":{"@id":"https:\/\/espacemenager2000.fr\/produit\/tapis-de-course-adidas-t-19i-bluetooth\/#breadcrumb"},"inLanguage":"en-US","potentialAction":[{"@type":"ReadAction","target":["https:\/\/espacemenager2000.fr\/produit\/tapis-de-course-adidas-t-19i-bluetooth\/"]}]},{"@type":"ImageObject","inLanguage":"en-US","@id":"https:\/\/espacemenager2000.fr\/produit\/tapis-de-course-adidas-t-19i-bluetooth\/#primaryimage","url":"https:\/\/espacemenager2000.fr\/wp-content\/uploads\/2026\/05\/Tapis-de-Course-Adidas-T-19i-Bluetooth-.jpg","contentUrl":"https:\/\/espacemenager2000.fr\/wp-content\/uploads\/2026\/05\/Tapis-de-Course-Adidas-T-19i-Bluetooth-.jpg","width":800,"height":800},{"@type":"BreadcrumbList","@id":"https:\/\/espacemenager2000.fr\/produit\/tapis-de-course-adidas-t-19i-bluetooth\/#breadcrumb","itemListElement":[{"@type":"ListItem","position":1,"name":"Accueil","item":"https:\/\/espacemenager2000.fr\/"},{"@type":"ListItem","position":2,"name":"Boutique","item":"https:\/\/espacemenager2000.fr\/boutique\/"},{"@type":"ListItem","position":3,"name":"Tapis de Course Adidas T-19i + Bluetooth"}]},{"@type":"WebSite","@id":"https:\/\/espacemenager2000.fr\/#website","url":"https:\/\/espacemenager2000.fr\/","name":"Espace Menager 2000","description":"Expert en \u00e9lectrom\u00e9nager depuis 2001, Espace M\u00e9nager 2000 vous propose une large gamme de produits : lave-linge, r\u00e9frig\u00e9rateurs, \u00e9lectronique et fitness. Profitez de notre savoir-faire en vente, r\u00e9paration et d\u00e9pannage. Livraison rapide dans toute la zone Euro. Qualit\u00e9 et service garantis.","publisher":{"@id":"https:\/\/espacemenager2000.fr\/#organization"},"potentialAction":[{"@type":"SearchAction","target":{"@type":"EntryPoint","urlTemplate":"https:\/\/espacemenager2000.fr\/?s={search_term_string}"},"query-input":{"@type":"PropertyValueSpecification","valueRequired":true,"valueName":"search_term_string"}}],"inLanguage":"en-US"},{"@type":"Organization","@id":"https:\/\/espacemenager2000.fr\/#organization","name":"Espace Menager 2000","url":"https:\/\/espacemenager2000.fr\/","logo":{"@type":"ImageObject","inLanguage":"en-US","@id":"https:\/\/espacemenager2000.fr\/#\/schema\/logo\/image\/","url":"https:\/\/espacemenager2000.fr\/wp-content\/uploads\/2026\/05\/Fav-Em2000.png","contentUrl":"https:\/\/espacemenager2000.fr\/wp-content\/uploads\/2026\/05\/Fav-Em2000.png","width":369,"height":369,"caption":"Espace Menager 2000"},"image":{"@id":"https:\/\/espacemenager2000.fr\/#\/schema\/logo\/image\/"},"sameAs":["https:\/\/www.facebook.com\/p\/Espace-menager-2000-100068469618146\/"]}]}},"_links":{"self":[{"href":"https:\/\/espacemenager2000.fr\/en\/wp-json\/wp\/v2\/product\/13614","targetHints":{"allow":["GET"]}}],"collection":[{"href":"https:\/\/espacemenager2000.fr\/en\/wp-json\/wp\/v2\/product"}],"about":[{"href":"https:\/\/espacemenager2000.fr\/en\/wp-json\/wp\/v2\/types\/product"}],"replies":[{"embeddable":true,"href":"https:\/\/espacemenager2000.fr\/en\/wp-json\/wp\/v2\/comments?post=13614"}],"wp:featuredmedia":[{"embeddable":true,"href":"https:\/\/espacemenager2000.fr\/en\/wp-json\/wp\/v2\/media\/13620"}],"wp:attachment":[{"href":"https:\/\/espacemenager2000.fr\/en\/wp-json\/wp\/v2\/media?parent=13614"}],"wp:term":[{"taxonomy":"product_brand","embeddable":true,"href":"https:\/\/espacemenager2000.fr\/en\/wp-json\/wp\/v2\/product_brand?post=13614"},{"taxonomy":"product_cat","embeddable":true,"href":"https:\/\/espacemenager2000.fr\/en\/wp-json\/wp\/v2\/product_cat?post=13614"},{"taxonomy":"product_tag","embeddable":true,"href":"https:\/\/espacemenager2000.fr\/en\/wp-json\/wp\/v2\/product_tag?post=13614"}],"curies":[{"name":"wp","href":"https:\/\/api.w.org\/{rel}","templated":true}]}}