{"id":1253,"date":"2025-12-22T16:16:06","date_gmt":"2025-12-22T16:16:06","guid":{"rendered":"https:\/\/espacemenager2000.fr\/?post_type=product&#038;p=1253"},"modified":"2026-05-10T20:42:30","modified_gmt":"2026-05-10T20:42:30","slug":"nordictrack-commercial-s22i-studio-cycle","status":"publish","type":"product","link":"https:\/\/espacemenager2000.fr\/en\/product\/nordictrack-commercial-s22i-studio-cycle\/","title":{"rendered":"NordicTrack Commercial S22i Studio Cycle"},"content":{"rendered":"<h2>NordicTrack Commercial S22i Studio Cycle<\/h2>\n<p class=\"product-subheading\">NordicTrack Commercial S22i Studio Cycle : Explorez le monde avec un \u00e9cran tactile Smart HD de 22&#8243; et une technologie d&#8217;adaptation au terrain sur notre <b>s\u00e9rie de v\u00e9los avec inclinaison et d\u00e9clinaison<\/b>.<\/p>\n<h3>Caract\u00e9ristiques NordicTrack Commercial S22i Studio Cycle<\/h3>\n<div class=\"contenido\">\n<p><strong>Rejoignez les cours dirig\u00e9s \u00e0 la maison et l&#8217;instructeur ajustera automatiquement l&#8217;inclinaison et la r\u00e9sistance afin que vous puissiez vous concentrer sur votre entra\u00eenement intense.<\/strong><\/p>\n<h4><strong>Nouvelles fonctionnalit\u00e9s<\/strong><\/h4>\n<ul>\n<li><strong>Nouveau design de la console<\/strong><\/li>\n<li><strong>P\u00e9dales \u00e0 deux c\u00f4t\u00e9s avec clips pour orteils et sangles SPD<\/strong><\/li>\n<li><strong>sangles<\/strong><\/li>\n<li><strong>Si\u00e8ge am\u00e9lior\u00e9<\/strong><\/li>\n<li><strong>Haut-parleurs 2&#8243; Premium Dual Audio<\/strong><\/li>\n<\/ul>\n<p>&nbsp;<\/p>\n<div>\n<div class=\"wrap\">\n<div class=\"col-5-8 tb-col-5-8 center-block txt-center\">\n<div class=\"video-item\">\n<div class=\"video-container iframe-container text-center\">\n<div class=\"youtube-player\" data-id=\"https:\/\/www.youtube.com\/embed\/gFBkH9tcRg4?rel=0&amp;autoplay=1&amp;wmode=opaque\">\n<div class=\"youtube-thumb\"><img fetchpriority=\"high\" decoding=\"async\" class=\"lazy-content img-fluid\" src=\"https:\/\/i1.ytimg.com\/vi\/gFBkH9tcRg4\/maxresdefault.jpg\" alt=\"https:\/\/i1.ytimg.com\/vi\/gFBkH9tcRg4\/maxresdefault.jpg\" width=\"670\" height=\"377\" \/><\/div>\n<div><\/div>\n<h4 class=\"youtube-thumb\"><strong style=\"font-size: 1rem;\">Caract\u00e9ristiques NordicTrack Commercial S22i Studio Cycle<\/strong><\/h4>\n<\/div>\n<\/div>\n<\/div>\n<\/div>\n<\/div>\n<\/div>\n<div>\n<div><strong>Ecran T\u00e1ctil<br \/>\n<\/strong>Le logiciel iFIT comprend plusieurs \u00e9crans de programmes gratuits pr\u00e9d\u00e9finis, et vous passez au niveau sup\u00e9rieur en acc\u00e9dant \u00e0 tout le contenu disponible par le biais de l&#8217; Abonnement iFIT.<\/div>\n<div><\/div>\n<div><strong>Gym travaillez chez vous<\/strong><\/div>\n<div>Groupes d&#8217;\u00e9tudes audio audio transmis avec des entra\u00eeneurs personnels dans un environnement motivant, quand et o\u00f9 ils le souhaitent.<\/div>\n<div><strong>\u00a0 \u00a0<\/strong><\/div>\n<div><strong>Temps d&#8217;\u00e9vasion et d&#8217;exploration<\/strong><\/div>\n<div>Je suis entr\u00e9 dans le monde avec Google Maps \u2122. Il savait vraiment comment exp\u00e9rimenter et ma\u00eetriser le terrain gr\u00e2ce \u00e0 la technologie de r\u00e9glage automatique de l&#8217;inclinaison.<\/div>\n<div><strong>\u00a0<\/strong><\/div>\n<div><strong>Entra\u00eement corporel total<\/strong><\/div>\n<div>Descendez du v\u00e9lo et tournez l&#8217;\u00e9cran pour pouvoir participer aux entra\u00eenements \u00e0 haute puissance pour br\u00fbler tout votre corps.<\/div>\n<div><strong>\u00a0 \u00a0 \u00a0<\/strong><\/div>\n<div><strong>Suivi de la formation en temps r\u00e9el<\/strong><\/div>\n<div>Plongez plus profond\u00e9ment. Allez au-del\u00e0 des statistiques d\u2019entra\u00eenement traditionnelles et utilisez votre fr\u00e9quence cardiaque, votre gain et votre intensit\u00e9 pour en savoir plus sur votre entra\u00eenement.<\/div>\n<\/div>\n<div>\n<div>\n<p><img decoding=\"async\" class=\"lazy-content img-fluid\" src=\"https:\/\/www.fitnessdigital.fr\/images\/productos\/detalles\/nordictrack\/nordictrack-s22i-ifit.jpg\" alt=\"nordictrack-s22i-ifit\" \/><\/p>\n<\/div>\n<div>\n<div><strong>\u00c9cran tactile hd 22&#8243;<\/strong><\/div>\n<div>Cet \u00e9cran tactile HD de 22&#8243; orientable est \u00e9quip\u00e9 de la technologie iFit.<\/div>\n<div><\/div>\n<h5><strong>Ifit coach NordicTrack Commercial S22i Studio Cycle<\/strong><\/h5>\n<div>Le nouveau v\u00e9lo S22i, associ\u00e9 \u00e0 votre abonnement iFit\u2122, vous permet d&#8217;acc\u00e9der \u00e0 + de 400 programmes d&#8217;entra\u00eenement pr\u00e9d\u00e9finis et de pratiquer vos s\u00e9ances sportives un peu partout dans le monde. Son \u00e9cran tactile HD de 22&#8243;, vous immerge dans des paysages divers et vari\u00e9s et vos entra\u00eenements n&#8217;en seront que plus performants.<\/div>\n<\/div>\n<div>\n<div><\/div>\n<div>\n<p><img decoding=\"async\" class=\"lazy-content img-fluid\" src=\"https:\/\/www.fitnessdigital.fr\/images\/productos\/detalles\/nordictrack\/nordictrack-s22i-spd.jpg\" alt=\"nordictrack-s22i-spd\" \/><\/p>\n<\/div>\n<div>\n<div><strong>Ventilateur Autobreeze\u2122<\/strong><\/div>\n<div>Restez cool et confortable avec le ventilateur qui ajuste automatiquement sa puissance en fonction de la vitesse de votre entra\u00eenement; Ou, personnalisez votre confort avec les commandes du ventilateur sur la console.<\/div>\n<\/div>\n<\/div>\n<\/div>\n<div>\n<div>\n<div>\n<p><img decoding=\"async\" class=\"lazy-content img-fluid\" src=\"https:\/\/www.fitnessdigital.fr\/images\/productos\/detalles\/nordictrack\/nordictrack-s22i-training.jpg\" alt=\"nordictrack-s22i-training\" \/><\/p>\n<\/div>\n<div>\n<div>\n<div><strong>Decline -10% et incline+20%<\/strong><\/div>\n<div>L&#8217;inclinaison jusqu&#8217;\u00e0 20 % vous permet de gravir aussi bien de faibles pentes que des montagnes et d&#8217;aller toujours plus haut, et\u00a0 donc plus loin, pour atteindre vos objectifs. Plus vous inclinez, plus vous br\u00fblez de calories!<\/div>\n<div><\/div>\n<div>\n<p>Une fois mont\u00e9s, redescendez ! P\u00e9daler en d\u00e9clinaison permet de solliciter des muscles diff\u00e9rents pour des r\u00e9sultats plus rapides.<\/p>\n<h5><strong>24 niveaux de resistance\u00a0 NordicTrack Commercial S22i Studio Cycle<\/strong><\/h5>\n<div>Faites varier les niveaux de r\u00e9sistance pendant vos s\u00e9ances d&#8217;entra\u00eenement d&#8217;une simple pression sur une touche de la console et d\u00e9passez vos objectifs durant vos s\u00e9ances de cardio afin de br\u00fbler un maximum de calories et am\u00e9liorer vos performances!<\/div>\n<\/div>\n<\/div>\n<\/div>\n<div><\/div>\n<\/div>\n<div>\n<p><img decoding=\"async\" class=\"lazy-content img-fluid\" src=\"https:\/\/www.fitnessdigital.fr\/images\/productos\/detalles\/nordictrack\/nordictrack-s22i-expansive.jpg\" alt=\"nordictrack-s22i-expansive\" \/><\/p>\n<\/div>\n<\/div>\n<h4><strong>Sp\u00e9cifications NordicTrack Commercial S22i Studio Cycle<br \/>\n<\/strong><\/h4>\n<ul>\n<li><strong>Poids du produit emball\u00e9:\u00a0<\/strong>92,98 kg<\/li>\n<li>iFit\u00ae Enabled &#8211; (abonnement non incus)<\/li>\n<li>\u00c9cran tactile couleur de 22 po (inclinable et pivotant)<\/li>\n<li>Affichage de la puissance en watts<\/li>\n<li>Technologie ActivePulseTM \/ Bandeau de bras SmartBeat (vendu s\u00e9par\u00e9ment)<\/li>\n<li>Compatible avec les \u00e9couteurs BluetoothPAT-<\/li>\n<li>Roue de vol efficace de 13 kg \u00e0 inertie renforc\u00e9e roue<\/li>\n<li>24 niveaux de QuickResistance\u00ae num\u00e9rique<\/li>\n<li>Inclinaison de -10 + 20% de pente<\/li>\n<li>Selles ergonomiques rembourr\u00e9es<\/li>\n<li>Pr\u00e9cision d&#8217;assise verticale et horizontale Ad- justment<\/li>\n<li>Guidon antid\u00e9rapant en position Mukti<\/li>\n<li>R\u00e9glage de pr\u00e9cision du guidon vertical<\/li>\n<li>Plateau pour accessoires sur le guidon<\/li>\n<li>Ventilateur d&#8217;entra\u00eenement Autobreeze<\/li>\n<li>Double porte-bouteille d&#8217;eau<\/li>\n<li>Roues de transport mont\u00e9es \u00e0 l&#8217;avant<\/li>\n<li>Deux halt\u00e8res de 1,4 kg. halt\u00e8res<\/li>\n<li><strong>Dimensions:<\/strong>\u00a0154,94 cm de longueur x 55,88 cm de largeur x 147,32 cm de hauteur<\/li>\n<li><strong>Poids maximal de l&#8217;utilisateur:<\/strong>\u00a0160 kg<\/li>\n<\/ul>\n<div class=\"mod8-icon-box\">\n<div class=\"scp-icon-copy\">\n<h5 class=\"prodmod8-icon-title\">AutoAdjust\u2122<\/h5>\n<p>Votre coach iFIT contr\u00f4le les 20 % d&#8217;inclinaison et les -10 % de d\u00e9clinaison de votre S22i pour reproduire le terrain naturel de vos entra\u00eenements &#8211; du Japon \u00e0 l&#8217;Allemagne et partout ailleurs.<\/p>\n<\/div>\n<\/div>\n<div class=\"mod8-icon-box\">\n<p><img decoding=\"async\" src=\"https:\/\/iconcdn-res.cloudinary.com\/image\/upload\/v1644265302\/nordictrack.com\/cdn\/images\/catalog\/productModules\/icn_digital-display.svg\" alt=\"New 2-Sided SPD Pedals\" \/><\/p>\n<div class=\"scp-icon-copy\">\n<h5 class=\"prodmod8-icon-title\">P\u00e9dales hybrides double face<\/h5>\n<p>P\u00e9dales classiques ou SPD, c&#8217;est vous qui choisissez gr\u00e2ce aux nouvelles p\u00e9dales hybrides. Vous pouvez aussi clipser vos p\u00e9dales automatiques de votre v\u00e9lo de route.<\/p>\n<\/div>\n<\/div>\n<div class=\"mod8-icon-box\">\n<p><img decoding=\"async\" src=\"https:\/\/res.cloudinary.com\/iconcdn\/image\/upload\/v1605162788\/nordictrack.com\/cdn\/images\/catalog\/productModules\/icn_HD.svg\" alt=\"HD Graphics Performance\" \/><\/p>\n<div class=\"scp-icon-copy\">\n<h5 class=\"prodmod8-icon-title\">PERFORMANCES GRAPHIQUES HD<\/h5>\n<p>De Maui \u00e0 la Suisse, parcourez le monde \u00e0 v\u00e9lo comme si vous y \u00e9tiez. Le S22i dispose d&#8217;un \u00e9cran HD 22&#8243; tactile \u00e9quip\u00e9 d&#8217;un processeur am\u00e9lior\u00e9, qui apporte une qualit\u00e9 d&#8217;image encore plus performante.<\/p>\n<\/div>\n<\/div>\n<div class=\"mod8-icon-box\">\n<p><img decoding=\"async\" src=\"https:\/\/res.cloudinary.com\/iconcdn\/image\/upload\/v1604424795\/nordictrack.com\/cdn\/images\/icons\/icn_headphones.svg\" alt=\"Bluetooth\u00b3 Headphone Connectivity\" \/><\/p>\n<div class=\"scp-icon-copy\">\n<h5 class=\"prodmod8-icon-title\">COMPATIBLE AVEC DES \u00c9COUTEURS BLUETOOTH<a id=\"footnote-ensypd\" class=\"link-footnote animated-scroll copy-supNum\" href=\"https:\/\/www.nordictrack.fr\/velo-appartement\/s22i-studio-bike#bluetooth-disclaimer\">3<\/a><\/h5>\n<p>Encore plus immersif : \u00e9coutez les instructions de vos coachs sans aucune distraction en connectant vos \u00e9couteurs Bluetooth \u00e0 la console de votre v\u00e9lo.<\/p>\n<\/div>\n<\/div>\n<div class=\"mod8-icon-box\">\n<p><img decoding=\"async\" src=\"https:\/\/iconcdn-res.cloudinary.com\/image\/upload\/v1644265302\/nordictrack.com\/cdn\/images\/catalog\/productModules\/icn_flywheel.svg\" alt=\"Inertia Enhanced Flywheel\" \/><\/p>\n<div class=\"scp-icon-copy\">\n<h5 class=\"prodmod8-icon-title\">Roue d&#8217;inertie<\/h5>\n<p>Profitez d&#8217;un p\u00e9dalage fluide et sans \u00e0-coups.<\/p>\n<\/div>\n<\/div>\n<div class=\"mod8-icon-box\">\n<p><img decoding=\"async\" src=\"https:\/\/iconcdn-res.cloudinary.com\/image\/upload\/v1644265304\/nordictrack.com\/cdn\/images\/catalog\/productModules\/icn_smr.svg\" alt=\"SMR\u2122 Silent Magnetic Resistance\" \/><\/p>\n<div class=\"scp-icon-copy\">\n<p class=\"prodmod8-icon-title\">R\u00e9sistance magn\u00e9tique silencieuse SMR\u2122<\/p>\n<p>P\u00e9dalez en toute discr\u00e9tion gr\u00e2ce \u00e0 la r\u00e9sistance silencieuse SMR\u2122.<\/p>\n<\/div>\n<\/div>\n<div class=\"mod8-icon-box\">\n<p><img decoding=\"async\" src=\"https:\/\/iconcdn-res.cloudinary.com\/image\/upload\/v1535487186\/nordictrack.com\/cdn\/images\/icons\/icn-exercise.svg\" alt=\"Dual 3 Lb. Dumbbells\" \/><\/p>\n<div class=\"scp-icon-copy\">\n<h5 class=\"prodmod8-icon-title\">DEUX HALT\u00c8RES DE 1,3 KG INCLUS<\/h5>\n<p>Travaillez le haut du corps pendant que vous p\u00e9dalez avec les halt\u00e8res inclus pour un entra\u00eenement complet.<\/p>\n<\/div>\n<\/div>\n<\/div>","protected":false},"excerpt":{"rendered":"<div class=\"product attribute overview\">\n<div class=\"value\">\n<div class=\"elementor-widget elementor-element elementor-element-cenezrn elementor-widget-text-editor\" data-element_type=\"text-editor\">\n<div class=\"elementor-widget-container\">\n<div class=\"elementor-text-editor rte-content\">\n<p class=\"product-subheading ai-optimize-6\">Explorez le monde avec un \u00e9cran tactile Smart HD de 22&#8243; et une technologie d&#8217;adaptation au terrain sur notre\u00a0<b>s\u00e9rie de v\u00e9los avec inclinaison et d\u00e9clinaison<\/b>.<\/p>\n<\/div>\n<\/div>\n<\/div>\n<div class=\"elementor-widget elementor-element elementor-element-ki1x5cr elementor-widget-text-editor\" data-element_type=\"text-editor\">\n<div class=\"elementor-widget-container\">\n<div class=\"elementor-text-editor rte-content\"><\/div>\n<\/div>\n<\/div>\n<\/div>\n<\/div>","protected":false},"featured_media":1254,"comment_status":"open","ping_status":"closed","template":"","meta":[],"product_brand":[32],"product_cat":[17,18,60,19],"product_tag":[61,47],"class_list":{"0":"post-1253","1":"product","2":"type-product","3":"status-publish","4":"has-post-thumbnail","6":"product_brand-nordictrack","7":"product_cat-bons-plans","8":"product_cat-promotions","9":"product_cat-smart-bikes","10":"product_cat-training-fitness","11":"product_tag-smart-bikes","12":"product_tag-velo-dappartement","14":"first","15":"instock","16":"shipping-taxable","17":"purchasable","18":"product-type-simple"},"yoast_head":"<!-- This site is optimized with the Yoast SEO plugin v27.6 - https:\/\/yoast.com\/product\/yoast-seo-wordpress\/ -->\n<title>NordicTrack Commercial S22i Studio Cycle - Promotion - Vente d&#039;\u00c9lectrom\u00e9nager Neuf et Garanti \u00e0 Paris<\/title>\n<meta name=\"description\" content=\"NordicTrack Commercial S22i Studio Cycle - Explorez le monde avec un \u00e9cran tactile Smart HD de 22&quot; et une technologie d&#039;adaptation au terrain sur notre s\u00e9rie de v\u00e9los avec inclinaison et d\u00e9clinaison.\" \/>\n<meta name=\"robots\" content=\"index, follow, max-snippet:-1, max-image-preview:large, max-video-preview:-1\" \/>\n<link rel=\"canonical\" href=\"https:\/\/espacemenager2000.fr\/en\/product\/nordictrack-commercial-s22i-studio-cycle\/\" \/>\n<meta property=\"og:locale\" content=\"en_US\" \/>\n<meta property=\"og:type\" content=\"article\" \/>\n<meta property=\"og:title\" content=\"NordicTrack Commercial S22i Studio Cycle - Promotion - Vente d&#039;\u00c9lectrom\u00e9nager Neuf et Garanti \u00e0 Paris\" \/>\n<meta property=\"og:description\" content=\"NordicTrack Commercial S22i Studio Cycle - Explorez le monde avec un \u00e9cran tactile Smart HD de 22&quot; et une technologie d&#039;adaptation au terrain sur notre s\u00e9rie de v\u00e9los avec inclinaison et d\u00e9clinaison.\" \/>\n<meta property=\"og:url\" content=\"https:\/\/espacemenager2000.fr\/en\/product\/nordictrack-commercial-s22i-studio-cycle\/\" \/>\n<meta property=\"og:site_name\" content=\"Vente d&#039;\u00c9lectrom\u00e9nager Neuf et Garanti \u00e0 Paris\" \/>\n<meta property=\"article:publisher\" content=\"https:\/\/www.facebook.com\/p\/Espace-menager-2000-100068469618146\/\" \/>\n<meta property=\"article:modified_time\" content=\"2026-05-10T20:42:30+00:00\" \/>\n<meta property=\"og:image\" content=\"https:\/\/espacemenager2000.fr\/wp-content\/uploads\/2026\/05\/NordicTrack-Commercial-S22i-Studio-Cycle-3.jpg\" \/>\n\t<meta property=\"og:image:width\" content=\"800\" \/>\n\t<meta property=\"og:image:height\" content=\"800\" \/>\n\t<meta property=\"og:image:type\" content=\"image\/jpeg\" \/>\n<meta name=\"twitter:card\" content=\"summary_large_image\" \/>\n<meta name=\"twitter:label1\" content=\"Est. reading time\" \/>\n\t<meta name=\"twitter:data1\" content=\"7 minutes\" \/>\n<script type=\"application\/ld+json\" class=\"yoast-schema-graph\">{\"@context\":\"https:\\\/\\\/schema.org\",\"@graph\":[{\"@type\":\"WebPage\",\"@id\":\"https:\\\/\\\/espacemenager2000.fr\\\/produit\\\/nordictrack-commercial-s22i-studio-cycle\\\/\",\"url\":\"https:\\\/\\\/espacemenager2000.fr\\\/produit\\\/nordictrack-commercial-s22i-studio-cycle\\\/\",\"name\":\"NordicTrack Commercial S22i Studio Cycle - Promotion - Vente d&#039;\u00c9lectrom\u00e9nager Neuf et Garanti \u00e0 Paris\",\"isPartOf\":{\"@id\":\"https:\\\/\\\/espacemenager2000.fr\\\/#website\"},\"primaryImageOfPage\":{\"@id\":\"https:\\\/\\\/espacemenager2000.fr\\\/produit\\\/nordictrack-commercial-s22i-studio-cycle\\\/#primaryimage\"},\"image\":{\"@id\":\"https:\\\/\\\/espacemenager2000.fr\\\/produit\\\/nordictrack-commercial-s22i-studio-cycle\\\/#primaryimage\"},\"thumbnailUrl\":\"https:\\\/\\\/espacemenager2000.fr\\\/wp-content\\\/uploads\\\/2026\\\/05\\\/NordicTrack-Commercial-S22i-Studio-Cycle-3.jpg\",\"datePublished\":\"2025-12-22T16:16:06+00:00\",\"dateModified\":\"2026-05-10T20:42:30+00:00\",\"description\":\"NordicTrack Commercial S22i Studio Cycle - Explorez le monde avec un \u00e9cran tactile Smart HD de 22\\\" et une technologie d'adaptation au terrain sur notre s\u00e9rie de v\u00e9los avec inclinaison et d\u00e9clinaison.\",\"breadcrumb\":{\"@id\":\"https:\\\/\\\/espacemenager2000.fr\\\/produit\\\/nordictrack-commercial-s22i-studio-cycle\\\/#breadcrumb\"},\"inLanguage\":\"en-US\",\"potentialAction\":[{\"@type\":\"ReadAction\",\"target\":[\"https:\\\/\\\/espacemenager2000.fr\\\/produit\\\/nordictrack-commercial-s22i-studio-cycle\\\/\"]}]},{\"@type\":\"ImageObject\",\"inLanguage\":\"en-US\",\"@id\":\"https:\\\/\\\/espacemenager2000.fr\\\/produit\\\/nordictrack-commercial-s22i-studio-cycle\\\/#primaryimage\",\"url\":\"https:\\\/\\\/espacemenager2000.fr\\\/wp-content\\\/uploads\\\/2026\\\/05\\\/NordicTrack-Commercial-S22i-Studio-Cycle-3.jpg\",\"contentUrl\":\"https:\\\/\\\/espacemenager2000.fr\\\/wp-content\\\/uploads\\\/2026\\\/05\\\/NordicTrack-Commercial-S22i-Studio-Cycle-3.jpg\",\"width\":800,\"height\":800},{\"@type\":\"BreadcrumbList\",\"@id\":\"https:\\\/\\\/espacemenager2000.fr\\\/produit\\\/nordictrack-commercial-s22i-studio-cycle\\\/#breadcrumb\",\"itemListElement\":[{\"@type\":\"ListItem\",\"position\":1,\"name\":\"Accueil\",\"item\":\"https:\\\/\\\/espacemenager2000.fr\\\/\"},{\"@type\":\"ListItem\",\"position\":2,\"name\":\"Boutique\",\"item\":\"https:\\\/\\\/espacemenager2000.fr\\\/boutique\\\/\"},{\"@type\":\"ListItem\",\"position\":3,\"name\":\"NordicTrack Commercial S22i Studio Cycle\"}]},{\"@type\":\"WebSite\",\"@id\":\"https:\\\/\\\/espacemenager2000.fr\\\/#website\",\"url\":\"https:\\\/\\\/espacemenager2000.fr\\\/\",\"name\":\"Espace Menager 2000\",\"description\":\"Expert en \u00e9lectrom\u00e9nager depuis 2001, Espace M\u00e9nager 2000 vous propose une large gamme de produits : lave-linge, r\u00e9frig\u00e9rateurs, \u00e9lectronique et fitness. Profitez de notre savoir-faire en vente, r\u00e9paration et d\u00e9pannage. Livraison rapide dans toute la zone Euro. Qualit\u00e9 et service garantis.\",\"publisher\":{\"@id\":\"https:\\\/\\\/espacemenager2000.fr\\\/#organization\"},\"potentialAction\":[{\"@type\":\"SearchAction\",\"target\":{\"@type\":\"EntryPoint\",\"urlTemplate\":\"https:\\\/\\\/espacemenager2000.fr\\\/?s={search_term_string}\"},\"query-input\":{\"@type\":\"PropertyValueSpecification\",\"valueRequired\":true,\"valueName\":\"search_term_string\"}}],\"inLanguage\":\"en-US\"},{\"@type\":\"Organization\",\"@id\":\"https:\\\/\\\/espacemenager2000.fr\\\/#organization\",\"name\":\"Espace Menager 2000\",\"url\":\"https:\\\/\\\/espacemenager2000.fr\\\/\",\"logo\":{\"@type\":\"ImageObject\",\"inLanguage\":\"en-US\",\"@id\":\"https:\\\/\\\/espacemenager2000.fr\\\/#\\\/schema\\\/logo\\\/image\\\/\",\"url\":\"https:\\\/\\\/espacemenager2000.fr\\\/wp-content\\\/uploads\\\/2026\\\/05\\\/Fav-Em2000.png\",\"contentUrl\":\"https:\\\/\\\/espacemenager2000.fr\\\/wp-content\\\/uploads\\\/2026\\\/05\\\/Fav-Em2000.png\",\"width\":369,\"height\":369,\"caption\":\"Espace Menager 2000\"},\"image\":{\"@id\":\"https:\\\/\\\/espacemenager2000.fr\\\/#\\\/schema\\\/logo\\\/image\\\/\"},\"sameAs\":[\"https:\\\/\\\/www.facebook.com\\\/p\\\/Espace-menager-2000-100068469618146\\\/\"]}]}<\/script>\n<!-- \/ Yoast SEO plugin. -->","yoast_head_json":{"title":"NordicTrack Commercial S22i Studio Cycle - Promotion - Vente d&#039;\u00c9lectrom\u00e9nager Neuf et Garanti \u00e0 Paris","description":"NordicTrack Commercial S22i Studio Cycle - Explorez le monde avec un \u00e9cran tactile Smart HD de 22\" et une technologie d'adaptation au terrain sur notre s\u00e9rie de v\u00e9los avec inclinaison et d\u00e9clinaison.","robots":{"index":"index","follow":"follow","max-snippet":"max-snippet:-1","max-image-preview":"max-image-preview:large","max-video-preview":"max-video-preview:-1"},"canonical":"https:\/\/espacemenager2000.fr\/en\/product\/nordictrack-commercial-s22i-studio-cycle\/","og_locale":"en_US","og_type":"article","og_title":"NordicTrack Commercial S22i Studio Cycle - Promotion - Vente d&#039;\u00c9lectrom\u00e9nager Neuf et Garanti \u00e0 Paris","og_description":"NordicTrack Commercial S22i Studio Cycle - Explorez le monde avec un \u00e9cran tactile Smart HD de 22\" et une technologie d'adaptation au terrain sur notre s\u00e9rie de v\u00e9los avec inclinaison et d\u00e9clinaison.","og_url":"https:\/\/espacemenager2000.fr\/en\/product\/nordictrack-commercial-s22i-studio-cycle\/","og_site_name":"Vente d&#039;\u00c9lectrom\u00e9nager Neuf et Garanti \u00e0 Paris","article_publisher":"https:\/\/www.facebook.com\/p\/Espace-menager-2000-100068469618146\/","article_modified_time":"2026-05-10T20:42:30+00:00","og_image":[{"width":800,"height":800,"url":"https:\/\/espacemenager2000.fr\/wp-content\/uploads\/2026\/05\/NordicTrack-Commercial-S22i-Studio-Cycle-3.jpg","type":"image\/jpeg"}],"twitter_card":"summary_large_image","twitter_misc":{"Est. reading time":"7 minutes"},"schema":{"@context":"https:\/\/schema.org","@graph":[{"@type":"WebPage","@id":"https:\/\/espacemenager2000.fr\/produit\/nordictrack-commercial-s22i-studio-cycle\/","url":"https:\/\/espacemenager2000.fr\/produit\/nordictrack-commercial-s22i-studio-cycle\/","name":"NordicTrack Commercial S22i Studio Cycle - Promotion - Vente d&#039;\u00c9lectrom\u00e9nager Neuf et Garanti \u00e0 Paris","isPartOf":{"@id":"https:\/\/espacemenager2000.fr\/#website"},"primaryImageOfPage":{"@id":"https:\/\/espacemenager2000.fr\/produit\/nordictrack-commercial-s22i-studio-cycle\/#primaryimage"},"image":{"@id":"https:\/\/espacemenager2000.fr\/produit\/nordictrack-commercial-s22i-studio-cycle\/#primaryimage"},"thumbnailUrl":"https:\/\/espacemenager2000.fr\/wp-content\/uploads\/2026\/05\/NordicTrack-Commercial-S22i-Studio-Cycle-3.jpg","datePublished":"2025-12-22T16:16:06+00:00","dateModified":"2026-05-10T20:42:30+00:00","description":"NordicTrack Commercial S22i Studio Cycle - Explorez le monde avec un \u00e9cran tactile Smart HD de 22\" et une technologie d'adaptation au terrain sur notre s\u00e9rie de v\u00e9los avec inclinaison et d\u00e9clinaison.","breadcrumb":{"@id":"https:\/\/espacemenager2000.fr\/produit\/nordictrack-commercial-s22i-studio-cycle\/#breadcrumb"},"inLanguage":"en-US","potentialAction":[{"@type":"ReadAction","target":["https:\/\/espacemenager2000.fr\/produit\/nordictrack-commercial-s22i-studio-cycle\/"]}]},{"@type":"ImageObject","inLanguage":"en-US","@id":"https:\/\/espacemenager2000.fr\/produit\/nordictrack-commercial-s22i-studio-cycle\/#primaryimage","url":"https:\/\/espacemenager2000.fr\/wp-content\/uploads\/2026\/05\/NordicTrack-Commercial-S22i-Studio-Cycle-3.jpg","contentUrl":"https:\/\/espacemenager2000.fr\/wp-content\/uploads\/2026\/05\/NordicTrack-Commercial-S22i-Studio-Cycle-3.jpg","width":800,"height":800},{"@type":"BreadcrumbList","@id":"https:\/\/espacemenager2000.fr\/produit\/nordictrack-commercial-s22i-studio-cycle\/#breadcrumb","itemListElement":[{"@type":"ListItem","position":1,"name":"Accueil","item":"https:\/\/espacemenager2000.fr\/"},{"@type":"ListItem","position":2,"name":"Boutique","item":"https:\/\/espacemenager2000.fr\/boutique\/"},{"@type":"ListItem","position":3,"name":"NordicTrack Commercial S22i Studio Cycle"}]},{"@type":"WebSite","@id":"https:\/\/espacemenager2000.fr\/#website","url":"https:\/\/espacemenager2000.fr\/","name":"Espace Menager 2000","description":"Expert en \u00e9lectrom\u00e9nager depuis 2001, Espace M\u00e9nager 2000 vous propose une large gamme de produits : lave-linge, r\u00e9frig\u00e9rateurs, \u00e9lectronique et fitness. Profitez de notre savoir-faire en vente, r\u00e9paration et d\u00e9pannage. Livraison rapide dans toute la zone Euro. Qualit\u00e9 et service garantis.","publisher":{"@id":"https:\/\/espacemenager2000.fr\/#organization"},"potentialAction":[{"@type":"SearchAction","target":{"@type":"EntryPoint","urlTemplate":"https:\/\/espacemenager2000.fr\/?s={search_term_string}"},"query-input":{"@type":"PropertyValueSpecification","valueRequired":true,"valueName":"search_term_string"}}],"inLanguage":"en-US"},{"@type":"Organization","@id":"https:\/\/espacemenager2000.fr\/#organization","name":"Espace Menager 2000","url":"https:\/\/espacemenager2000.fr\/","logo":{"@type":"ImageObject","inLanguage":"en-US","@id":"https:\/\/espacemenager2000.fr\/#\/schema\/logo\/image\/","url":"https:\/\/espacemenager2000.fr\/wp-content\/uploads\/2026\/05\/Fav-Em2000.png","contentUrl":"https:\/\/espacemenager2000.fr\/wp-content\/uploads\/2026\/05\/Fav-Em2000.png","width":369,"height":369,"caption":"Espace Menager 2000"},"image":{"@id":"https:\/\/espacemenager2000.fr\/#\/schema\/logo\/image\/"},"sameAs":["https:\/\/www.facebook.com\/p\/Espace-menager-2000-100068469618146\/"]}]}},"_links":{"self":[{"href":"https:\/\/espacemenager2000.fr\/en\/wp-json\/wp\/v2\/product\/1253","targetHints":{"allow":["GET"]}}],"collection":[{"href":"https:\/\/espacemenager2000.fr\/en\/wp-json\/wp\/v2\/product"}],"about":[{"href":"https:\/\/espacemenager2000.fr\/en\/wp-json\/wp\/v2\/types\/product"}],"replies":[{"embeddable":true,"href":"https:\/\/espacemenager2000.fr\/en\/wp-json\/wp\/v2\/comments?post=1253"}],"wp:featuredmedia":[{"embeddable":true,"href":"https:\/\/espacemenager2000.fr\/en\/wp-json\/wp\/v2\/media\/1254"}],"wp:attachment":[{"href":"https:\/\/espacemenager2000.fr\/en\/wp-json\/wp\/v2\/media?parent=1253"}],"wp:term":[{"taxonomy":"product_brand","embeddable":true,"href":"https:\/\/espacemenager2000.fr\/en\/wp-json\/wp\/v2\/product_brand?post=1253"},{"taxonomy":"product_cat","embeddable":true,"href":"https:\/\/espacemenager2000.fr\/en\/wp-json\/wp\/v2\/product_cat?post=1253"},{"taxonomy":"product_tag","embeddable":true,"href":"https:\/\/espacemenager2000.fr\/en\/wp-json\/wp\/v2\/product_tag?post=1253"}],"curies":[{"name":"wp","href":"https:\/\/api.w.org\/{rel}","templated":true}]}}