{"id":1217,"date":"2025-12-22T16:16:06","date_gmt":"2025-12-22T16:16:06","guid":{"rendered":"https:\/\/espacemenager2000.fr\/?post_type=product&#038;p=1217"},"modified":"2026-05-10T20:42:28","modified_gmt":"2026-05-10T20:42:28","slug":"velo-smart-bike-bh-xcalibur-ems","status":"publish","type":"product","link":"https:\/\/espacemenager2000.fr\/en\/product\/velo-smart-bike-bh-xcalibur-ems\/","title":{"rendered":"V\u00e9lo Smart Bike BH XCalibur EMS"},"content":{"rendered":"<h2>V\u00e9lo Smart Bike BH XCalibur EMS<\/h2>\n<p><strong>Le Xcalibur EMS ou V\u00e9lo Smart Bike BH XCalibur EMS est un Smart Bike<\/strong>\u00a0con\u00e7u pour les amateurs de cyclisme en salle et de cyclisme qui recherchent un outil d&#8217;entra\u00eenement dot\u00e9 de toutes les fonctionnalit\u00e9s qu&#8217;offre aujourd&#8217;hui le monde des v\u00e9los intelligents.<\/p>\n<h3 style=\"font-weight: 400;\">Caract\u00e9ristiques V\u00e9lo Smart Bike BH XCalibur EMS<\/h3>\n<p><b><strong>Le Xcalibur EMS est un Smart Bike<\/strong><\/b>\u00a0con\u00e7u pour les amateurs de cyclisme en salle et de cyclisme qui recherchent un outil d&#8217;entra\u00eenement dot\u00e9 de toutes les fonctionnalit\u00e9s qu&#8217;offre aujourd&#8217;hui le monde des v\u00e9los intelligents.<\/p>\n<p>Compatible avec un grand nombre de simulateurs e<b><strong>t d&#8217;applis d&#8217;entra\u00eenement, le Xcalibur EMS<\/strong><\/b>\u00a0offre de nombreuses options d&#8217;entra\u00eenement. Cette connectivit\u00e9 \u00e9tendue permet au v\u00e9lo d&#8217;\u00eatre connect\u00e9 \u00e0 des apps de cyclisme en salle ainsi qu&#8217;\u00e0 des simulateurs de cyclisme.<\/p>\n<p>Son syst\u00e8me EMS avec vitesses int\u00e9gr\u00e9es au guidon offre un entra\u00eenement\u00a0<b><strong>100 % silencieux<\/strong><\/b>\u00a0o\u00f9 la respiration de l&#8217;utilisateur est le seul son d\u00e9tectable\u00a0Son cadre en forme de V et ses larges r\u00e9glages permettent d&#8217;adapter facilement le v\u00e9lo \u00e0 diff\u00e9rentes tailles.<\/p>\n<h4><b><strong>Les points forts V\u00e9lo Smart Bike BH XCalibur EMS<\/strong><\/b><\/h4>\n<ul>\n<li><b><strong>Les applications Kinomap, Zwift, Rouvy, Volava, TrainerRoad et autres offrent des s\u00e9ances d&#8217;entra\u00eenement interactives que vous pouvez appr\u00e9cier pendant que vous vous entra\u00eenez.<\/strong><\/b><\/li>\n<li><b><strong>Avec une roue d&#8217;inertie EMS et un syst\u00e8me de r\u00e9sistance \u00e9lectromagn\u00e9tique.<\/strong><\/b><\/li>\n<li><b><strong>Moniteur LCD avec 24 niveaux d&#8217;intensit\u00e9.<\/strong><\/b><\/li>\n<li><b><strong>Incorpore le nouveau syst\u00e8me de connectivit\u00e9 avec protocole FTMS qui permet une plus grande compatibilit\u00e9 avec les apps de fitness les plus reconnues.<br \/>\n<\/strong><\/b><\/li>\n<\/ul>\n<h4><b><strong>Sp\u00e9cifications BH Xcalibur EMS<\/strong><\/b><\/h4>\n<p><b><strong>Syst\u00e8me de r\u00e9sistance \u00e9lectromagn\u00e9tique (EMS)<\/strong><\/b><br \/>\nLe syst\u00e8me de r\u00e9sistance \u00e9lectromagn\u00e9tique (EMS) permet une r\u00e9gulation plus pr\u00e9cise des watts et des changements progressifs de r\u00e9sistance.<\/p>\n<p><b><strong>Connectivit\u00e9<\/strong><\/b><br \/>\nTest FTP pour le calcul du seuil en watts, r\u00e9cepteur d&#8217;impulsions t\u00e9l\u00e9m\u00e9triques Polar 5KHz et module FTMS Bluetooth pour une compatibilit\u00e9 totale avec les principaux simulateurs de cyclisme.<\/p>\n<h5><b><strong>Guidon multi-grip<\/strong><\/b><\/h5>\n<p>Guidon ergonomique qui permet une vari\u00e9t\u00e9 de positions de prise: prise basse, attaque, crochet, triathl\u00e8te.<\/p>\n<p><b><strong>R\u00e9sistance int\u00e9gr\u00e9e au guidon<\/strong><\/b><br \/>\nPratique pour faire de l&#8217;exercice. Elle permet \u00e0 l&#8217;utilisateur de modifier la r\u00e9sistance sans changer de position.<\/p>\n<p><b><strong>Facteur q<\/strong><\/b><br \/>\nSensation hybride entre le v\u00e9lo d&#8217;int\u00e9rieur et le v\u00e9lo gr\u00e2ce \u00e0 son Q-factor de 200 mm.<\/p>\n<p><b><strong>R\u00e9glage multipositions<\/strong><\/b><br \/>\nLe guidon, la selle et les deux montants du si\u00e8ge peuvent \u00eatre r\u00e9gl\u00e9s verticalement et horizontalement.<\/p>\n<h5><b><strong>Console et Programmes<\/strong><\/b><\/h5>\n<ul>\n<li><b><strong>Niveaux d&#8217;intensit\u00e9<\/strong><\/b>: 24<\/li>\n<li><b><strong>Indicateurs:<\/strong><\/b>\u00a0Calories, Distance, Distance totale, Pouls, RPM, Temps, Watt, Vitesse<\/li>\n<li><b><strong>Pouls t\u00e9l\u00e9m\u00e9trique:<\/strong><\/b>\u00a0(fr\u00e9quence radio) Oui, sangle en option<\/li>\n<li><b><strong>Compatibilit\u00e9 avec les applications de fitness:<\/strong><\/b>\u00a0Oui<\/li>\n<li><b><strong>Prise en charge des smartphones\/tablettes:<\/strong><\/b>\u00a0Oui<\/li>\n<\/ul>\n<h4><strong><b>Autres avantages V\u00e9lo Smart Bike BH XCalibur EMS<\/b><\/strong><\/h4>\n<table style=\"font-size: 1rem;\">\n<tbody>\n<tr>\n<td>Fr\u00e9quence d&#8217;utilisation<\/td>\n<td>Intensif<\/td>\n<\/tr>\n<tr>\n<td>Poids utilisateur maximum<\/td>\n<td>130kg<\/td>\n<\/tr>\n<tr>\n<td>Roue d&#8217;inertie (kg)<\/td>\n<td>EMS<\/td>\n<\/tr>\n<tr>\n<td>Syst\u00e8me de frein<\/td>\n<td>Electromagnetique<\/td>\n<\/tr>\n<tr>\n<td>Transmission<\/td>\n<td>Courroie Poly-V<\/td>\n<\/tr>\n<tr>\n<td>Enjoliveur<\/td>\n<td>\u2714\ufe0f<\/td>\n<\/tr>\n<tr>\n<td>Roues de transport<\/td>\n<td>\u2714\ufe0f<\/td>\n<\/tr>\n<tr>\n<td>Guidon<\/td>\n<td>Triathlon<\/td>\n<\/tr>\n<tr>\n<td>R\u00e9glage du guidon<\/td>\n<td>Horizontale et verticale<\/td>\n<\/tr>\n<tr>\n<td>Type de selle<\/td>\n<td>Prostatique<\/td>\n<\/tr>\n<tr>\n<td>R\u00e9glage de la selle<\/td>\n<td>Horizontale et verticale<\/td>\n<\/tr>\n<tr>\n<td>P\u00e9dales<\/td>\n<td>Mixtes<\/td>\n<\/tr>\n<tr>\n<td>Porte-gourde<\/td>\n<td>\u2714\ufe0f<\/td>\n<\/tr>\n<tr>\n<td>Real watts<\/td>\n<td>1300* Obtenu dans le cadre de d\u00e9veloppements r\u00e9alistes<\/td>\n<\/tr>\n<tr>\n<td>Gradient<\/td>\n<td>20<\/td>\n<\/tr>\n<tr>\n<td>Q Factor<\/td>\n<td>200mm<\/td>\n<\/tr>\n<tr>\n<td>Vitesses de v\u00e9lo de route<\/td>\n<td>\u2714\ufe0f<\/td>\n<\/tr>\n<tr>\n<td>Support universel pour tablette\/t\u00e9l\u00e9phone portable<\/td>\n<td>Fino 12,9&#8243;<\/td>\n<\/tr>\n<\/tbody>\n<\/table>\n<p>&nbsp;<\/p>\n<h5><b><strong>Entra\u00eenements interactifs avec la technologie \u00a0i.Concept 3.0 FTMS<\/strong><\/b><\/h5>\n<p>Vous souhaitez d\u00e9fier d&#8217;autres utilisateurs ou vous mesurer \u00e0 vos amis ? Parcourir les rues de grandes villes comme New York, Rome ou Paris, tout en vous entra\u00eenant pour votre prochain marathon ? Et&#8230; regarder des vid\u00e9os, consulter les actualit\u00e9s ou vos r\u00e9seaux sociaux ? \u00a0Gardez la forme et br\u00fblez des calories d&#8217;une mani\u00e8re beaucoup plus amusante avec toutes ces applications sp\u00e9cialement con\u00e7ues pour un entra\u00eenement interactif. Int\u00e9grez les derni\u00e8res technologies \u00e0 votre entra\u00eenement!<\/p>\n<p>i.Concept 3.0 FTMS Votre machine est d\u00e9sormais compatible avec encore plus d&#8217;applications d&#8217;entra\u00eenement ! De Zwift ou\u00a0<a href=\"https:\/\/www.fitnessdigital.com\/suscripcion-a-kinomap\/p\/10015486\/\"><b><strong>Kinomap\u00a0<\/strong><\/b><\/a>hasta\u00a0<b><strong>The Sufferfest<\/strong><\/b>\u00a0y \u00a1muchas m\u00e1s!.\u00a0 Cette technologie, d\u00e9sormais appel\u00e9e i.Concept 3.0, vous permettra de connecter plus facilement votre application pr\u00e9f\u00e9r\u00e9e \u00e0 votre appareil de fitness. Qu&#8217;attendez-vous pour la tester ?<\/p>\n<h4><b><strong>Entra\u00eenements interactifs avec Zwift, Kinomap et Volava<\/strong><\/b><\/h4>\n<h5><b><strong>App de Kinomap V\u00e9lo Smart Bike BH XCalibur EMS<\/strong><\/b><\/h5>\n<ul>\n<li>Entra\u00eenez-vous dans le monde entier gr\u00e2ce \u00e0 des milliers de vid\u00e9os disponibles.<\/li>\n<li>Entra\u00eenements structur\u00e9s, y compris l&#8217;entra\u00eenement par intervalles et le coaching.<\/li>\n<li>Partagez vos r\u00e9sultats avec la communaut\u00e9 kinomap.<\/li>\n<li>D\u00e9fiez vos amis avec le mode multijoueur de kinomap.<\/li>\n<\/ul>\n<h5><b><strong>App de Zwift V\u00e9lo Smart Bike BH XCalibur EMS<\/strong><\/b><\/h5>\n<ul>\n<li>Motivateur de type jeu vid\u00e9o.<\/li>\n<li>Plus de 1000 entra\u00eenements s\u00e9lectionn\u00e9s par les entra\u00eeneurs.<\/li>\n<li>Courses de groupe, comp\u00e9titions et courses.<\/li>\n<li>Connectivit\u00e9 et communaut\u00e9 mondiales.<\/li>\n<\/ul>\n<h5><b><strong>App de Volava<\/strong><\/b><\/h5>\n<ul>\n<li>Avec chaque abonnement, vous pouvez cr\u00e9er jusqu&#8217;\u00e0 5 profils individuels avec un acc\u00e8s illimit\u00e9 aux cours.<\/li>\n<li>Choisissez parmi tous les types de cours, entra\u00eenez-vous avec vos instructeurs pr\u00e9f\u00e9r\u00e9s, entrez en contact avec d&#8217;autres membres de la communaut\u00e9 et d\u00e9finissez vos propres objectifs.<\/li>\n<li>Acc\u00e9dez \u00e0 des s\u00e9ances d&#8217;entra\u00eenement en direct et \u00e0 la demande en connectant votre \u00e9quipement de fitness, entrez en comp\u00e9tition avec d&#8217;autres utilisateurs et mesurez vos progr\u00e8s gr\u00e2ce \u00e0 des classements et des mesures en temps r\u00e9el.<\/li>\n<li>T\u00e9l\u00e9chargez simplement l&#8217;application Volava et vous aurez acc\u00e8s \u00e0 des milliers de cours en direct et \u00e0 la demande de toutes sortes sur votre t\u00e9l\u00e9phone ou votre tablette.<\/li>\n<li>Disponible pour iOS et Android.<\/li>\n<\/ul>\n<h4><b><strong>Dimensions et poids BH Xcalibur EMS<\/strong><\/b><\/h4>\n<table>\n<tbody>\n<tr>\n<td>Longueur<\/td>\n<td>156cm<\/td>\n<\/tr>\n<tr>\n<td>Largeur<\/td>\n<td>62cm<\/td>\n<\/tr>\n<tr>\n<td>Hauteur<\/td>\n<td>138cm<\/td>\n<\/tr>\n<tr>\n<td>Poids net<\/td>\n<td>58kg<\/td>\n<\/tr>\n<tr>\n<td>Poids brut<\/td>\n<td>62kg<\/td>\n<\/tr>\n<tr>\n<td>Poids maximum de l&#8217;utilisateur<\/td>\n<td>97cm<\/td>\n<\/tr>\n<tr>\n<td>Dimensions de la bo\u00eete<\/td>\n<td>39cm-79cm<\/td>\n<\/tr>\n<tr>\n<td>Poids net dans la bo\u00eete<\/td>\n<td>130kg<\/td>\n<\/tr>\n<tr>\n<td>Hauteur minimale autoris\u00e9e<\/td>\n<td>1,60m<\/td>\n<\/tr>\n<\/tbody>\n<\/table>\n<div>\n<div class=\"contenido\">\n<div><\/div>\n<\/div>\n<\/div>","protected":false},"excerpt":{"rendered":"<div class=\"product attribute overview\">\n<div class=\"value\">\n<div class=\"elementor-widget elementor-element elementor-element-cenezrn elementor-widget-text-editor\" data-element_type=\"text-editor\">\n<div class=\"elementor-widget-container\">\n<div class=\"elementor-text-editor rte-content\"><strong>Le Xcalibur EMS est un Smart Bike<\/strong>\u00a0con\u00e7u pour les amateurs de cyclisme en salle et de cyclisme qui recherchent un outil d&#8217;entra\u00eenement dot\u00e9 de toutes les fonctionnalit\u00e9s qu&#8217;offre aujourd&#8217;hui le monde des v\u00e9los intelligents.<\/div>\n<\/div>\n<\/div>\n<div class=\"elementor-widget elementor-element elementor-element-ki1x5cr elementor-widget-text-editor\" data-element_type=\"text-editor\">\n<div class=\"elementor-widget-container\">\n<div class=\"elementor-text-editor rte-content\"><\/div>\n<\/div>\n<\/div>\n<\/div>\n<\/div>","protected":false},"featured_media":1218,"comment_status":"open","ping_status":"closed","template":"","meta":[],"product_brand":[16],"product_cat":[17,18,60,19],"product_tag":[61,47],"class_list":{"0":"post-1217","1":"product","2":"type-product","3":"status-publish","4":"has-post-thumbnail","6":"product_brand-bh","7":"product_cat-bons-plans","8":"product_cat-promotions","9":"product_cat-smart-bikes","10":"product_cat-training-fitness","11":"product_tag-smart-bikes","12":"product_tag-velo-dappartement","14":"first","15":"instock","16":"shipping-taxable","17":"purchasable","18":"product-type-simple"},"yoast_head":"<!-- This site is optimized with the Yoast SEO plugin v27.6 - https:\/\/yoast.com\/product\/yoast-seo-wordpress\/ -->\n<title>V\u00e9lo Smart Bike BH XCalibur EMS - Promotion - Vente d&#039;\u00c9lectrom\u00e9nager Neuf et Garanti \u00e0 Paris<\/title>\n<meta name=\"description\" content=\"V\u00e9lo Smart Bike BH XCalibur EMS - Le Xcalibur EMS est un Smart Bike con\u00e7u pour les amateurs de cyclisme en salle et de cyclisme qui recherchent un outil d&#039;entra\u00eenement dot\u00e9 de toutes les fonctionnalit\u00e9s qu&#039;offre aujourd&#039;hui le monde des v\u00e9los intelligents.\" \/>\n<meta name=\"robots\" content=\"index, follow, max-snippet:-1, max-image-preview:large, max-video-preview:-1\" \/>\n<link rel=\"canonical\" href=\"https:\/\/espacemenager2000.fr\/en\/product\/velo-smart-bike-bh-xcalibur-ems\/\" \/>\n<meta property=\"og:locale\" content=\"en_US\" \/>\n<meta property=\"og:type\" content=\"article\" \/>\n<meta property=\"og:title\" content=\"V\u00e9lo Smart Bike BH XCalibur EMS - Promotion - Vente d&#039;\u00c9lectrom\u00e9nager Neuf et Garanti \u00e0 Paris\" \/>\n<meta property=\"og:description\" content=\"V\u00e9lo Smart Bike BH XCalibur EMS - Le Xcalibur EMS est un Smart Bike con\u00e7u pour les amateurs de cyclisme en salle et de cyclisme qui recherchent un outil d&#039;entra\u00eenement dot\u00e9 de toutes les fonctionnalit\u00e9s qu&#039;offre aujourd&#039;hui le monde des v\u00e9los intelligents.\" \/>\n<meta property=\"og:url\" content=\"https:\/\/espacemenager2000.fr\/en\/product\/velo-smart-bike-bh-xcalibur-ems\/\" \/>\n<meta property=\"og:site_name\" content=\"Vente d&#039;\u00c9lectrom\u00e9nager Neuf et Garanti \u00e0 Paris\" \/>\n<meta property=\"article:publisher\" content=\"https:\/\/www.facebook.com\/p\/Espace-menager-2000-100068469618146\/\" \/>\n<meta property=\"article:modified_time\" content=\"2026-05-10T20:42:28+00:00\" \/>\n<meta property=\"og:image\" content=\"https:\/\/espacemenager2000.fr\/wp-content\/uploads\/2026\/05\/Velo-Smart-Bike-BH-XCalibur-EMS-.jpg\" \/>\n\t<meta property=\"og:image:width\" content=\"800\" \/>\n\t<meta property=\"og:image:height\" content=\"800\" \/>\n\t<meta property=\"og:image:type\" content=\"image\/jpeg\" \/>\n<meta name=\"twitter:card\" content=\"summary_large_image\" \/>\n<meta name=\"twitter:label1\" content=\"Est. reading time\" \/>\n\t<meta name=\"twitter:data1\" content=\"5 minutes\" \/>\n<script type=\"application\/ld+json\" class=\"yoast-schema-graph\">{\"@context\":\"https:\\\/\\\/schema.org\",\"@graph\":[{\"@type\":\"WebPage\",\"@id\":\"https:\\\/\\\/espacemenager2000.fr\\\/produit\\\/velo-smart-bike-bh-xcalibur-ems\\\/\",\"url\":\"https:\\\/\\\/espacemenager2000.fr\\\/produit\\\/velo-smart-bike-bh-xcalibur-ems\\\/\",\"name\":\"V\u00e9lo Smart Bike BH XCalibur EMS - Promotion - Vente d&#039;\u00c9lectrom\u00e9nager Neuf et Garanti \u00e0 Paris\",\"isPartOf\":{\"@id\":\"https:\\\/\\\/espacemenager2000.fr\\\/#website\"},\"primaryImageOfPage\":{\"@id\":\"https:\\\/\\\/espacemenager2000.fr\\\/produit\\\/velo-smart-bike-bh-xcalibur-ems\\\/#primaryimage\"},\"image\":{\"@id\":\"https:\\\/\\\/espacemenager2000.fr\\\/produit\\\/velo-smart-bike-bh-xcalibur-ems\\\/#primaryimage\"},\"thumbnailUrl\":\"https:\\\/\\\/espacemenager2000.fr\\\/wp-content\\\/uploads\\\/2026\\\/05\\\/Velo-Smart-Bike-BH-XCalibur-EMS-.jpg\",\"datePublished\":\"2025-12-22T16:16:06+00:00\",\"dateModified\":\"2026-05-10T20:42:28+00:00\",\"description\":\"V\u00e9lo Smart Bike BH XCalibur EMS - Le Xcalibur EMS est un Smart Bike con\u00e7u pour les amateurs de cyclisme en salle et de cyclisme qui recherchent un outil d'entra\u00eenement dot\u00e9 de toutes les fonctionnalit\u00e9s qu'offre aujourd'hui le monde des v\u00e9los intelligents.\",\"breadcrumb\":{\"@id\":\"https:\\\/\\\/espacemenager2000.fr\\\/produit\\\/velo-smart-bike-bh-xcalibur-ems\\\/#breadcrumb\"},\"inLanguage\":\"en-US\",\"potentialAction\":[{\"@type\":\"ReadAction\",\"target\":[\"https:\\\/\\\/espacemenager2000.fr\\\/produit\\\/velo-smart-bike-bh-xcalibur-ems\\\/\"]}]},{\"@type\":\"ImageObject\",\"inLanguage\":\"en-US\",\"@id\":\"https:\\\/\\\/espacemenager2000.fr\\\/produit\\\/velo-smart-bike-bh-xcalibur-ems\\\/#primaryimage\",\"url\":\"https:\\\/\\\/espacemenager2000.fr\\\/wp-content\\\/uploads\\\/2026\\\/05\\\/Velo-Smart-Bike-BH-XCalibur-EMS-.jpg\",\"contentUrl\":\"https:\\\/\\\/espacemenager2000.fr\\\/wp-content\\\/uploads\\\/2026\\\/05\\\/Velo-Smart-Bike-BH-XCalibur-EMS-.jpg\",\"width\":800,\"height\":800},{\"@type\":\"BreadcrumbList\",\"@id\":\"https:\\\/\\\/espacemenager2000.fr\\\/produit\\\/velo-smart-bike-bh-xcalibur-ems\\\/#breadcrumb\",\"itemListElement\":[{\"@type\":\"ListItem\",\"position\":1,\"name\":\"Accueil\",\"item\":\"https:\\\/\\\/espacemenager2000.fr\\\/\"},{\"@type\":\"ListItem\",\"position\":2,\"name\":\"Boutique\",\"item\":\"https:\\\/\\\/espacemenager2000.fr\\\/boutique\\\/\"},{\"@type\":\"ListItem\",\"position\":3,\"name\":\"V\u00e9lo Smart Bike BH XCalibur EMS\"}]},{\"@type\":\"WebSite\",\"@id\":\"https:\\\/\\\/espacemenager2000.fr\\\/#website\",\"url\":\"https:\\\/\\\/espacemenager2000.fr\\\/\",\"name\":\"Espace Menager 2000\",\"description\":\"Expert en \u00e9lectrom\u00e9nager depuis 2001, Espace M\u00e9nager 2000 vous propose une large gamme de produits : lave-linge, r\u00e9frig\u00e9rateurs, \u00e9lectronique et fitness. Profitez de notre savoir-faire en vente, r\u00e9paration et d\u00e9pannage. Livraison rapide dans toute la zone Euro. Qualit\u00e9 et service garantis.\",\"publisher\":{\"@id\":\"https:\\\/\\\/espacemenager2000.fr\\\/#organization\"},\"potentialAction\":[{\"@type\":\"SearchAction\",\"target\":{\"@type\":\"EntryPoint\",\"urlTemplate\":\"https:\\\/\\\/espacemenager2000.fr\\\/?s={search_term_string}\"},\"query-input\":{\"@type\":\"PropertyValueSpecification\",\"valueRequired\":true,\"valueName\":\"search_term_string\"}}],\"inLanguage\":\"en-US\"},{\"@type\":\"Organization\",\"@id\":\"https:\\\/\\\/espacemenager2000.fr\\\/#organization\",\"name\":\"Espace Menager 2000\",\"url\":\"https:\\\/\\\/espacemenager2000.fr\\\/\",\"logo\":{\"@type\":\"ImageObject\",\"inLanguage\":\"en-US\",\"@id\":\"https:\\\/\\\/espacemenager2000.fr\\\/#\\\/schema\\\/logo\\\/image\\\/\",\"url\":\"https:\\\/\\\/espacemenager2000.fr\\\/wp-content\\\/uploads\\\/2026\\\/05\\\/Fav-Em2000.png\",\"contentUrl\":\"https:\\\/\\\/espacemenager2000.fr\\\/wp-content\\\/uploads\\\/2026\\\/05\\\/Fav-Em2000.png\",\"width\":369,\"height\":369,\"caption\":\"Espace Menager 2000\"},\"image\":{\"@id\":\"https:\\\/\\\/espacemenager2000.fr\\\/#\\\/schema\\\/logo\\\/image\\\/\"},\"sameAs\":[\"https:\\\/\\\/www.facebook.com\\\/p\\\/Espace-menager-2000-100068469618146\\\/\"]}]}<\/script>\n<!-- \/ Yoast SEO plugin. -->","yoast_head_json":{"title":"V\u00e9lo Smart Bike BH XCalibur EMS - Promotion - Vente d&#039;\u00c9lectrom\u00e9nager Neuf et Garanti \u00e0 Paris","description":"V\u00e9lo Smart Bike BH XCalibur EMS - Le Xcalibur EMS est un Smart Bike con\u00e7u pour les amateurs de cyclisme en salle et de cyclisme qui recherchent un outil d'entra\u00eenement dot\u00e9 de toutes les fonctionnalit\u00e9s qu'offre aujourd'hui le monde des v\u00e9los intelligents.","robots":{"index":"index","follow":"follow","max-snippet":"max-snippet:-1","max-image-preview":"max-image-preview:large","max-video-preview":"max-video-preview:-1"},"canonical":"https:\/\/espacemenager2000.fr\/en\/product\/velo-smart-bike-bh-xcalibur-ems\/","og_locale":"en_US","og_type":"article","og_title":"V\u00e9lo Smart Bike BH XCalibur EMS - Promotion - Vente d&#039;\u00c9lectrom\u00e9nager Neuf et Garanti \u00e0 Paris","og_description":"V\u00e9lo Smart Bike BH XCalibur EMS - Le Xcalibur EMS est un Smart Bike con\u00e7u pour les amateurs de cyclisme en salle et de cyclisme qui recherchent un outil d'entra\u00eenement dot\u00e9 de toutes les fonctionnalit\u00e9s qu'offre aujourd'hui le monde des v\u00e9los intelligents.","og_url":"https:\/\/espacemenager2000.fr\/en\/product\/velo-smart-bike-bh-xcalibur-ems\/","og_site_name":"Vente d&#039;\u00c9lectrom\u00e9nager Neuf et Garanti \u00e0 Paris","article_publisher":"https:\/\/www.facebook.com\/p\/Espace-menager-2000-100068469618146\/","article_modified_time":"2026-05-10T20:42:28+00:00","og_image":[{"width":800,"height":800,"url":"https:\/\/espacemenager2000.fr\/wp-content\/uploads\/2026\/05\/Velo-Smart-Bike-BH-XCalibur-EMS-.jpg","type":"image\/jpeg"}],"twitter_card":"summary_large_image","twitter_misc":{"Est. reading time":"5 minutes"},"schema":{"@context":"https:\/\/schema.org","@graph":[{"@type":"WebPage","@id":"https:\/\/espacemenager2000.fr\/produit\/velo-smart-bike-bh-xcalibur-ems\/","url":"https:\/\/espacemenager2000.fr\/produit\/velo-smart-bike-bh-xcalibur-ems\/","name":"V\u00e9lo Smart Bike BH XCalibur EMS - Promotion - Vente d&#039;\u00c9lectrom\u00e9nager Neuf et Garanti \u00e0 Paris","isPartOf":{"@id":"https:\/\/espacemenager2000.fr\/#website"},"primaryImageOfPage":{"@id":"https:\/\/espacemenager2000.fr\/produit\/velo-smart-bike-bh-xcalibur-ems\/#primaryimage"},"image":{"@id":"https:\/\/espacemenager2000.fr\/produit\/velo-smart-bike-bh-xcalibur-ems\/#primaryimage"},"thumbnailUrl":"https:\/\/espacemenager2000.fr\/wp-content\/uploads\/2026\/05\/Velo-Smart-Bike-BH-XCalibur-EMS-.jpg","datePublished":"2025-12-22T16:16:06+00:00","dateModified":"2026-05-10T20:42:28+00:00","description":"V\u00e9lo Smart Bike BH XCalibur EMS - Le Xcalibur EMS est un Smart Bike con\u00e7u pour les amateurs de cyclisme en salle et de cyclisme qui recherchent un outil d'entra\u00eenement dot\u00e9 de toutes les fonctionnalit\u00e9s qu'offre aujourd'hui le monde des v\u00e9los intelligents.","breadcrumb":{"@id":"https:\/\/espacemenager2000.fr\/produit\/velo-smart-bike-bh-xcalibur-ems\/#breadcrumb"},"inLanguage":"en-US","potentialAction":[{"@type":"ReadAction","target":["https:\/\/espacemenager2000.fr\/produit\/velo-smart-bike-bh-xcalibur-ems\/"]}]},{"@type":"ImageObject","inLanguage":"en-US","@id":"https:\/\/espacemenager2000.fr\/produit\/velo-smart-bike-bh-xcalibur-ems\/#primaryimage","url":"https:\/\/espacemenager2000.fr\/wp-content\/uploads\/2026\/05\/Velo-Smart-Bike-BH-XCalibur-EMS-.jpg","contentUrl":"https:\/\/espacemenager2000.fr\/wp-content\/uploads\/2026\/05\/Velo-Smart-Bike-BH-XCalibur-EMS-.jpg","width":800,"height":800},{"@type":"BreadcrumbList","@id":"https:\/\/espacemenager2000.fr\/produit\/velo-smart-bike-bh-xcalibur-ems\/#breadcrumb","itemListElement":[{"@type":"ListItem","position":1,"name":"Accueil","item":"https:\/\/espacemenager2000.fr\/"},{"@type":"ListItem","position":2,"name":"Boutique","item":"https:\/\/espacemenager2000.fr\/boutique\/"},{"@type":"ListItem","position":3,"name":"V\u00e9lo Smart Bike BH XCalibur EMS"}]},{"@type":"WebSite","@id":"https:\/\/espacemenager2000.fr\/#website","url":"https:\/\/espacemenager2000.fr\/","name":"Espace Menager 2000","description":"Expert en \u00e9lectrom\u00e9nager depuis 2001, Espace M\u00e9nager 2000 vous propose une large gamme de produits : lave-linge, r\u00e9frig\u00e9rateurs, \u00e9lectronique et fitness. Profitez de notre savoir-faire en vente, r\u00e9paration et d\u00e9pannage. Livraison rapide dans toute la zone Euro. Qualit\u00e9 et service garantis.","publisher":{"@id":"https:\/\/espacemenager2000.fr\/#organization"},"potentialAction":[{"@type":"SearchAction","target":{"@type":"EntryPoint","urlTemplate":"https:\/\/espacemenager2000.fr\/?s={search_term_string}"},"query-input":{"@type":"PropertyValueSpecification","valueRequired":true,"valueName":"search_term_string"}}],"inLanguage":"en-US"},{"@type":"Organization","@id":"https:\/\/espacemenager2000.fr\/#organization","name":"Espace Menager 2000","url":"https:\/\/espacemenager2000.fr\/","logo":{"@type":"ImageObject","inLanguage":"en-US","@id":"https:\/\/espacemenager2000.fr\/#\/schema\/logo\/image\/","url":"https:\/\/espacemenager2000.fr\/wp-content\/uploads\/2026\/05\/Fav-Em2000.png","contentUrl":"https:\/\/espacemenager2000.fr\/wp-content\/uploads\/2026\/05\/Fav-Em2000.png","width":369,"height":369,"caption":"Espace Menager 2000"},"image":{"@id":"https:\/\/espacemenager2000.fr\/#\/schema\/logo\/image\/"},"sameAs":["https:\/\/www.facebook.com\/p\/Espace-menager-2000-100068469618146\/"]}]}},"_links":{"self":[{"href":"https:\/\/espacemenager2000.fr\/en\/wp-json\/wp\/v2\/product\/1217","targetHints":{"allow":["GET"]}}],"collection":[{"href":"https:\/\/espacemenager2000.fr\/en\/wp-json\/wp\/v2\/product"}],"about":[{"href":"https:\/\/espacemenager2000.fr\/en\/wp-json\/wp\/v2\/types\/product"}],"replies":[{"embeddable":true,"href":"https:\/\/espacemenager2000.fr\/en\/wp-json\/wp\/v2\/comments?post=1217"}],"wp:featuredmedia":[{"embeddable":true,"href":"https:\/\/espacemenager2000.fr\/en\/wp-json\/wp\/v2\/media\/1218"}],"wp:attachment":[{"href":"https:\/\/espacemenager2000.fr\/en\/wp-json\/wp\/v2\/media?parent=1217"}],"wp:term":[{"taxonomy":"product_brand","embeddable":true,"href":"https:\/\/espacemenager2000.fr\/en\/wp-json\/wp\/v2\/product_brand?post=1217"},{"taxonomy":"product_cat","embeddable":true,"href":"https:\/\/espacemenager2000.fr\/en\/wp-json\/wp\/v2\/product_cat?post=1217"},{"taxonomy":"product_tag","embeddable":true,"href":"https:\/\/espacemenager2000.fr\/en\/wp-json\/wp\/v2\/product_tag?post=1217"}],"curies":[{"name":"wp","href":"https:\/\/api.w.org\/{rel}","templated":true}]}}