{"id":1209,"date":"2025-12-22T16:16:06","date_gmt":"2025-12-22T16:16:06","guid":{"rendered":"https:\/\/espacemenager2000.fr\/?post_type=product&#038;p=1209"},"modified":"2026-05-10T20:42:28","modified_gmt":"2026-05-10T20:42:28","slug":"velo-smart-bike-bh-lyon","status":"publish","type":"product","link":"https:\/\/espacemenager2000.fr\/en\/product\/velo-smart-bike-bh-lyon\/","title":{"rendered":"V\u00e9lo Smart Bike BH Lyon"},"content":{"rendered":"<h2>V\u00e9lo Smart Bike BH Lyon<\/h2>\n<div><strong>La Lyon H9115 ou V\u00e9lo Smart Bike BH Lyon<\/strong>\u00a0est un v\u00e9lo intelligent avec une connectivit\u00e9 totale et un frein magn\u00e9tique \u00e9quivalent \u00e0\u00a0<strong>16 kg.\u00a0<\/strong>Les changements au niveau du guidon et la mesure des watts\u00a0<strong>offrent une exp\u00e9rience unique dans l&#8217;entra\u00eenement \u00e0 domicile. Tablet non incluse.<\/strong><\/div>\n<div><\/div>\n<div>\n<h3 style=\"font-weight: 400;\">Caract\u00e9ristiques V\u00e9lo Smart Bike BH Lyon<\/h3>\n<p><b><strong>La Lyon H9115<\/strong><\/b>\u00a0est un v\u00e9lo intelligent avec une connectivit\u00e9 totale et un frein magn\u00e9tique \u00e9quivalent \u00e0\u00a0<b><strong>16 kg.\u00a0<\/strong><\/b>Les changements au niveau du guidon et la mesure des watts\u00a0<b><strong>offrent une exp\u00e9rience unique dans l&#8217;entra\u00eenement \u00e0 domicile. Tablet non incluse.<\/strong><\/b><\/p>\n<h4><b><strong>Les points forts<\/strong><\/b><\/h4>\n<ul>\n<li><b><strong>Les applications Kinomap, Zwift, Kinomap et TrainerRoad proposent des s\u00e9ances d&#8217;entra\u00eenement interactives dont vous pouvez profiter tout en vous exer\u00e7ant.<\/strong><\/b><\/li>\n<li><b><strong>Avec une roue d&#8217;inertie de 16 kg et une r\u00e9sistance magn\u00e9tique.<\/strong><\/b><\/li>\n<li><b><strong>\u00c9cran LCD tricolore r\u00e9tro\u00e9clair\u00e9 avec 32 niveaux de r\u00e9glage et 3 programmes pr\u00e9d\u00e9finis.<\/strong><\/b><\/li>\n<li><b><strong>Il int\u00e8gre le nouveau syst\u00e8me de connectivit\u00e9 avec protocole FTMS qui permet une plus grande compatibilit\u00e9 avec les applications de fitness les plus reconnues.<\/strong><\/b><\/li>\n<\/ul>\n<h3 style=\"font-weight: 600;\"><b><strong>Sp\u00e9cifications\u00a0<\/strong><\/b><b><strong>BH Lyon<\/strong><\/b><\/h3>\n<p><b><strong>La lumi\u00e8re en fonction de la r\u00e9sistance<\/strong><\/b><br \/>\n<b><strong>L&#8217;Lyon\u00a0<\/strong><\/b>est dot\u00e9 d&#8217;un anneau LED qui change de couleur en fonction de la r\u00e9sistance de l&#8217;exercice.<\/p>\n<p><b><strong>Leviers de guidon<\/strong><\/b><br \/>\nPermet de modifier le niveau de r\u00e9sistance de l&#8217;appareil sans d\u00e9placer les mains du guidon.<\/p>\n<p><b><strong>FTMS bluetooth<\/strong><\/b><br \/>\nFaites passer votre entra\u00eenement au niveau sup\u00e9rieur avec Zwift, Kinomap et TrainerRoad. Vous pouvez contr\u00f4ler votre v\u00e9lo \u00e0 partir des applications.<\/p>\n<p><b><strong>Supports<\/strong><\/b><br \/>\nLe guidon est \u00e9quip\u00e9 d&#8217;un support pour bouteille et de supports pour tablette (max 10&#8243;) afin d&#8217;assurer un entra\u00eenement confortable et optimal.<\/p>\n<p><b><strong>Mesure des watts<\/strong><\/b><br \/>\nLe Lyon dispose d&#8217;un syst\u00e8me de mesure des watts pour contr\u00f4ler l&#8217;exercice, avec une puissance maximale de 500 watts.<\/p>\n<h5><b><strong>Console et Programmes<\/strong><\/b><\/h5>\n<h5><b><strong>Moniteur avec r\u00e9tro-\u00e9clairage LCD tricolore<\/strong><\/b><\/h5>\n<p>Le moniteur\u00a0<b><strong>Lyon\u00a0<\/strong><\/b>dispose de 3 programmes pr\u00e9r\u00e9gl\u00e9s et d&#8217;un programme manuel avec 32 niveaux de contr\u00f4le. Gr\u00e2ce \u00e0 son syst\u00e8me FTMS Bluetooth, vous pouvez faire passer votre entra\u00eenement au niveau sup\u00e9rieur avec Zwift, Kinomap et TrainerRoad. L&#8217;\u00e9cran affiche le temps, les watts, les tours\/minute, la vitesse, la distance, les calories et la fr\u00e9quence cardiaque.<\/p>\n<p><b><strong>Un large \u00e9ventail de fonctions<\/strong><\/b><br \/>\nIl dispose de 4 programmes, 3 programmes pr\u00e9r\u00e9gl\u00e9s et un programme manuel avec 32 niveaux de r\u00e9gulation.<\/p>\n<p><b><strong>Comprend un support universel pour Smartphone et\/ou tablettes et une t\u00e9l\u00e9commande.<\/strong><\/b><\/p>\n<h4><strong><b>Autres avantages<\/b><\/strong><\/h4>\n<table>\n<tbody>\n<tr>\n<td>Fr\u00e9quence d&#8217;utilisation<\/td>\n<td>R\u00e9guli\u00e8re<\/td>\n<\/tr>\n<tr>\n<td>Volant d&#8217;inertie<\/td>\n<td>16Kg<\/td>\n<\/tr>\n<tr>\n<td>Syst\u00e8me de freinage<\/td>\n<td>Magn\u00e9tique<\/td>\n<\/tr>\n<tr>\n<td>Transmission Courroie<\/td>\n<td>Poly-V<\/td>\n<\/tr>\n<tr>\n<td>Prot\u00e8ge-volant<\/td>\n<td>Oui<\/td>\n<\/tr>\n<tr>\n<td>Parcours<\/td>\n<td>Du guidon<\/td>\n<\/tr>\n<tr>\n<td>R\u00e9glage du guidon<\/td>\n<td>Verticale<\/td>\n<\/tr>\n<tr>\n<td>R\u00e9glage de la selle<\/td>\n<td>Horizontal et Vertical<\/td>\n<\/tr>\n<tr>\n<td>P\u00e9dales<\/td>\n<td>Cales<\/td>\n<\/tr>\n<tr>\n<td>Factor Q<\/td>\n<td>200MM<\/td>\n<\/tr>\n<\/tbody>\n<\/table>\n<h5><b><strong>Entra\u00eenements interactifs avec la technologie \u00a0i.Concept 3.0 FTMS<\/strong><\/b><\/h5>\n<p>Vous souhaitez d\u00e9fier d&#8217;autres utilisateurs ou vous mesurer \u00e0 vos amis ? Parcourir les rues de grandes villes comme New York, Rome ou Paris, tout en vous entra\u00eenant pour votre prochain marathon ? Et&#8230; regarder des vid\u00e9os, consulter les actualit\u00e9s ou vos r\u00e9seaux sociaux ? \u00a0Gardez la forme et br\u00fblez des calories d&#8217;une mani\u00e8re beaucoup plus amusante avec toutes ces applications sp\u00e9cialement con\u00e7ues pour un entra\u00eenement interactif. Int\u00e9grez les derni\u00e8res technologies \u00e0 votre entra\u00eenement!<\/p>\n<p>i.Concept 3.0 FTMS Votre machine est d\u00e9sormais compatible avec encore plus d&#8217;applications d&#8217;entra\u00eenement ! De Zwift ou\u00a0<a href=\"https:\/\/www.fitnessdigital.com\/suscripcion-a-kinomap\/p\/10015486\/\"><b><strong>Kinomap\u00a0<\/strong><\/b><\/a>hasta\u00a0<b><strong>The Sufferfest<\/strong><\/b>\u00a0y \u00a1muchas m\u00e1s!.\u00a0 Cette technologie, d\u00e9sormais appel\u00e9e i.Concept 3.0, vous permettra de connecter plus facilement votre application pr\u00e9f\u00e9r\u00e9e \u00e0 votre appareil de fitness. Qu&#8217;attendez-vous pour la tester ?<\/p>\n<h4><b><strong>Entra\u00eenements interactifs avec Zwift, Kinomap et Volava<\/strong><\/b><\/h4>\n<h5><b><strong>App de Kinomap<\/strong><\/b><\/h5>\n<ul>\n<li>Entra\u00eenez-vous dans le monde entier gr\u00e2ce \u00e0 des milliers de vid\u00e9os disponibles.<\/li>\n<li>Entra\u00eenements structur\u00e9s, y compris l&#8217;entra\u00eenement par intervalles et le coaching.<\/li>\n<li>Partagez vos r\u00e9sultats avec la communaut\u00e9 kinomap.<\/li>\n<li>D\u00e9fiez vos amis avec le mode multijoueur de kinomap.<\/li>\n<\/ul>\n<h5><b><strong>App de Zwift<\/strong><\/b><\/h5>\n<ul>\n<li>Motivateur de type jeu vid\u00e9o.<\/li>\n<li>Plus de 1000 entra\u00eenements s\u00e9lectionn\u00e9s par les entra\u00eeneurs.<\/li>\n<li>Courses de groupe, comp\u00e9titions et courses.<\/li>\n<li>Connectivit\u00e9 et communaut\u00e9 mondiales.<\/li>\n<\/ul>\n<h3 style=\"font-weight: 600;\"><b><strong>Dimensions et poids\u00a0<\/strong><\/b><b><strong>BH Lyon<\/strong><\/b><\/h3>\n<table>\n<tbody>\n<tr>\n<td>Longueur<\/td>\n<td>140cm<\/td>\n<\/tr>\n<tr>\n<td>Largueur<\/td>\n<td>50cm<\/td>\n<\/tr>\n<tr>\n<td>Hauteur<\/td>\n<td>122cm<\/td>\n<\/tr>\n<tr>\n<td>Poids<\/td>\n<td>32Kg<\/td>\n<\/tr>\n<tr>\n<td>Poids maximum pour l\u00b4utilisateur<\/td>\n<td>110kg<\/td>\n<\/tr>\n<tr>\n<td>Dimensions en carton<\/td>\n<td>109x24x82.5cm<\/td>\n<\/tr>\n<tr>\n<td>Poids net en carton<\/td>\n<td>32kg<\/td>\n<\/tr>\n<tr>\n<td>Poids brut en carton<\/td>\n<td>41kg<\/td>\n<\/tr>\n<\/tbody>\n<\/table>\n<\/div>\n<div>\n<div class=\"contenido\">\n<div><\/div>\n<\/div>\n<\/div>","protected":false},"excerpt":{"rendered":"<div class=\"product attribute overview\">\n<div class=\"value\">\n<div class=\"elementor-widget elementor-element elementor-element-cenezrn elementor-widget-text-editor\" data-element_type=\"text-editor\">\n<div class=\"elementor-widget-container\">\n<div class=\"elementor-text-editor rte-content\">\n<div><strong>La Lyon H9115<\/strong>\u00a0est un v\u00e9lo intelligent avec une connectivit\u00e9 totale et un frein magn\u00e9tique \u00e9quivalent \u00e0\u00a0<strong>16 kg.\u00a0<\/strong>Les changements au niveau du guidon et la mesure des watts\u00a0<strong>offrent une exp\u00e9rience unique dans l&#8217;entra\u00eenement \u00e0 domicile. Tablet non incluse.<\/strong><\/div>\n<\/div>\n<\/div>\n<\/div>\n<div class=\"elementor-widget elementor-element elementor-element-ki1x5cr elementor-widget-text-editor\" data-element_type=\"text-editor\">\n<div class=\"elementor-widget-container\">\n<div class=\"elementor-text-editor rte-content\"><\/div>\n<\/div>\n<\/div>\n<\/div>\n<\/div>","protected":false},"featured_media":1210,"comment_status":"open","ping_status":"closed","template":"","meta":[],"product_brand":[16],"product_cat":[17,18,60,19],"product_tag":[61,47],"class_list":{"0":"post-1209","1":"product","2":"type-product","3":"status-publish","4":"has-post-thumbnail","6":"product_brand-bh","7":"product_cat-bons-plans","8":"product_cat-promotions","9":"product_cat-smart-bikes","10":"product_cat-training-fitness","11":"product_tag-smart-bikes","12":"product_tag-velo-dappartement","14":"first","15":"instock","16":"featured","17":"shipping-taxable","18":"purchasable","19":"product-type-simple"},"yoast_head":"<!-- This site is optimized with the Yoast SEO plugin v27.6 - https:\/\/yoast.com\/product\/yoast-seo-wordpress\/ -->\n<title>V\u00e9lo Smart Bike BH Lyon - Promotion - Vente d&#039;\u00c9lectrom\u00e9nager Neuf et Garanti \u00e0 Paris<\/title>\n<meta name=\"description\" content=\"V\u00e9lo Smart Bike BH Lyon - Les changements au niveau du guidon et la mesure des watts offrent une exp\u00e9rience unique dans l&#039;entra\u00eenement \u00e0 domicile. Tablet non incluse.\" \/>\n<meta name=\"robots\" content=\"index, follow, max-snippet:-1, max-image-preview:large, max-video-preview:-1\" \/>\n<link rel=\"canonical\" href=\"https:\/\/espacemenager2000.fr\/en\/product\/velo-smart-bike-bh-lyon\/\" \/>\n<meta property=\"og:locale\" content=\"en_US\" \/>\n<meta property=\"og:type\" content=\"article\" \/>\n<meta property=\"og:title\" content=\"V\u00e9lo Smart Bike BH Lyon - Promotion - Vente d&#039;\u00c9lectrom\u00e9nager Neuf et Garanti \u00e0 Paris\" \/>\n<meta property=\"og:description\" content=\"V\u00e9lo Smart Bike BH Lyon - Les changements au niveau du guidon et la mesure des watts offrent une exp\u00e9rience unique dans l&#039;entra\u00eenement \u00e0 domicile. Tablet non incluse.\" \/>\n<meta property=\"og:url\" content=\"https:\/\/espacemenager2000.fr\/en\/product\/velo-smart-bike-bh-lyon\/\" \/>\n<meta property=\"og:site_name\" content=\"Vente d&#039;\u00c9lectrom\u00e9nager Neuf et Garanti \u00e0 Paris\" \/>\n<meta property=\"article:publisher\" content=\"https:\/\/www.facebook.com\/p\/Espace-menager-2000-100068469618146\/\" \/>\n<meta property=\"article:modified_time\" content=\"2026-05-10T20:42:28+00:00\" \/>\n<meta property=\"og:image\" content=\"https:\/\/espacemenager2000.fr\/wp-content\/uploads\/2026\/05\/Velo-Smart-Bike-BH-Lyon-.jpg\" \/>\n\t<meta property=\"og:image:width\" content=\"800\" \/>\n\t<meta property=\"og:image:height\" content=\"800\" \/>\n\t<meta property=\"og:image:type\" content=\"image\/jpeg\" \/>\n<meta name=\"twitter:card\" content=\"summary_large_image\" \/>\n<meta name=\"twitter:label1\" content=\"Est. reading time\" \/>\n\t<meta name=\"twitter:data1\" content=\"6 minutes\" \/>\n<script type=\"application\/ld+json\" class=\"yoast-schema-graph\">{\"@context\":\"https:\\\/\\\/schema.org\",\"@graph\":[{\"@type\":\"WebPage\",\"@id\":\"https:\\\/\\\/espacemenager2000.fr\\\/produit\\\/velo-smart-bike-bh-lyon\\\/\",\"url\":\"https:\\\/\\\/espacemenager2000.fr\\\/produit\\\/velo-smart-bike-bh-lyon\\\/\",\"name\":\"V\u00e9lo Smart Bike BH Lyon - Promotion - Vente d&#039;\u00c9lectrom\u00e9nager Neuf et Garanti \u00e0 Paris\",\"isPartOf\":{\"@id\":\"https:\\\/\\\/espacemenager2000.fr\\\/#website\"},\"primaryImageOfPage\":{\"@id\":\"https:\\\/\\\/espacemenager2000.fr\\\/produit\\\/velo-smart-bike-bh-lyon\\\/#primaryimage\"},\"image\":{\"@id\":\"https:\\\/\\\/espacemenager2000.fr\\\/produit\\\/velo-smart-bike-bh-lyon\\\/#primaryimage\"},\"thumbnailUrl\":\"https:\\\/\\\/espacemenager2000.fr\\\/wp-content\\\/uploads\\\/2026\\\/05\\\/Velo-Smart-Bike-BH-Lyon-.jpg\",\"datePublished\":\"2025-12-22T16:16:06+00:00\",\"dateModified\":\"2026-05-10T20:42:28+00:00\",\"description\":\"V\u00e9lo Smart Bike BH Lyon - Les changements au niveau du guidon et la mesure des watts offrent une exp\u00e9rience unique dans l'entra\u00eenement \u00e0 domicile. Tablet non incluse.\",\"breadcrumb\":{\"@id\":\"https:\\\/\\\/espacemenager2000.fr\\\/produit\\\/velo-smart-bike-bh-lyon\\\/#breadcrumb\"},\"inLanguage\":\"en-US\",\"potentialAction\":[{\"@type\":\"ReadAction\",\"target\":[\"https:\\\/\\\/espacemenager2000.fr\\\/produit\\\/velo-smart-bike-bh-lyon\\\/\"]}]},{\"@type\":\"ImageObject\",\"inLanguage\":\"en-US\",\"@id\":\"https:\\\/\\\/espacemenager2000.fr\\\/produit\\\/velo-smart-bike-bh-lyon\\\/#primaryimage\",\"url\":\"https:\\\/\\\/espacemenager2000.fr\\\/wp-content\\\/uploads\\\/2026\\\/05\\\/Velo-Smart-Bike-BH-Lyon-.jpg\",\"contentUrl\":\"https:\\\/\\\/espacemenager2000.fr\\\/wp-content\\\/uploads\\\/2026\\\/05\\\/Velo-Smart-Bike-BH-Lyon-.jpg\",\"width\":800,\"height\":800},{\"@type\":\"BreadcrumbList\",\"@id\":\"https:\\\/\\\/espacemenager2000.fr\\\/produit\\\/velo-smart-bike-bh-lyon\\\/#breadcrumb\",\"itemListElement\":[{\"@type\":\"ListItem\",\"position\":1,\"name\":\"Accueil\",\"item\":\"https:\\\/\\\/espacemenager2000.fr\\\/\"},{\"@type\":\"ListItem\",\"position\":2,\"name\":\"Boutique\",\"item\":\"https:\\\/\\\/espacemenager2000.fr\\\/boutique\\\/\"},{\"@type\":\"ListItem\",\"position\":3,\"name\":\"V\u00e9lo Smart Bike BH Lyon\"}]},{\"@type\":\"WebSite\",\"@id\":\"https:\\\/\\\/espacemenager2000.fr\\\/#website\",\"url\":\"https:\\\/\\\/espacemenager2000.fr\\\/\",\"name\":\"Espace Menager 2000\",\"description\":\"Expert en \u00e9lectrom\u00e9nager depuis 2001, Espace M\u00e9nager 2000 vous propose une large gamme de produits : lave-linge, r\u00e9frig\u00e9rateurs, \u00e9lectronique et fitness. Profitez de notre savoir-faire en vente, r\u00e9paration et d\u00e9pannage. Livraison rapide dans toute la zone Euro. Qualit\u00e9 et service garantis.\",\"publisher\":{\"@id\":\"https:\\\/\\\/espacemenager2000.fr\\\/#organization\"},\"potentialAction\":[{\"@type\":\"SearchAction\",\"target\":{\"@type\":\"EntryPoint\",\"urlTemplate\":\"https:\\\/\\\/espacemenager2000.fr\\\/?s={search_term_string}\"},\"query-input\":{\"@type\":\"PropertyValueSpecification\",\"valueRequired\":true,\"valueName\":\"search_term_string\"}}],\"inLanguage\":\"en-US\"},{\"@type\":\"Organization\",\"@id\":\"https:\\\/\\\/espacemenager2000.fr\\\/#organization\",\"name\":\"Espace Menager 2000\",\"url\":\"https:\\\/\\\/espacemenager2000.fr\\\/\",\"logo\":{\"@type\":\"ImageObject\",\"inLanguage\":\"en-US\",\"@id\":\"https:\\\/\\\/espacemenager2000.fr\\\/#\\\/schema\\\/logo\\\/image\\\/\",\"url\":\"https:\\\/\\\/espacemenager2000.fr\\\/wp-content\\\/uploads\\\/2026\\\/05\\\/Fav-Em2000.png\",\"contentUrl\":\"https:\\\/\\\/espacemenager2000.fr\\\/wp-content\\\/uploads\\\/2026\\\/05\\\/Fav-Em2000.png\",\"width\":369,\"height\":369,\"caption\":\"Espace Menager 2000\"},\"image\":{\"@id\":\"https:\\\/\\\/espacemenager2000.fr\\\/#\\\/schema\\\/logo\\\/image\\\/\"},\"sameAs\":[\"https:\\\/\\\/www.facebook.com\\\/p\\\/Espace-menager-2000-100068469618146\\\/\"]}]}<\/script>\n<!-- \/ Yoast SEO plugin. -->","yoast_head_json":{"title":"V\u00e9lo Smart Bike BH Lyon - Promotion - Vente d&#039;\u00c9lectrom\u00e9nager Neuf et Garanti \u00e0 Paris","description":"V\u00e9lo Smart Bike BH Lyon - Les changements au niveau du guidon et la mesure des watts offrent une exp\u00e9rience unique dans l'entra\u00eenement \u00e0 domicile. Tablet non incluse.","robots":{"index":"index","follow":"follow","max-snippet":"max-snippet:-1","max-image-preview":"max-image-preview:large","max-video-preview":"max-video-preview:-1"},"canonical":"https:\/\/espacemenager2000.fr\/en\/product\/velo-smart-bike-bh-lyon\/","og_locale":"en_US","og_type":"article","og_title":"V\u00e9lo Smart Bike BH Lyon - Promotion - Vente d&#039;\u00c9lectrom\u00e9nager Neuf et Garanti \u00e0 Paris","og_description":"V\u00e9lo Smart Bike BH Lyon - Les changements au niveau du guidon et la mesure des watts offrent une exp\u00e9rience unique dans l'entra\u00eenement \u00e0 domicile. Tablet non incluse.","og_url":"https:\/\/espacemenager2000.fr\/en\/product\/velo-smart-bike-bh-lyon\/","og_site_name":"Vente d&#039;\u00c9lectrom\u00e9nager Neuf et Garanti \u00e0 Paris","article_publisher":"https:\/\/www.facebook.com\/p\/Espace-menager-2000-100068469618146\/","article_modified_time":"2026-05-10T20:42:28+00:00","og_image":[{"width":800,"height":800,"url":"https:\/\/espacemenager2000.fr\/wp-content\/uploads\/2026\/05\/Velo-Smart-Bike-BH-Lyon-.jpg","type":"image\/jpeg"}],"twitter_card":"summary_large_image","twitter_misc":{"Est. reading time":"6 minutes"},"schema":{"@context":"https:\/\/schema.org","@graph":[{"@type":"WebPage","@id":"https:\/\/espacemenager2000.fr\/produit\/velo-smart-bike-bh-lyon\/","url":"https:\/\/espacemenager2000.fr\/produit\/velo-smart-bike-bh-lyon\/","name":"V\u00e9lo Smart Bike BH Lyon - Promotion - Vente d&#039;\u00c9lectrom\u00e9nager Neuf et Garanti \u00e0 Paris","isPartOf":{"@id":"https:\/\/espacemenager2000.fr\/#website"},"primaryImageOfPage":{"@id":"https:\/\/espacemenager2000.fr\/produit\/velo-smart-bike-bh-lyon\/#primaryimage"},"image":{"@id":"https:\/\/espacemenager2000.fr\/produit\/velo-smart-bike-bh-lyon\/#primaryimage"},"thumbnailUrl":"https:\/\/espacemenager2000.fr\/wp-content\/uploads\/2026\/05\/Velo-Smart-Bike-BH-Lyon-.jpg","datePublished":"2025-12-22T16:16:06+00:00","dateModified":"2026-05-10T20:42:28+00:00","description":"V\u00e9lo Smart Bike BH Lyon - Les changements au niveau du guidon et la mesure des watts offrent une exp\u00e9rience unique dans l'entra\u00eenement \u00e0 domicile. Tablet non incluse.","breadcrumb":{"@id":"https:\/\/espacemenager2000.fr\/produit\/velo-smart-bike-bh-lyon\/#breadcrumb"},"inLanguage":"en-US","potentialAction":[{"@type":"ReadAction","target":["https:\/\/espacemenager2000.fr\/produit\/velo-smart-bike-bh-lyon\/"]}]},{"@type":"ImageObject","inLanguage":"en-US","@id":"https:\/\/espacemenager2000.fr\/produit\/velo-smart-bike-bh-lyon\/#primaryimage","url":"https:\/\/espacemenager2000.fr\/wp-content\/uploads\/2026\/05\/Velo-Smart-Bike-BH-Lyon-.jpg","contentUrl":"https:\/\/espacemenager2000.fr\/wp-content\/uploads\/2026\/05\/Velo-Smart-Bike-BH-Lyon-.jpg","width":800,"height":800},{"@type":"BreadcrumbList","@id":"https:\/\/espacemenager2000.fr\/produit\/velo-smart-bike-bh-lyon\/#breadcrumb","itemListElement":[{"@type":"ListItem","position":1,"name":"Accueil","item":"https:\/\/espacemenager2000.fr\/"},{"@type":"ListItem","position":2,"name":"Boutique","item":"https:\/\/espacemenager2000.fr\/boutique\/"},{"@type":"ListItem","position":3,"name":"V\u00e9lo Smart Bike BH Lyon"}]},{"@type":"WebSite","@id":"https:\/\/espacemenager2000.fr\/#website","url":"https:\/\/espacemenager2000.fr\/","name":"Espace Menager 2000","description":"Expert en \u00e9lectrom\u00e9nager depuis 2001, Espace M\u00e9nager 2000 vous propose une large gamme de produits : lave-linge, r\u00e9frig\u00e9rateurs, \u00e9lectronique et fitness. Profitez de notre savoir-faire en vente, r\u00e9paration et d\u00e9pannage. Livraison rapide dans toute la zone Euro. Qualit\u00e9 et service garantis.","publisher":{"@id":"https:\/\/espacemenager2000.fr\/#organization"},"potentialAction":[{"@type":"SearchAction","target":{"@type":"EntryPoint","urlTemplate":"https:\/\/espacemenager2000.fr\/?s={search_term_string}"},"query-input":{"@type":"PropertyValueSpecification","valueRequired":true,"valueName":"search_term_string"}}],"inLanguage":"en-US"},{"@type":"Organization","@id":"https:\/\/espacemenager2000.fr\/#organization","name":"Espace Menager 2000","url":"https:\/\/espacemenager2000.fr\/","logo":{"@type":"ImageObject","inLanguage":"en-US","@id":"https:\/\/espacemenager2000.fr\/#\/schema\/logo\/image\/","url":"https:\/\/espacemenager2000.fr\/wp-content\/uploads\/2026\/05\/Fav-Em2000.png","contentUrl":"https:\/\/espacemenager2000.fr\/wp-content\/uploads\/2026\/05\/Fav-Em2000.png","width":369,"height":369,"caption":"Espace Menager 2000"},"image":{"@id":"https:\/\/espacemenager2000.fr\/#\/schema\/logo\/image\/"},"sameAs":["https:\/\/www.facebook.com\/p\/Espace-menager-2000-100068469618146\/"]}]}},"_links":{"self":[{"href":"https:\/\/espacemenager2000.fr\/en\/wp-json\/wp\/v2\/product\/1209","targetHints":{"allow":["GET"]}}],"collection":[{"href":"https:\/\/espacemenager2000.fr\/en\/wp-json\/wp\/v2\/product"}],"about":[{"href":"https:\/\/espacemenager2000.fr\/en\/wp-json\/wp\/v2\/types\/product"}],"replies":[{"embeddable":true,"href":"https:\/\/espacemenager2000.fr\/en\/wp-json\/wp\/v2\/comments?post=1209"}],"wp:featuredmedia":[{"embeddable":true,"href":"https:\/\/espacemenager2000.fr\/en\/wp-json\/wp\/v2\/media\/1210"}],"wp:attachment":[{"href":"https:\/\/espacemenager2000.fr\/en\/wp-json\/wp\/v2\/media?parent=1209"}],"wp:term":[{"taxonomy":"product_brand","embeddable":true,"href":"https:\/\/espacemenager2000.fr\/en\/wp-json\/wp\/v2\/product_brand?post=1209"},{"taxonomy":"product_cat","embeddable":true,"href":"https:\/\/espacemenager2000.fr\/en\/wp-json\/wp\/v2\/product_cat?post=1209"},{"taxonomy":"product_tag","embeddable":true,"href":"https:\/\/espacemenager2000.fr\/en\/wp-json\/wp\/v2\/product_tag?post=1209"}],"curies":[{"name":"wp","href":"https:\/\/api.w.org\/{rel}","templated":true}]}}