{"id":1165,"date":"2025-12-22T16:15:44","date_gmt":"2025-12-22T16:15:44","guid":{"rendered":"https:\/\/espacemenager2000.fr\/?post_type=product&#038;p=1165"},"modified":"2026-05-10T20:42:26","modified_gmt":"2026-05-10T20:42:26","slug":"velo-elliptique-tecnovita-evo-c950","status":"publish","type":"product","link":"https:\/\/espacemenager2000.fr\/en\/product\/velo-elliptique-tecnovita-evo-c950\/","title":{"rendered":"V\u00e9lo Elliptique Tecnovita EVO C950"},"content":{"rendered":"<h2>V\u00e9lo Elliptique Tecnovita EVO C950<\/h2>\n<p>Le V\u00e9lo Elliptique Tecnovita EVO C950 ou <strong>Tecnovita EVO C950<\/strong>\u00a0est un V\u00e9lo elliptique pour une utilisation domestique occasionnel (de 1 \u00e0 4 heures par semaine) qui poss\u00e8de Syst\u00e8me de frein magn\u00e9tique et une console LCD r\u00e9tro-\u00e9clair\u00e9.<\/p>\n<h3>Caract\u00e9ristiques V\u00e9lo EVO C950<\/h3>\n<div class=\"contenido\">\n<div><\/div>\n<div>\n<p>Le\u00a0<strong>Tecnovita EVO C950<\/strong>\u00a0est un V\u00e9lo elliptique pour une utilisation domestique occasionnel (de 1 \u00e0 4 heures par semaine) qui poss\u00e8de Syst\u00e8me de frein magn\u00e9tique et une console LCD r\u00e9tro-\u00e9clair\u00e9.<\/p>\n<h4><strong>Les points forts<\/strong><\/h4>\n<ul>\n<li><strong>Mesure du rythme cardiaque par contact<\/strong><br \/>\nMesure du rythme cardiaque par contact sur les bras mobiles.<\/li>\n<li><strong>Console LCD+Backlit<\/strong><br \/>\n\u00c9cran LCD r\u00e9tro\u00e9clair\u00e9<\/li>\n<\/ul>\n<div><img fetchpriority=\"high\" decoding=\"async\" class=\"lazy-content img-fluid alignnone\" src=\"https:\/\/www.fitnessdigital.fr\/images\/productos\/detalles\/tecnovita\/BH-Tecnovita-C950-2FTP.jpg\" alt=\"BH-Tecnovita-C950-2FTP\" width=\"415\" height=\"440\" \/><\/div>\n<div><strong>Caract\u00e9ristiques<\/strong><\/div>\n<ul>\n<li><strong>Con\u00e7u pour une utilisation domestique ocasionnel<\/strong><br \/>\nPour entra\u00eenements de 1 \u00e0 4 heures par semaine.<\/li>\n<li><strong>Syst\u00e8me de frein magn\u00e9tique<\/strong><br \/>\nSans entretien. P\u00e9dalage doux et silencieux.<\/li>\n<li><strong>Mesure de la fr\u00e9quence cardiaque par contact sur le guidon<\/strong><br \/>\nApporte des informations pour atteindre ses objectifs lors d&#8217; entra\u00eenements plus intense.<\/li>\n<li><strong>Porte-bidon<\/strong><br \/>\nPlacez votre bouteille d&#8217;eau pr\u00e8s de vous, pour une bonne hydratation sans interrompre votre entra\u00eenement.<\/li>\n<\/ul>\n<div><img decoding=\"async\" class=\"lazy-content img-fluid alignnone\" src=\"https:\/\/www.fitnessdigital.fr\/images\/productos\/detalles\/tecnovita\/BH-Tecnovita-C950-4FTP.jpg\" alt=\"V\u00e9lo Elliptique Tecnovita EVO C950\" width=\"415\" height=\"440\" \/><\/div>\n<div><strong>Console et programmes<\/strong><\/div>\n<div><\/div>\n<ul>\n<li><strong>Console LCD r\u00e9tro-\u00e9clair\u00e9<\/strong><br \/>\nIl permet de conna\u00eetre les calories, la distance, le pouls, le temps et la vitesse.<\/li>\n<li><strong>Test de r\u00e9cup\u00e9ration (RT)<\/strong><br \/>\nAide \u00e0 contr\u00f4ler la forme physique avec une r\u00e9cup\u00e9ration contr\u00f4l\u00e9e.<img decoding=\"async\" class=\"lazy-content img-fluid\" src=\"https:\/\/www.fitnessdigital.fr\/images\/productos\/detalles\/bh\/BH-Tecnovita-C950-5FTP.jpg\" alt=\"BH-Tecnovita-C950-5FTP\" \/><\/li>\n<\/ul>\n<\/div>\n<div>\n<div>\n<p><strong><strong>Sp\u00e9cification<\/strong><\/strong><\/p>\n<ul>\n<li>Roulettes de transport.<\/li>\n<li>Pour d\u00e9placer facilement la machine chez soi.<\/li>\n<\/ul>\n<\/div>\n<div>\n<div>\n<p><img decoding=\"async\" class=\"lazy-content img-fluid\" src=\"https:\/\/www.fitnessdigital.fr\/images\/productos\/detalles\/tecnovita\/BH-Tecnovita-C950-3FTP.jpg\" alt=\"BH-Tecnovita-C950-3FTP\" \/><\/p>\n<\/div>\n<\/div>\n<div><strong>Poids et Dimensions<\/strong><\/div>\n<div><\/div>\n<ul>\n<li><strong>Masse d&#8217;inertie:<\/strong>\u00a08 Kg<\/li>\n<li><strong>Longueur de foul\u00e9e:<\/strong>\u00a036 cm<\/li>\n<li><strong>Poids maximum de l&#8217;utilisateur:<\/strong>\u00a095 Kg<\/li>\n<li><strong>Poids:<\/strong>\u00a036 Kg<\/li>\n<li><strong>Dimensions:<\/strong>\u00a0110 x 61 x 144<\/li>\n<\/ul>\n<\/div>\n<\/div>","protected":false},"excerpt":{"rendered":"<div class=\"product attribute overview\">\n<div class=\"value\">\n<div class=\"elementor-widget elementor-element elementor-element-cenezrn elementor-widget-text-editor\" data-element_type=\"text-editor\">\n<div class=\"elementor-widget-container\">\n<div class=\"elementor-text-editor rte-content\">\n<p class=\"ai-optimize-22\" dir=\"ltr\">Le\u00a0<strong>Tecnovita EVO C950<\/strong>\u00a0est un V\u00e9lo elliptique pour une utilisation domestique occasionnel (de 1 \u00e0 4 heures par semaine) qui poss\u00e8de Syst\u00e8me de frein magn\u00e9tique et une console LCD r\u00e9tro-\u00e9clair\u00e9.<\/p>\n<\/div>\n<\/div>\n<\/div>\n<div class=\"elementor-widget elementor-element elementor-element-ki1x5cr elementor-widget-text-editor\" data-element_type=\"text-editor\">\n<div class=\"elementor-widget-container\">\n<div class=\"elementor-text-editor rte-content\"><\/div>\n<\/div>\n<\/div>\n<\/div>\n<\/div>","protected":false},"featured_media":1166,"comment_status":"open","ping_status":"closed","template":"","meta":[],"product_brand":[40],"product_cat":[17,18,19,58],"product_tag":[47,59],"class_list":{"0":"post-1165","1":"product","2":"type-product","3":"status-publish","4":"has-post-thumbnail","6":"product_brand-tecnovita","7":"product_cat-bons-plans","8":"product_cat-promotions","9":"product_cat-training-fitness","10":"product_cat-velos-elliptiques","11":"product_tag-velo-dappartement","12":"product_tag-velo-elliptique","14":"first","15":"instock","16":"shipping-taxable","17":"purchasable","18":"product-type-simple"},"yoast_head":"<!-- This site is optimized with the Yoast SEO plugin v27.6 - https:\/\/yoast.com\/product\/yoast-seo-wordpress\/ -->\n<title>V\u00e9lo Elliptique Tecnovita EVO C950 - Promotion - Vente d&#039;\u00c9lectrom\u00e9nager Neuf et Garanti \u00e0 Paris<\/title>\n<meta name=\"description\" content=\"V\u00e9lo Elliptique Tecnovita EVO C950 - utilisation domestique occasionnel (de 1 \u00e0 4 heures par semaine) qui poss\u00e8de Syst\u00e8me de frein magn\u00e9tique et une console LCD r\u00e9tro-\u00e9clair\u00e9.\" \/>\n<meta name=\"robots\" content=\"index, follow, max-snippet:-1, max-image-preview:large, max-video-preview:-1\" \/>\n<link rel=\"canonical\" href=\"https:\/\/espacemenager2000.fr\/en\/product\/velo-elliptique-tecnovita-evo-c950\/\" \/>\n<meta property=\"og:locale\" content=\"en_US\" \/>\n<meta property=\"og:type\" content=\"article\" \/>\n<meta property=\"og:title\" content=\"V\u00e9lo Elliptique Tecnovita EVO C950 - Promotion - Vente d&#039;\u00c9lectrom\u00e9nager Neuf et Garanti \u00e0 Paris\" \/>\n<meta property=\"og:description\" content=\"V\u00e9lo Elliptique Tecnovita EVO C950 - utilisation domestique occasionnel (de 1 \u00e0 4 heures par semaine) qui poss\u00e8de Syst\u00e8me de frein magn\u00e9tique et une console LCD r\u00e9tro-\u00e9clair\u00e9.\" \/>\n<meta property=\"og:url\" content=\"https:\/\/espacemenager2000.fr\/en\/product\/velo-elliptique-tecnovita-evo-c950\/\" \/>\n<meta property=\"og:site_name\" content=\"Vente d&#039;\u00c9lectrom\u00e9nager Neuf et Garanti \u00e0 Paris\" \/>\n<meta property=\"article:publisher\" content=\"https:\/\/www.facebook.com\/p\/Espace-menager-2000-100068469618146\/\" \/>\n<meta property=\"article:modified_time\" content=\"2026-05-10T20:42:26+00:00\" \/>\n<meta property=\"og:image\" content=\"https:\/\/espacemenager2000.fr\/wp-content\/uploads\/2026\/05\/Velo-Elliptique-Tecnovita-EVO-C950-.jpg\" \/>\n\t<meta property=\"og:image:width\" content=\"800\" \/>\n\t<meta property=\"og:image:height\" content=\"800\" \/>\n\t<meta property=\"og:image:type\" content=\"image\/jpeg\" \/>\n<meta name=\"twitter:card\" content=\"summary_large_image\" \/>\n<meta name=\"twitter:label1\" content=\"Est. reading time\" \/>\n\t<meta name=\"twitter:data1\" content=\"3 minutes\" \/>\n<script type=\"application\/ld+json\" class=\"yoast-schema-graph\">{\"@context\":\"https:\\\/\\\/schema.org\",\"@graph\":[{\"@type\":\"WebPage\",\"@id\":\"https:\\\/\\\/espacemenager2000.fr\\\/produit\\\/velo-elliptique-tecnovita-evo-c950\\\/\",\"url\":\"https:\\\/\\\/espacemenager2000.fr\\\/produit\\\/velo-elliptique-tecnovita-evo-c950\\\/\",\"name\":\"V\u00e9lo Elliptique Tecnovita EVO C950 - Promotion - Vente d&#039;\u00c9lectrom\u00e9nager Neuf et Garanti \u00e0 Paris\",\"isPartOf\":{\"@id\":\"https:\\\/\\\/espacemenager2000.fr\\\/#website\"},\"primaryImageOfPage\":{\"@id\":\"https:\\\/\\\/espacemenager2000.fr\\\/produit\\\/velo-elliptique-tecnovita-evo-c950\\\/#primaryimage\"},\"image\":{\"@id\":\"https:\\\/\\\/espacemenager2000.fr\\\/produit\\\/velo-elliptique-tecnovita-evo-c950\\\/#primaryimage\"},\"thumbnailUrl\":\"https:\\\/\\\/espacemenager2000.fr\\\/wp-content\\\/uploads\\\/2026\\\/05\\\/Velo-Elliptique-Tecnovita-EVO-C950-.jpg\",\"datePublished\":\"2025-12-22T16:15:44+00:00\",\"dateModified\":\"2026-05-10T20:42:26+00:00\",\"description\":\"V\u00e9lo Elliptique Tecnovita EVO C950 - utilisation domestique occasionnel (de 1 \u00e0 4 heures par semaine) qui poss\u00e8de Syst\u00e8me de frein magn\u00e9tique et une console LCD r\u00e9tro-\u00e9clair\u00e9.\",\"breadcrumb\":{\"@id\":\"https:\\\/\\\/espacemenager2000.fr\\\/produit\\\/velo-elliptique-tecnovita-evo-c950\\\/#breadcrumb\"},\"inLanguage\":\"en-US\",\"potentialAction\":[{\"@type\":\"ReadAction\",\"target\":[\"https:\\\/\\\/espacemenager2000.fr\\\/produit\\\/velo-elliptique-tecnovita-evo-c950\\\/\"]}]},{\"@type\":\"ImageObject\",\"inLanguage\":\"en-US\",\"@id\":\"https:\\\/\\\/espacemenager2000.fr\\\/produit\\\/velo-elliptique-tecnovita-evo-c950\\\/#primaryimage\",\"url\":\"https:\\\/\\\/espacemenager2000.fr\\\/wp-content\\\/uploads\\\/2026\\\/05\\\/Velo-Elliptique-Tecnovita-EVO-C950-.jpg\",\"contentUrl\":\"https:\\\/\\\/espacemenager2000.fr\\\/wp-content\\\/uploads\\\/2026\\\/05\\\/Velo-Elliptique-Tecnovita-EVO-C950-.jpg\",\"width\":800,\"height\":800},{\"@type\":\"BreadcrumbList\",\"@id\":\"https:\\\/\\\/espacemenager2000.fr\\\/produit\\\/velo-elliptique-tecnovita-evo-c950\\\/#breadcrumb\",\"itemListElement\":[{\"@type\":\"ListItem\",\"position\":1,\"name\":\"Accueil\",\"item\":\"https:\\\/\\\/espacemenager2000.fr\\\/\"},{\"@type\":\"ListItem\",\"position\":2,\"name\":\"Boutique\",\"item\":\"https:\\\/\\\/espacemenager2000.fr\\\/boutique\\\/\"},{\"@type\":\"ListItem\",\"position\":3,\"name\":\"V\u00e9lo Elliptique Tecnovita EVO C950\"}]},{\"@type\":\"WebSite\",\"@id\":\"https:\\\/\\\/espacemenager2000.fr\\\/#website\",\"url\":\"https:\\\/\\\/espacemenager2000.fr\\\/\",\"name\":\"Espace Menager 2000\",\"description\":\"Expert en \u00e9lectrom\u00e9nager depuis 2001, Espace M\u00e9nager 2000 vous propose une large gamme de produits : lave-linge, r\u00e9frig\u00e9rateurs, \u00e9lectronique et fitness. Profitez de notre savoir-faire en vente, r\u00e9paration et d\u00e9pannage. Livraison rapide dans toute la zone Euro. Qualit\u00e9 et service garantis.\",\"publisher\":{\"@id\":\"https:\\\/\\\/espacemenager2000.fr\\\/#organization\"},\"potentialAction\":[{\"@type\":\"SearchAction\",\"target\":{\"@type\":\"EntryPoint\",\"urlTemplate\":\"https:\\\/\\\/espacemenager2000.fr\\\/?s={search_term_string}\"},\"query-input\":{\"@type\":\"PropertyValueSpecification\",\"valueRequired\":true,\"valueName\":\"search_term_string\"}}],\"inLanguage\":\"en-US\"},{\"@type\":\"Organization\",\"@id\":\"https:\\\/\\\/espacemenager2000.fr\\\/#organization\",\"name\":\"Espace Menager 2000\",\"url\":\"https:\\\/\\\/espacemenager2000.fr\\\/\",\"logo\":{\"@type\":\"ImageObject\",\"inLanguage\":\"en-US\",\"@id\":\"https:\\\/\\\/espacemenager2000.fr\\\/#\\\/schema\\\/logo\\\/image\\\/\",\"url\":\"https:\\\/\\\/espacemenager2000.fr\\\/wp-content\\\/uploads\\\/2026\\\/05\\\/Fav-Em2000.png\",\"contentUrl\":\"https:\\\/\\\/espacemenager2000.fr\\\/wp-content\\\/uploads\\\/2026\\\/05\\\/Fav-Em2000.png\",\"width\":369,\"height\":369,\"caption\":\"Espace Menager 2000\"},\"image\":{\"@id\":\"https:\\\/\\\/espacemenager2000.fr\\\/#\\\/schema\\\/logo\\\/image\\\/\"},\"sameAs\":[\"https:\\\/\\\/www.facebook.com\\\/p\\\/Espace-menager-2000-100068469618146\\\/\"]}]}<\/script>\n<!-- \/ Yoast SEO plugin. -->","yoast_head_json":{"title":"V\u00e9lo Elliptique Tecnovita EVO C950 - Promotion - Vente d&#039;\u00c9lectrom\u00e9nager Neuf et Garanti \u00e0 Paris","description":"V\u00e9lo Elliptique Tecnovita EVO C950 - utilisation domestique occasionnel (de 1 \u00e0 4 heures par semaine) qui poss\u00e8de Syst\u00e8me de frein magn\u00e9tique et une console LCD r\u00e9tro-\u00e9clair\u00e9.","robots":{"index":"index","follow":"follow","max-snippet":"max-snippet:-1","max-image-preview":"max-image-preview:large","max-video-preview":"max-video-preview:-1"},"canonical":"https:\/\/espacemenager2000.fr\/en\/product\/velo-elliptique-tecnovita-evo-c950\/","og_locale":"en_US","og_type":"article","og_title":"V\u00e9lo Elliptique Tecnovita EVO C950 - Promotion - Vente d&#039;\u00c9lectrom\u00e9nager Neuf et Garanti \u00e0 Paris","og_description":"V\u00e9lo Elliptique Tecnovita EVO C950 - utilisation domestique occasionnel (de 1 \u00e0 4 heures par semaine) qui poss\u00e8de Syst\u00e8me de frein magn\u00e9tique et une console LCD r\u00e9tro-\u00e9clair\u00e9.","og_url":"https:\/\/espacemenager2000.fr\/en\/product\/velo-elliptique-tecnovita-evo-c950\/","og_site_name":"Vente d&#039;\u00c9lectrom\u00e9nager Neuf et Garanti \u00e0 Paris","article_publisher":"https:\/\/www.facebook.com\/p\/Espace-menager-2000-100068469618146\/","article_modified_time":"2026-05-10T20:42:26+00:00","og_image":[{"width":800,"height":800,"url":"https:\/\/espacemenager2000.fr\/wp-content\/uploads\/2026\/05\/Velo-Elliptique-Tecnovita-EVO-C950-.jpg","type":"image\/jpeg"}],"twitter_card":"summary_large_image","twitter_misc":{"Est. reading time":"3 minutes"},"schema":{"@context":"https:\/\/schema.org","@graph":[{"@type":"WebPage","@id":"https:\/\/espacemenager2000.fr\/produit\/velo-elliptique-tecnovita-evo-c950\/","url":"https:\/\/espacemenager2000.fr\/produit\/velo-elliptique-tecnovita-evo-c950\/","name":"V\u00e9lo Elliptique Tecnovita EVO C950 - Promotion - Vente d&#039;\u00c9lectrom\u00e9nager Neuf et Garanti \u00e0 Paris","isPartOf":{"@id":"https:\/\/espacemenager2000.fr\/#website"},"primaryImageOfPage":{"@id":"https:\/\/espacemenager2000.fr\/produit\/velo-elliptique-tecnovita-evo-c950\/#primaryimage"},"image":{"@id":"https:\/\/espacemenager2000.fr\/produit\/velo-elliptique-tecnovita-evo-c950\/#primaryimage"},"thumbnailUrl":"https:\/\/espacemenager2000.fr\/wp-content\/uploads\/2026\/05\/Velo-Elliptique-Tecnovita-EVO-C950-.jpg","datePublished":"2025-12-22T16:15:44+00:00","dateModified":"2026-05-10T20:42:26+00:00","description":"V\u00e9lo Elliptique Tecnovita EVO C950 - utilisation domestique occasionnel (de 1 \u00e0 4 heures par semaine) qui poss\u00e8de Syst\u00e8me de frein magn\u00e9tique et une console LCD r\u00e9tro-\u00e9clair\u00e9.","breadcrumb":{"@id":"https:\/\/espacemenager2000.fr\/produit\/velo-elliptique-tecnovita-evo-c950\/#breadcrumb"},"inLanguage":"en-US","potentialAction":[{"@type":"ReadAction","target":["https:\/\/espacemenager2000.fr\/produit\/velo-elliptique-tecnovita-evo-c950\/"]}]},{"@type":"ImageObject","inLanguage":"en-US","@id":"https:\/\/espacemenager2000.fr\/produit\/velo-elliptique-tecnovita-evo-c950\/#primaryimage","url":"https:\/\/espacemenager2000.fr\/wp-content\/uploads\/2026\/05\/Velo-Elliptique-Tecnovita-EVO-C950-.jpg","contentUrl":"https:\/\/espacemenager2000.fr\/wp-content\/uploads\/2026\/05\/Velo-Elliptique-Tecnovita-EVO-C950-.jpg","width":800,"height":800},{"@type":"BreadcrumbList","@id":"https:\/\/espacemenager2000.fr\/produit\/velo-elliptique-tecnovita-evo-c950\/#breadcrumb","itemListElement":[{"@type":"ListItem","position":1,"name":"Accueil","item":"https:\/\/espacemenager2000.fr\/"},{"@type":"ListItem","position":2,"name":"Boutique","item":"https:\/\/espacemenager2000.fr\/boutique\/"},{"@type":"ListItem","position":3,"name":"V\u00e9lo Elliptique Tecnovita EVO C950"}]},{"@type":"WebSite","@id":"https:\/\/espacemenager2000.fr\/#website","url":"https:\/\/espacemenager2000.fr\/","name":"Espace Menager 2000","description":"Expert en \u00e9lectrom\u00e9nager depuis 2001, Espace M\u00e9nager 2000 vous propose une large gamme de produits : lave-linge, r\u00e9frig\u00e9rateurs, \u00e9lectronique et fitness. Profitez de notre savoir-faire en vente, r\u00e9paration et d\u00e9pannage. Livraison rapide dans toute la zone Euro. Qualit\u00e9 et service garantis.","publisher":{"@id":"https:\/\/espacemenager2000.fr\/#organization"},"potentialAction":[{"@type":"SearchAction","target":{"@type":"EntryPoint","urlTemplate":"https:\/\/espacemenager2000.fr\/?s={search_term_string}"},"query-input":{"@type":"PropertyValueSpecification","valueRequired":true,"valueName":"search_term_string"}}],"inLanguage":"en-US"},{"@type":"Organization","@id":"https:\/\/espacemenager2000.fr\/#organization","name":"Espace Menager 2000","url":"https:\/\/espacemenager2000.fr\/","logo":{"@type":"ImageObject","inLanguage":"en-US","@id":"https:\/\/espacemenager2000.fr\/#\/schema\/logo\/image\/","url":"https:\/\/espacemenager2000.fr\/wp-content\/uploads\/2026\/05\/Fav-Em2000.png","contentUrl":"https:\/\/espacemenager2000.fr\/wp-content\/uploads\/2026\/05\/Fav-Em2000.png","width":369,"height":369,"caption":"Espace Menager 2000"},"image":{"@id":"https:\/\/espacemenager2000.fr\/#\/schema\/logo\/image\/"},"sameAs":["https:\/\/www.facebook.com\/p\/Espace-menager-2000-100068469618146\/"]}]}},"_links":{"self":[{"href":"https:\/\/espacemenager2000.fr\/en\/wp-json\/wp\/v2\/product\/1165","targetHints":{"allow":["GET"]}}],"collection":[{"href":"https:\/\/espacemenager2000.fr\/en\/wp-json\/wp\/v2\/product"}],"about":[{"href":"https:\/\/espacemenager2000.fr\/en\/wp-json\/wp\/v2\/types\/product"}],"replies":[{"embeddable":true,"href":"https:\/\/espacemenager2000.fr\/en\/wp-json\/wp\/v2\/comments?post=1165"}],"wp:featuredmedia":[{"embeddable":true,"href":"https:\/\/espacemenager2000.fr\/en\/wp-json\/wp\/v2\/media\/1166"}],"wp:attachment":[{"href":"https:\/\/espacemenager2000.fr\/en\/wp-json\/wp\/v2\/media?parent=1165"}],"wp:term":[{"taxonomy":"product_brand","embeddable":true,"href":"https:\/\/espacemenager2000.fr\/en\/wp-json\/wp\/v2\/product_brand?post=1165"},{"taxonomy":"product_cat","embeddable":true,"href":"https:\/\/espacemenager2000.fr\/en\/wp-json\/wp\/v2\/product_cat?post=1165"},{"taxonomy":"product_tag","embeddable":true,"href":"https:\/\/espacemenager2000.fr\/en\/wp-json\/wp\/v2\/product_tag?post=1165"}],"curies":[{"name":"wp","href":"https:\/\/api.w.org\/{rel}","templated":true}]}}