{"id":1152,"date":"2025-12-22T16:15:44","date_gmt":"2025-12-22T16:15:44","guid":{"rendered":"https:\/\/espacemenager2000.fr\/?post_type=product&#038;p=1152"},"modified":"2026-05-14T00:22:56","modified_gmt":"2026-05-14T00:22:56","slug":"elliptique-proform-sport-e2-0","status":"publish","type":"product","link":"https:\/\/espacemenager2000.fr\/en\/product\/elliptique-proform-sport-e2-0\/","title":{"rendered":"Elliptique Proform Sport E2.0"},"content":{"rendered":"<h1>Elliptique Proform Sport E2.0<\/h1>\n<p>Le\u00a0<strong>v\u00e9lo<\/strong>\u00a0<strong>elliptique<\/strong>\u00a0Sport E2.0 comprend la technologie Bluetooth Smart (BLE), un wattm\u00e8tre, un \u00e9cran LCD et un porte-bouteille d&#8217;eau pour plus de commodit\u00e9. Le\u00a0<strong>v\u00e9lo elliptique<\/strong>\u00a0<strong>ProForm<\/strong>\u00a0est id\u00e9al pour l&#8217;entra\u00eenement des jambes, pour renforcer vos muscles et les garder toniques gr\u00e2ce \u00e0 ses 8 programmes d&#8217;entra\u00eenement pr\u00e9d\u00e9finis, et il vous permet de br\u00fbler des calories \u00e0 chaque entra\u00eenement gr\u00e2ce \u00e0 la r\u00e9sistance num\u00e9rique de 1 \u00e0 12 niveaux.<\/p>\n<h3>Caract\u00e9ristiques Elliptique Proform Sport E2.0<\/h3>\n<div class=\"contenido\">\n<div><\/div>\n<div>Le\u00a0<strong>v\u00e9lo<\/strong>\u00a0<strong>elliptique<\/strong>\u00a0Sport E2.0 comprend la technologie Bluetooth Smart (BLE), un wattm\u00e8tre, un \u00e9cran LCD et un porte-bouteille d&#8217;eau pour plus de commodit\u00e9. Le\u00a0<strong>v\u00e9lo elliptique<\/strong>\u00a0<strong>ProForm<\/strong>\u00a0est id\u00e9al pour l&#8217;entra\u00eenement des jambes, pour renforcer vos muscles et les garder toniques gr\u00e2ce \u00e0 ses 8 programmes d&#8217;entra\u00eenement pr\u00e9d\u00e9finis, et il vous permet de br\u00fbler des calories \u00e0 chaque entra\u00eenement gr\u00e2ce \u00e0 la r\u00e9sistance num\u00e9rique de 1 \u00e0 12 niveaux. Il poss\u00e8de une foul\u00e9e de 14 pouces et une r\u00e9sistance magn\u00e9tique SMR silencieuse qui am\u00e9liore vos activit\u00e9s cardio et intensives. Sa roue d&#8217;inertie am\u00e9lior\u00e9e vous permet de mieux vous adapter \u00e0\u00a0<strong>l&#8217;elliptique<\/strong>.<\/div>\n<div><\/div>\n<div><img decoding=\"async\" class=\"lazy-content img-fluid\" src=\"https:\/\/www.fitnessdigital.fr\/images\/productos\/detalles\/proform\/proform-e2.0-9.gif\" alt=\"proform-e2.0-9\" \/><\/p>\n<\/div>\n<div><\/div>\n<h4><strong>iFit<\/strong><\/h4>\n<div><strong>Ecran LCD<\/strong><\/div>\n<div>Vous pouvez augmenter et diminuer la vitesse et la r\u00e9sistance manuellement, mais aucun programme n&#8217;est inclus. L&#8217;acc\u00e8s aux programmes n\u00e9cessite l&#8217;utilisation de l&#8217;application iFIT, via un smartphone ou une tablette, et requiert un abonnement iFIT (\u00e0 partir d&#8217;un smartphone\/tablette, il n&#8217;y a pas d&#8217;option pour les programmes gratuits).<\/div>\n<h4><strong>Les meilleurs formateurs<\/strong><\/h4>\n<div>iFIT met \u00e0 votre disposition certains des meilleurs entra\u00eeneurs personnels du monde directement sur votre \u00e9cran, ce qui vous permet de trouver facilement l&#8217;entra\u00eeneur id\u00e9al pour vous.<\/div>\n<div><strong>\u00a0<\/strong><\/div>\n<h4><strong>Entra\u00eenements globaux<\/strong><\/h4>\n<div>Embarquez pour un voyage virtuel autour du monde avec votre entra\u00eeneur personnel pr\u00e9f\u00e9r\u00e9, car la technologie de r\u00e9glage de l&#8217;inclinaison ajuste num\u00e9riquement votre vitesse, l&#8217;inclinaison ou la r\u00e9sistance pour imiter le terrain r\u00e9el. Cours en studio.<\/div>\n<div>Participez \u00e0 des cours en studio aux c\u00f4t\u00e9s de vos camarades de classe virtuels.<\/div>\n<div><strong>\u00a0<\/strong><\/div>\n<h4><strong>Entra\u00eenements personnalis\u00e9s<\/strong><\/h4>\n<div>Des s\u00e9ances d&#8217;entra\u00eenement personnalis\u00e9es sont envoy\u00e9es chaque jour \u00e0 votre \u00e9quipe en fonction de votre niveau de forme et de vos int\u00e9r\u00eats.<\/div>\n<div><\/div>\n<h4><strong>Caract\u00e9ristiques<\/strong><\/h4>\n<div><strong>\u00c9cran 5&#8243; \u00e0 contraste \u00e9lev\u00e9<\/strong><\/div>\n<div>Consultez votre cadence, la distance parcourue, l&#8217;estimation des calories br\u00fbl\u00e9es et d&#8217;autres statistiques d&#8217;entra\u00eenement importantes sur cet \u00e9cran facile \u00e0 lire.<\/div>\n<div>T\u00e9l\u00e9chargez l&#8217;application iFIT pour profiter d&#8217;un suivi am\u00e9lior\u00e9 des m\u00e9triques sur tous les \u00e9quipements compatibles iFIT depuis votre propre smartphone ou tablette (non inclus).<\/div>\n<div><\/div>\n<div><img decoding=\"async\" class=\"lazy-content img-fluid\" src=\"https:\/\/www.fitnessdigital.fr\/images\/productos\/detalles\/proform\/proform-pantalla-1.jpg\" alt=\"proform-pantalla-1\" \/><\/div>\n<div><\/div>\n<h5><strong>Supporte pour les dispositifs int\u00e9gr\u00e9s<\/strong><\/h5>\n<div>Fixez votre propre tablette ou smartphone (non inclus) pour diffuser en direct et \u00e0 la demande des s\u00e9ances d&#8217;entra\u00eenement iFIT ou d&#8217;autres divertissements pendant que vous vous exercez.<\/div>\n<div>\n<\/div>\n<div><img decoding=\"async\" class=\"lazy-content img-fluid\" src=\"https:\/\/www.fitnessdigital.fr\/images\/productos\/detalles\/proform\/proform-estante-1.jpg\" alt=\"proform-estante-1\" \/><\/p>\n<\/div>\n<div><\/div>\n<div><strong>12 niveaux de r\u00e9sistance num\u00e9rique<\/strong><\/div>\n<div>Choisissez parmi 12 niveaux de r\u00e9sistance magn\u00e9tique silencieuse SMR pour d\u00e9terminer le niveau de difficult\u00e9 id\u00e9al pour chaque s\u00e9ance d&#8217;entra\u00eenement.<\/div>\n<div><img decoding=\"async\" class=\"lazy-content img-fluid\" src=\"https:\/\/www.fitnessdigital.fr\/images\/productos\/detalles\/proform\/proform-resistencia-1.jpg\" alt=\"proform-resistencia-1\" \/><\/p>\n<\/div>\n<h5><strong>Contr\u00f4le automatique de l&#8217;entra\u00eeneur<\/strong><\/h5>\n<div>Avec iFIT, votre entra\u00eeneur ajustera automatiquement votre r\u00e9sistance pour qu&#8217;elle corresponde au terrain r\u00e9el des s\u00e9ances d&#8217;entra\u00eenement globales ou pour vous faire transpirer dans les cours en studio.<\/p>\n<\/div>\n<div><img decoding=\"async\" class=\"lazy-content img-fluid\" src=\"https:\/\/www.fitnessdigital.fr\/images\/productos\/detalles\/proform\/proform-control-1.jpg\" alt=\"proform-control-1\" \/><\/p>\n<\/div>\n<div><\/div>\n<div><strong>Longueur de la foul\u00e9e de l&#8217;elliptique 14<\/strong><\/div>\n<div>Profitez de s\u00e9ances d&#8217;entra\u00eenement cardio \u00e0 faible impact gr\u00e2ce \u00e0 une longueur de foul\u00e9e confortable pour les utilisateurs ayant une foul\u00e9e courte \u00e0 moyenne.<\/div>\n<div><\/div>\n<div><img decoding=\"async\" class=\"lazy-content img-fluid\" src=\"https:\/\/www.fitnessdigital.fr\/images\/productos\/detalles\/proform\/proform-longitud-1.jpg\" alt=\"proform-longitud-1\" \/><\/p>\n<\/div>\n<div><strong>Volant d&#8217;inertie am\u00e9lior\u00e9 Volant d&#8217;inertie<\/strong><\/div>\n<div>Ce volant d&#8217;inertie maintient une rotation r\u00e9guli\u00e8re \u00e0 chaque pas afin que vous puissiez atteindre vos objectifs de fitness en tout confort.<\/div>\n<div><\/div>\n<div><img decoding=\"async\" class=\"lazy-content img-fluid\" src=\"https:\/\/www.fitnessdigital.fr\/images\/productos\/detalles\/proform\/proform-volante-1.jpg\" alt=\"proform-volante-1\" \/><\/p>\n<\/div>\n<div><strong>Conception pas \u00e0 pas<\/strong><\/div>\n<div>Ce design ergonomique vous permet de monter et de descendre facilement de votre v\u00e9lo elliptique et vous permet de rester confortable pendant votre entra\u00eenement.<\/div>\n<div><\/div>\n<div><img decoding=\"async\" class=\"lazy-content img-fluid\" src=\"https:\/\/www.fitnessdigital.fr\/images\/productos\/detalles\/proform\/proform-dise\u00f1o-1.jpg\" alt=\"proform-dise\u00f1o-1\" \/><\/p>\n<\/div>\n<div><\/div>\n<div><strong>Roues de transport mont\u00e9es \u00e0 l&#8217;avant<\/strong><\/div>\n<div>D\u00e9placer un \u00e9quipement d&#8217;exercice lourd n&#8217;est pas une partie de plaisir, c&#8217;est pourquoi le Sport E2.0 est \u00e9quip\u00e9 de roues de transport mont\u00e9es \u00e0 l&#8217;avant qui facilitent le d\u00e9placement de votre machine.<\/div>\n<div><\/div>\n<div><img decoding=\"async\" class=\"lazy-content img-fluid\" src=\"https:\/\/www.fitnessdigital.fr\/images\/productos\/detalles\/proform\/proform-ruedas-1.jpg\" alt=\"proform-ruedas-1\" \/><\/div>\n<div><strong><br \/>\nPorte-bouteille d&#8217;eau<\/strong><\/div>\n<div>L&#8217;hydratation est un \u00e9l\u00e9ment essentiel de l&#8217;exercice. Gardez votre bouteille d&#8217;eau \u00e0 port\u00e9e de main gr\u00e2ce \u00e0 ce porte-bouteille int\u00e9gr\u00e9.<\/div>\n<div><\/div>\n<div><img decoding=\"async\" class=\"lazy-content img-fluid\" src=\"https:\/\/www.fitnessdigital.fr\/images\/productos\/detalles\/proform\/proform-soporte-1.jpg\" alt=\"proform-soporte-1\" \/><\/div>\n<h4>\n<strong>Sp\u00e9cifications<\/strong><\/h4>\n<ul>\n<li>\n<div><strong>Poids maximal de l&#8217;utilisateur:\u00a0<\/strong>114 kg<\/div>\n<\/li>\n<li>\n<div><strong>Informations affich\u00e9es:\u00a0<\/strong>Temps, niveau de r\u00e9sistance, calories br\u00fbl\u00e9es, cadence, pas.<\/div>\n<\/li>\n<li>\n<div><strong>Type de r\u00e9sistance:\u00a0<\/strong>magn\u00e9tique<\/div>\n<\/li>\n<li>\n<div><strong>Niveaux de r\u00e9sistance:\u00a0<\/strong>12<\/div>\n<\/li>\n<li>\n<div><strong>Hauteur:\u00a0<\/strong>137 cm<\/div>\n<\/li>\n<li>\n<div><strong>Largeur:<\/strong>\u00a066 cm<\/div>\n<\/li>\n<li>\n<div><strong>Longueu :\u00a0<\/strong>160 cm<\/div>\n<\/li>\n<li>\n<div><strong>Discipline:\u00a0<\/strong>Fitness<\/div>\n<\/li>\n<li>\n<div><strong>Affichage int\u00e9gr\u00e9:\u00a0<\/strong>Oui<\/div>\n<\/li>\n<li>\n<div><strong>Entr\u00e9es USB:<\/strong>\u00a0Aucune entr\u00e9e<\/div>\n<\/li>\n<li>\n<div><strong>Mat\u00e9riau:\u00a0<\/strong>acier<\/div>\n<\/li>\n<li>\n<div><strong>Porte-bouteille:\u00a0<\/strong>Oui<\/div>\n<\/li>\n<li>\n<div><strong>Type:\u00a0<\/strong>Elliptiques<\/div>\n<\/li>\n<li>\n<div><strong>Marque:\u00a0<\/strong>ProForm<\/div>\n<\/li>\n<li>\n<div><strong>Mod\u00e8le:\u00a0<\/strong>PFEL02921-INT<\/div>\n<\/li>\n<li>\n<div><strong>Poids:\u00a0<\/strong>51 kg<\/div>\n<\/li>\n<li>\n<div><strong>Comprend des roues:\u00a0<\/strong>Oui<\/div>\n<\/li>\n<li>\n<div><strong>Assemblage requis:\u00a0<\/strong>Oui<\/div>\n<\/li>\n<li>\n<div><strong>Fabriqu\u00e9 en Chine<\/strong><\/div>\n<\/li>\n<\/ul>\n<\/div>\n<div class=\"wrap flex\"><\/div>","protected":false},"excerpt":{"rendered":"<div class=\"product attribute overview\">\n<div class=\"value\">\n<div class=\"elementor-widget elementor-element elementor-element-cenezrn elementor-widget-text-editor\" data-element_type=\"text-editor\">\n<div class=\"elementor-widget-container\">\n<div class=\"elementor-text-editor rte-content\">Le\u00a0<strong>v\u00e9lo<\/strong>\u00a0<strong>elliptique<\/strong>\u00a0Sport E2.0 comprend la technologie Bluetooth Smart (BLE), un wattm\u00e8tre, un \u00e9cran LCD et un porte-bouteille d&#8217;eau pour plus de commodit\u00e9. Le\u00a0<strong>v\u00e9lo elliptique<\/strong>\u00a0<strong>ProForm<\/strong>\u00a0est id\u00e9al pour l&#8217;entra\u00eenement des jambes, pour renforcer vos muscles et les garder toniques gr\u00e2ce \u00e0 ses 8 programmes d&#8217;entra\u00eenement pr\u00e9d\u00e9finis, et il vous permet de br\u00fbler des calories \u00e0 chaque entra\u00eenement gr\u00e2ce \u00e0 la r\u00e9sistance num\u00e9rique de 1 \u00e0 12 niveaux.<\/div>\n<\/div>\n<\/div>\n<div class=\"elementor-widget elementor-element elementor-element-ki1x5cr elementor-widget-text-editor\" data-element_type=\"text-editor\">\n<div class=\"elementor-widget-container\">\n<div class=\"elementor-text-editor rte-content\"><\/div>\n<\/div>\n<\/div>\n<\/div>\n<\/div>","protected":false},"featured_media":1153,"comment_status":"open","ping_status":"closed","template":"","meta":[],"product_brand":[34],"product_cat":[17,18,19,58],"product_tag":[47,59],"class_list":{"0":"post-1152","1":"product","2":"type-product","3":"status-publish","4":"has-post-thumbnail","6":"product_brand-proform","7":"product_cat-bons-plans","8":"product_cat-promotions","9":"product_cat-training-fitness","10":"product_cat-velos-elliptiques","11":"product_tag-velo-dappartement","12":"product_tag-velo-elliptique","14":"first","15":"instock","16":"featured","17":"shipping-taxable","18":"purchasable","19":"product-type-simple"},"yoast_head":"<!-- This site is optimized with the Yoast SEO plugin v27.6 - https:\/\/yoast.com\/product\/yoast-seo-wordpress\/ -->\n<title>Elliptique Proform Sport E2.0 - Promotion - Vente d&#039;\u00c9lectrom\u00e9nager Neuf et Garanti \u00e0 Paris<\/title>\n<meta name=\"description\" content=\"Elliptique Proform Sport E2.0 - id\u00e9al pour l&#039;entra\u00eenement des jambes, pour renforcer vos muscles et les garder toniques gr\u00e2ce \u00e0 ses 8 programmes d&#039;entra\u00eenement pr\u00e9d\u00e9finis, et il vous permet de br\u00fbler des calories \u00e0 chaque entra\u00eenement gr\u00e2ce \u00e0 la r\u00e9sistance num\u00e9rique de 1 \u00e0 12 niveaux.\" \/>\n<meta name=\"robots\" content=\"index, follow, max-snippet:-1, max-image-preview:large, max-video-preview:-1\" \/>\n<link rel=\"canonical\" href=\"https:\/\/espacemenager2000.fr\/en\/product\/elliptique-proform-sport-e2-0\/\" \/>\n<meta property=\"og:locale\" content=\"en_US\" \/>\n<meta property=\"og:type\" content=\"article\" \/>\n<meta property=\"og:title\" content=\"Elliptique Proform Sport E2.0 - Promotion - Vente d&#039;\u00c9lectrom\u00e9nager Neuf et Garanti \u00e0 Paris\" \/>\n<meta property=\"og:description\" content=\"Elliptique Proform Sport E2.0 - id\u00e9al pour l&#039;entra\u00eenement des jambes, pour renforcer vos muscles et les garder toniques gr\u00e2ce \u00e0 ses 8 programmes d&#039;entra\u00eenement pr\u00e9d\u00e9finis, et il vous permet de br\u00fbler des calories \u00e0 chaque entra\u00eenement gr\u00e2ce \u00e0 la r\u00e9sistance num\u00e9rique de 1 \u00e0 12 niveaux.\" \/>\n<meta property=\"og:url\" content=\"https:\/\/espacemenager2000.fr\/en\/product\/elliptique-proform-sport-e2-0\/\" \/>\n<meta property=\"og:site_name\" content=\"Vente d&#039;\u00c9lectrom\u00e9nager Neuf et Garanti \u00e0 Paris\" \/>\n<meta property=\"article:publisher\" content=\"https:\/\/www.facebook.com\/p\/Espace-menager-2000-100068469618146\/\" \/>\n<meta property=\"article:modified_time\" content=\"2026-05-14T00:22:56+00:00\" \/>\n<meta property=\"og:image\" content=\"https:\/\/espacemenager2000.fr\/wp-content\/uploads\/2026\/05\/Elliptique-Proform-Sport-E2.0-.jpg\" \/>\n\t<meta property=\"og:image:width\" content=\"800\" \/>\n\t<meta property=\"og:image:height\" content=\"800\" \/>\n\t<meta property=\"og:image:type\" content=\"image\/jpeg\" \/>\n<meta name=\"twitter:card\" content=\"summary_large_image\" \/>\n<meta name=\"twitter:label1\" content=\"Est. reading time\" \/>\n\t<meta name=\"twitter:data1\" content=\"6 minutes\" \/>\n<script type=\"application\/ld+json\" class=\"yoast-schema-graph\">{\"@context\":\"https:\\\/\\\/schema.org\",\"@graph\":[{\"@type\":\"WebPage\",\"@id\":\"https:\\\/\\\/espacemenager2000.fr\\\/produit\\\/elliptique-proform-sport-e2-0\\\/\",\"url\":\"https:\\\/\\\/espacemenager2000.fr\\\/produit\\\/elliptique-proform-sport-e2-0\\\/\",\"name\":\"Elliptique Proform Sport E2.0 - Promotion - Vente d&#039;\u00c9lectrom\u00e9nager Neuf et Garanti \u00e0 Paris\",\"isPartOf\":{\"@id\":\"https:\\\/\\\/espacemenager2000.fr\\\/#website\"},\"primaryImageOfPage\":{\"@id\":\"https:\\\/\\\/espacemenager2000.fr\\\/produit\\\/elliptique-proform-sport-e2-0\\\/#primaryimage\"},\"image\":{\"@id\":\"https:\\\/\\\/espacemenager2000.fr\\\/produit\\\/elliptique-proform-sport-e2-0\\\/#primaryimage\"},\"thumbnailUrl\":\"https:\\\/\\\/espacemenager2000.fr\\\/wp-content\\\/uploads\\\/2026\\\/05\\\/Elliptique-Proform-Sport-E2.0-.jpg\",\"datePublished\":\"2025-12-22T16:15:44+00:00\",\"dateModified\":\"2026-05-14T00:22:56+00:00\",\"description\":\"Elliptique Proform Sport E2.0 - id\u00e9al pour l'entra\u00eenement des jambes, pour renforcer vos muscles et les garder toniques gr\u00e2ce \u00e0 ses 8 programmes d'entra\u00eenement pr\u00e9d\u00e9finis, et il vous permet de br\u00fbler des calories \u00e0 chaque entra\u00eenement gr\u00e2ce \u00e0 la r\u00e9sistance num\u00e9rique de 1 \u00e0 12 niveaux.\",\"breadcrumb\":{\"@id\":\"https:\\\/\\\/espacemenager2000.fr\\\/produit\\\/elliptique-proform-sport-e2-0\\\/#breadcrumb\"},\"inLanguage\":\"en-US\",\"potentialAction\":[{\"@type\":\"ReadAction\",\"target\":[\"https:\\\/\\\/espacemenager2000.fr\\\/produit\\\/elliptique-proform-sport-e2-0\\\/\"]}]},{\"@type\":\"ImageObject\",\"inLanguage\":\"en-US\",\"@id\":\"https:\\\/\\\/espacemenager2000.fr\\\/produit\\\/elliptique-proform-sport-e2-0\\\/#primaryimage\",\"url\":\"https:\\\/\\\/espacemenager2000.fr\\\/wp-content\\\/uploads\\\/2026\\\/05\\\/Elliptique-Proform-Sport-E2.0-.jpg\",\"contentUrl\":\"https:\\\/\\\/espacemenager2000.fr\\\/wp-content\\\/uploads\\\/2026\\\/05\\\/Elliptique-Proform-Sport-E2.0-.jpg\",\"width\":800,\"height\":800},{\"@type\":\"BreadcrumbList\",\"@id\":\"https:\\\/\\\/espacemenager2000.fr\\\/produit\\\/elliptique-proform-sport-e2-0\\\/#breadcrumb\",\"itemListElement\":[{\"@type\":\"ListItem\",\"position\":1,\"name\":\"Accueil\",\"item\":\"https:\\\/\\\/espacemenager2000.fr\\\/\"},{\"@type\":\"ListItem\",\"position\":2,\"name\":\"Boutique\",\"item\":\"https:\\\/\\\/espacemenager2000.fr\\\/boutique\\\/\"},{\"@type\":\"ListItem\",\"position\":3,\"name\":\"Elliptique Proform Sport E2.0\"}]},{\"@type\":\"WebSite\",\"@id\":\"https:\\\/\\\/espacemenager2000.fr\\\/#website\",\"url\":\"https:\\\/\\\/espacemenager2000.fr\\\/\",\"name\":\"Espace Menager 2000\",\"description\":\"Expert en \u00e9lectrom\u00e9nager depuis 2001, Espace M\u00e9nager 2000 vous propose une large gamme de produits : lave-linge, r\u00e9frig\u00e9rateurs, \u00e9lectronique et fitness. Profitez de notre savoir-faire en vente, r\u00e9paration et d\u00e9pannage. Livraison rapide dans toute la zone Euro. Qualit\u00e9 et service garantis.\",\"publisher\":{\"@id\":\"https:\\\/\\\/espacemenager2000.fr\\\/#organization\"},\"potentialAction\":[{\"@type\":\"SearchAction\",\"target\":{\"@type\":\"EntryPoint\",\"urlTemplate\":\"https:\\\/\\\/espacemenager2000.fr\\\/?s={search_term_string}\"},\"query-input\":{\"@type\":\"PropertyValueSpecification\",\"valueRequired\":true,\"valueName\":\"search_term_string\"}}],\"inLanguage\":\"en-US\"},{\"@type\":\"Organization\",\"@id\":\"https:\\\/\\\/espacemenager2000.fr\\\/#organization\",\"name\":\"Espace Menager 2000\",\"url\":\"https:\\\/\\\/espacemenager2000.fr\\\/\",\"logo\":{\"@type\":\"ImageObject\",\"inLanguage\":\"en-US\",\"@id\":\"https:\\\/\\\/espacemenager2000.fr\\\/#\\\/schema\\\/logo\\\/image\\\/\",\"url\":\"https:\\\/\\\/espacemenager2000.fr\\\/wp-content\\\/uploads\\\/2026\\\/05\\\/Fav-Em2000.png\",\"contentUrl\":\"https:\\\/\\\/espacemenager2000.fr\\\/wp-content\\\/uploads\\\/2026\\\/05\\\/Fav-Em2000.png\",\"width\":369,\"height\":369,\"caption\":\"Espace Menager 2000\"},\"image\":{\"@id\":\"https:\\\/\\\/espacemenager2000.fr\\\/#\\\/schema\\\/logo\\\/image\\\/\"},\"sameAs\":[\"https:\\\/\\\/www.facebook.com\\\/p\\\/Espace-menager-2000-100068469618146\\\/\"]}]}<\/script>\n<!-- \/ Yoast SEO plugin. -->","yoast_head_json":{"title":"Elliptique Proform Sport E2.0 - Promotion - Vente d&#039;\u00c9lectrom\u00e9nager Neuf et Garanti \u00e0 Paris","description":"Elliptique Proform Sport E2.0 - id\u00e9al pour l'entra\u00eenement des jambes, pour renforcer vos muscles et les garder toniques gr\u00e2ce \u00e0 ses 8 programmes d'entra\u00eenement pr\u00e9d\u00e9finis, et il vous permet de br\u00fbler des calories \u00e0 chaque entra\u00eenement gr\u00e2ce \u00e0 la r\u00e9sistance num\u00e9rique de 1 \u00e0 12 niveaux.","robots":{"index":"index","follow":"follow","max-snippet":"max-snippet:-1","max-image-preview":"max-image-preview:large","max-video-preview":"max-video-preview:-1"},"canonical":"https:\/\/espacemenager2000.fr\/en\/product\/elliptique-proform-sport-e2-0\/","og_locale":"en_US","og_type":"article","og_title":"Elliptique Proform Sport E2.0 - Promotion - Vente d&#039;\u00c9lectrom\u00e9nager Neuf et Garanti \u00e0 Paris","og_description":"Elliptique Proform Sport E2.0 - id\u00e9al pour l'entra\u00eenement des jambes, pour renforcer vos muscles et les garder toniques gr\u00e2ce \u00e0 ses 8 programmes d'entra\u00eenement pr\u00e9d\u00e9finis, et il vous permet de br\u00fbler des calories \u00e0 chaque entra\u00eenement gr\u00e2ce \u00e0 la r\u00e9sistance num\u00e9rique de 1 \u00e0 12 niveaux.","og_url":"https:\/\/espacemenager2000.fr\/en\/product\/elliptique-proform-sport-e2-0\/","og_site_name":"Vente d&#039;\u00c9lectrom\u00e9nager Neuf et Garanti \u00e0 Paris","article_publisher":"https:\/\/www.facebook.com\/p\/Espace-menager-2000-100068469618146\/","article_modified_time":"2026-05-14T00:22:56+00:00","og_image":[{"width":800,"height":800,"url":"https:\/\/espacemenager2000.fr\/wp-content\/uploads\/2026\/05\/Elliptique-Proform-Sport-E2.0-.jpg","type":"image\/jpeg"}],"twitter_card":"summary_large_image","twitter_misc":{"Est. reading time":"6 minutes"},"schema":{"@context":"https:\/\/schema.org","@graph":[{"@type":"WebPage","@id":"https:\/\/espacemenager2000.fr\/produit\/elliptique-proform-sport-e2-0\/","url":"https:\/\/espacemenager2000.fr\/produit\/elliptique-proform-sport-e2-0\/","name":"Elliptique Proform Sport E2.0 - Promotion - Vente d&#039;\u00c9lectrom\u00e9nager Neuf et Garanti \u00e0 Paris","isPartOf":{"@id":"https:\/\/espacemenager2000.fr\/#website"},"primaryImageOfPage":{"@id":"https:\/\/espacemenager2000.fr\/produit\/elliptique-proform-sport-e2-0\/#primaryimage"},"image":{"@id":"https:\/\/espacemenager2000.fr\/produit\/elliptique-proform-sport-e2-0\/#primaryimage"},"thumbnailUrl":"https:\/\/espacemenager2000.fr\/wp-content\/uploads\/2026\/05\/Elliptique-Proform-Sport-E2.0-.jpg","datePublished":"2025-12-22T16:15:44+00:00","dateModified":"2026-05-14T00:22:56+00:00","description":"Elliptique Proform Sport E2.0 - id\u00e9al pour l'entra\u00eenement des jambes, pour renforcer vos muscles et les garder toniques gr\u00e2ce \u00e0 ses 8 programmes d'entra\u00eenement pr\u00e9d\u00e9finis, et il vous permet de br\u00fbler des calories \u00e0 chaque entra\u00eenement gr\u00e2ce \u00e0 la r\u00e9sistance num\u00e9rique de 1 \u00e0 12 niveaux.","breadcrumb":{"@id":"https:\/\/espacemenager2000.fr\/produit\/elliptique-proform-sport-e2-0\/#breadcrumb"},"inLanguage":"en-US","potentialAction":[{"@type":"ReadAction","target":["https:\/\/espacemenager2000.fr\/produit\/elliptique-proform-sport-e2-0\/"]}]},{"@type":"ImageObject","inLanguage":"en-US","@id":"https:\/\/espacemenager2000.fr\/produit\/elliptique-proform-sport-e2-0\/#primaryimage","url":"https:\/\/espacemenager2000.fr\/wp-content\/uploads\/2026\/05\/Elliptique-Proform-Sport-E2.0-.jpg","contentUrl":"https:\/\/espacemenager2000.fr\/wp-content\/uploads\/2026\/05\/Elliptique-Proform-Sport-E2.0-.jpg","width":800,"height":800},{"@type":"BreadcrumbList","@id":"https:\/\/espacemenager2000.fr\/produit\/elliptique-proform-sport-e2-0\/#breadcrumb","itemListElement":[{"@type":"ListItem","position":1,"name":"Accueil","item":"https:\/\/espacemenager2000.fr\/"},{"@type":"ListItem","position":2,"name":"Boutique","item":"https:\/\/espacemenager2000.fr\/boutique\/"},{"@type":"ListItem","position":3,"name":"Elliptique Proform Sport E2.0"}]},{"@type":"WebSite","@id":"https:\/\/espacemenager2000.fr\/#website","url":"https:\/\/espacemenager2000.fr\/","name":"Espace Menager 2000","description":"Expert en \u00e9lectrom\u00e9nager depuis 2001, Espace M\u00e9nager 2000 vous propose une large gamme de produits : lave-linge, r\u00e9frig\u00e9rateurs, \u00e9lectronique et fitness. Profitez de notre savoir-faire en vente, r\u00e9paration et d\u00e9pannage. Livraison rapide dans toute la zone Euro. Qualit\u00e9 et service garantis.","publisher":{"@id":"https:\/\/espacemenager2000.fr\/#organization"},"potentialAction":[{"@type":"SearchAction","target":{"@type":"EntryPoint","urlTemplate":"https:\/\/espacemenager2000.fr\/?s={search_term_string}"},"query-input":{"@type":"PropertyValueSpecification","valueRequired":true,"valueName":"search_term_string"}}],"inLanguage":"en-US"},{"@type":"Organization","@id":"https:\/\/espacemenager2000.fr\/#organization","name":"Espace Menager 2000","url":"https:\/\/espacemenager2000.fr\/","logo":{"@type":"ImageObject","inLanguage":"en-US","@id":"https:\/\/espacemenager2000.fr\/#\/schema\/logo\/image\/","url":"https:\/\/espacemenager2000.fr\/wp-content\/uploads\/2026\/05\/Fav-Em2000.png","contentUrl":"https:\/\/espacemenager2000.fr\/wp-content\/uploads\/2026\/05\/Fav-Em2000.png","width":369,"height":369,"caption":"Espace Menager 2000"},"image":{"@id":"https:\/\/espacemenager2000.fr\/#\/schema\/logo\/image\/"},"sameAs":["https:\/\/www.facebook.com\/p\/Espace-menager-2000-100068469618146\/"]}]}},"_links":{"self":[{"href":"https:\/\/espacemenager2000.fr\/en\/wp-json\/wp\/v2\/product\/1152","targetHints":{"allow":["GET"]}}],"collection":[{"href":"https:\/\/espacemenager2000.fr\/en\/wp-json\/wp\/v2\/product"}],"about":[{"href":"https:\/\/espacemenager2000.fr\/en\/wp-json\/wp\/v2\/types\/product"}],"replies":[{"embeddable":true,"href":"https:\/\/espacemenager2000.fr\/en\/wp-json\/wp\/v2\/comments?post=1152"}],"wp:featuredmedia":[{"embeddable":true,"href":"https:\/\/espacemenager2000.fr\/en\/wp-json\/wp\/v2\/media\/1153"}],"wp:attachment":[{"href":"https:\/\/espacemenager2000.fr\/en\/wp-json\/wp\/v2\/media?parent=1152"}],"wp:term":[{"taxonomy":"product_brand","embeddable":true,"href":"https:\/\/espacemenager2000.fr\/en\/wp-json\/wp\/v2\/product_brand?post=1152"},{"taxonomy":"product_cat","embeddable":true,"href":"https:\/\/espacemenager2000.fr\/en\/wp-json\/wp\/v2\/product_cat?post=1152"},{"taxonomy":"product_tag","embeddable":true,"href":"https:\/\/espacemenager2000.fr\/en\/wp-json\/wp\/v2\/product_tag?post=1152"}],"curies":[{"name":"wp","href":"https:\/\/api.w.org\/{rel}","templated":true}]}}