{"id":1120,"date":"2025-12-22T16:15:44","date_gmt":"2025-12-22T16:15:44","guid":{"rendered":"https:\/\/espacemenager2000.fr\/?post_type=product&#038;p=1120"},"modified":"2026-05-14T00:19:47","modified_gmt":"2026-05-14T00:19:47","slug":"nordictrack-velo-elliptique-airglide-le","status":"publish","type":"product","link":"https:\/\/espacemenager2000.fr\/en\/product\/nordictrack-velo-elliptique-airglide-le\/","title":{"rendered":"Nordictrack v\u00e9lo elliptique AirGlide LE"},"content":{"rendered":"<p>Le Nordictrack v\u00e9lo elliptique AirGlide LE rend possible l\u2019exercice dans de beaux environnements du monde entier avec un faible impact depuis le confort de votre domicile. Avec un abonnement iFIT, vous pouvez connecter votre smartphone ou tablette par Bluetooth\u00ae. Suivez les coachs iFIT experts lors de milliers d\u2019entra\u00eenements en ext\u00e9rieur. D\u00e9couvrez les plus beaux lieux des sept continents.<\/p>\n<h2>Nordictrack v\u00e9lo elliptique AirGlide LE<\/h2>\n<h3>Caract\u00e9ristiques Nordictrack v\u00e9lo elliptique AirGlide LE<\/h3>\n<div class=\"contenido\">\n<div><\/div>\n<div><img fetchpriority=\"high\" decoding=\"async\" class=\"lazy-content img-fluid\" src=\"https:\/\/www.fitnessdigital.fr\/images\/productos\/detalles\/nordictrack\/nordictrack-airglide-led-01.jpg\" alt=\"\" width=\"415\" height=\"440\" \/><\/div>\n<h4><strong>Sp\u00e9cifications<\/strong><\/h4>\n<ul>\n<li>\u00c9cran multicolore de 5 pouces \u00e0 fort contraste. Tablette non incluse.<\/li>\n<\/ul>\n<p><img decoding=\"async\" class=\"lazy-content img-fluid\" src=\"https:\/\/www.fitnessdigital.fr\/images\/productos\/detalles\/nordictrack\/nordictrack-airglide-led-notablet.jpg\" width=\"415\" height=\"440\" \/><\/p>\n<ul>\n<li>Technologie ActivePulseTM \/ SmartBeat (vendue s\u00e9par\u00e9ment).<\/li>\n<li>Technologie SmartAdjustTM.<\/li>\n<li>Prise en charge du haut-parleur Bluetooth.<\/li>\n<li>Roue motrice avant.<\/li>\n<li><strong>Volant d&#8217;inertie am\u00e9lior\u00e9:<\/strong>\u00a07kg.<\/li>\n<\/ul>\n<p><img decoding=\"async\" class=\"lazy-content img-fluid\" src=\"https:\/\/www.fitnessdigital.fr\/images\/productos\/detalles\/nordictrack\/nordictrack-airglide-led-02.jpg\" width=\"415\" height=\"440\" \/><\/p>\n<ul>\n<li><strong>R\u00e9sistance num\u00e9rique:<\/strong>\u00a01-22.<\/li>\n<li>R\u00e9sistance magn\u00e9tique silencieuse SMRTM.<\/li>\n<li>51 cm, foul\u00e9e auto-ajustable.<\/li>\n<li><strong>Contr\u00f4le num\u00e9rique de l&#8217;inclinaison:<\/strong>\u00a0-5\u00b0+15.<\/li>\n<\/ul>\n<p><img loading=\"lazy\" decoding=\"async\" class=\"lazy-content img-fluid\" src=\"https:\/\/www.fitnessdigital.fr\/images\/productos\/detalles\/nordictrack\/nordictrack-airglide-led-03.jpg\" width=\"415\" height=\"440\" \/><\/p>\n<ul>\n<li>Poign\u00e9es souples pour le haut du corps.<\/li>\n<li>Haut-parleurs.<\/li>\n<li>Porte-bouteille.<\/li>\n<li>P\u00e9dales surdimensionn\u00e9es et rembourr\u00e9es.<\/li>\n<\/ul>\n<p><img loading=\"lazy\" decoding=\"async\" class=\"lazy-content img-fluid\" src=\"https:\/\/www.fitnessdigital.fr\/images\/productos\/detalles\/nordictrack\/nordictrack-airglide-led-04.jpg\" width=\"415\" height=\"440\" \/><\/p>\n<ul>\n<li><strong>Poids maximum de l&#8217;utilisateur:\u00a0<\/strong>135kg.<\/li>\n<\/ul>\n<p><strong>Ecran LCD<\/strong><\/p>\n<p>Vous pouvez augmenter et diminuer la vitesse et la r\u00e9sistance manuellement, mais aucun programme n&#8217;est inclus. L&#8217;acc\u00e8s aux programmes n\u00e9cessite l&#8217;utilisation de l&#8217;application iFIT, via un smartphone ou une tablette, et requiert un abonnement iFIT (\u00e0 partir d&#8217;un smartphone\/tablette, il n&#8217;y a pas d&#8217;option pour les programmes gratuits).<\/p>\n<h3 id=\"tab-label-warranty\" class=\"data item title active\" role=\"tab\" data-role=\"collapsible\" data-collapsible=\"true\" aria-controls=\"warranty\" aria-expanded=\"true\">La garantie<\/h3>\n<div id=\"warranty\" class=\"data item content\" role=\"tabpanel\" aria-labelledby=\"tab-label-warranty\" data-role=\"content\" aria-hidden=\"false\">\n<div>\n<p><strong>GymCompany<\/strong>\u00a0travaille avec les meilleures firmes du secteur du fitness. Cela se refl\u00e8te non seulement dans la\u00a0<strong>qualit\u00e9<\/strong>\u00a0des produits mais aussi dans le service\u00a0<strong>apr\u00e8s-vente<\/strong>\u00a0et dans la\u00a0<strong>garantie<\/strong>\u00a0des produits.<\/p>\n<p class=\"no-margin\">Tous nos produits, sans exception, sont originaux et disposent d\u2019une garantie totale et compl\u00e8te de la part du fabricant. Normalement (sauf exceptions sp\u00e9cifi\u00e9es \u00e0 la page du produit) ce sont:<\/p>\n<ul>\n<li><strong>Les produits \u00e0 usage domestique<\/strong>\u00a02 ans de main d\u2019\u0153uvre, 5 ans pour le moteur et \u00e0 vie pour la structure.<\/li>\n<li><strong>Les produits commerciaux<\/strong>\u00a01 an de main d\u2019\u0153uvre, 3 ans pour le moteur et \u00e0 vie pour la structure.<\/li>\n<\/ul>\n<p>Chaque jour nous recevons des milliers de demandes pour \u00e9quiper des salles de sport avec des machines \u00e0 usage domestique et nous pr\u00e9cisons toujours que\u00a0<strong>la garantie usage domestique n\u2019est pas valable pour une salle de sport commerciale<\/strong>, quelle qu\u2019en soit sa taille. Tenez ainsi compte que, si vous achetez une machine \u00e0 usage domestique et que vous en \u00e9quipez une salle de sport professionnelle, la garantie ne couvre pas tous les types d\u2019avarie.<\/p>\n<p>Si vous avez besoin de pr\u00e9cisions, n\u2019h\u00e9sitez pas \u00e0 nous appeler, nous vous indiquerons ainsi les machines les plus adapt\u00e9es en fonction de vos besoins. Nous sommes \u00e0 votre disposition pour vous apporter un support qui puisse assurer votre rentabilit\u00e9.<\/p>\n<div class=\"mod8-icon-box\">\n<div class=\"scp-icon-copy\">\n<h4 class=\"prodmod8-icon-title\">\u00c9CRAN R\u00c9TRO-\u00c9CLAIR\u00c9 5 POUCES<\/h4>\n<p>La console, avec un \u00e9cran r\u00e9tro-\u00e9clair\u00e9 5&#8243;, comprend un support tablette (tablette non incluse) qui vous permettra de profiter de vos entra\u00eenements iFIT en totale immersion.<\/p>\n<\/div>\n<\/div>\n<div class=\"mod8-icon-box\">\n<p><img decoding=\"async\" src=\"https:\/\/iconcdn-res.cloudinary.com\/image\/upload\/f_auto,q_auto\/v1677832380\/nordictrack.com\/cdn\/images\/catalog\/_Icons\/prodmod8_ifit-logo_icon2.png\" alt=\"ifit logo\" \/><\/p>\n<div class=\"scp-icon-copy\">\n<h4 class=\"prodmod8-icon-title\">30 JOURS D&#8217;ESSAI IFIT INCLUS<a id=\"footnote-mfcmwu\" class=\"link-footnote animated-scroll\" href=\"https:\/\/www.nordictrack.fr\/velo-elliptique\/elliptique-nordictrack-airglide-le#membership-disclaimer\">**<\/a><\/h4>\n<p>D\u00e9couvrez votre prochaine s\u00e9ance d&#8217;entra\u00eenement pr\u00e9f\u00e9r\u00e9e avec nos coachs d&#8217;\u00e9lite iFIT\u00ae. Des s\u00e9ances en studio \u00e0 la demande aux entra\u00eenements qui se d\u00e9roulent dans le monde entier, votre entra\u00eenement ne sera jamais le m\u00eame..<\/p>\n<\/div>\n<\/div>\n<div class=\"mod8-icon-box\">\n<p><img decoding=\"async\" src=\"https:\/\/iconcdn-res.cloudinary.com\/image\/upload\/f_auto,q_auto\/v1677832651\/nordictrack.com\/cdn\/images\/catalog\/_Icons\/prodmod8_autoadjust_icon.png\" alt=\"controls icon\" \/><\/p>\n<div class=\"scp-icon-copy\">\n<h4 class=\"prodmod8-icon-title\">TECHNOLOGIE AUTOADJUST\u2122<\/h4>\n<p>Votre nouvel elliptique AirGlide LE int\u00e8gre la technologie AutoAdjust\u2122, qui permet d&#8217;ajuster automatiquement la r\u00e9sistance et l&#8217;inclinaison lors de votre s\u00e9ance avec votre coach. Plus question d\u2019h\u00e9siter. Il suffit de monter sur le v\u00e9lo et d&#8217;y aller.<\/p>\n<\/div>\n<\/div>\n<div class=\"mod8-icon-box\">\n<p><img decoding=\"async\" src=\"https:\/\/iconcdn-res.cloudinary.com\/image\/upload\/f_auto,q_auto\/v1\/nordictrack.com\/cdn\/images\/catalog\/_Icons\/icn_incline.svg\" alt=\"incline icon\" \/><\/p>\n<div class=\"scp-icon-copy\">\n<h4 class=\"prodmod8-icon-title\">INCLINAISON 15% &#8211; D\u00c9CLINAISON -5%<\/h4>\n<p>Suivez le terrain r\u00e9el et l&#8217;intensit\u00e9 de votre entra\u00eenement iFIT gr\u00e2ce au syst\u00e8me d\u2019inclinaison et d\u00e9clinaison de -5 % \u00e0 15 %.<\/p>\n<\/div>\n<\/div>\n<\/div>\n<\/div>\n<\/div>\n<h1 data-start=\"82\" data-end=\"156\">NordicTrack v\u00e9lo elliptique : l\u2019alliance du confort et de la performance<\/h1>\n<p data-start=\"158\" data-end=\"527\">Le <strong data-start=\"161\" data-end=\"192\">NordicTrack v\u00e9lo elliptique<\/strong> s\u2019impose comme un choix incontournable pour les sportifs souhaitant combiner efficacit\u00e9 et confort. Con\u00e7u pour s\u2019adapter aussi bien aux d\u00e9butants qu\u2019aux athl\u00e8tes confirm\u00e9s, il offre une exp\u00e9rience d\u2019entra\u00eenement immersive et motivante. Gr\u00e2ce \u00e0 ses nombreuses fonctionnalit\u00e9s, cet appareil transforme chaque s\u00e9ance en un moment unique.<\/p>\n<h2 data-start=\"529\" data-end=\"584\">Des s\u00e9ances d\u2019entra\u00eenement vari\u00e9es et personnalis\u00e9es<\/h2>\n<p data-start=\"586\" data-end=\"1059\">Avec le v\u00e9lo elliptique NordicTrack, vous profitez de <strong data-start=\"640\" data-end=\"666\">s\u00e9ances d\u2019entra\u00eenement<\/strong> adapt\u00e9es \u00e0 vos objectifs. Que vous cherchiez \u00e0 br\u00fbler des calories, renforcer vos muscles ou am\u00e9liorer votre endurance, l\u2019appareil propose une large gamme de programmes int\u00e9gr\u00e9s. De plus, gr\u00e2ce \u00e0 la compatibilit\u00e9 avec la plateforme iFit, vous acc\u00e9dez \u00e0 des entra\u00eenements guid\u00e9s par des coachs professionnels, directement depuis chez vous. Chaque s\u00e9ance devient alors interactive et dynamique.<\/p>\n<h2 data-start=\"1061\" data-end=\"1120\">Des niveaux de r\u00e9sistance pour progresser \u00e0 votre rythme<\/h2>\n<p data-start=\"1122\" data-end=\"1529\">L\u2019un des atouts majeurs de ce v\u00e9lo elliptique r\u00e9side dans ses <strong data-start=\"1184\" data-end=\"1209\">niveaux de r\u00e9sistance<\/strong> r\u00e9glables. Selon le mod\u00e8le, vous disposez de multiples intensit\u00e9s, permettant de personnaliser l\u2019effort. Vous pouvez ainsi augmenter progressivement la difficult\u00e9, stimuler vos muscles et suivre vos progr\u00e8s de mani\u00e8re efficace. Cette flexibilit\u00e9 fait du NordicTrack un partenaire id\u00e9al pour \u00e9voluer sans jamais stagner.<\/p>\n<h2 data-start=\"1531\" data-end=\"1580\">Un \u00e9cran tactile pour une exp\u00e9rience connect\u00e9e<\/h2>\n<p data-start=\"1582\" data-end=\"1980\">Pour accompagner vos efforts, le NordicTrack est \u00e9quip\u00e9 d\u2019un <strong data-start=\"1643\" data-end=\"1660\">\u00e9cran tactile<\/strong> haute d\u00e9finition. Celui-ci vous donne acc\u00e8s \u00e0 toutes les donn\u00e9es essentielles : vitesse, distance, calories br\u00fbl\u00e9es ou fr\u00e9quence cardiaque. Mais il ne s\u2019arr\u00eate pas l\u00e0 ! L\u2019\u00e9cran vous plonge \u00e9galement dans des environnements virtuels r\u00e9alistes ou dans des cours en direct, rendant vos s\u00e9ances plus engageantes que jamais.<\/p>\n<h2 data-start=\"1982\" data-end=\"1995\">Conclusion<\/h2>\n<p data-start=\"1997\" data-end=\"2380\">Le <strong data-start=\"2000\" data-end=\"2031\">NordicTrack v\u00e9lo elliptique<\/strong> combine technologie, ergonomie et performance pour offrir une exp\u00e9rience sportive compl\u00e8te. Ses <strong data-start=\"2128\" data-end=\"2154\">s\u00e9ances d\u2019entra\u00eenement<\/strong> guid\u00e9es, ses multiples <strong data-start=\"2178\" data-end=\"2203\">niveaux de r\u00e9sistance<\/strong>, et son <strong data-start=\"2212\" data-end=\"2229\">\u00e9cran tactile<\/strong> intuitif en font un appareil moderne et motivant. Que vous soyez d\u00e9butant ou confirm\u00e9, il saura s\u2019adapter \u00e0 vos besoins pour des r\u00e9sultats optimaux.<\/p>","protected":false},"excerpt":{"rendered":"<div class=\"product attribute overview\">\n<div class=\"value\">\n<div class=\"elementor-widget elementor-element elementor-element-cenezrn elementor-widget-text-editor\" data-element_type=\"text-editor\">\n<div class=\"elementor-widget-container\">\n<div class=\"elementor-text-editor rte-content\">\n<p class=\"ai-optimize-7\">L&#8217;<strong>elliptique NordicTrack AirGlide LE<\/strong>\u00a0rend possible l\u2019exercice dans de beaux environnements du monde entier avec un faible impact depuis le confort de votre domicile. Avec un abonnement iFIT, connectez votre smartphone ou tablette via Bluetooth\u00ae pour suivre les coachs iFIT experts vis des milliers d\u2019entra\u00eenements en ext\u00e9rieur dans les plus beaux lieux des sept continents.<\/p>\n<\/div>\n<\/div>\n<\/div>\n<div class=\"elementor-widget elementor-element elementor-element-ki1x5cr elementor-widget-text-editor\" data-element_type=\"text-editor\">\n<div class=\"elementor-widget-container\">\n<div class=\"elementor-text-editor rte-content\"><\/div>\n<\/div>\n<\/div>\n<\/div>\n<\/div>","protected":false},"featured_media":1121,"comment_status":"open","ping_status":"closed","template":"","meta":[],"product_brand":[32],"product_cat":[17,18,19,58],"product_tag":[47,59],"class_list":{"0":"post-1120","1":"product","2":"type-product","3":"status-publish","4":"has-post-thumbnail","6":"product_brand-nordictrack","7":"product_cat-bons-plans","8":"product_cat-promotions","9":"product_cat-training-fitness","10":"product_cat-velos-elliptiques","11":"product_tag-velo-dappartement","12":"product_tag-velo-elliptique","14":"first","15":"instock","16":"shipping-taxable","17":"purchasable","18":"product-type-simple"},"yoast_head":"<!-- This site is optimized with the Yoast SEO plugin v27.6 - https:\/\/yoast.com\/product\/yoast-seo-wordpress\/ -->\n<title>Nordictrack v\u00e9lo elliptique AirGlide LE - Promotion - Vente d&#039;\u00c9lectrom\u00e9nager Neuf et Garanti \u00e0 Paris<\/title>\n<meta name=\"description\" content=\"Nordictrack v\u00e9lo elliptique AirGlide LE - Avec un abonnement iFIT, connectez votre smartphone ou tablette via Bluetooth\u00ae pour suivre les coachs iFIT experts vis des milliers d\u2019entra\u00eenements en ext\u00e9rieur dans les plus beaux lieux des sept continents.\" \/>\n<meta name=\"robots\" content=\"index, follow, max-snippet:-1, max-image-preview:large, max-video-preview:-1\" \/>\n<link rel=\"canonical\" href=\"https:\/\/espacemenager2000.fr\/en\/product\/nordictrack-velo-elliptique-airglide-le\/\" \/>\n<meta property=\"og:locale\" content=\"en_US\" \/>\n<meta property=\"og:type\" content=\"article\" \/>\n<meta property=\"og:title\" content=\"Nordictrack v\u00e9lo elliptique AirGlide LE - Promotion - Vente d&#039;\u00c9lectrom\u00e9nager Neuf et Garanti \u00e0 Paris\" \/>\n<meta property=\"og:description\" content=\"Nordictrack v\u00e9lo elliptique AirGlide LE - Avec un abonnement iFIT, connectez votre smartphone ou tablette via Bluetooth\u00ae pour suivre les coachs iFIT experts vis des milliers d\u2019entra\u00eenements en ext\u00e9rieur dans les plus beaux lieux des sept continents.\" \/>\n<meta property=\"og:url\" content=\"https:\/\/espacemenager2000.fr\/en\/product\/nordictrack-velo-elliptique-airglide-le\/\" \/>\n<meta property=\"og:site_name\" content=\"Vente d&#039;\u00c9lectrom\u00e9nager Neuf et Garanti \u00e0 Paris\" \/>\n<meta property=\"article:publisher\" content=\"https:\/\/www.facebook.com\/p\/Espace-menager-2000-100068469618146\/\" \/>\n<meta property=\"article:modified_time\" content=\"2026-05-14T00:19:47+00:00\" \/>\n<meta property=\"og:image\" content=\"https:\/\/espacemenager2000.fr\/wp-content\/uploads\/2026\/05\/Velo-Elliptique-NordicTrack-AirGlide-LE-.jpg\" \/>\n\t<meta property=\"og:image:width\" content=\"800\" \/>\n\t<meta property=\"og:image:height\" content=\"800\" \/>\n\t<meta property=\"og:image:type\" content=\"image\/jpeg\" \/>\n<meta name=\"twitter:card\" content=\"summary_large_image\" \/>\n<meta name=\"twitter:label1\" content=\"Est. reading time\" \/>\n\t<meta name=\"twitter:data1\" content=\"8 minutes\" \/>\n<script type=\"application\/ld+json\" class=\"yoast-schema-graph\">{\"@context\":\"https:\\\/\\\/schema.org\",\"@graph\":[{\"@type\":\"WebPage\",\"@id\":\"https:\\\/\\\/espacemenager2000.fr\\\/produit\\\/nordictrack-velo-elliptique-airglide-le\\\/\",\"url\":\"https:\\\/\\\/espacemenager2000.fr\\\/produit\\\/nordictrack-velo-elliptique-airglide-le\\\/\",\"name\":\"Nordictrack v\u00e9lo elliptique AirGlide LE - Promotion - Vente d&#039;\u00c9lectrom\u00e9nager Neuf et Garanti \u00e0 Paris\",\"isPartOf\":{\"@id\":\"https:\\\/\\\/espacemenager2000.fr\\\/#website\"},\"primaryImageOfPage\":{\"@id\":\"https:\\\/\\\/espacemenager2000.fr\\\/produit\\\/nordictrack-velo-elliptique-airglide-le\\\/#primaryimage\"},\"image\":{\"@id\":\"https:\\\/\\\/espacemenager2000.fr\\\/produit\\\/nordictrack-velo-elliptique-airglide-le\\\/#primaryimage\"},\"thumbnailUrl\":\"https:\\\/\\\/espacemenager2000.fr\\\/wp-content\\\/uploads\\\/2026\\\/05\\\/Velo-Elliptique-NordicTrack-AirGlide-LE-.jpg\",\"datePublished\":\"2025-12-22T16:15:44+00:00\",\"dateModified\":\"2026-05-14T00:19:47+00:00\",\"description\":\"Nordictrack v\u00e9lo elliptique AirGlide LE - Avec un abonnement iFIT, connectez votre smartphone ou tablette via Bluetooth\u00ae pour suivre les coachs iFIT experts vis des milliers d\u2019entra\u00eenements en ext\u00e9rieur dans les plus beaux lieux des sept continents.\",\"breadcrumb\":{\"@id\":\"https:\\\/\\\/espacemenager2000.fr\\\/produit\\\/nordictrack-velo-elliptique-airglide-le\\\/#breadcrumb\"},\"inLanguage\":\"en-US\",\"potentialAction\":[{\"@type\":\"ReadAction\",\"target\":[\"https:\\\/\\\/espacemenager2000.fr\\\/produit\\\/nordictrack-velo-elliptique-airglide-le\\\/\"]}]},{\"@type\":\"ImageObject\",\"inLanguage\":\"en-US\",\"@id\":\"https:\\\/\\\/espacemenager2000.fr\\\/produit\\\/nordictrack-velo-elliptique-airglide-le\\\/#primaryimage\",\"url\":\"https:\\\/\\\/espacemenager2000.fr\\\/wp-content\\\/uploads\\\/2026\\\/05\\\/Velo-Elliptique-NordicTrack-AirGlide-LE-.jpg\",\"contentUrl\":\"https:\\\/\\\/espacemenager2000.fr\\\/wp-content\\\/uploads\\\/2026\\\/05\\\/Velo-Elliptique-NordicTrack-AirGlide-LE-.jpg\",\"width\":800,\"height\":800},{\"@type\":\"BreadcrumbList\",\"@id\":\"https:\\\/\\\/espacemenager2000.fr\\\/produit\\\/nordictrack-velo-elliptique-airglide-le\\\/#breadcrumb\",\"itemListElement\":[{\"@type\":\"ListItem\",\"position\":1,\"name\":\"Accueil\",\"item\":\"https:\\\/\\\/espacemenager2000.fr\\\/\"},{\"@type\":\"ListItem\",\"position\":2,\"name\":\"Boutique\",\"item\":\"https:\\\/\\\/espacemenager2000.fr\\\/boutique\\\/\"},{\"@type\":\"ListItem\",\"position\":3,\"name\":\"Nordictrack v\u00e9lo elliptique AirGlide LE\"}]},{\"@type\":\"WebSite\",\"@id\":\"https:\\\/\\\/espacemenager2000.fr\\\/#website\",\"url\":\"https:\\\/\\\/espacemenager2000.fr\\\/\",\"name\":\"Espace Menager 2000\",\"description\":\"Expert en \u00e9lectrom\u00e9nager depuis 2001, Espace M\u00e9nager 2000 vous propose une large gamme de produits : lave-linge, r\u00e9frig\u00e9rateurs, \u00e9lectronique et fitness. Profitez de notre savoir-faire en vente, r\u00e9paration et d\u00e9pannage. Livraison rapide dans toute la zone Euro. Qualit\u00e9 et service garantis.\",\"publisher\":{\"@id\":\"https:\\\/\\\/espacemenager2000.fr\\\/#organization\"},\"potentialAction\":[{\"@type\":\"SearchAction\",\"target\":{\"@type\":\"EntryPoint\",\"urlTemplate\":\"https:\\\/\\\/espacemenager2000.fr\\\/?s={search_term_string}\"},\"query-input\":{\"@type\":\"PropertyValueSpecification\",\"valueRequired\":true,\"valueName\":\"search_term_string\"}}],\"inLanguage\":\"en-US\"},{\"@type\":\"Organization\",\"@id\":\"https:\\\/\\\/espacemenager2000.fr\\\/#organization\",\"name\":\"Espace Menager 2000\",\"url\":\"https:\\\/\\\/espacemenager2000.fr\\\/\",\"logo\":{\"@type\":\"ImageObject\",\"inLanguage\":\"en-US\",\"@id\":\"https:\\\/\\\/espacemenager2000.fr\\\/#\\\/schema\\\/logo\\\/image\\\/\",\"url\":\"https:\\\/\\\/espacemenager2000.fr\\\/wp-content\\\/uploads\\\/2026\\\/05\\\/Fav-Em2000.png\",\"contentUrl\":\"https:\\\/\\\/espacemenager2000.fr\\\/wp-content\\\/uploads\\\/2026\\\/05\\\/Fav-Em2000.png\",\"width\":369,\"height\":369,\"caption\":\"Espace Menager 2000\"},\"image\":{\"@id\":\"https:\\\/\\\/espacemenager2000.fr\\\/#\\\/schema\\\/logo\\\/image\\\/\"},\"sameAs\":[\"https:\\\/\\\/www.facebook.com\\\/p\\\/Espace-menager-2000-100068469618146\\\/\"]}]}<\/script>\n<!-- \/ Yoast SEO plugin. -->","yoast_head_json":{"title":"Nordictrack v\u00e9lo elliptique AirGlide LE - Promotion - Vente d&#039;\u00c9lectrom\u00e9nager Neuf et Garanti \u00e0 Paris","description":"Nordictrack v\u00e9lo elliptique AirGlide LE - Avec un abonnement iFIT, connectez votre smartphone ou tablette via Bluetooth\u00ae pour suivre les coachs iFIT experts vis des milliers d\u2019entra\u00eenements en ext\u00e9rieur dans les plus beaux lieux des sept continents.","robots":{"index":"index","follow":"follow","max-snippet":"max-snippet:-1","max-image-preview":"max-image-preview:large","max-video-preview":"max-video-preview:-1"},"canonical":"https:\/\/espacemenager2000.fr\/en\/product\/nordictrack-velo-elliptique-airglide-le\/","og_locale":"en_US","og_type":"article","og_title":"Nordictrack v\u00e9lo elliptique AirGlide LE - Promotion - Vente d&#039;\u00c9lectrom\u00e9nager Neuf et Garanti \u00e0 Paris","og_description":"Nordictrack v\u00e9lo elliptique AirGlide LE - Avec un abonnement iFIT, connectez votre smartphone ou tablette via Bluetooth\u00ae pour suivre les coachs iFIT experts vis des milliers d\u2019entra\u00eenements en ext\u00e9rieur dans les plus beaux lieux des sept continents.","og_url":"https:\/\/espacemenager2000.fr\/en\/product\/nordictrack-velo-elliptique-airglide-le\/","og_site_name":"Vente d&#039;\u00c9lectrom\u00e9nager Neuf et Garanti \u00e0 Paris","article_publisher":"https:\/\/www.facebook.com\/p\/Espace-menager-2000-100068469618146\/","article_modified_time":"2026-05-14T00:19:47+00:00","og_image":[{"width":800,"height":800,"url":"https:\/\/espacemenager2000.fr\/wp-content\/uploads\/2026\/05\/Velo-Elliptique-NordicTrack-AirGlide-LE-.jpg","type":"image\/jpeg"}],"twitter_card":"summary_large_image","twitter_misc":{"Est. reading time":"8 minutes"},"schema":{"@context":"https:\/\/schema.org","@graph":[{"@type":"WebPage","@id":"https:\/\/espacemenager2000.fr\/produit\/nordictrack-velo-elliptique-airglide-le\/","url":"https:\/\/espacemenager2000.fr\/produit\/nordictrack-velo-elliptique-airglide-le\/","name":"Nordictrack v\u00e9lo elliptique AirGlide LE - Promotion - Vente d&#039;\u00c9lectrom\u00e9nager Neuf et Garanti \u00e0 Paris","isPartOf":{"@id":"https:\/\/espacemenager2000.fr\/#website"},"primaryImageOfPage":{"@id":"https:\/\/espacemenager2000.fr\/produit\/nordictrack-velo-elliptique-airglide-le\/#primaryimage"},"image":{"@id":"https:\/\/espacemenager2000.fr\/produit\/nordictrack-velo-elliptique-airglide-le\/#primaryimage"},"thumbnailUrl":"https:\/\/espacemenager2000.fr\/wp-content\/uploads\/2026\/05\/Velo-Elliptique-NordicTrack-AirGlide-LE-.jpg","datePublished":"2025-12-22T16:15:44+00:00","dateModified":"2026-05-14T00:19:47+00:00","description":"Nordictrack v\u00e9lo elliptique AirGlide LE - Avec un abonnement iFIT, connectez votre smartphone ou tablette via Bluetooth\u00ae pour suivre les coachs iFIT experts vis des milliers d\u2019entra\u00eenements en ext\u00e9rieur dans les plus beaux lieux des sept continents.","breadcrumb":{"@id":"https:\/\/espacemenager2000.fr\/produit\/nordictrack-velo-elliptique-airglide-le\/#breadcrumb"},"inLanguage":"en-US","potentialAction":[{"@type":"ReadAction","target":["https:\/\/espacemenager2000.fr\/produit\/nordictrack-velo-elliptique-airglide-le\/"]}]},{"@type":"ImageObject","inLanguage":"en-US","@id":"https:\/\/espacemenager2000.fr\/produit\/nordictrack-velo-elliptique-airglide-le\/#primaryimage","url":"https:\/\/espacemenager2000.fr\/wp-content\/uploads\/2026\/05\/Velo-Elliptique-NordicTrack-AirGlide-LE-.jpg","contentUrl":"https:\/\/espacemenager2000.fr\/wp-content\/uploads\/2026\/05\/Velo-Elliptique-NordicTrack-AirGlide-LE-.jpg","width":800,"height":800},{"@type":"BreadcrumbList","@id":"https:\/\/espacemenager2000.fr\/produit\/nordictrack-velo-elliptique-airglide-le\/#breadcrumb","itemListElement":[{"@type":"ListItem","position":1,"name":"Accueil","item":"https:\/\/espacemenager2000.fr\/"},{"@type":"ListItem","position":2,"name":"Boutique","item":"https:\/\/espacemenager2000.fr\/boutique\/"},{"@type":"ListItem","position":3,"name":"Nordictrack v\u00e9lo elliptique AirGlide LE"}]},{"@type":"WebSite","@id":"https:\/\/espacemenager2000.fr\/#website","url":"https:\/\/espacemenager2000.fr\/","name":"Espace Menager 2000","description":"Expert en \u00e9lectrom\u00e9nager depuis 2001, Espace M\u00e9nager 2000 vous propose une large gamme de produits : lave-linge, r\u00e9frig\u00e9rateurs, \u00e9lectronique et fitness. Profitez de notre savoir-faire en vente, r\u00e9paration et d\u00e9pannage. Livraison rapide dans toute la zone Euro. Qualit\u00e9 et service garantis.","publisher":{"@id":"https:\/\/espacemenager2000.fr\/#organization"},"potentialAction":[{"@type":"SearchAction","target":{"@type":"EntryPoint","urlTemplate":"https:\/\/espacemenager2000.fr\/?s={search_term_string}"},"query-input":{"@type":"PropertyValueSpecification","valueRequired":true,"valueName":"search_term_string"}}],"inLanguage":"en-US"},{"@type":"Organization","@id":"https:\/\/espacemenager2000.fr\/#organization","name":"Espace Menager 2000","url":"https:\/\/espacemenager2000.fr\/","logo":{"@type":"ImageObject","inLanguage":"en-US","@id":"https:\/\/espacemenager2000.fr\/#\/schema\/logo\/image\/","url":"https:\/\/espacemenager2000.fr\/wp-content\/uploads\/2026\/05\/Fav-Em2000.png","contentUrl":"https:\/\/espacemenager2000.fr\/wp-content\/uploads\/2026\/05\/Fav-Em2000.png","width":369,"height":369,"caption":"Espace Menager 2000"},"image":{"@id":"https:\/\/espacemenager2000.fr\/#\/schema\/logo\/image\/"},"sameAs":["https:\/\/www.facebook.com\/p\/Espace-menager-2000-100068469618146\/"]}]}},"_links":{"self":[{"href":"https:\/\/espacemenager2000.fr\/en\/wp-json\/wp\/v2\/product\/1120","targetHints":{"allow":["GET"]}}],"collection":[{"href":"https:\/\/espacemenager2000.fr\/en\/wp-json\/wp\/v2\/product"}],"about":[{"href":"https:\/\/espacemenager2000.fr\/en\/wp-json\/wp\/v2\/types\/product"}],"replies":[{"embeddable":true,"href":"https:\/\/espacemenager2000.fr\/en\/wp-json\/wp\/v2\/comments?post=1120"}],"wp:featuredmedia":[{"embeddable":true,"href":"https:\/\/espacemenager2000.fr\/en\/wp-json\/wp\/v2\/media\/1121"}],"wp:attachment":[{"href":"https:\/\/espacemenager2000.fr\/en\/wp-json\/wp\/v2\/media?parent=1120"}],"wp:term":[{"taxonomy":"product_brand","embeddable":true,"href":"https:\/\/espacemenager2000.fr\/en\/wp-json\/wp\/v2\/product_brand?post=1120"},{"taxonomy":"product_cat","embeddable":true,"href":"https:\/\/espacemenager2000.fr\/en\/wp-json\/wp\/v2\/product_cat?post=1120"},{"taxonomy":"product_tag","embeddable":true,"href":"https:\/\/espacemenager2000.fr\/en\/wp-json\/wp\/v2\/product_tag?post=1120"}],"curies":[{"name":"wp","href":"https:\/\/api.w.org\/{rel}","templated":true}]}}