{"id":111,"date":"2025-12-22T16:10:25","date_gmt":"2025-12-22T16:10:25","guid":{"rendered":"https:\/\/espacemenager2000.fr\/?post_type=product&#038;p=111"},"modified":"2026-05-10T20:41:40","modified_gmt":"2026-05-10T20:41:40","slug":"tapis-de-course-bh-pioneer-r1","status":"publish","type":"product","link":"https:\/\/espacemenager2000.fr\/en\/product\/tapis-de-course-bh-pioneer-r1\/","title":{"rendered":"Tapis de Course BH Pioneer R1"},"content":{"rendered":"<h2>Tapis de Course BH Pioneer R1<\/h2>\n<div>Le\u00a0<strong>Tapis de Course BH Pioneer R1<\/strong>\u00a0est con\u00e7u pour une\u00a0<strong>utilisation domestique r\u00e9guli\u00e8re<\/strong>; pour\u00a0<strong>entra\u00eenements de 3 \u00e0 7 heures<\/strong>\u00a0par semaine. Permet d&#8217;atteindre une vitesse de\u00a0<strong>13 km\/h<\/strong>\u00a0avec une<strong>\u00a0surface de course de 125 x 45 cm. La vitesse minimale est de 1km\/h et augmente de 0,10 en 0,10.<\/strong><\/div>\n<div><\/div>\n<div>\n<h3>Caract\u00e9ristiques Tapis de Course BH Pioneer R1<\/h3>\n<div class=\"contenido\">\n<div>\n<div>Le\u00a0<strong>Tapis de Course BH Pioneer R1<\/strong>\u00a0est con\u00e7u pour une\u00a0<strong>utilisation domestique r\u00e9guli\u00e8re<\/strong>; pour\u00a0<strong>entra\u00eenements de 3 \u00e0 7 heures<\/strong>\u00a0par semaine. Permet d&#8217;atteindre une vitesse de\u00a0<strong>13 km\/h<\/strong>\u00a0avec une<strong>\u00a0surface de course de 125 x 45 cm. La vitesse minimale est de 1km\/h et augmente de 0,10 en 0,10.<\/strong><\/div>\n<\/div>\n<\/div>\n<\/div>\n<div><\/div>\n<div><img fetchpriority=\"high\" decoding=\"async\" class=\"alignnone size-medium wp-image-21653\" src=\"https:\/\/rodeosport.fr\/wp-content\/uploads\/2025\/05\/Tapis-de-Course-BH-Pioneer-R1-1-300x281.webp\" alt=\"Tapis de Course BH Pioneer R1\" width=\"300\" height=\"281\" \/><\/div>\n<div>\n<div class=\"contenido\">\n<div>\n<h4><strong>Caract\u00e9ristiques<\/strong><\/h4>\n<p><strong>Con\u00e7u pour une utilisation domestique r\u00e9guli\u00e8re<\/strong><br \/>\nPour entra\u00eenements de 3 \u00e0 7 heures par semaine.<\/p>\n<p><strong>\u00a0Moteur puissant de 2,0 CV (pic) \/ <\/strong><strong>Moteur 1,0 CV (continue)<\/strong><br \/>\nFournit la puissance requise pour des vitesses de 1~16Km\/h.<\/p>\n<p><strong>Moteur avec Green Power Technologie<\/strong><br \/>\nPour la protection de l&#8217;environnement.<\/p>\n<p><strong>Inclinaison m\u00e9canique \u00e0 2 positions (1 e 4%)<br \/>\n<\/strong>\u00a0\u00a0 Permet une variation importante dans l\u00b4intensit\u00e9 de l\u00b4exercice quelle que soit la vitesse. Aide \u00e0 placer les muscles des jambes et le dos sous charge.<\/p>\n<p><strong>Mesure du pouls par contact sur le guidon<\/strong><br \/>\nFournit objectifs pour un entra\u00eenement avanc\u00e9.<\/p>\n<h4><strong>Console et programmes<\/strong><\/h4>\n<p><strong>Console avec 3 cadrans LED et 12 profils pr\u00e9d\u00e9finis<br \/>\n<\/strong>\u00a0\u00a0 Fournit objectifs qui aident \u00e0 r\u00e9duire le stress.<\/p>\n<p><strong>Test de contr\u00f4le du taux de la masse graisseuse (BF)<\/strong><br \/>\nPermet de contr\u00f4ler votre ligne.<\/p>\n<p><strong>Fonction D\u00e9marrage Rapide et touches de vitesse instantan\u00e9e<\/strong><br \/>\nPour vous aider \u00e0 contr\u00f4ler plus facilement la vitesse.<\/p>\n<h4><strong>Sp\u00e9cification techniques<\/strong><\/h4>\n<p><strong>Nouveau syst\u00e8me d\u2019amorti<br \/>\n<\/strong>\u00a0\u00a0 Son syst\u00e8me \u00e0 6 \u00e9lastom\u00e8res sp\u00e9cialement d\u00e9velopp\u00e9s pour l\u2019entrainement de triathl\u00e8tes compl\u00e9t\u00e9 avec le syst\u00e8me K-Dumper Soft Control, permet d\u2019offrir un amortissement plus mou, sp\u00e9cialement d\u00e9velopp\u00e9 pour ce sport.<\/p>\n<\/div>\n<\/div>\n<\/div>\n<div><\/div>\n<div><strong>SDS (Soft Drop System)<\/strong><br \/>\nUn syst\u00e8me de s\u00e9curit\u00e9 qui \u00e9vite les l\u00e9sions du dos.<strong>Exclusif syst\u00e8me Plug&amp;Run<\/strong><br \/>\nNe demande ni assemblage, ni connexions \u00e9lectriques ni vissage. Le syst\u00e8me de montage permet une mise en marche imm\u00e9diate.<\/p>\n<p><strong>Syst\u00e8me de pliage vertical<\/strong><br \/>\nTapis tr\u00e8s compact pour pouvoir gagner de la place chez soi.<\/p>\n<p><strong>Porte-bidons<\/strong><br \/>\nTr\u00e8s pratique pour les longues s\u00e9ances d&#8217;entra\u00eenement.<\/p>\n<p><strong>Roulettes de transport<\/strong><br \/>\nPour d\u00e9placer facilement la machine chez soi.<\/p>\n<\/div>\n<div><\/div>\n<div>\n<h4><strong>Poids et Dimensions<\/strong><\/h4>\n<p><strong>\u00b7\u00a0 Longueur:<\/strong>\u00a0162 cm<\/p>\n<p><strong>\u00b7\u00a0 Largeur:<\/strong>\u00a074 cm<\/p>\n<p><strong>\u00b7\u00a0 Hauteur:<\/strong>\u00a0146 cm<\/p>\n<p><strong>\u00b7\u00a0 Poids:<\/strong>\u00a062 kg<\/p>\n<p><strong>\u00b7\u00a0 Dimensions pli\u00e9:<\/strong>\u00a0(L) 100 cm (L) 75 cm (H) 146 cm<\/p>\n<p><strong>\u00b7\u00a0 Surface de course:<\/strong>\u00a0125 cm x 45 cm<\/p>\n<p><strong>\u00b7\u00a0 Poids maximum de l&#8217;utilisateur:<\/strong>\u00a0100 kg<\/p>\n<\/div>\n<div><\/div>","protected":false},"excerpt":{"rendered":"<div class=\"product attribute overview\">\n<div class=\"value\">\n<div>Le\u00a0<strong>Tapis de Course BH Pioneer R1<\/strong>\u00a0est con\u00e7u pour une\u00a0<strong>utilisation domestique r\u00e9guli\u00e8re<\/strong>; pour\u00a0<strong>entra\u00eenements de 3 \u00e0 7 heures<\/strong>\u00a0par semaine. Permet d&#8217;atteindre une vitesse de\u00a0<strong>13 km\/h<\/strong>\u00a0avec une<strong>\u00a0surface de course de 125 x 45 cm. La vitesse minimale est de 1km\/h et augmente de 0,10 en 0,10.<\/strong><\/div>\n<\/div>\n<\/div>","protected":false},"featured_media":112,"comment_status":"open","ping_status":"closed","template":"","meta":[],"product_brand":[16],"product_cat":[17,18,20,19],"product_tag":[22,23],"class_list":{"0":"post-111","1":"product","2":"type-product","3":"status-publish","4":"has-post-thumbnail","6":"product_brand-bh","7":"product_cat-bons-plans","8":"product_cat-promotions","9":"product_cat-tapis-de-course","10":"product_cat-training-fitness","11":"product_tag-tapis-de-course","12":"product_tag-tapis-de-course-bh","14":"first","15":"instock","16":"sale","17":"shipping-taxable","18":"purchasable","19":"product-type-simple"},"yoast_head":"<!-- This site is optimized with the Yoast SEO plugin v27.6 - https:\/\/yoast.com\/product\/yoast-seo-wordpress\/ -->\n<title>Tapis de Course BH Pioneer R1 - Solde - Vente d&#039;\u00c9lectrom\u00e9nager Neuf et Garanti \u00e0 Paris<\/title>\n<meta name=\"description\" content=\"Tapis de Course BH Pioneer R1 - con\u00e7u pour une\u00a0utilisation domestique r\u00e9guli\u00e8re; pour\u00a0entra\u00eenements de 3 \u00e0 7 heures\u00a0par semaine - Longueur:\u00a0162 cm\" \/>\n<meta name=\"robots\" content=\"index, follow, max-snippet:-1, max-image-preview:large, max-video-preview:-1\" \/>\n<link rel=\"canonical\" href=\"https:\/\/espacemenager2000.fr\/en\/product\/tapis-de-course-bh-pioneer-r1\/\" \/>\n<meta property=\"og:locale\" content=\"en_US\" \/>\n<meta property=\"og:type\" content=\"article\" \/>\n<meta property=\"og:title\" content=\"Tapis de Course BH Pioneer R1 - Solde - Vente d&#039;\u00c9lectrom\u00e9nager Neuf et Garanti \u00e0 Paris\" \/>\n<meta property=\"og:description\" content=\"Tapis de Course BH Pioneer R1 - con\u00e7u pour une\u00a0utilisation domestique r\u00e9guli\u00e8re; pour\u00a0entra\u00eenements de 3 \u00e0 7 heures\u00a0par semaine - Longueur:\u00a0162 cm\" \/>\n<meta property=\"og:url\" content=\"https:\/\/espacemenager2000.fr\/en\/product\/tapis-de-course-bh-pioneer-r1\/\" \/>\n<meta property=\"og:site_name\" content=\"Vente d&#039;\u00c9lectrom\u00e9nager Neuf et Garanti \u00e0 Paris\" \/>\n<meta property=\"article:publisher\" content=\"https:\/\/www.facebook.com\/p\/Espace-menager-2000-100068469618146\/\" \/>\n<meta property=\"article:modified_time\" content=\"2026-05-10T20:41:40+00:00\" \/>\n<meta property=\"og:image\" content=\"https:\/\/espacemenager2000.fr\/wp-content\/uploads\/2026\/05\/Tapis-de-Course-BH-Pioneer-R1-.jpg\" \/>\n\t<meta property=\"og:image:width\" content=\"800\" \/>\n\t<meta property=\"og:image:height\" content=\"800\" \/>\n\t<meta property=\"og:image:type\" content=\"image\/jpeg\" \/>\n<meta name=\"twitter:card\" content=\"summary_large_image\" \/>\n<meta name=\"twitter:label1\" content=\"Est. reading time\" \/>\n\t<meta name=\"twitter:data1\" content=\"4 minutes\" \/>\n<script type=\"application\/ld+json\" class=\"yoast-schema-graph\">{\"@context\":\"https:\\\/\\\/schema.org\",\"@graph\":[{\"@type\":\"WebPage\",\"@id\":\"https:\\\/\\\/espacemenager2000.fr\\\/produit\\\/tapis-de-course-bh-pioneer-r1\\\/\",\"url\":\"https:\\\/\\\/espacemenager2000.fr\\\/produit\\\/tapis-de-course-bh-pioneer-r1\\\/\",\"name\":\"Tapis de Course BH Pioneer R1 - Solde - Vente d&#039;\u00c9lectrom\u00e9nager Neuf et Garanti \u00e0 Paris\",\"isPartOf\":{\"@id\":\"https:\\\/\\\/espacemenager2000.fr\\\/#website\"},\"primaryImageOfPage\":{\"@id\":\"https:\\\/\\\/espacemenager2000.fr\\\/produit\\\/tapis-de-course-bh-pioneer-r1\\\/#primaryimage\"},\"image\":{\"@id\":\"https:\\\/\\\/espacemenager2000.fr\\\/produit\\\/tapis-de-course-bh-pioneer-r1\\\/#primaryimage\"},\"thumbnailUrl\":\"https:\\\/\\\/espacemenager2000.fr\\\/wp-content\\\/uploads\\\/2026\\\/05\\\/Tapis-de-Course-BH-Pioneer-R1-.jpg\",\"datePublished\":\"2025-12-22T16:10:25+00:00\",\"dateModified\":\"2026-05-10T20:41:40+00:00\",\"description\":\"Tapis de Course BH Pioneer R1 - con\u00e7u pour une\u00a0utilisation domestique r\u00e9guli\u00e8re; pour\u00a0entra\u00eenements de 3 \u00e0 7 heures\u00a0par semaine - Longueur:\u00a0162 cm\",\"breadcrumb\":{\"@id\":\"https:\\\/\\\/espacemenager2000.fr\\\/produit\\\/tapis-de-course-bh-pioneer-r1\\\/#breadcrumb\"},\"inLanguage\":\"en-US\",\"potentialAction\":[{\"@type\":\"ReadAction\",\"target\":[\"https:\\\/\\\/espacemenager2000.fr\\\/produit\\\/tapis-de-course-bh-pioneer-r1\\\/\"]}]},{\"@type\":\"ImageObject\",\"inLanguage\":\"en-US\",\"@id\":\"https:\\\/\\\/espacemenager2000.fr\\\/produit\\\/tapis-de-course-bh-pioneer-r1\\\/#primaryimage\",\"url\":\"https:\\\/\\\/espacemenager2000.fr\\\/wp-content\\\/uploads\\\/2026\\\/05\\\/Tapis-de-Course-BH-Pioneer-R1-.jpg\",\"contentUrl\":\"https:\\\/\\\/espacemenager2000.fr\\\/wp-content\\\/uploads\\\/2026\\\/05\\\/Tapis-de-Course-BH-Pioneer-R1-.jpg\",\"width\":800,\"height\":800},{\"@type\":\"BreadcrumbList\",\"@id\":\"https:\\\/\\\/espacemenager2000.fr\\\/produit\\\/tapis-de-course-bh-pioneer-r1\\\/#breadcrumb\",\"itemListElement\":[{\"@type\":\"ListItem\",\"position\":1,\"name\":\"Accueil\",\"item\":\"https:\\\/\\\/espacemenager2000.fr\\\/\"},{\"@type\":\"ListItem\",\"position\":2,\"name\":\"Boutique\",\"item\":\"https:\\\/\\\/espacemenager2000.fr\\\/boutique\\\/\"},{\"@type\":\"ListItem\",\"position\":3,\"name\":\"Tapis de Course BH Pioneer R1\"}]},{\"@type\":\"WebSite\",\"@id\":\"https:\\\/\\\/espacemenager2000.fr\\\/#website\",\"url\":\"https:\\\/\\\/espacemenager2000.fr\\\/\",\"name\":\"Espace Menager 2000\",\"description\":\"Expert en \u00e9lectrom\u00e9nager depuis 2001, Espace M\u00e9nager 2000 vous propose une large gamme de produits : lave-linge, r\u00e9frig\u00e9rateurs, \u00e9lectronique et fitness. Profitez de notre savoir-faire en vente, r\u00e9paration et d\u00e9pannage. Livraison rapide dans toute la zone Euro. Qualit\u00e9 et service garantis.\",\"publisher\":{\"@id\":\"https:\\\/\\\/espacemenager2000.fr\\\/#organization\"},\"potentialAction\":[{\"@type\":\"SearchAction\",\"target\":{\"@type\":\"EntryPoint\",\"urlTemplate\":\"https:\\\/\\\/espacemenager2000.fr\\\/?s={search_term_string}\"},\"query-input\":{\"@type\":\"PropertyValueSpecification\",\"valueRequired\":true,\"valueName\":\"search_term_string\"}}],\"inLanguage\":\"en-US\"},{\"@type\":\"Organization\",\"@id\":\"https:\\\/\\\/espacemenager2000.fr\\\/#organization\",\"name\":\"Espace Menager 2000\",\"url\":\"https:\\\/\\\/espacemenager2000.fr\\\/\",\"logo\":{\"@type\":\"ImageObject\",\"inLanguage\":\"en-US\",\"@id\":\"https:\\\/\\\/espacemenager2000.fr\\\/#\\\/schema\\\/logo\\\/image\\\/\",\"url\":\"https:\\\/\\\/espacemenager2000.fr\\\/wp-content\\\/uploads\\\/2026\\\/05\\\/Fav-Em2000.png\",\"contentUrl\":\"https:\\\/\\\/espacemenager2000.fr\\\/wp-content\\\/uploads\\\/2026\\\/05\\\/Fav-Em2000.png\",\"width\":369,\"height\":369,\"caption\":\"Espace Menager 2000\"},\"image\":{\"@id\":\"https:\\\/\\\/espacemenager2000.fr\\\/#\\\/schema\\\/logo\\\/image\\\/\"},\"sameAs\":[\"https:\\\/\\\/www.facebook.com\\\/p\\\/Espace-menager-2000-100068469618146\\\/\"]}]}<\/script>\n<!-- \/ Yoast SEO plugin. -->","yoast_head_json":{"title":"Tapis de Course BH Pioneer R1 - Solde - Vente d&#039;\u00c9lectrom\u00e9nager Neuf et Garanti \u00e0 Paris","description":"Tapis de Course BH Pioneer R1 - con\u00e7u pour une\u00a0utilisation domestique r\u00e9guli\u00e8re; pour\u00a0entra\u00eenements de 3 \u00e0 7 heures\u00a0par semaine - Longueur:\u00a0162 cm","robots":{"index":"index","follow":"follow","max-snippet":"max-snippet:-1","max-image-preview":"max-image-preview:large","max-video-preview":"max-video-preview:-1"},"canonical":"https:\/\/espacemenager2000.fr\/en\/product\/tapis-de-course-bh-pioneer-r1\/","og_locale":"en_US","og_type":"article","og_title":"Tapis de Course BH Pioneer R1 - Solde - Vente d&#039;\u00c9lectrom\u00e9nager Neuf et Garanti \u00e0 Paris","og_description":"Tapis de Course BH Pioneer R1 - con\u00e7u pour une\u00a0utilisation domestique r\u00e9guli\u00e8re; pour\u00a0entra\u00eenements de 3 \u00e0 7 heures\u00a0par semaine - Longueur:\u00a0162 cm","og_url":"https:\/\/espacemenager2000.fr\/en\/product\/tapis-de-course-bh-pioneer-r1\/","og_site_name":"Vente d&#039;\u00c9lectrom\u00e9nager Neuf et Garanti \u00e0 Paris","article_publisher":"https:\/\/www.facebook.com\/p\/Espace-menager-2000-100068469618146\/","article_modified_time":"2026-05-10T20:41:40+00:00","og_image":[{"width":800,"height":800,"url":"https:\/\/espacemenager2000.fr\/wp-content\/uploads\/2026\/05\/Tapis-de-Course-BH-Pioneer-R1-.jpg","type":"image\/jpeg"}],"twitter_card":"summary_large_image","twitter_misc":{"Est. reading time":"4 minutes"},"schema":{"@context":"https:\/\/schema.org","@graph":[{"@type":"WebPage","@id":"https:\/\/espacemenager2000.fr\/produit\/tapis-de-course-bh-pioneer-r1\/","url":"https:\/\/espacemenager2000.fr\/produit\/tapis-de-course-bh-pioneer-r1\/","name":"Tapis de Course BH Pioneer R1 - Solde - Vente d&#039;\u00c9lectrom\u00e9nager Neuf et Garanti \u00e0 Paris","isPartOf":{"@id":"https:\/\/espacemenager2000.fr\/#website"},"primaryImageOfPage":{"@id":"https:\/\/espacemenager2000.fr\/produit\/tapis-de-course-bh-pioneer-r1\/#primaryimage"},"image":{"@id":"https:\/\/espacemenager2000.fr\/produit\/tapis-de-course-bh-pioneer-r1\/#primaryimage"},"thumbnailUrl":"https:\/\/espacemenager2000.fr\/wp-content\/uploads\/2026\/05\/Tapis-de-Course-BH-Pioneer-R1-.jpg","datePublished":"2025-12-22T16:10:25+00:00","dateModified":"2026-05-10T20:41:40+00:00","description":"Tapis de Course BH Pioneer R1 - con\u00e7u pour une\u00a0utilisation domestique r\u00e9guli\u00e8re; pour\u00a0entra\u00eenements de 3 \u00e0 7 heures\u00a0par semaine - Longueur:\u00a0162 cm","breadcrumb":{"@id":"https:\/\/espacemenager2000.fr\/produit\/tapis-de-course-bh-pioneer-r1\/#breadcrumb"},"inLanguage":"en-US","potentialAction":[{"@type":"ReadAction","target":["https:\/\/espacemenager2000.fr\/produit\/tapis-de-course-bh-pioneer-r1\/"]}]},{"@type":"ImageObject","inLanguage":"en-US","@id":"https:\/\/espacemenager2000.fr\/produit\/tapis-de-course-bh-pioneer-r1\/#primaryimage","url":"https:\/\/espacemenager2000.fr\/wp-content\/uploads\/2026\/05\/Tapis-de-Course-BH-Pioneer-R1-.jpg","contentUrl":"https:\/\/espacemenager2000.fr\/wp-content\/uploads\/2026\/05\/Tapis-de-Course-BH-Pioneer-R1-.jpg","width":800,"height":800},{"@type":"BreadcrumbList","@id":"https:\/\/espacemenager2000.fr\/produit\/tapis-de-course-bh-pioneer-r1\/#breadcrumb","itemListElement":[{"@type":"ListItem","position":1,"name":"Accueil","item":"https:\/\/espacemenager2000.fr\/"},{"@type":"ListItem","position":2,"name":"Boutique","item":"https:\/\/espacemenager2000.fr\/boutique\/"},{"@type":"ListItem","position":3,"name":"Tapis de Course BH Pioneer R1"}]},{"@type":"WebSite","@id":"https:\/\/espacemenager2000.fr\/#website","url":"https:\/\/espacemenager2000.fr\/","name":"Espace Menager 2000","description":"Expert en \u00e9lectrom\u00e9nager depuis 2001, Espace M\u00e9nager 2000 vous propose une large gamme de produits : lave-linge, r\u00e9frig\u00e9rateurs, \u00e9lectronique et fitness. Profitez de notre savoir-faire en vente, r\u00e9paration et d\u00e9pannage. Livraison rapide dans toute la zone Euro. Qualit\u00e9 et service garantis.","publisher":{"@id":"https:\/\/espacemenager2000.fr\/#organization"},"potentialAction":[{"@type":"SearchAction","target":{"@type":"EntryPoint","urlTemplate":"https:\/\/espacemenager2000.fr\/?s={search_term_string}"},"query-input":{"@type":"PropertyValueSpecification","valueRequired":true,"valueName":"search_term_string"}}],"inLanguage":"en-US"},{"@type":"Organization","@id":"https:\/\/espacemenager2000.fr\/#organization","name":"Espace Menager 2000","url":"https:\/\/espacemenager2000.fr\/","logo":{"@type":"ImageObject","inLanguage":"en-US","@id":"https:\/\/espacemenager2000.fr\/#\/schema\/logo\/image\/","url":"https:\/\/espacemenager2000.fr\/wp-content\/uploads\/2026\/05\/Fav-Em2000.png","contentUrl":"https:\/\/espacemenager2000.fr\/wp-content\/uploads\/2026\/05\/Fav-Em2000.png","width":369,"height":369,"caption":"Espace Menager 2000"},"image":{"@id":"https:\/\/espacemenager2000.fr\/#\/schema\/logo\/image\/"},"sameAs":["https:\/\/www.facebook.com\/p\/Espace-menager-2000-100068469618146\/"]}]}},"_links":{"self":[{"href":"https:\/\/espacemenager2000.fr\/en\/wp-json\/wp\/v2\/product\/111","targetHints":{"allow":["GET"]}}],"collection":[{"href":"https:\/\/espacemenager2000.fr\/en\/wp-json\/wp\/v2\/product"}],"about":[{"href":"https:\/\/espacemenager2000.fr\/en\/wp-json\/wp\/v2\/types\/product"}],"replies":[{"embeddable":true,"href":"https:\/\/espacemenager2000.fr\/en\/wp-json\/wp\/v2\/comments?post=111"}],"wp:featuredmedia":[{"embeddable":true,"href":"https:\/\/espacemenager2000.fr\/en\/wp-json\/wp\/v2\/media\/112"}],"wp:attachment":[{"href":"https:\/\/espacemenager2000.fr\/en\/wp-json\/wp\/v2\/media?parent=111"}],"wp:term":[{"taxonomy":"product_brand","embeddable":true,"href":"https:\/\/espacemenager2000.fr\/en\/wp-json\/wp\/v2\/product_brand?post=111"},{"taxonomy":"product_cat","embeddable":true,"href":"https:\/\/espacemenager2000.fr\/en\/wp-json\/wp\/v2\/product_cat?post=111"},{"taxonomy":"product_tag","embeddable":true,"href":"https:\/\/espacemenager2000.fr\/en\/wp-json\/wp\/v2\/product_tag?post=111"}],"curies":[{"name":"wp","href":"https:\/\/api.w.org\/{rel}","templated":true}]}}