{"id":1072,"date":"2025-12-22T16:15:22","date_gmt":"2025-12-22T16:15:22","guid":{"rendered":"https:\/\/espacemenager2000.fr\/?post_type=product&#038;p=1072"},"modified":"2026-05-10T20:42:22","modified_gmt":"2026-05-10T20:42:22","slug":"velo-elliptique-life-fitness-e1-go","status":"publish","type":"product","link":"https:\/\/espacemenager2000.fr\/en\/product\/velo-elliptique-life-fitness-e1-go\/","title":{"rendered":"V\u00e9lo Elliptique Life Fitness E1 Go"},"content":{"rendered":"<h2>V\u00e9lo Elliptique Life Fitness E1 Go<\/h2>\n<div>L&#8217;<strong>elliptique E1<\/strong>\u00a0offre un entra\u00eenement de l&#8217;ensemble du corps \u00e0 faible impact pour les utilisateurs de tous niveaux, \u00e0 leur domicile. Des ann\u00e9es d&#8217;innovation et de recherche Life Fitness ont permis d&#8217;obtenir un elliptique attrayant qui associe des mouvements fluides et naturels \u00e0 une durabilit\u00e9 exceptionnelle et \u00e0 un fonctionnement extr\u00eamement silencieux.<\/div>\n<div><\/div>\n<div>\n<div class=\"col col-6-8\">\n<section id=\"descripcion\" class=\"ui-tabs-panel ui-widget-content ui-corner-bottom\" role=\"tabpanel\" aria-labelledby=\"ui-id-1\" aria-hidden=\"false\">\n<h3>Caract\u00e9ristiques V\u00e9lo Elliptique Life Fitness E1 Go<\/h3>\n<div class=\"inner entradilla\">\n<h4 class=\"title-level2\">Pour quel public est destin\u00e9 cet appareil semi-professionnel?<\/h4>\n<ul class=\"lista-bloques\">\n<li>Pour les\u00a0<strong>particuliers les plus exigeants<\/strong>\u00a0qui ont besoin d\u2019appareils de cardio ou de musculation qui offrent de grandes prestations.<\/li>\n<li>Pour les petites salles de sport en\u00a0<strong>entreprises, communaut\u00e9s de voisins, h\u00f4tels, centres de physioth\u00e9rapie et r\u00e9habilitation, EPAH, Communes, clubs sportifs, forces de l\u2019arm\u00e9e, la police et les pompiers<\/strong>. Ces appareils sont sp\u00e9cialement con\u00e7us en mati\u00e8re de\u00a0<strong>qualit\u00e9, garantie et prix<\/strong>\u00a0pour les besoins r\u00e9els de ce secteur. Si vous voulez plus d\u2019informations, visitez notre section sp\u00e9cifique\u00a0professionnelle.<\/li>\n<\/ul>\n<\/div>\n<div>L&#8217;<strong>elliptique E1<\/strong>\u00a0offre un entra\u00eenement de l&#8217;ensemble du corps \u00e0 faible impact pour les utilisateurs de tous niveaux, \u00e0 leur domicile. Des ann\u00e9es d&#8217;innovation et de recherche Life Fitness ont permis d&#8217;obtenir un elliptique attrayant qui associe des mouvements fluides et naturels \u00e0 une durabilit\u00e9 exceptionnelle et \u00e0 un fonctionnement extr\u00eamement silencieux.<\/div>\n<h5 class=\"contenido\"><\/h5>\n<div>\n<div class=\"wrap\">\n<div class=\"col-5-8 tb-col-5-8 center-block txt-center\">\n<div class=\"video-item\">\n<div class=\"video-container iframe-container text-center no-panoramic\">\n<div class=\"youtube-player\" data-id=\"https:\/\/www.youtube.com\/embed\/XMqOHbM0jC0?rel=0&amp;autoplay=1&amp;wmode=opaque\">\n<div class=\"youtube-thumb\">\n<p><img decoding=\"async\" class=\"lazy-content img-fluid\" src=\"https:\/\/i1.ytimg.com\/vi\/XMqOHbM0jC0\/hqdefault.jpg\" alt=\"https:\/\/i1.ytimg.com\/vi\/XMqOHbM0jC0\/hqdefault.jpg\" \/><\/p>\n<div class=\"play-button\"><\/div>\n<\/div>\n<\/div>\n<\/div>\n<\/div>\n<\/div>\n<\/div>\n<\/div>\n<p><strong>Fonctionnalit\u00e9s principales<\/strong><\/p>\n<ul>\n<li><strong>Mouvement fluide et naturel<\/strong><br \/>\nGr\u00e2ce \u00e0 des recherches biom\u00e9caniques intensives, l&#8217;elliptique cr\u00e9e un mouvement naturellement fluide et confortable.<\/li>\n<li><strong>Contr\u00f4le du rythme cardiaque<\/strong><br \/>\nCapteurs de rythme cardiaque sur les poign\u00e9es mobiles Multi-Grip et les prises fixes, contr\u00f4le du rythme cardiaque par t\u00e9l\u00e9mesure (sangle thoracique sans fil fournie avec la console).<\/li>\n<li><strong>Technologie whisperstride<\/strong><br \/>\nLes roulements \u00e0 billes ne n\u00e9cessitant aucun entretien r\u00e9duisent le frottement et assurent un fonctionnement presque silencieux, ce qui est id\u00e9al pour une utilisation domestique.<\/li>\n<\/ul>\n<p><strong>Console Go<\/strong><\/p>\n<div><img decoding=\"async\" class=\"lazy-content img-fluid\" src=\"https:\/\/www.fitnessdigital.fr\/images\/productos\/detalles\/life-fitness\/life-fitness-e1-go-monitor.jpg\" alt=\"life-fitness\" \/><\/div>\n<h5 class=\"contenido\">La console Go associe une utilisation facile \u00e0 diff\u00e9rents programmes d&#8217;exercice attrayants et motivants. Programmation essentielle pour d\u00e9marrer et poursuivre des s\u00e9ances d&#8217;entra\u00eenement efficaces.<\/h5>\n<ul>\n<li><strong>S\u00e9lection de console:<\/strong>\u00a0Fonctionnalit\u00e9 intuitive avec une conception \u00e9l\u00e9gante et attrayante, et un \u00e9cran LCD bleu accrocheur<\/li>\n<li><strong>Taille de l&#8217;\u00e9cran:<\/strong>\u00a0&#8211;<\/li>\n<li><strong>Compatibilit\u00e9 avec l&#8217;application LFconnect:<\/strong>\u00a0&#8211;<\/li>\n<li><strong>P\u00e9riph\u00e9riques compatibles:<\/strong>\u00a0&#8211;<\/li>\n<li><strong>Divertissement:<\/strong>\u00a0&#8211;<\/li>\n<li><strong>Nombre d&#8217;exercices:<\/strong>\u00a012<\/li>\n<li><strong>Exercices personnalis\u00e9s:<\/strong>\u00a02<\/li>\n<li><strong>Profils d&#8217;utilisateur:<\/strong>\u00a02<\/li>\n<\/ul>\n<h5 class=\"contenido\"><\/h5>\n<div><img decoding=\"async\" class=\"lazy-content img-fluid\" src=\"https:\/\/www.fitnessdigital.fr\/images\/productos\/detalles\/life-fitness\/life-fitness-e1-go.jpg\" alt=\"life-fitness\" \/><\/div>\n<h5 class=\"contenido\"><strong>Sp\u00e9cifications<\/strong><\/h5>\n<p><strong>Service Enhancements<\/strong><\/p>\n<ul>\n<li>Programmation flash par USB: No<\/li>\n<li>Options de menu du responsable: No<\/li>\n<\/ul>\n<h5 class=\"contenido\"><strong>Caract\u00e9ristiques du Produit<\/strong><\/h5>\n<ul>\n<li>Bac \u00e0 accessoires int\u00e9gr\u00e9: Yes<\/li>\n<li>P\u00e9dales: P\u00e9dales antid\u00e9rapantes grand format<\/li>\n<li>Niveaux de r\u00e9sistance: 20<\/li>\n<li>Prise jack de casque facile \u00e0 retirer: No<\/li>\n<li>Contr\u00f4le du rythme cardiaque: Poign\u00e9es-capteurs de rythme cardiaque par contact sur les poign\u00e9es frontales fixes ErgoGrip<\/li>\n<li>Rack de lecture int\u00e9gr\u00e9: No<\/li>\n<li>Programmation \u00e0 la vol\u00e9e: No<\/li>\n<li>Accessoire enfichable: No<\/li>\n<li>Supports de poign\u00e9es: No<\/li>\n<\/ul>\n<h5 class=\"contenido\"><strong>Sp\u00e9cifications Techniques<\/strong><\/h5>\n<ul>\n<li>Garantie: \u00c0 vie sur le cadre; 5 ans sur les pi\u00e8ces \u00e9lectriques et m\u00e9caniques; 3 ans sur la console; 1 an sur la main-d\u2019\u0153uvre; les garanties peuvent diff\u00e9rer en dehors des \u00c9tats-Unis<\/li>\n<li>Dimensions (L x l x H): 209 cm x 77 cm x 150 cm (82 x 30 x 59\u201d)<\/li>\n<li>Poids: 96 kg (211 lb)<\/li>\n<li>Poids max de l\u2019utilisateur: 182 kg (400 lb)<\/li>\n<li>Longueur de foul\u00e9e maximum: 20<\/li>\n<li>D\u00e9marrage automatique: No<\/li>\n<li>Alimentation \u00e9lectrique: Toutes les principales configurations de tension<\/li>\n<li>Cadre en acier soud\u00e9, roulettes d\u2019\u00e9l\u00e9vation ou de d\u00e9placement avant et leviers arri\u00e8re: No<\/li>\n<li>Coach Zone: No<\/li>\n<li>Syst\u00e8me d&#8217;entra\u00eenement elliptique Link 6: Yes<\/li>\n<li>S\u00e9lectionnez le r\u00e9glage de foul\u00e9e manuel: No<\/li>\n<li>Technologie WhisperStride: Yes<\/li>\n<li>Syst\u00e8me de r\u00e9sistance: No<\/li>\n<\/ul>\n<h5 class=\"contenido\"><\/h5>\n<div>\n<p><strong><em>\u00c0 propos de Life Fitness<\/em><\/strong><\/p>\n<p>&nbsp;<\/p>\n<\/div>\n<div>\n<p><em>Ceux qui connaissent le fitness choisissent Life Fitness.<\/em><\/p>\n<p>L&#8217;\u00e9quipement Life Fitness est pr\u00e9sent dans les salles d&#8217;entra\u00eenement des \u00e9quipes sportives professionnelles, les clubs d&#8217;athl\u00e9tisme universitaires et les meilleurs clubs de fitness au monde.<\/p>\n<p>Cependant, vous n&#8217;avez pas besoin d&#8217;\u00eatre un athl\u00e8te de haut niveau pour utiliser les produits Life Fitness. Les utilisateurs \u00e0 domicile profitent de la technique experte, de la technologie haut de gamme, de la conception soign\u00e9e et de la durabilit\u00e9 extr\u00eame qui ont fait de Life Fitness le leader mondial des \u00e9quipements de fitness.<\/p>\n<p>Depuis plus de 45 ans, nous avons cr\u00e9\u00e9 des \u00e9quipements de fitness performants, attrayants et fiables, des \u00e9quipements cardio et de musculation con\u00e7us non seulement pour les athl\u00e8tes de haut niveau, mais aussi pour les pratiquants de tous niveaux.<\/p>\n<\/div>\n<p><strong>Attention<br \/>\n<\/strong>Afin de pouvoir proc\u00e9der \u00e0 l\u00b4envoi de cet article, le client doit r\u00e9aliser le paiement de mani\u00e8re anticip\u00e9e (par virement bancaire ou carte de cr\u00e9dit). Le contre remboursement n\u00b4est pas autoris\u00e9.<\/p>\n<\/section>\n<\/div>\n<aside id=\"related-widget\" class=\"related-widget col col-2-8\">\n<div class=\"banner banner-button\">\n<div class=\"wrap flex\">\n<div class=\"col col-3-8 tb-col-3-8 banner-image\"><\/div>\n<\/div>\n<\/div>\n<\/aside>\n<\/div>","protected":false},"excerpt":{"rendered":"<div class=\"product attribute overview\">\n<div class=\"value\">\n<div class=\"elementor-widget elementor-element elementor-element-cenezrn elementor-widget-text-editor\" data-element_type=\"text-editor\">\n<div class=\"elementor-widget-container\">\n<div class=\"elementor-text-editor rte-content\">\n<div>L&#8217;<strong>elliptique E1<\/strong>\u00a0offre un entra\u00eenement de l&#8217;ensemble du corps \u00e0 faible impact pour les utilisateurs de tous niveaux, \u00e0 leur domicile. Des ann\u00e9es d&#8217;innovation et de recherche Life Fitness ont permis d&#8217;obtenir un elliptique attrayant qui associe des mouvements fluides et naturels \u00e0 une durabilit\u00e9 exceptionnelle et \u00e0 un fonctionnement extr\u00eamement silencieux.<\/div>\n<\/div>\n<\/div>\n<\/div>\n<div class=\"elementor-widget elementor-element elementor-element-ki1x5cr elementor-widget-text-editor\" data-element_type=\"text-editor\">\n<div class=\"elementor-widget-container\">\n<div class=\"elementor-text-editor rte-content\"><\/div>\n<\/div>\n<\/div>\n<\/div>\n<\/div>","protected":false},"featured_media":1073,"comment_status":"open","ping_status":"closed","template":"","meta":[],"product_brand":[28],"product_cat":[17,18,19,58],"product_tag":[47,59],"class_list":{"0":"post-1072","1":"product","2":"type-product","3":"status-publish","4":"has-post-thumbnail","6":"product_brand-life-fitness","7":"product_cat-bons-plans","8":"product_cat-promotions","9":"product_cat-training-fitness","10":"product_cat-velos-elliptiques","11":"product_tag-velo-dappartement","12":"product_tag-velo-elliptique","14":"first","15":"instock","16":"shipping-taxable","17":"purchasable","18":"product-type-simple"},"yoast_head":"<!-- This site is optimized with the Yoast SEO plugin v27.6 - https:\/\/yoast.com\/product\/yoast-seo-wordpress\/ -->\n<title>V\u00e9lo Elliptique Life Fitness E1 Go - Promotion - Vente d&#039;\u00c9lectrom\u00e9nager Neuf et Garanti \u00e0 Paris<\/title>\n<meta name=\"description\" content=\"V\u00e9lo Elliptique Life Fitness E1 Go - Des ann\u00e9es d&#039;innovation et de recherche Life Fitness ont permis d&#039;obtenir un elliptique attrayant qui associe des mouvements fluides et naturels \u00e0 une durabilit\u00e9 exceptionnelle et \u00e0 un fonctionnement extr\u00eamement silencieux.\" \/>\n<meta name=\"robots\" content=\"index, follow, max-snippet:-1, max-image-preview:large, max-video-preview:-1\" \/>\n<link rel=\"canonical\" href=\"https:\/\/espacemenager2000.fr\/en\/product\/velo-elliptique-life-fitness-e1-go\/\" \/>\n<meta property=\"og:locale\" content=\"en_US\" \/>\n<meta property=\"og:type\" content=\"article\" \/>\n<meta property=\"og:title\" content=\"V\u00e9lo Elliptique Life Fitness E1 Go - Promotion - Vente d&#039;\u00c9lectrom\u00e9nager Neuf et Garanti \u00e0 Paris\" \/>\n<meta property=\"og:description\" content=\"V\u00e9lo Elliptique Life Fitness E1 Go - Des ann\u00e9es d&#039;innovation et de recherche Life Fitness ont permis d&#039;obtenir un elliptique attrayant qui associe des mouvements fluides et naturels \u00e0 une durabilit\u00e9 exceptionnelle et \u00e0 un fonctionnement extr\u00eamement silencieux.\" \/>\n<meta property=\"og:url\" content=\"https:\/\/espacemenager2000.fr\/en\/product\/velo-elliptique-life-fitness-e1-go\/\" \/>\n<meta property=\"og:site_name\" content=\"Vente d&#039;\u00c9lectrom\u00e9nager Neuf et Garanti \u00e0 Paris\" \/>\n<meta property=\"article:publisher\" content=\"https:\/\/www.facebook.com\/p\/Espace-menager-2000-100068469618146\/\" \/>\n<meta property=\"article:modified_time\" content=\"2026-05-10T20:42:22+00:00\" \/>\n<meta property=\"og:image\" content=\"https:\/\/espacemenager2000.fr\/wp-content\/uploads\/2026\/05\/Velo-Elliptique-Life-Fitness-E1-Go-.jpg\" \/>\n\t<meta property=\"og:image:width\" content=\"800\" \/>\n\t<meta property=\"og:image:height\" content=\"800\" \/>\n\t<meta property=\"og:image:type\" content=\"image\/jpeg\" \/>\n<meta name=\"twitter:card\" content=\"summary_large_image\" \/>\n<meta name=\"twitter:label1\" content=\"Est. reading time\" \/>\n\t<meta name=\"twitter:data1\" content=\"6 minutes\" \/>\n<script type=\"application\/ld+json\" class=\"yoast-schema-graph\">{\"@context\":\"https:\\\/\\\/schema.org\",\"@graph\":[{\"@type\":\"WebPage\",\"@id\":\"https:\\\/\\\/espacemenager2000.fr\\\/produit\\\/velo-elliptique-life-fitness-e1-go\\\/\",\"url\":\"https:\\\/\\\/espacemenager2000.fr\\\/produit\\\/velo-elliptique-life-fitness-e1-go\\\/\",\"name\":\"V\u00e9lo Elliptique Life Fitness E1 Go - Promotion - Vente d&#039;\u00c9lectrom\u00e9nager Neuf et Garanti \u00e0 Paris\",\"isPartOf\":{\"@id\":\"https:\\\/\\\/espacemenager2000.fr\\\/#website\"},\"primaryImageOfPage\":{\"@id\":\"https:\\\/\\\/espacemenager2000.fr\\\/produit\\\/velo-elliptique-life-fitness-e1-go\\\/#primaryimage\"},\"image\":{\"@id\":\"https:\\\/\\\/espacemenager2000.fr\\\/produit\\\/velo-elliptique-life-fitness-e1-go\\\/#primaryimage\"},\"thumbnailUrl\":\"https:\\\/\\\/espacemenager2000.fr\\\/wp-content\\\/uploads\\\/2026\\\/05\\\/Velo-Elliptique-Life-Fitness-E1-Go-.jpg\",\"datePublished\":\"2025-12-22T16:15:22+00:00\",\"dateModified\":\"2026-05-10T20:42:22+00:00\",\"description\":\"V\u00e9lo Elliptique Life Fitness E1 Go - Des ann\u00e9es d'innovation et de recherche Life Fitness ont permis d'obtenir un elliptique attrayant qui associe des mouvements fluides et naturels \u00e0 une durabilit\u00e9 exceptionnelle et \u00e0 un fonctionnement extr\u00eamement silencieux.\",\"breadcrumb\":{\"@id\":\"https:\\\/\\\/espacemenager2000.fr\\\/produit\\\/velo-elliptique-life-fitness-e1-go\\\/#breadcrumb\"},\"inLanguage\":\"en-US\",\"potentialAction\":[{\"@type\":\"ReadAction\",\"target\":[\"https:\\\/\\\/espacemenager2000.fr\\\/produit\\\/velo-elliptique-life-fitness-e1-go\\\/\"]}]},{\"@type\":\"ImageObject\",\"inLanguage\":\"en-US\",\"@id\":\"https:\\\/\\\/espacemenager2000.fr\\\/produit\\\/velo-elliptique-life-fitness-e1-go\\\/#primaryimage\",\"url\":\"https:\\\/\\\/espacemenager2000.fr\\\/wp-content\\\/uploads\\\/2026\\\/05\\\/Velo-Elliptique-Life-Fitness-E1-Go-.jpg\",\"contentUrl\":\"https:\\\/\\\/espacemenager2000.fr\\\/wp-content\\\/uploads\\\/2026\\\/05\\\/Velo-Elliptique-Life-Fitness-E1-Go-.jpg\",\"width\":800,\"height\":800},{\"@type\":\"BreadcrumbList\",\"@id\":\"https:\\\/\\\/espacemenager2000.fr\\\/produit\\\/velo-elliptique-life-fitness-e1-go\\\/#breadcrumb\",\"itemListElement\":[{\"@type\":\"ListItem\",\"position\":1,\"name\":\"Accueil\",\"item\":\"https:\\\/\\\/espacemenager2000.fr\\\/\"},{\"@type\":\"ListItem\",\"position\":2,\"name\":\"Boutique\",\"item\":\"https:\\\/\\\/espacemenager2000.fr\\\/boutique\\\/\"},{\"@type\":\"ListItem\",\"position\":3,\"name\":\"V\u00e9lo Elliptique Life Fitness E1 Go\"}]},{\"@type\":\"WebSite\",\"@id\":\"https:\\\/\\\/espacemenager2000.fr\\\/#website\",\"url\":\"https:\\\/\\\/espacemenager2000.fr\\\/\",\"name\":\"Espace Menager 2000\",\"description\":\"Expert en \u00e9lectrom\u00e9nager depuis 2001, Espace M\u00e9nager 2000 vous propose une large gamme de produits : lave-linge, r\u00e9frig\u00e9rateurs, \u00e9lectronique et fitness. Profitez de notre savoir-faire en vente, r\u00e9paration et d\u00e9pannage. Livraison rapide dans toute la zone Euro. Qualit\u00e9 et service garantis.\",\"publisher\":{\"@id\":\"https:\\\/\\\/espacemenager2000.fr\\\/#organization\"},\"potentialAction\":[{\"@type\":\"SearchAction\",\"target\":{\"@type\":\"EntryPoint\",\"urlTemplate\":\"https:\\\/\\\/espacemenager2000.fr\\\/?s={search_term_string}\"},\"query-input\":{\"@type\":\"PropertyValueSpecification\",\"valueRequired\":true,\"valueName\":\"search_term_string\"}}],\"inLanguage\":\"en-US\"},{\"@type\":\"Organization\",\"@id\":\"https:\\\/\\\/espacemenager2000.fr\\\/#organization\",\"name\":\"Espace Menager 2000\",\"url\":\"https:\\\/\\\/espacemenager2000.fr\\\/\",\"logo\":{\"@type\":\"ImageObject\",\"inLanguage\":\"en-US\",\"@id\":\"https:\\\/\\\/espacemenager2000.fr\\\/#\\\/schema\\\/logo\\\/image\\\/\",\"url\":\"https:\\\/\\\/espacemenager2000.fr\\\/wp-content\\\/uploads\\\/2026\\\/05\\\/Fav-Em2000.png\",\"contentUrl\":\"https:\\\/\\\/espacemenager2000.fr\\\/wp-content\\\/uploads\\\/2026\\\/05\\\/Fav-Em2000.png\",\"width\":369,\"height\":369,\"caption\":\"Espace Menager 2000\"},\"image\":{\"@id\":\"https:\\\/\\\/espacemenager2000.fr\\\/#\\\/schema\\\/logo\\\/image\\\/\"},\"sameAs\":[\"https:\\\/\\\/www.facebook.com\\\/p\\\/Espace-menager-2000-100068469618146\\\/\"]}]}<\/script>\n<!-- \/ Yoast SEO plugin. -->","yoast_head_json":{"title":"V\u00e9lo Elliptique Life Fitness E1 Go - Promotion - Vente d&#039;\u00c9lectrom\u00e9nager Neuf et Garanti \u00e0 Paris","description":"V\u00e9lo Elliptique Life Fitness E1 Go - Des ann\u00e9es d'innovation et de recherche Life Fitness ont permis d'obtenir un elliptique attrayant qui associe des mouvements fluides et naturels \u00e0 une durabilit\u00e9 exceptionnelle et \u00e0 un fonctionnement extr\u00eamement silencieux.","robots":{"index":"index","follow":"follow","max-snippet":"max-snippet:-1","max-image-preview":"max-image-preview:large","max-video-preview":"max-video-preview:-1"},"canonical":"https:\/\/espacemenager2000.fr\/en\/product\/velo-elliptique-life-fitness-e1-go\/","og_locale":"en_US","og_type":"article","og_title":"V\u00e9lo Elliptique Life Fitness E1 Go - Promotion - Vente d&#039;\u00c9lectrom\u00e9nager Neuf et Garanti \u00e0 Paris","og_description":"V\u00e9lo Elliptique Life Fitness E1 Go - Des ann\u00e9es d'innovation et de recherche Life Fitness ont permis d'obtenir un elliptique attrayant qui associe des mouvements fluides et naturels \u00e0 une durabilit\u00e9 exceptionnelle et \u00e0 un fonctionnement extr\u00eamement silencieux.","og_url":"https:\/\/espacemenager2000.fr\/en\/product\/velo-elliptique-life-fitness-e1-go\/","og_site_name":"Vente d&#039;\u00c9lectrom\u00e9nager Neuf et Garanti \u00e0 Paris","article_publisher":"https:\/\/www.facebook.com\/p\/Espace-menager-2000-100068469618146\/","article_modified_time":"2026-05-10T20:42:22+00:00","og_image":[{"width":800,"height":800,"url":"https:\/\/espacemenager2000.fr\/wp-content\/uploads\/2026\/05\/Velo-Elliptique-Life-Fitness-E1-Go-.jpg","type":"image\/jpeg"}],"twitter_card":"summary_large_image","twitter_misc":{"Est. reading time":"6 minutes"},"schema":{"@context":"https:\/\/schema.org","@graph":[{"@type":"WebPage","@id":"https:\/\/espacemenager2000.fr\/produit\/velo-elliptique-life-fitness-e1-go\/","url":"https:\/\/espacemenager2000.fr\/produit\/velo-elliptique-life-fitness-e1-go\/","name":"V\u00e9lo Elliptique Life Fitness E1 Go - Promotion - Vente d&#039;\u00c9lectrom\u00e9nager Neuf et Garanti \u00e0 Paris","isPartOf":{"@id":"https:\/\/espacemenager2000.fr\/#website"},"primaryImageOfPage":{"@id":"https:\/\/espacemenager2000.fr\/produit\/velo-elliptique-life-fitness-e1-go\/#primaryimage"},"image":{"@id":"https:\/\/espacemenager2000.fr\/produit\/velo-elliptique-life-fitness-e1-go\/#primaryimage"},"thumbnailUrl":"https:\/\/espacemenager2000.fr\/wp-content\/uploads\/2026\/05\/Velo-Elliptique-Life-Fitness-E1-Go-.jpg","datePublished":"2025-12-22T16:15:22+00:00","dateModified":"2026-05-10T20:42:22+00:00","description":"V\u00e9lo Elliptique Life Fitness E1 Go - Des ann\u00e9es d'innovation et de recherche Life Fitness ont permis d'obtenir un elliptique attrayant qui associe des mouvements fluides et naturels \u00e0 une durabilit\u00e9 exceptionnelle et \u00e0 un fonctionnement extr\u00eamement silencieux.","breadcrumb":{"@id":"https:\/\/espacemenager2000.fr\/produit\/velo-elliptique-life-fitness-e1-go\/#breadcrumb"},"inLanguage":"en-US","potentialAction":[{"@type":"ReadAction","target":["https:\/\/espacemenager2000.fr\/produit\/velo-elliptique-life-fitness-e1-go\/"]}]},{"@type":"ImageObject","inLanguage":"en-US","@id":"https:\/\/espacemenager2000.fr\/produit\/velo-elliptique-life-fitness-e1-go\/#primaryimage","url":"https:\/\/espacemenager2000.fr\/wp-content\/uploads\/2026\/05\/Velo-Elliptique-Life-Fitness-E1-Go-.jpg","contentUrl":"https:\/\/espacemenager2000.fr\/wp-content\/uploads\/2026\/05\/Velo-Elliptique-Life-Fitness-E1-Go-.jpg","width":800,"height":800},{"@type":"BreadcrumbList","@id":"https:\/\/espacemenager2000.fr\/produit\/velo-elliptique-life-fitness-e1-go\/#breadcrumb","itemListElement":[{"@type":"ListItem","position":1,"name":"Accueil","item":"https:\/\/espacemenager2000.fr\/"},{"@type":"ListItem","position":2,"name":"Boutique","item":"https:\/\/espacemenager2000.fr\/boutique\/"},{"@type":"ListItem","position":3,"name":"V\u00e9lo Elliptique Life Fitness E1 Go"}]},{"@type":"WebSite","@id":"https:\/\/espacemenager2000.fr\/#website","url":"https:\/\/espacemenager2000.fr\/","name":"Espace Menager 2000","description":"Expert en \u00e9lectrom\u00e9nager depuis 2001, Espace M\u00e9nager 2000 vous propose une large gamme de produits : lave-linge, r\u00e9frig\u00e9rateurs, \u00e9lectronique et fitness. Profitez de notre savoir-faire en vente, r\u00e9paration et d\u00e9pannage. Livraison rapide dans toute la zone Euro. Qualit\u00e9 et service garantis.","publisher":{"@id":"https:\/\/espacemenager2000.fr\/#organization"},"potentialAction":[{"@type":"SearchAction","target":{"@type":"EntryPoint","urlTemplate":"https:\/\/espacemenager2000.fr\/?s={search_term_string}"},"query-input":{"@type":"PropertyValueSpecification","valueRequired":true,"valueName":"search_term_string"}}],"inLanguage":"en-US"},{"@type":"Organization","@id":"https:\/\/espacemenager2000.fr\/#organization","name":"Espace Menager 2000","url":"https:\/\/espacemenager2000.fr\/","logo":{"@type":"ImageObject","inLanguage":"en-US","@id":"https:\/\/espacemenager2000.fr\/#\/schema\/logo\/image\/","url":"https:\/\/espacemenager2000.fr\/wp-content\/uploads\/2026\/05\/Fav-Em2000.png","contentUrl":"https:\/\/espacemenager2000.fr\/wp-content\/uploads\/2026\/05\/Fav-Em2000.png","width":369,"height":369,"caption":"Espace Menager 2000"},"image":{"@id":"https:\/\/espacemenager2000.fr\/#\/schema\/logo\/image\/"},"sameAs":["https:\/\/www.facebook.com\/p\/Espace-menager-2000-100068469618146\/"]}]}},"_links":{"self":[{"href":"https:\/\/espacemenager2000.fr\/en\/wp-json\/wp\/v2\/product\/1072","targetHints":{"allow":["GET"]}}],"collection":[{"href":"https:\/\/espacemenager2000.fr\/en\/wp-json\/wp\/v2\/product"}],"about":[{"href":"https:\/\/espacemenager2000.fr\/en\/wp-json\/wp\/v2\/types\/product"}],"replies":[{"embeddable":true,"href":"https:\/\/espacemenager2000.fr\/en\/wp-json\/wp\/v2\/comments?post=1072"}],"wp:featuredmedia":[{"embeddable":true,"href":"https:\/\/espacemenager2000.fr\/en\/wp-json\/wp\/v2\/media\/1073"}],"wp:attachment":[{"href":"https:\/\/espacemenager2000.fr\/en\/wp-json\/wp\/v2\/media?parent=1072"}],"wp:term":[{"taxonomy":"product_brand","embeddable":true,"href":"https:\/\/espacemenager2000.fr\/en\/wp-json\/wp\/v2\/product_brand?post=1072"},{"taxonomy":"product_cat","embeddable":true,"href":"https:\/\/espacemenager2000.fr\/en\/wp-json\/wp\/v2\/product_cat?post=1072"},{"taxonomy":"product_tag","embeddable":true,"href":"https:\/\/espacemenager2000.fr\/en\/wp-json\/wp\/v2\/product_tag?post=1072"}],"curies":[{"name":"wp","href":"https:\/\/api.w.org\/{rel}","templated":true}]}}